{"id":2376,"date":"2024-12-15T22:15:12","date_gmt":"2024-12-15T22:15:12","guid":{"rendered":"https:\/\/rhsuperior.com\/?page_id=2376"},"modified":"2025-04-17T10:12:43","modified_gmt":"2025-04-17T10:12:43","slug":"muugitingimused","status":"publish","type":"page","link":"https:\/\/rhsuperior.com\/et\/muugitingimused\/","title":{"rendered":"M\u00fc\u00fcgitingimused"},"content":{"rendered":"<section class=\"bde-section-2376-100 bde-section\">\n  \n  \n\t\n\n\n\n<div class=\"section-container\"><div class=\"bde-columns-2376-101 bde-columns\"><div class=\"bde-column-2376-103 bde-column\">\n  \n  \n\t\n\n\n\n<div class=\"bde-rich-text-2376-104 bde-rich-text breakdance-rich-text-styles\">\n<p><strong>VEEBIPOE TINGIMUSED<\/strong><\/p><p>Veebipoe rhsuperior.ee (edaspidi RHSUPERIOR) omanik on RHSUPERIOR O\u00dc (registrikood 16833392), asukohaga Raadiraja tn 18-3, 60532, Tartu.<\/p><h3>M\u00fc\u00fcgilepingu, toote ja hinnateabe kehtivus<\/h3><p>Neid tingimusi kohaldatakse kaupade ostmisel veebipoest.<\/p><p>Veebipoes m\u00fc\u00fcdavate toodete hinnad on m\u00e4rgitud toodete juures. Hinnale lisandub t\u00e4iendav tasu kauba kohaletoimetamise eest. K\u00f5ik e-poes olevad hinnad on eurodes.<\/p><p>Kohaletoimetamise tasu s\u00f5ltub ostja asukohast ja valitud kohaletoimetamisviisist. Kohaletoimetamise tasu kuvatakse ostjale tellimuse vormistamisel.<\/p><p>Teave kauba kohta on esitatud otse toote k\u00f5rval veebipoes.<\/p><h3>Tellimuse esitamine<\/h3><p>Toote tellimiseks lisage soovitud tooted ostukorvi. Tellimuse vormistamiseks t\u00e4itke n\u00f5utavad v\u00e4ljad ja valige sobiv tarneviis. Seej\u00e4rel kuvatakse ekraanil kogumaksumus, mille saab turvaliselt tasuda j\u00e4rgmiste makseviiside abil:<\/p><ul><li>Eesti pangamaksed<\/li><li>Soome pangamaksed<\/li><li>L\u00e4ti pangamaksed<\/li><li>Leedu pangamaksed<\/li><li>Visa\/Mastercard maksed<\/li><li>Apple Pay ja Google Pay<\/li><\/ul><p><strong>NB!<\/strong> Kui maksate panga lingi kaudu, kl\u00f5psake kindlasti panga lehel nupule \"Tagasi kaupmehe juurde\".<\/p><p>Makseid vahendab Maksekeskus AS. Maksed tehakse v\u00e4ljaspool veebipoodi turvalises keskkonnas - pangalingi maksete puhul vastava panga turvalises keskkonnas ja krediitkaardimaksete puhul Maksekeskus ASi turvalises keskkonnas. M\u00fc\u00fcjal ei ole juurdep\u00e4\u00e4su ostja panga- ja krediitkaardiandmetele. Leping j\u00f5ustub hetkest, mil tasumisele kuuluv summa kantakse veebipoe pangakontole.<\/p><p>Veebipoe omanik on isikuandmete vastutav t\u00f6\u00f6tleja ja edastab vajalikud isikuandmed maksete t\u00f6\u00f6tlemiseks volitatud t\u00f6\u00f6tlejale Maksekeskus AS.<\/p><p>Kui tellitud toodet ei ole v\u00f5imalik tarnida, kuna toode on otsas v\u00f5i muul p\u00f5hjusel, teavitatakse ostjat esimesel v\u00f5imalusel ning makstud summa (sh saatmiskulud) tagastatakse viivitamatult, kuid mitte hiljem kui 14 p\u00e4eva jooksul alates teate saatmisest.<\/p><h3>Tarne<\/h3><p>Ostja saab valida j\u00e4rgmised tarneviisid:<\/p><ul><li>DPD v\u00f5i FedEx.<\/li><\/ul><p>Ostja kannab saatmiskulud ja vastav hinnateave kuvatakse saatmisviisi k\u00f5rval.<\/p><p>Eesti-sisesed saadetised j\u00f5uavad \u00fcldjuhul ostja poolt m\u00e4\u00e4ratud sihtkohta 1-3 t\u00f6\u00f6p\u00e4eva jooksul p\u00e4rast m\u00fc\u00fcgilepingu j\u00f5ustumist. V\u00e4ljaspool Eestit toimuvad saadetised v\u00f5tavad aega 2-5 t\u00f6\u00f6p\u00e4eva.<\/p><p>Erandjuhtudel on m\u00fc\u00fcjal \u00f5igus tarnida kaup 45 kalendrip\u00e4eva jooksul.<\/p><h3>Taganemis\u00f5igus<\/h3><p>P\u00e4rast tellimuse k\u00e4ttesaamist on ostjal \u00f5igus e-poes s\u00f5lmitud lepingust taganeda 14 p\u00e4eva jooksul.<\/p><p>Taganemis\u00f5igus ei kehti, kui ostja on juriidiline isik.<\/p><p>14-p\u00e4evase tagastus\u00f5iguse kasutamiseks ei tohi tellitud kaupa kasutada muul viisil kui kauba olemuse, omaduste ja toimimise kindlakstegemiseks vajalikul viisil, nagu on lubatud f\u00fc\u00fcsilises kaupluses.<\/p><p>Kui kaupa on kasutatud muudel eesm\u00e4rkidel kui need, mis on vajalikud kauba olemuse, omaduste ja toimimise kindlakstegemiseks, v\u00f5i kui esineb kasutus- v\u00f5i kulumism\u00e4rke, on veebipoel \u00f5igus v\u00e4hendada tagastatavat summat vastavalt kauba v\u00e4\u00e4rtuse v\u00e4henemisele.<\/p><p>Kauba tagastamiseks peab ostja esitama taganemisavalduse, mille vorm on leitav <a href=\"https:\/\/rhsuperior.com\/returns-form\/\">SIIN<\/a><\/p><p>Taotlus tuleb saata e-posti aadressile <a href=\"mailto:info@rhsuperior.ee\">info@rhsuperior.ee<\/a> hiljemalt 14 p\u00e4eva jooksul p\u00e4rast kauba k\u00e4ttesaamist.<\/p><p>Ostja peab kauba tagastama 14 p\u00e4eva jooksul p\u00e4rast taganemisavalduse esitamist v\u00f5i esitama t\u00f5endi, et ta on kauba selle aja jooksul vedajale \u00fcle andnud.<\/p><p>P\u00e4rast tagastatud kauba k\u00e4ttesaamist tagastab e-pood ostjale viivitamata, kuid mitte hiljem kui 14 p\u00e4eva p\u00e4rast taganemisavalduse saamist, k\u00f5ik ostjalt lepingu alusel saadud maksed.<\/p><p>Veebipood v\u00f5ib tagasimakset kinni pidada, kuni lepingu ese on tagastatud v\u00f5i kuni ostja esitab t\u00f5endi, et ta on eseme tagastanud, olenevalt sellest, kumb toimub varem.<\/p><p>Kui ostja on selges\u00f5naliselt valinud veebipoe pakutavast odavaimast standardtarnemeetodist erineva tarneviisi, ei ole veebipood kohustatud h\u00fcvitama kulusid, mis \u00fcletavad standardtarnemeetodi maksumuse.<\/p><p>Veebipoel on \u00f5igus m\u00fc\u00fcgitehingust taganeda ja n\u00f5uda kauba tagastamist, kui kauba hind on veebipoes m\u00e4rgitud vea t\u00f5ttu oluliselt alla turuhinna.<\/p><h3>\u00d5igus esitada kaebus<\/h3><p>Veebipood vastutab ostjale m\u00fc\u00fcdud kauba mis tahes mittevastavuse v\u00f5i puuduse eest, mis esines tarnimise ajal ja mis ilmneb kahe aasta jooksul alates kauba \u00fcleandmisest ostjale. Esimese aasta jooksul alates tarnimisest eeldatakse, et puudus oli olemas tarnimise ajal. Veebipood vastutab selle eelduse \u00fcmberl\u00fckkamise eest.<\/p><p>Defekti korral on ostjal \u00f5igus v\u00f5tta kahe kuu jooksul \u00fchendust e-poega, saates e-kirja aadressil <a href=\"mailto:inforhsuperior@gmail.com\">inforhsuperior@gmail.com<\/a> v\u00f5i helistades telefonil 5560 3750.<\/p><p>Veebipood ei vastuta puuduste eest, mis tekivad p\u00e4rast kauba \u00fcleandmist ostjale.<\/p><p>Kui veebipoest ostetud kaubal on defekt, mille eest vastutab veebipood, parandab v\u00f5i asendab veebipood defektse kauba. Kui kaupa ei ole v\u00f5imalik parandada v\u00f5i asendada, tagastab e-pood ostjale k\u00f5ik m\u00fc\u00fcgilepingu alusel tekkinud tasud.<\/p><p>Veebipood vastab tarbija kaebustele kirjalikult v\u00f5i kirjalikku taasesitamist v\u00f5imaldavas vormis 15 p\u00e4eva jooksul.<\/p><h3>Otseturundus ja isikuandmete t\u00f6\u00f6tlemine<\/h3><p>Veebipood kasutab ostja poolt sisestatud isikuandmeid ainult tellimuse t\u00f6\u00f6tlemiseks ja kauba k\u00e4ttetoimetamiseks. Veebipood edastab isikuandmed transporditeenuse pakkujale, et tagada kauba kohaletoimetamine.<\/p><p>Veebipood saadab uudiskirju ja pakkumisi ostja e-posti aadressile ainult siis, kui ostja on avaldanud soovi saada selliseid otseturunduss\u00f5numeid, sisestades oma e-posti aadressi veebisaidil ja andes oma n\u00f5usoleku.<\/p><p>Ostja v\u00f5ib igal ajal loobuda oma e-posti aadressile saadetud pakkumistest ja uudiskirjadest, teatades sellest e-poele e-posti teel v\u00f5i j\u00e4rgides pakkumisi sisaldavas e-kirjas toodud juhiseid.<\/p><h3>Vaidluste lahendamine<\/h3><p>Kui ostjal on veebipoe kohta kaebusi, tuleb need saata aadressil <a href=\"mailto:inforhsuperior@gmail.com\">inforhsuperior@gmail.com<\/a>\u00a0v\u00f5i helistades telefonil 5560 3750.<\/p><p>Kui ostja ja veebipood ei suuda vaidlust kokkuleppel lahendada, v\u00f5ib ostja p\u00f6\u00f6rduda tarbijavaidluste komisjoni poole. Menetluse ja taotluse tingimused leiate siit <a href=\"https:\/\/www.tarbijakaitseamet.ee\/\">siin<\/a>. Tarbijavaidluste komiteel on \u00f5igus lahendada ostja ja veebipoe vahelistest lepingutest tulenevaid vaidlusi. Ostja kaebuse l\u00e4bivaatamine komisjonis on tasuta.<\/p><p>Ostja v\u00f5ib p\u00f6\u00f6rduda ka Euroopa Liidu veebip\u00f5hise vaidluste lahendamise platvormi poole.<\/p>\n<\/div>\n<\/div><\/div><\/div>\n<\/section>","protected":false},"excerpt":{"rendered":"<p>ONLINEPOODI TINGIMUSEDV\u00f5rgupoe rhsuperior.ee (edaspidi RHSUPERIOR) omanik on RHSUPERIOR O\u00dc (registrikood 16833392), asukohaga Raadiraja tn 18-3, 60532, Tartu.M\u00fc\u00fcgilepingu kehtivus, toote- ja hinnainfoSe tingimused kehtivad e-poest kaupade ostmisel.Veebipoes m\u00fc\u00fcdavate toodete hinnad on [...]<\/p>","protected":false},"author":3,"featured_media":0,"parent":0,"menu_order":0,"comment_status":"closed","ping_status":"closed","template":"","meta":{"_acf_changed":false,"_breakdance_hide_in_design_set":false,"_breakdance_tags":"","footnotes":""},"class_list":["post-2376","page","type-page","status-publish","hentry"],"acf":[],"yoast_head":"<!-- This site is optimized with the Yoast SEO Premium plugin v25.3.1 (Yoast SEO v25.4) - https:\/\/yoast.com\/wordpress\/plugins\/seo\/ -->\n<title>Terms of sale - RHsuperior<\/title>\n<meta name=\"robots\" content=\"index, follow, max-snippet:-1, max-image-preview:large, max-video-preview:-1\" \/>\n<link rel=\"canonical\" href=\"https:\/\/rhsuperior.com\/et\/muugitingimused\/\" \/>\n<meta property=\"og:locale\" content=\"et_EE\" \/>\n<meta property=\"og:type\" content=\"article\" \/>\n<meta property=\"og:title\" content=\"Terms of sale\" \/>\n<meta property=\"og:description\" content=\"ONLINE STORE TERMS AND CONDITIONSThe owner of the online store rhsuperior.ee (hereinafter referred to as RHSUPERIOR) is RHSUPERIOR O\u00dc (registration code 16833392), located at Raadiraja tn 18-3, 60532, Tartu.Validity of the Sales Agreement, Product, and Price InformationThese terms and conditions apply when purchasing goods from the online store.The prices of the products sold in the [&hellip;]\" \/>\n<meta property=\"og:url\" content=\"https:\/\/rhsuperior.com\/et\/muugitingimused\/\" \/>\n<meta property=\"og:site_name\" content=\"RHsuperior\" \/>\n<meta property=\"article:publisher\" content=\"https:\/\/www.facebook.com\/p\/RHsuperior-O-100094380819133\/\" \/>\n<meta property=\"article:modified_time\" content=\"2025-04-17T10:12:43+00:00\" \/>\n<meta name=\"twitter:card\" content=\"summary_large_image\" \/>\n<script type=\"application\/ld+json\" class=\"yoast-schema-graph\">{\"@context\":\"https:\/\/schema.org\",\"@graph\":[{\"@type\":\"WebPage\",\"@id\":\"https:\/\/rhsuperior.com\/terms-of-sale\/\",\"url\":\"https:\/\/rhsuperior.com\/terms-of-sale\/\",\"name\":\"Terms of sale - RHsuperior\",\"isPartOf\":{\"@id\":\"https:\/\/rhsuperior.com\/et\/#website\"},\"datePublished\":\"2024-12-15T22:15:12+00:00\",\"dateModified\":\"2025-04-17T10:12:43+00:00\",\"breadcrumb\":{\"@id\":\"https:\/\/rhsuperior.com\/terms-of-sale\/#breadcrumb\"},\"inLanguage\":\"et\",\"potentialAction\":[{\"@type\":\"ReadAction\",\"target\":[\"https:\/\/rhsuperior.com\/terms-of-sale\/\"]}]},{\"@type\":\"BreadcrumbList\",\"@id\":\"https:\/\/rhsuperior.com\/terms-of-sale\/#breadcrumb\",\"itemListElement\":[{\"@type\":\"ListItem\",\"position\":1,\"name\":\"Home\",\"item\":\"https:\/\/rhsuperior.com\/et\/\"},{\"@type\":\"ListItem\",\"position\":2,\"name\":\"Terms of sale\"}]},{\"@type\":\"WebSite\",\"@id\":\"https:\/\/rhsuperior.com\/et\/#website\",\"url\":\"https:\/\/rhsuperior.com\/et\/\",\"name\":\"RHsuperior\",\"description\":\"\",\"publisher\":{\"@id\":\"https:\/\/rhsuperior.com\/et\/#organization\"},\"potentialAction\":[{\"@type\":\"SearchAction\",\"target\":{\"@type\":\"EntryPoint\",\"urlTemplate\":\"https:\/\/rhsuperior.com\/et\/?s={search_term_string}\"},\"query-input\":{\"@type\":\"PropertyValueSpecification\",\"valueRequired\":true,\"valueName\":\"search_term_string\"}}],\"inLanguage\":\"et\"},{\"@type\":\"Organization\",\"@id\":\"https:\/\/rhsuperior.com\/et\/#organization\",\"name\":\"RHsuperior\",\"url\":\"https:\/\/rhsuperior.com\/et\/\",\"logo\":{\"@type\":\"ImageObject\",\"inLanguage\":\"et\",\"@id\":\"https:\/\/rhsuperior.com\/et\/#\/schema\/logo\/image\/\",\"url\":\"https:\/\/rhsuperior.com\/wp-content\/uploads\/2024\/03\/cropped-MUSTA-LOGO-1-e1718311252742.png\",\"contentUrl\":\"https:\/\/rhsuperior.com\/wp-content\/uploads\/2024\/03\/cropped-MUSTA-LOGO-1-e1718311252742.png\",\"width\":981,\"height\":689,\"caption\":\"RHsuperior\"},\"image\":{\"@id\":\"https:\/\/rhsuperior.com\/et\/#\/schema\/logo\/image\/\"},\"sameAs\":[\"https:\/\/www.facebook.com\/p\/RHsuperior-O-100094380819133\/\"]}]}<\/script>\n<!-- \/ Yoast SEO Premium plugin. -->","yoast_head_json":{"title":"M\u00fc\u00fcgitingimused - RHsuperior","robots":{"index":"index","follow":"follow","max-snippet":"max-snippet:-1","max-image-preview":"max-image-preview:large","max-video-preview":"max-video-preview:-1"},"canonical":"https:\/\/rhsuperior.com\/et\/muugitingimused\/","og_locale":"et_EE","og_type":"article","og_title":"Terms of sale","og_description":"ONLINE STORE TERMS AND CONDITIONSThe owner of the online store rhsuperior.ee (hereinafter referred to as RHSUPERIOR) is RHSUPERIOR O\u00dc (registration code 16833392), located at Raadiraja tn 18-3, 60532, Tartu.Validity of the Sales Agreement, Product, and Price InformationThese terms and conditions apply when purchasing goods from the online store.The prices of the products sold in the [&hellip;]","og_url":"https:\/\/rhsuperior.com\/et\/muugitingimused\/","og_site_name":"RHsuperior","article_publisher":"https:\/\/www.facebook.com\/p\/RHsuperior-O-100094380819133\/","article_modified_time":"2025-04-17T10:12:43+00:00","twitter_card":"summary_large_image","schema":{"@context":"https:\/\/schema.org","@graph":[{"@type":"WebPage","@id":"https:\/\/rhsuperior.com\/terms-of-sale\/","url":"https:\/\/rhsuperior.com\/terms-of-sale\/","name":"M\u00fc\u00fcgitingimused - RHsuperior","isPartOf":{"@id":"https:\/\/rhsuperior.com\/et\/#website"},"datePublished":"2024-12-15T22:15:12+00:00","dateModified":"2025-04-17T10:12:43+00:00","breadcrumb":{"@id":"https:\/\/rhsuperior.com\/terms-of-sale\/#breadcrumb"},"inLanguage":"et","potentialAction":[{"@type":"ReadAction","target":["https:\/\/rhsuperior.com\/terms-of-sale\/"]}]},{"@type":"BreadcrumbList","@id":"https:\/\/rhsuperior.com\/terms-of-sale\/#breadcrumb","itemListElement":[{"@type":"ListItem","position":1,"name":"Home","item":"https:\/\/rhsuperior.com\/et\/"},{"@type":"ListItem","position":2,"name":"Terms of sale"}]},{"@type":"WebSite","@id":"https:\/\/rhsuperior.com\/et\/#website","url":"https:\/\/rhsuperior.com\/et\/","name":"RHsuperior","description":"","publisher":{"@id":"https:\/\/rhsuperior.com\/et\/#organization"},"potentialAction":[{"@type":"SearchAction","target":{"@type":"EntryPoint","urlTemplate":"https:\/\/rhsuperior.com\/et\/?s={search_term_string}"},"query-input":{"@type":"PropertyValueSpecification","valueRequired":true,"valueName":"search_term_string"}}],"inLanguage":"et"},{"@type":"Organization","@id":"https:\/\/rhsuperior.com\/et\/#organization","name":"RHsuperior","url":"https:\/\/rhsuperior.com\/et\/","logo":{"@type":"ImageObject","inLanguage":"et","@id":"https:\/\/rhsuperior.com\/et\/#\/schema\/logo\/image\/","url":"https:\/\/rhsuperior.com\/wp-content\/uploads\/2024\/03\/cropped-MUSTA-LOGO-1-e1718311252742.png","contentUrl":"https:\/\/rhsuperior.com\/wp-content\/uploads\/2024\/03\/cropped-MUSTA-LOGO-1-e1718311252742.png","width":981,"height":689,"caption":"RHsuperior"},"image":{"@id":"https:\/\/rhsuperior.com\/et\/#\/schema\/logo\/image\/"},"sameAs":["https:\/\/www.facebook.com\/p\/RHsuperior-O-100094380819133\/"]}]}},"_links":{"self":[{"href":"https:\/\/rhsuperior.com\/et\/wp-json\/wp\/v2\/pages\/2376","targetHints":{"allow":["GET"]}}],"collection":[{"href":"https:\/\/rhsuperior.com\/et\/wp-json\/wp\/v2\/pages"}],"about":[{"href":"https:\/\/rhsuperior.com\/et\/wp-json\/wp\/v2\/types\/page"}],"author":[{"embeddable":true,"href":"https:\/\/rhsuperior.com\/et\/wp-json\/wp\/v2\/users\/3"}],"replies":[{"embeddable":true,"href":"https:\/\/rhsuperior.com\/et\/wp-json\/wp\/v2\/comments?post=2376"}],"version-history":[{"count":5,"href":"https:\/\/rhsuperior.com\/et\/wp-json\/wp\/v2\/pages\/2376\/revisions"}],"predecessor-version":[{"id":2964,"href":"https:\/\/rhsuperior.com\/et\/wp-json\/wp\/v2\/pages\/2376\/revisions\/2964"}],"wp:attachment":[{"href":"https:\/\/rhsuperior.com\/et\/wp-json\/wp\/v2\/media?parent=2376"}],"curies":[{"name":"wp","href":"https:\/\/api.w.org\/{rel}","templated":true}]}}