{"id":1034,"date":"2024-01-24T01:41:25","date_gmt":"2024-01-24T01:41:25","guid":{"rendered":"https:\/\/rhsuperior.com\/?post_type=product&#038;p=1034"},"modified":"2025-07-07T14:19:17","modified_gmt":"2025-07-07T14:19:17","slug":"avaldus-jousaal-sark-f-off","status":"publish","type":"product","link":"https:\/\/rhsuperior.com\/et\/toode\/avaldus-jousaal-sark-f-off\/","title":{"rendered":"F...OFF avaldus T-s\u00e4rk"},"content":{"rendered":"<p data-start=\"269\" data-end=\"503\">The <strong data-start=\"273\" data-end=\"304\">F...OFF statement j\u00f5usaalis\u00e4rk<\/strong> on ehitatud t\u00f5stjate jaoks, kes \u00fctlevad k\u00f5ike oma kohalolekuga. Olenemata sellest, kas sa domineerid platvormil v\u00f5i treenid vaikselt, see <strong data-start=\"434\" data-end=\"457\">statement j\u00f5usaalis\u00e4rk<\/strong> r\u00e4\u00e4gib enda eest - valju, toores ja kartmatu.<\/p>\n<p data-start=\"505\" data-end=\"725\">Kujundatud eliitj\u00f5ustiklase poolt <strong data-start=\"533\" data-end=\"549\">Rauno Heinla<\/strong>, sellel on r\u00f5hutatud punane plokk koos julgete mustade t\u00e4htedega, mis teevad teie m\u00f5tteviisi selgeks. See <strong data-start=\"645\" data-end=\"672\">v\u00f5imlemiss\u00e4rk suhtumisega<\/strong> on tehtud neile, kes t\u00f5stavad k\u00f5vasti ja ei vabanda.<\/p>\n<p data-start=\"727\" data-end=\"986\">Valmistatud <strong data-start=\"740\" data-end=\"776\">100% eelnevalt kokkut\u00f5mmatud r\u00f5ngaspunane puuvillane riie<\/strong>Selles on \u00fchendatud hingavus, mugavus ja tugevus - ideaalne nii intensiivseteks sessioonideks kui ka l\u00f5dvestunud p\u00e4evadeks. 185 g\/m\u00b2 raskekaaluline kangas tagab pikaajalise vastupidavuse, samas kui tavaline l\u00f5ige hoiab sind vabalt liikumas.<\/p>\n<p data-start=\"988\" data-end=\"1008\"><strong data-start=\"988\" data-end=\"1008\">Toote \u00fcksikasjad:<\/strong><\/p>\n<ul data-start=\"1009\" data-end=\"1241\">\n<li data-start=\"1009\" data-end=\"1056\">\n<p data-start=\"1011\" data-end=\"1056\">Materjal: 100% puuvill (eelnevalt kokkut\u00f5mmatud, ringkeeratud).<\/p>\n<\/li>\n<li data-start=\"1057\" data-end=\"1082\">\n<p data-start=\"1059\" data-end=\"1082\">Kanga kaal: 185 g\/m\u00b2<\/p>\n<\/li>\n<li data-start=\"1083\" data-end=\"1101\">\n<p data-start=\"1085\" data-end=\"1101\">Sobib: sobivus: Tavaline sobivus<\/p>\n<\/li>\n<li data-start=\"1102\" data-end=\"1117\">\n<p data-start=\"1104\" data-end=\"1117\">Suurused: XS-5XL<\/p>\n<\/li>\n<li data-start=\"1118\" data-end=\"1132\">\n<p data-start=\"1120\" data-end=\"1132\">V\u00e4rv: must<\/p>\n<\/li>\n<li data-start=\"1133\" data-end=\"1168\">\n<p data-start=\"1135\" data-end=\"1168\">Disain: OFF\" esiprint: punane \"F...OFF\".<\/p>\n<\/li>\n<li data-start=\"1169\" data-end=\"1204\">\n<p data-start=\"1171\" data-end=\"1204\">Hooldus: Pesu: masinpesu kuni 40\u00b0C<\/p>\n<\/li>\n<li data-start=\"1205\" data-end=\"1241\">\n<p data-start=\"1207\" data-end=\"1241\">Kujundanud ja tr\u00fckkinud Rauno Heinla<\/p>\n<\/li>\n<\/ul>\n<p data-start=\"1243\" data-end=\"1336\">See ei ole lihtsalt s\u00e4rk - see on <strong data-start=\"1277\" data-end=\"1300\">statement j\u00f5usaalis\u00e4rk<\/strong> mis \u00fctleb maailmale, et ta peaks k\u00f5rvale astuma.<\/p>\n<hr data-start=\"1338\" data-end=\"1341\" \/>","protected":false},"excerpt":{"rendered":"<p>M\u00f5nikord \u00fctleb \u00fcks julge s\u00f5na k\u00f5ik. Rauno Heinla j\u00f5usaalis\u00e4rk. T\u00f5stjatele, kes \u00fctlevad seda nii, nagu nad seda m\u00f5tlevad. 100% puuvillane. XS-5XL.<\/p>","protected":false},"featured_media":1030,"comment_status":"closed","ping_status":"closed","template":"","meta":{"_acf_changed":false},"product_brand":[],"product_cat":[83,43],"product_tag":[],"giftcard-category":[],"class_list":{"0":"post-1034","1":"product","2":"type-product","3":"status-publish","4":"has-post-thumbnail","6":"product_cat-clothing","7":"product_cat-shirts","9":"first","10":"instock","11":"sale","12":"taxable","13":"shipping-taxable","14":"purchasable","15":"product-type-variable"},"acf":[],"yoast_head":"<!-- This site is optimized with the Yoast SEO Premium plugin v25.3.1 (Yoast SEO v25.4) - https:\/\/yoast.com\/wordpress\/plugins\/seo\/ -->\n<title>Statement gym shirt \u2013 by Rauno Heinla<\/title>\n<meta name=\"description\" content=\"Statement gym shirt for lifters who speak with action. 100% cotton, designed by Rauno Heinla. XS\u20135XL. Unfiltered lifting style.\" \/>\n<meta name=\"robots\" content=\"index, follow, max-snippet:-1, max-image-preview:large, max-video-preview:-1\" \/>\n<link rel=\"canonical\" href=\"https:\/\/rhsuperior.com\/et\/toode\/avaldus-jousaal-sark-f-off\/\" \/>\n<meta property=\"og:locale\" content=\"et_EE\" \/>\n<meta property=\"og:type\" content=\"article\" \/>\n<meta property=\"og:title\" content=\"F...OFF Statement T-Shirt\" \/>\n<meta property=\"og:description\" content=\"Statement gym shirt for lifters who speak with action. 100% cotton, designed by Rauno Heinla. XS\u20135XL. Unfiltered lifting style.\" \/>\n<meta property=\"og:url\" content=\"https:\/\/rhsuperior.com\/et\/toode\/avaldus-jousaal-sark-f-off\/\" \/>\n<meta property=\"og:site_name\" content=\"RHsuperior\" \/>\n<meta property=\"article:publisher\" content=\"https:\/\/www.facebook.com\/p\/RHsuperior-O-100094380819133\/\" \/>\n<meta property=\"article:modified_time\" content=\"2025-07-07T14:19:17+00:00\" \/>\n<meta property=\"og:image\" content=\"https:\/\/rhsuperior.com\/wp-content\/uploads\/2024\/01\/image_123650291-2.jpg\" \/>\n\t<meta property=\"og:image:width\" content=\"1200\" \/>\n\t<meta property=\"og:image:height\" content=\"1600\" \/>\n\t<meta property=\"og:image:type\" content=\"image\/jpeg\" \/>\n<meta name=\"twitter:card\" content=\"summary_large_image\" \/>\n<meta name=\"twitter:label1\" content=\"Availability\" \/>\n\t<meta name=\"twitter:data1\" content=\"In stock\" \/>\n<script type=\"application\/ld+json\" class=\"yoast-schema-graph\">{\"@context\":\"https:\/\/schema.org\",\"@graph\":[{\"@type\":\"WebPage\",\"@id\":\"https:\/\/rhsuperior.com\/product\/statement-gym-shirt-f-off\/\",\"url\":\"https:\/\/rhsuperior.com\/product\/statement-gym-shirt-f-off\/\",\"name\":\"Statement gym shirt \u2013 by Rauno Heinla\",\"isPartOf\":{\"@id\":\"https:\/\/rhsuperior.com\/et\/#website\"},\"primaryImageOfPage\":{\"@id\":\"https:\/\/rhsuperior.com\/product\/statement-gym-shirt-f-off\/#primaryimage\"},\"image\":{\"@id\":\"https:\/\/rhsuperior.com\/product\/statement-gym-shirt-f-off\/#primaryimage\"},\"thumbnailUrl\":\"https:\/\/rhsuperior.com\/wp-content\/uploads\/2024\/01\/image_123650291-2.jpg\",\"datePublished\":\"2024-01-24T01:41:25+00:00\",\"dateModified\":\"2025-07-07T14:19:17+00:00\",\"description\":\"Statement gym shirt for lifters who speak with action. 100% cotton, designed by Rauno Heinla. XS\u20135XL. Unfiltered lifting style.\",\"breadcrumb\":{\"@id\":\"https:\/\/rhsuperior.com\/product\/statement-gym-shirt-f-off\/#breadcrumb\"},\"inLanguage\":\"et\",\"potentialAction\":[{\"@type\":\"ReadAction\",\"target\":[\"https:\/\/rhsuperior.com\/product\/statement-gym-shirt-f-off\/\"]}]},{\"@type\":\"ImageObject\",\"inLanguage\":\"et\",\"@id\":\"https:\/\/rhsuperior.com\/product\/statement-gym-shirt-f-off\/#primaryimage\",\"url\":\"https:\/\/rhsuperior.com\/wp-content\/uploads\/2024\/01\/image_123650291-2.jpg\",\"contentUrl\":\"https:\/\/rhsuperior.com\/wp-content\/uploads\/2024\/01\/image_123650291-2.jpg\",\"width\":1200,\"height\":1600,\"caption\":\"F Off Mens T-Shirt\"},{\"@type\":\"BreadcrumbList\",\"@id\":\"https:\/\/rhsuperior.com\/product\/statement-gym-shirt-f-off\/#breadcrumb\",\"itemListElement\":[{\"@type\":\"ListItem\",\"position\":1,\"name\":\"Home\",\"item\":\"https:\/\/rhsuperior.com\/et\/\"},{\"@type\":\"ListItem\",\"position\":2,\"name\":\"Shop\",\"item\":\"https:\/\/rhsuperior.com\/shop\/\"},{\"@type\":\"ListItem\",\"position\":3,\"name\":\"F&#8230;OFF Statement T-Shirt\"}]},{\"@type\":\"WebSite\",\"@id\":\"https:\/\/rhsuperior.com\/et\/#website\",\"url\":\"https:\/\/rhsuperior.com\/et\/\",\"name\":\"RHsuperior\",\"description\":\"\",\"publisher\":{\"@id\":\"https:\/\/rhsuperior.com\/et\/#organization\"},\"potentialAction\":[{\"@type\":\"SearchAction\",\"target\":{\"@type\":\"EntryPoint\",\"urlTemplate\":\"https:\/\/rhsuperior.com\/et\/?s={search_term_string}\"},\"query-input\":{\"@type\":\"PropertyValueSpecification\",\"valueRequired\":true,\"valueName\":\"search_term_string\"}}],\"inLanguage\":\"et\"},{\"@type\":\"Organization\",\"@id\":\"https:\/\/rhsuperior.com\/et\/#organization\",\"name\":\"RHsuperior\",\"url\":\"https:\/\/rhsuperior.com\/et\/\",\"logo\":{\"@type\":\"ImageObject\",\"inLanguage\":\"et\",\"@id\":\"https:\/\/rhsuperior.com\/et\/#\/schema\/logo\/image\/\",\"url\":\"https:\/\/rhsuperior.com\/wp-content\/uploads\/2024\/03\/cropped-FullLogo_Transparent-19-1-1.png\",\"contentUrl\":\"https:\/\/rhsuperior.com\/wp-content\/uploads\/2024\/03\/cropped-FullLogo_Transparent-19-1-1.png\",\"width\":1047,\"height\":764,\"caption\":\"RHsuperior\"},\"image\":{\"@id\":\"https:\/\/rhsuperior.com\/et\/#\/schema\/logo\/image\/\"},\"sameAs\":[\"https:\/\/www.facebook.com\/p\/RHsuperior-O-100094380819133\/\"]}]}<\/script>\n<meta property=\"og:availability\" content=\"instock\" \/>\n<meta property=\"product:availability\" content=\"instock\" \/>\n<meta property=\"product:condition\" content=\"new\" \/>\n<!-- \/ Yoast SEO Premium plugin. -->","yoast_head_json":{"title":"Statement j\u00f5usaalis\u00e4rk - by Rauno Heinla","description":"Avalduse j\u00f5usaalis\u00e4rk t\u00f5stjatele, kes r\u00e4\u00e4givad tegudega. 100% puuvillane, kujundanud Rauno Heinla. XS-5XL. Filtreerimata t\u00f5stmisstiil.","robots":{"index":"index","follow":"follow","max-snippet":"max-snippet:-1","max-image-preview":"max-image-preview:large","max-video-preview":"max-video-preview:-1"},"canonical":"https:\/\/rhsuperior.com\/et\/toode\/avaldus-jousaal-sark-f-off\/","og_locale":"et_EE","og_type":"article","og_title":"F...OFF Statement T-Shirt","og_description":"Statement gym shirt for lifters who speak with action. 100% cotton, designed by Rauno Heinla. XS\u20135XL. Unfiltered lifting style.","og_url":"https:\/\/rhsuperior.com\/et\/toode\/avaldus-jousaal-sark-f-off\/","og_site_name":"RHsuperior","article_publisher":"https:\/\/www.facebook.com\/p\/RHsuperior-O-100094380819133\/","article_modified_time":"2025-07-07T14:19:17+00:00","og_image":[{"width":1200,"height":1600,"url":"https:\/\/rhsuperior.com\/wp-content\/uploads\/2024\/01\/image_123650291-2.jpg","type":"image\/jpeg"}],"twitter_card":"summary_large_image","twitter_misc":{"Availability":"In stock"},"schema":{"@context":"https:\/\/schema.org","@graph":[{"@type":"WebPage","@id":"https:\/\/rhsuperior.com\/product\/statement-gym-shirt-f-off\/","url":"https:\/\/rhsuperior.com\/product\/statement-gym-shirt-f-off\/","name":"Statement j\u00f5usaalis\u00e4rk - by Rauno Heinla","isPartOf":{"@id":"https:\/\/rhsuperior.com\/et\/#website"},"primaryImageOfPage":{"@id":"https:\/\/rhsuperior.com\/product\/statement-gym-shirt-f-off\/#primaryimage"},"image":{"@id":"https:\/\/rhsuperior.com\/product\/statement-gym-shirt-f-off\/#primaryimage"},"thumbnailUrl":"https:\/\/rhsuperior.com\/wp-content\/uploads\/2024\/01\/image_123650291-2.jpg","datePublished":"2024-01-24T01:41:25+00:00","dateModified":"2025-07-07T14:19:17+00:00","description":"Avalduse j\u00f5usaalis\u00e4rk t\u00f5stjatele, kes r\u00e4\u00e4givad tegudega. 100% puuvillane, kujundanud Rauno Heinla. XS-5XL. Filtreerimata t\u00f5stmisstiil.","breadcrumb":{"@id":"https:\/\/rhsuperior.com\/product\/statement-gym-shirt-f-off\/#breadcrumb"},"inLanguage":"et","potentialAction":[{"@type":"ReadAction","target":["https:\/\/rhsuperior.com\/product\/statement-gym-shirt-f-off\/"]}]},{"@type":"ImageObject","inLanguage":"et","@id":"https:\/\/rhsuperior.com\/product\/statement-gym-shirt-f-off\/#primaryimage","url":"https:\/\/rhsuperior.com\/wp-content\/uploads\/2024\/01\/image_123650291-2.jpg","contentUrl":"https:\/\/rhsuperior.com\/wp-content\/uploads\/2024\/01\/image_123650291-2.jpg","width":1200,"height":1600,"caption":"F Off Mens T-Shirt"},{"@type":"BreadcrumbList","@id":"https:\/\/rhsuperior.com\/product\/statement-gym-shirt-f-off\/#breadcrumb","itemListElement":[{"@type":"ListItem","position":1,"name":"Home","item":"https:\/\/rhsuperior.com\/et\/"},{"@type":"ListItem","position":2,"name":"Shop","item":"https:\/\/rhsuperior.com\/shop\/"},{"@type":"ListItem","position":3,"name":"F&#8230;OFF Statement T-Shirt"}]},{"@type":"WebSite","@id":"https:\/\/rhsuperior.com\/et\/#website","url":"https:\/\/rhsuperior.com\/et\/","name":"RHsuperior","description":"","publisher":{"@id":"https:\/\/rhsuperior.com\/et\/#organization"},"potentialAction":[{"@type":"SearchAction","target":{"@type":"EntryPoint","urlTemplate":"https:\/\/rhsuperior.com\/et\/?s={search_term_string}"},"query-input":{"@type":"PropertyValueSpecification","valueRequired":true,"valueName":"search_term_string"}}],"inLanguage":"et"},{"@type":"Organization","@id":"https:\/\/rhsuperior.com\/et\/#organization","name":"RHsuperior","url":"https:\/\/rhsuperior.com\/et\/","logo":{"@type":"ImageObject","inLanguage":"et","@id":"https:\/\/rhsuperior.com\/et\/#\/schema\/logo\/image\/","url":"https:\/\/rhsuperior.com\/wp-content\/uploads\/2024\/03\/cropped-FullLogo_Transparent-19-1-1.png","contentUrl":"https:\/\/rhsuperior.com\/wp-content\/uploads\/2024\/03\/cropped-FullLogo_Transparent-19-1-1.png","width":1047,"height":764,"caption":"RHsuperior"},"image":{"@id":"https:\/\/rhsuperior.com\/et\/#\/schema\/logo\/image\/"},"sameAs":["https:\/\/www.facebook.com\/p\/RHsuperior-O-100094380819133\/"]}]},"og_availability":"instock","product_availability":"instock","product_condition":"new"},"_links":{"self":[{"href":"https:\/\/rhsuperior.com\/et\/wp-json\/wp\/v2\/product\/1034","targetHints":{"allow":["GET"]}}],"collection":[{"href":"https:\/\/rhsuperior.com\/et\/wp-json\/wp\/v2\/product"}],"about":[{"href":"https:\/\/rhsuperior.com\/et\/wp-json\/wp\/v2\/types\/product"}],"replies":[{"embeddable":true,"href":"https:\/\/rhsuperior.com\/et\/wp-json\/wp\/v2\/comments?post=1034"}],"wp:featuredmedia":[{"embeddable":true,"href":"https:\/\/rhsuperior.com\/et\/wp-json\/wp\/v2\/media\/1030"}],"wp:attachment":[{"href":"https:\/\/rhsuperior.com\/et\/wp-json\/wp\/v2\/media?parent=1034"}],"wp:term":[{"taxonomy":"product_brand","embeddable":true,"href":"https:\/\/rhsuperior.com\/et\/wp-json\/wp\/v2\/product_brand?post=1034"},{"taxonomy":"product_cat","embeddable":true,"href":"https:\/\/rhsuperior.com\/et\/wp-json\/wp\/v2\/product_cat?post=1034"},{"taxonomy":"product_tag","embeddable":true,"href":"https:\/\/rhsuperior.com\/et\/wp-json\/wp\/v2\/product_tag?post=1034"},{"taxonomy":"giftcard-category","embeddable":true,"href":"https:\/\/rhsuperior.com\/et\/wp-json\/wp\/v2\/giftcard-category?post=1034"}],"curies":[{"name":"wp","href":"https:\/\/api.w.org\/{rel}","templated":true}]}}