{"id":1102,"date":"2024-01-24T03:49:17","date_gmt":"2024-01-24T03:49:17","guid":{"rendered":"https:\/\/rhsuperior.com\/?post_type=product&#038;p=1102"},"modified":"2025-07-06T19:53:07","modified_gmt":"2025-07-06T19:53:07","slug":"rhsuperior-logo-t-sark","status":"publish","type":"product","link":"https:\/\/rhsuperior.com\/et\/toode\/rhsuperior-logo-t-sark\/","title":{"rendered":"RHSUPERIOR Logo T-s\u00e4rk"},"content":{"rendered":"<h2 data-start=\"263\" data-end=\"330\"><strong data-start=\"263\" data-end=\"330\">RHSUPERIOR Performance T-s\u00e4rk - tugevus. Respekt. Distsipliin.<\/strong><\/h2>\n<p data-start=\"332\" data-end=\"600\">See T-s\u00e4rk, mille on kujundanud ja tr\u00fckkinud eliitj\u00f5ustiklane <strong data-start=\"386\" data-end=\"402\">Rauno Heinla<\/strong>, peegeldab t\u00f5eliste j\u00f5usportlaste vaimu. See j\u00f5udu, m\u00f5tteviisi ja identiteedi jaoks loodud tulemuss\u00e4rk sobib ideaalselt treeningp\u00e4evadeks, reisimiseks v\u00f5i lihtsalt selle distsipliini esindamiseks, mille j\u00e4rgi sa elad.<\/p>\n<p data-start=\"602\" data-end=\"823\">Valmistatud pehmest, eelnevalt kokkutr\u00fckitud 100% r\u00f5ngaspunasest puuvillast (185 g\/m\u00b2), mis tagab suurep\u00e4rase mugavuse ja vormimahutavuse. Sportlik l\u00f5ige v\u00f5imaldab vaba liikumist ilma piiranguteta - olgu siis t\u00f5stes, taastudes v\u00f5i liikudes.<\/p>\n<p data-start=\"825\" data-end=\"1036\">Peaturing the <strong data-start=\"839\" data-end=\"853\">RHSUPERIOR<\/strong> logo ees ja keskel, see r\u00f5ivas s\u00fcmboliseerib elustiili, mis on t\u00e4is j\u00f5udlust ja sisemist tahet. Selle puhas disain ja esmaklassiline disain teevad sellest h\u00e4davajaliku nii tugevatele sportlastele kui ka toetajatele.<\/p>\n<p data-start=\"1038\" data-end=\"1055\"><strong data-start=\"1038\" data-end=\"1055\">Peamised omadused:<\/strong><\/p>\n<ul data-start=\"1057\" data-end=\"1350\">\n<li data-start=\"1057\" data-end=\"1106\">\n<p data-start=\"1059\" data-end=\"1106\">Materjal: 100% puuvill (eelnevalt kokkut\u00f5mmatud, ringkeeratud).<\/p>\n<\/li>\n<li data-start=\"1107\" data-end=\"1159\">\n<p data-start=\"1109\" data-end=\"1159\">Kanga kaal: 185 g\/m\u00b2 - hingav ja vastupidav.<\/p>\n<\/li>\n<li data-start=\"1160\" data-end=\"1204\">\n<p data-start=\"1162\" data-end=\"1204\">Sobib: Tavaline sportlik l\u00f5ige - sobiv suurus<\/p>\n<\/li>\n<li data-start=\"1205\" data-end=\"1258\">\n<p data-start=\"1207\" data-end=\"1258\">Logo: Rauno Heinla poolt tr\u00fckitud RHSUPERIORi br\u00e4ndi.<\/p>\n<\/li>\n<li data-start=\"1259\" data-end=\"1298\">\n<p data-start=\"1261\" data-end=\"1298\">Hooldus: Pesu: masinpesu (kuni 40\u00b0C)<\/p>\n<\/li>\n<li data-start=\"1299\" data-end=\"1350\">\n<p data-start=\"1301\" data-end=\"1350\">V\u00e4rvid: v\u00e4rvid: Must v\u00f5i valge - mitmek\u00fclgne ja ajatu<\/p>\n<\/li>\n<\/ul>\n<p data-start=\"1352\" data-end=\"1467\">V\u00f5tke oma m\u00f5tteviis k\u00f5ikjale kaasa - kandke seda, mis teid esindab.<br data-start=\"1415\" data-end=\"1418\" \/><strong data-start=\"1418\" data-end=\"1467\">RHSUPERIOR - neile, kes t\u00f5stavad sihikindlalt.<\/strong><\/p>","protected":false},"excerpt":{"rendered":"<p>RHSUPERIORi logo T-s\u00e4rk on julge ja puhas ning esindab j\u00f5udu ja distsipliini. Kujundanud Rauno Heinla. Pehme 100% puuvill, saadaval mustas v\u00f5i valges v\u00e4rvitoonis.<\/p>","protected":false},"featured_media":1021,"comment_status":"closed","ping_status":"closed","template":"","meta":{"_acf_changed":false},"product_brand":[],"product_cat":[83,43],"product_tag":[],"giftcard-category":[],"class_list":{"0":"post-1102","1":"product","2":"type-product","3":"status-publish","4":"has-post-thumbnail","6":"product_cat-clothing","7":"product_cat-shirts","9":"first","10":"instock","11":"sale","12":"taxable","13":"shipping-taxable","14":"purchasable","15":"product-type-variable"},"acf":[],"yoast_head":"<!-- This site is optimized with the Yoast SEO Premium plugin v25.3.1 (Yoast SEO v25.4) - https:\/\/yoast.com\/wordpress\/plugins\/seo\/ -->\n<title>RHSUPERIOR Logo T-Shirt \u2013 Strength Lifestyle Gym Shirt<\/title>\n<meta name=\"description\" content=\"The RHSUPERIOR Logo T-Shirt by Rauno Heinla combines comfort, strength, and discipline. Premium cotton fit for gym or daily wear. Black or white.\" \/>\n<meta name=\"robots\" content=\"index, follow, max-snippet:-1, max-image-preview:large, max-video-preview:-1\" \/>\n<link rel=\"canonical\" href=\"https:\/\/rhsuperior.com\/et\/toode\/rhsuperior-logo-t-sark\/\" \/>\n<meta property=\"og:locale\" content=\"et_EE\" \/>\n<meta property=\"og:type\" content=\"article\" \/>\n<meta property=\"og:title\" content=\"RHSUPERIOR Logo T-Shirt\" \/>\n<meta property=\"og:description\" content=\"The RHSUPERIOR Logo T-Shirt by Rauno Heinla combines comfort, strength, and discipline. Premium cotton fit for gym or daily wear. Black or white.\" \/>\n<meta property=\"og:url\" content=\"https:\/\/rhsuperior.com\/et\/toode\/rhsuperior-logo-t-sark\/\" \/>\n<meta property=\"og:site_name\" content=\"RHsuperior\" \/>\n<meta property=\"article:publisher\" content=\"https:\/\/www.facebook.com\/p\/RHsuperior-O-100094380819133\/\" \/>\n<meta property=\"article:modified_time\" content=\"2025-07-06T19:53:07+00:00\" \/>\n<meta property=\"og:image\" content=\"https:\/\/rhsuperior.com\/wp-content\/uploads\/2024\/01\/image_123650291-12-scaled.jpg\" \/>\n\t<meta property=\"og:image:width\" content=\"1920\" \/>\n\t<meta property=\"og:image:height\" content=\"2560\" \/>\n\t<meta property=\"og:image:type\" content=\"image\/jpeg\" \/>\n<meta name=\"twitter:card\" content=\"summary_large_image\" \/>\n<meta name=\"twitter:label1\" content=\"Availability\" \/>\n\t<meta name=\"twitter:data1\" content=\"In stock\" \/>\n<script type=\"application\/ld+json\" class=\"yoast-schema-graph\">{\"@context\":\"https:\/\/schema.org\",\"@graph\":[{\"@type\":\"WebPage\",\"@id\":\"https:\/\/rhsuperior.com\/product\/rhsuperior-logo-t-shirt\/\",\"url\":\"https:\/\/rhsuperior.com\/product\/rhsuperior-logo-t-shirt\/\",\"name\":\"RHSUPERIOR Logo T-Shirt \u2013 Strength Lifestyle Gym Shirt\",\"isPartOf\":{\"@id\":\"https:\/\/rhsuperior.com\/et\/#website\"},\"primaryImageOfPage\":{\"@id\":\"https:\/\/rhsuperior.com\/product\/rhsuperior-logo-t-shirt\/#primaryimage\"},\"image\":{\"@id\":\"https:\/\/rhsuperior.com\/product\/rhsuperior-logo-t-shirt\/#primaryimage\"},\"thumbnailUrl\":\"https:\/\/rhsuperior.com\/wp-content\/uploads\/2024\/01\/image_123650291-12-scaled.jpg\",\"datePublished\":\"2024-01-24T03:49:17+00:00\",\"dateModified\":\"2025-07-06T19:53:07+00:00\",\"description\":\"The RHSUPERIOR Logo T-Shirt by Rauno Heinla combines comfort, strength, and discipline. Premium cotton fit for gym or daily wear. Black or white.\",\"breadcrumb\":{\"@id\":\"https:\/\/rhsuperior.com\/product\/rhsuperior-logo-t-shirt\/#breadcrumb\"},\"inLanguage\":\"et\",\"potentialAction\":[{\"@type\":\"ReadAction\",\"target\":[\"https:\/\/rhsuperior.com\/product\/rhsuperior-logo-t-shirt\/\"]}]},{\"@type\":\"ImageObject\",\"inLanguage\":\"et\",\"@id\":\"https:\/\/rhsuperior.com\/product\/rhsuperior-logo-t-shirt\/#primaryimage\",\"url\":\"https:\/\/rhsuperior.com\/wp-content\/uploads\/2024\/01\/image_123650291-12-scaled.jpg\",\"contentUrl\":\"https:\/\/rhsuperior.com\/wp-content\/uploads\/2024\/01\/image_123650291-12-scaled.jpg\",\"width\":1920,\"height\":2560,\"caption\":\"RHSUPERIOR Logo T-Shirt \u2013 black and white gym shirt designed by Rauno Heinla\"},{\"@type\":\"BreadcrumbList\",\"@id\":\"https:\/\/rhsuperior.com\/product\/rhsuperior-logo-t-shirt\/#breadcrumb\",\"itemListElement\":[{\"@type\":\"ListItem\",\"position\":1,\"name\":\"Home\",\"item\":\"https:\/\/rhsuperior.com\/et\/\"},{\"@type\":\"ListItem\",\"position\":2,\"name\":\"Shop\",\"item\":\"https:\/\/rhsuperior.com\/shop\/\"},{\"@type\":\"ListItem\",\"position\":3,\"name\":\"RHSUPERIOR Logo T-Shirt\"}]},{\"@type\":\"WebSite\",\"@id\":\"https:\/\/rhsuperior.com\/et\/#website\",\"url\":\"https:\/\/rhsuperior.com\/et\/\",\"name\":\"RHsuperior\",\"description\":\"\",\"publisher\":{\"@id\":\"https:\/\/rhsuperior.com\/et\/#organization\"},\"potentialAction\":[{\"@type\":\"SearchAction\",\"target\":{\"@type\":\"EntryPoint\",\"urlTemplate\":\"https:\/\/rhsuperior.com\/et\/?s={search_term_string}\"},\"query-input\":{\"@type\":\"PropertyValueSpecification\",\"valueRequired\":true,\"valueName\":\"search_term_string\"}}],\"inLanguage\":\"et\"},{\"@type\":\"Organization\",\"@id\":\"https:\/\/rhsuperior.com\/et\/#organization\",\"name\":\"RHsuperior\",\"url\":\"https:\/\/rhsuperior.com\/et\/\",\"logo\":{\"@type\":\"ImageObject\",\"inLanguage\":\"et\",\"@id\":\"https:\/\/rhsuperior.com\/et\/#\/schema\/logo\/image\/\",\"url\":\"https:\/\/rhsuperior.com\/wp-content\/uploads\/2024\/03\/cropped-FullLogo_Transparent-19-1-1.png\",\"contentUrl\":\"https:\/\/rhsuperior.com\/wp-content\/uploads\/2024\/03\/cropped-FullLogo_Transparent-19-1-1.png\",\"width\":1047,\"height\":764,\"caption\":\"RHsuperior\"},\"image\":{\"@id\":\"https:\/\/rhsuperior.com\/et\/#\/schema\/logo\/image\/\"},\"sameAs\":[\"https:\/\/www.facebook.com\/p\/RHsuperior-O-100094380819133\/\"]}]}<\/script>\n<meta property=\"og:availability\" content=\"instock\" \/>\n<meta property=\"product:availability\" content=\"instock\" \/>\n<meta property=\"product:condition\" content=\"new\" \/>\n<!-- \/ Yoast SEO Premium plugin. -->","yoast_head_json":{"title":"RHSUPERIOR Logo T-s\u00e4rk - Tugevus Lifestyle Gym s\u00e4rk","description":"Rauno Heinla RHSUPERIOR Logo T-s\u00e4rk \u00fchendab endas mugavuse, tugevuse ja distsipliini. Premium puuvillane sobivus j\u00f5usaali v\u00f5i igap\u00e4evaseks kandmiseks. Must v\u00f5i valge.","robots":{"index":"index","follow":"follow","max-snippet":"max-snippet:-1","max-image-preview":"max-image-preview:large","max-video-preview":"max-video-preview:-1"},"canonical":"https:\/\/rhsuperior.com\/et\/toode\/rhsuperior-logo-t-sark\/","og_locale":"et_EE","og_type":"article","og_title":"RHSUPERIOR Logo T-Shirt","og_description":"The RHSUPERIOR Logo T-Shirt by Rauno Heinla combines comfort, strength, and discipline. Premium cotton fit for gym or daily wear. Black or white.","og_url":"https:\/\/rhsuperior.com\/et\/toode\/rhsuperior-logo-t-sark\/","og_site_name":"RHsuperior","article_publisher":"https:\/\/www.facebook.com\/p\/RHsuperior-O-100094380819133\/","article_modified_time":"2025-07-06T19:53:07+00:00","og_image":[{"width":1920,"height":2560,"url":"https:\/\/rhsuperior.com\/wp-content\/uploads\/2024\/01\/image_123650291-12-scaled.jpg","type":"image\/jpeg"}],"twitter_card":"summary_large_image","twitter_misc":{"Availability":"In stock"},"schema":{"@context":"https:\/\/schema.org","@graph":[{"@type":"WebPage","@id":"https:\/\/rhsuperior.com\/product\/rhsuperior-logo-t-shirt\/","url":"https:\/\/rhsuperior.com\/product\/rhsuperior-logo-t-shirt\/","name":"RHSUPERIOR Logo T-s\u00e4rk - Tugevus Lifestyle Gym s\u00e4rk","isPartOf":{"@id":"https:\/\/rhsuperior.com\/et\/#website"},"primaryImageOfPage":{"@id":"https:\/\/rhsuperior.com\/product\/rhsuperior-logo-t-shirt\/#primaryimage"},"image":{"@id":"https:\/\/rhsuperior.com\/product\/rhsuperior-logo-t-shirt\/#primaryimage"},"thumbnailUrl":"https:\/\/rhsuperior.com\/wp-content\/uploads\/2024\/01\/image_123650291-12-scaled.jpg","datePublished":"2024-01-24T03:49:17+00:00","dateModified":"2025-07-06T19:53:07+00:00","description":"Rauno Heinla RHSUPERIOR Logo T-s\u00e4rk \u00fchendab endas mugavuse, tugevuse ja distsipliini. Premium puuvillane sobivus j\u00f5usaali v\u00f5i igap\u00e4evaseks kandmiseks. Must v\u00f5i valge.","breadcrumb":{"@id":"https:\/\/rhsuperior.com\/product\/rhsuperior-logo-t-shirt\/#breadcrumb"},"inLanguage":"et","potentialAction":[{"@type":"ReadAction","target":["https:\/\/rhsuperior.com\/product\/rhsuperior-logo-t-shirt\/"]}]},{"@type":"ImageObject","inLanguage":"et","@id":"https:\/\/rhsuperior.com\/product\/rhsuperior-logo-t-shirt\/#primaryimage","url":"https:\/\/rhsuperior.com\/wp-content\/uploads\/2024\/01\/image_123650291-12-scaled.jpg","contentUrl":"https:\/\/rhsuperior.com\/wp-content\/uploads\/2024\/01\/image_123650291-12-scaled.jpg","width":1920,"height":2560,"caption":"RHSUPERIOR Logo T-Shirt \u2013 black and white gym shirt designed by Rauno Heinla"},{"@type":"BreadcrumbList","@id":"https:\/\/rhsuperior.com\/product\/rhsuperior-logo-t-shirt\/#breadcrumb","itemListElement":[{"@type":"ListItem","position":1,"name":"Home","item":"https:\/\/rhsuperior.com\/et\/"},{"@type":"ListItem","position":2,"name":"Shop","item":"https:\/\/rhsuperior.com\/shop\/"},{"@type":"ListItem","position":3,"name":"RHSUPERIOR Logo T-Shirt"}]},{"@type":"WebSite","@id":"https:\/\/rhsuperior.com\/et\/#website","url":"https:\/\/rhsuperior.com\/et\/","name":"RHsuperior","description":"","publisher":{"@id":"https:\/\/rhsuperior.com\/et\/#organization"},"potentialAction":[{"@type":"SearchAction","target":{"@type":"EntryPoint","urlTemplate":"https:\/\/rhsuperior.com\/et\/?s={search_term_string}"},"query-input":{"@type":"PropertyValueSpecification","valueRequired":true,"valueName":"search_term_string"}}],"inLanguage":"et"},{"@type":"Organization","@id":"https:\/\/rhsuperior.com\/et\/#organization","name":"RHsuperior","url":"https:\/\/rhsuperior.com\/et\/","logo":{"@type":"ImageObject","inLanguage":"et","@id":"https:\/\/rhsuperior.com\/et\/#\/schema\/logo\/image\/","url":"https:\/\/rhsuperior.com\/wp-content\/uploads\/2024\/03\/cropped-FullLogo_Transparent-19-1-1.png","contentUrl":"https:\/\/rhsuperior.com\/wp-content\/uploads\/2024\/03\/cropped-FullLogo_Transparent-19-1-1.png","width":1047,"height":764,"caption":"RHsuperior"},"image":{"@id":"https:\/\/rhsuperior.com\/et\/#\/schema\/logo\/image\/"},"sameAs":["https:\/\/www.facebook.com\/p\/RHsuperior-O-100094380819133\/"]}]},"og_availability":"instock","product_availability":"instock","product_condition":"new"},"_links":{"self":[{"href":"https:\/\/rhsuperior.com\/et\/wp-json\/wp\/v2\/product\/1102","targetHints":{"allow":["GET"]}}],"collection":[{"href":"https:\/\/rhsuperior.com\/et\/wp-json\/wp\/v2\/product"}],"about":[{"href":"https:\/\/rhsuperior.com\/et\/wp-json\/wp\/v2\/types\/product"}],"replies":[{"embeddable":true,"href":"https:\/\/rhsuperior.com\/et\/wp-json\/wp\/v2\/comments?post=1102"}],"wp:featuredmedia":[{"embeddable":true,"href":"https:\/\/rhsuperior.com\/et\/wp-json\/wp\/v2\/media\/1021"}],"wp:attachment":[{"href":"https:\/\/rhsuperior.com\/et\/wp-json\/wp\/v2\/media?parent=1102"}],"wp:term":[{"taxonomy":"product_brand","embeddable":true,"href":"https:\/\/rhsuperior.com\/et\/wp-json\/wp\/v2\/product_brand?post=1102"},{"taxonomy":"product_cat","embeddable":true,"href":"https:\/\/rhsuperior.com\/et\/wp-json\/wp\/v2\/product_cat?post=1102"},{"taxonomy":"product_tag","embeddable":true,"href":"https:\/\/rhsuperior.com\/et\/wp-json\/wp\/v2\/product_tag?post=1102"},{"taxonomy":"giftcard-category","embeddable":true,"href":"https:\/\/rhsuperior.com\/et\/wp-json\/wp\/v2\/giftcard-category?post=1102"}],"curies":[{"name":"wp","href":"https:\/\/api.w.org\/{rel}","templated":true}]}}