{"id":1425,"date":"2024-04-15T19:40:59","date_gmt":"2024-04-15T19:40:59","guid":{"rendered":"https:\/\/rhsuperior.com\/?post_type=product&#038;p=1425"},"modified":"2026-02-04T04:33:18","modified_gmt":"2026-02-04T04:33:18","slug":"strongman-never-stop-lifting-t-sark","status":"publish","type":"product","link":"https:\/\/rhsuperior.com\/et\/toode\/strongman-never-stop-lifting-t-sark\/","title":{"rendered":"Strongman Never Stop Lifting T-s\u00e4rk"},"content":{"rendered":"<p data-start=\"279\" data-end=\"523\">The <strong data-start=\"283\" data-end=\"323\">Strongman Never Stop Lifting T-s\u00e4rk<\/strong> on m\u00f5eldud t\u00f5stjatele, kes esindavad j\u00f5udu, distsipliini ja vankumatut m\u00f5tteviisi. Isiklikult disainitud ja tr\u00fckitud legendaarse j\u00f5umehe poolt. <strong data-start=\"459\" data-end=\"475\">Rauno Heinla<\/strong>, see s\u00e4rk \u00fctleb k\u00f5ik - <em data-start=\"502\" data-end=\"523\">\u00c4rge kunagi l\u00f5petage t\u00f5stmist.<\/em><\/p>\n<p data-start=\"525\" data-end=\"845\">See on valmistatud kvaliteetsest 100% eelp\u00f5letatud, ringkeeratud puuvillast (185 g\/m\u00b2), mis pakub hingavat mugavust ja pikaajalist kandmist treeningutel v\u00f5i igap\u00e4evaelus. Esik\u00fcljel on julge vertikaalne <strong data-start=\"715\" data-end=\"749\">STRONGMAN - \u00c4RGE KUNAGI L\u00d5PETAGE T\u00d5STMIST<\/strong> tr\u00fckis, samas kui seljaosa tr\u00fckis ulatub \u00fcle \u00f5lgade, et tuletada maailmale meelde, millest sa tehtud oled.<\/p>\n<p data-start=\"847\" data-end=\"983\">Olenemata sellest, kas valmistud raskeks treeninguks v\u00f5i n\u00e4itad oma j\u00f5udu v\u00e4ljaspool spordisaali, see t-s\u00e4rk t\u00e4histab vastupidavust ja toorest p\u00fchendumist.<\/p>\n<p data-start=\"985\" data-end=\"1002\"><strong data-start=\"985\" data-end=\"1002\">Peamised omadused:<\/strong><\/p>\n<ul data-start=\"1003\" data-end=\"1330\">\n<li data-start=\"1003\" data-end=\"1050\">\n<p data-start=\"1005\" data-end=\"1050\">Materjal: 100% puuvill (eelnevalt kokkut\u00f5mmatud, ringkeeratud).<\/p>\n<\/li>\n<li data-start=\"1051\" data-end=\"1076\">\n<p data-start=\"1053\" data-end=\"1076\">Kanga kaal: 185 g\/m\u00b2<\/p>\n<\/li>\n<li data-start=\"1077\" data-end=\"1124\">\n<p data-start=\"1079\" data-end=\"1124\">Sobib: v\u00f5imaldab liikumisvabadust.<\/p>\n<\/li>\n<li data-start=\"1125\" data-end=\"1229\">\n<p data-start=\"1127\" data-end=\"1134\">Disain:<\/p>\n<ul data-start=\"1137\" data-end=\"1229\">\n<li data-start=\"1137\" data-end=\"1193\">\n<p data-start=\"1139\" data-end=\"1193\">Esiosa: STRONGMAN - NEVER STOP LIFTING\".<\/p>\n<\/li>\n<li data-start=\"1196\" data-end=\"1229\">\n<p data-start=\"1198\" data-end=\"1229\">Selg: Horisontaalne \u00f5lgade tr\u00fckis<\/p>\n<\/li>\n<\/ul>\n<\/li>\n<li data-start=\"1230\" data-end=\"1244\">\n<p data-start=\"1232\" data-end=\"1244\">Suurused: XS-5XL<\/p>\n<\/li>\n<li data-start=\"1245\" data-end=\"1280\">\n<p data-start=\"1247\" data-end=\"1280\">Pesu: Pesumasinas pestav kuni 40\u00b0C<\/p>\n<\/li>\n<li data-start=\"1281\" data-end=\"1330\">\n<p data-start=\"1283\" data-end=\"1330\">Allkiri: Rauno Heinla poolt kujundatud ja tr\u00fckitud: Rauno Heinla<\/p>\n<\/li>\n<\/ul>\n<p data-start=\"1332\" data-end=\"1427\"><strong data-start=\"1332\" data-end=\"1389\">Platvormilt t\u00e4navale - kandke oma tugevust uhkelt.<\/strong><br data-start=\"1389\" data-end=\"1392\" \/><strong data-start=\"1392\" data-end=\"1427\">STRONGMAN - \u00c4rge kunagi l\u00f5petage t\u00f5stmist.<\/strong><\/p>\n<hr data-start=\"1429\" data-end=\"1432\" \/>","protected":false},"excerpt":{"rendered":"<p>The Strongman Never Stop Lifting T-Shirt is made for lifters who represent power, discipline, and an unshakable mindset. Personally designed and printed by legendary strongman Rauno Heinla, this shirt says it all \u2014 Never stop lifting. Built from high-quality 100% pre-shrunk, ring-spun cotton (185 g\/m\u00b2), it offers breathable comfort and long-lasting wear during training or [&hellip;]<\/p>","protected":false},"featured_media":1433,"comment_status":"closed","ping_status":"closed","template":"","meta":{"_acf_changed":false},"product_brand":[],"product_cat":[83,43],"product_tag":[],"giftcard-category":[],"class_list":{"0":"post-1425","1":"product","2":"type-product","3":"status-publish","4":"has-post-thumbnail","6":"product_cat-clothing","7":"product_cat-shirts","9":"first","10":"instock","11":"taxable","12":"shipping-taxable","13":"purchasable","14":"product-type-variable"},"acf":[],"yoast_head":"<!-- This site is optimized with the Yoast SEO Premium plugin v25.3.1 (Yoast SEO v25.4) - https:\/\/yoast.com\/wordpress\/plugins\/seo\/ -->\n<title>Strongman Never Stop Lifting T-Shirt \u2013 Designed by Rauno Heinla<\/title>\n<meta name=\"description\" content=\"Strongman Never Stop Lifting T-Shirt designed by Rauno Heinla. 100% cotton, powerful front &amp; back prints. For athletes who never stop lifting.\" \/>\n<meta name=\"robots\" content=\"index, follow, max-snippet:-1, max-image-preview:large, max-video-preview:-1\" \/>\n<link rel=\"canonical\" href=\"https:\/\/rhsuperior.com\/et\/toode\/strongman-never-stop-lifting-t-sark\/\" \/>\n<meta property=\"og:locale\" content=\"et_EE\" \/>\n<meta property=\"og:type\" content=\"article\" \/>\n<meta property=\"og:title\" content=\"Strongman Never Stop Lifting T-Shirt\" \/>\n<meta property=\"og:description\" content=\"Strongman Never Stop Lifting T-Shirt designed by Rauno Heinla. 100% cotton, powerful front &amp; back prints. For athletes who never stop lifting.\" \/>\n<meta property=\"og:url\" content=\"https:\/\/rhsuperior.com\/et\/toode\/strongman-never-stop-lifting-t-sark\/\" \/>\n<meta property=\"og:site_name\" content=\"RHsuperior\" \/>\n<meta property=\"article:publisher\" content=\"https:\/\/www.facebook.com\/p\/RHsuperior-O-100094380819133\/\" \/>\n<meta property=\"article:modified_time\" content=\"2026-02-04T04:33:18+00:00\" \/>\n<meta property=\"og:image\" content=\"https:\/\/rhsuperior.com\/wp-content\/uploads\/2024\/04\/6BEF7F86-9FBA-4C85-967D-0CEB6FC21BFC.jpeg\" \/>\n\t<meta property=\"og:image:width\" content=\"1179\" \/>\n\t<meta property=\"og:image:height\" content=\"1168\" \/>\n\t<meta property=\"og:image:type\" content=\"image\/jpeg\" \/>\n<meta name=\"twitter:card\" content=\"summary_large_image\" \/>\n<meta name=\"twitter:label1\" content=\"Availability\" \/>\n\t<meta name=\"twitter:data1\" content=\"In stock\" \/>\n<script type=\"application\/ld+json\" class=\"yoast-schema-graph\">{\"@context\":\"https:\/\/schema.org\",\"@graph\":[{\"@type\":[\"WebPage\",\"ItemPage\"],\"@id\":\"https:\/\/rhsuperior.com\/et\/toode\/strongman-never-stop-lifting-t-sark\/\",\"url\":\"https:\/\/rhsuperior.com\/et\/toode\/strongman-never-stop-lifting-t-sark\/\",\"name\":\"Strongman Never Stop Lifting T-Shirt \u2013 Designed by Rauno Heinla\",\"isPartOf\":{\"@id\":\"https:\/\/rhsuperior.com\/et\/#website\"},\"primaryImageOfPage\":{\"@id\":\"https:\/\/rhsuperior.com\/et\/toode\/strongman-never-stop-lifting-t-sark\/#primaryimage\"},\"image\":{\"@id\":\"https:\/\/rhsuperior.com\/et\/toode\/strongman-never-stop-lifting-t-sark\/#primaryimage\"},\"thumbnailUrl\":\"https:\/\/rhsuperior.com\/wp-content\/uploads\/2024\/04\/6BEF7F86-9FBA-4C85-967D-0CEB6FC21BFC.jpeg\",\"datePublished\":\"2024-04-15T19:40:59+00:00\",\"dateModified\":\"2026-02-04T04:33:18+00:00\",\"description\":\"Strongman Never Stop Lifting T-Shirt designed by Rauno Heinla. 100% cotton, powerful front & back prints. For athletes who never stop lifting.\",\"breadcrumb\":{\"@id\":\"https:\/\/rhsuperior.com\/et\/toode\/strongman-never-stop-lifting-t-sark\/#breadcrumb\"},\"inLanguage\":\"et\",\"potentialAction\":[{\"@type\":\"ReadAction\",\"target\":[\"https:\/\/rhsuperior.com\/et\/toode\/strongman-never-stop-lifting-t-sark\/\"]}]},{\"@type\":\"ImageObject\",\"inLanguage\":\"et\",\"@id\":\"https:\/\/rhsuperior.com\/et\/toode\/strongman-never-stop-lifting-t-sark\/#primaryimage\",\"url\":\"https:\/\/rhsuperior.com\/wp-content\/uploads\/2024\/04\/6BEF7F86-9FBA-4C85-967D-0CEB6FC21BFC.jpeg\",\"contentUrl\":\"https:\/\/rhsuperior.com\/wp-content\/uploads\/2024\/04\/6BEF7F86-9FBA-4C85-967D-0CEB6FC21BFC.jpeg\",\"width\":1179,\"height\":1168,\"caption\":\"Strongman Never Stop Lifting T-Shirt\"},{\"@type\":\"BreadcrumbList\",\"@id\":\"https:\/\/rhsuperior.com\/et\/toode\/strongman-never-stop-lifting-t-sark\/#breadcrumb\",\"itemListElement\":[{\"@type\":\"ListItem\",\"position\":1,\"name\":\"Home\",\"item\":\"https:\/\/rhsuperior.com\/et\/\"},{\"@type\":\"ListItem\",\"position\":2,\"name\":\"Shop\",\"item\":\"https:\/\/rhsuperior.com\/shop\/\"},{\"@type\":\"ListItem\",\"position\":3,\"name\":\"Strongman Never Stop Lifting T-Shirt\"}]},{\"@type\":\"WebSite\",\"@id\":\"https:\/\/rhsuperior.com\/et\/#website\",\"url\":\"https:\/\/rhsuperior.com\/et\/\",\"name\":\"RHsuperior\",\"description\":\"\",\"publisher\":{\"@id\":\"https:\/\/rhsuperior.com\/et\/#organization\"},\"potentialAction\":[{\"@type\":\"SearchAction\",\"target\":{\"@type\":\"EntryPoint\",\"urlTemplate\":\"https:\/\/rhsuperior.com\/et\/?s={search_term_string}\"},\"query-input\":{\"@type\":\"PropertyValueSpecification\",\"valueRequired\":true,\"valueName\":\"search_term_string\"}}],\"inLanguage\":\"et\"},{\"@type\":\"Organization\",\"@id\":\"https:\/\/rhsuperior.com\/et\/#organization\",\"name\":\"RHsuperior\",\"url\":\"https:\/\/rhsuperior.com\/et\/\",\"logo\":{\"@type\":\"ImageObject\",\"inLanguage\":\"et\",\"@id\":\"https:\/\/rhsuperior.com\/et\/#\/schema\/logo\/image\/\",\"url\":\"https:\/\/rhsuperior.com\/wp-content\/uploads\/2024\/03\/cropped-MUSTA-LOGO-1-e1718311252742.png\",\"contentUrl\":\"https:\/\/rhsuperior.com\/wp-content\/uploads\/2024\/03\/cropped-MUSTA-LOGO-1-e1718311252742.png\",\"width\":981,\"height\":689,\"caption\":\"RHsuperior\"},\"image\":{\"@id\":\"https:\/\/rhsuperior.com\/et\/#\/schema\/logo\/image\/\"},\"sameAs\":[\"https:\/\/www.facebook.com\/p\/RHsuperior-O-100094380819133\/\"]}]}<\/script>\n<meta property=\"og:availability\" content=\"instock\" \/>\n<meta property=\"product:availability\" content=\"instock\" \/>\n<meta property=\"product:condition\" content=\"new\" \/>\n<!-- \/ Yoast SEO Premium plugin. -->","yoast_head_json":{"title":"Strongman Never Stop Lifting T-s\u00e4rk - kujundanud Rauno Heinla","description":"Strongman Never Stop Lifting T-s\u00e4rk, mille on kujundanud Rauno Heinla. 100% puuvillane, v\u00f5imas esi- ja tagak\u00fclje tr\u00fckkimine. Sportlastele, kes ei l\u00f5peta kunagi t\u00f5stmist.","robots":{"index":"index","follow":"follow","max-snippet":"max-snippet:-1","max-image-preview":"max-image-preview:large","max-video-preview":"max-video-preview:-1"},"canonical":"https:\/\/rhsuperior.com\/et\/toode\/strongman-never-stop-lifting-t-sark\/","og_locale":"et_EE","og_type":"article","og_title":"Strongman Never Stop Lifting T-Shirt","og_description":"Strongman Never Stop Lifting T-Shirt designed by Rauno Heinla. 100% cotton, powerful front & back prints. For athletes who never stop lifting.","og_url":"https:\/\/rhsuperior.com\/et\/toode\/strongman-never-stop-lifting-t-sark\/","og_site_name":"RHsuperior","article_publisher":"https:\/\/www.facebook.com\/p\/RHsuperior-O-100094380819133\/","article_modified_time":"2026-02-04T04:33:18+00:00","og_image":[{"width":1179,"height":1168,"url":"https:\/\/rhsuperior.com\/wp-content\/uploads\/2024\/04\/6BEF7F86-9FBA-4C85-967D-0CEB6FC21BFC.jpeg","type":"image\/jpeg"}],"twitter_card":"summary_large_image","twitter_misc":{"Availability":"In stock"},"schema":{"@context":"https:\/\/schema.org","@graph":[{"@type":["WebPage","ItemPage"],"@id":"https:\/\/rhsuperior.com\/et\/toode\/strongman-never-stop-lifting-t-sark\/","url":"https:\/\/rhsuperior.com\/et\/toode\/strongman-never-stop-lifting-t-sark\/","name":"Strongman Never Stop Lifting T-s\u00e4rk - kujundanud Rauno Heinla","isPartOf":{"@id":"https:\/\/rhsuperior.com\/et\/#website"},"primaryImageOfPage":{"@id":"https:\/\/rhsuperior.com\/et\/toode\/strongman-never-stop-lifting-t-sark\/#primaryimage"},"image":{"@id":"https:\/\/rhsuperior.com\/et\/toode\/strongman-never-stop-lifting-t-sark\/#primaryimage"},"thumbnailUrl":"https:\/\/rhsuperior.com\/wp-content\/uploads\/2024\/04\/6BEF7F86-9FBA-4C85-967D-0CEB6FC21BFC.jpeg","datePublished":"2024-04-15T19:40:59+00:00","dateModified":"2026-02-04T04:33:18+00:00","description":"Strongman Never Stop Lifting T-s\u00e4rk, mille on kujundanud Rauno Heinla. 100% puuvillane, v\u00f5imas esi- ja tagak\u00fclje tr\u00fckkimine. Sportlastele, kes ei l\u00f5peta kunagi t\u00f5stmist.","breadcrumb":{"@id":"https:\/\/rhsuperior.com\/et\/toode\/strongman-never-stop-lifting-t-sark\/#breadcrumb"},"inLanguage":"et","potentialAction":[{"@type":"ReadAction","target":["https:\/\/rhsuperior.com\/et\/toode\/strongman-never-stop-lifting-t-sark\/"]}]},{"@type":"ImageObject","inLanguage":"et","@id":"https:\/\/rhsuperior.com\/et\/toode\/strongman-never-stop-lifting-t-sark\/#primaryimage","url":"https:\/\/rhsuperior.com\/wp-content\/uploads\/2024\/04\/6BEF7F86-9FBA-4C85-967D-0CEB6FC21BFC.jpeg","contentUrl":"https:\/\/rhsuperior.com\/wp-content\/uploads\/2024\/04\/6BEF7F86-9FBA-4C85-967D-0CEB6FC21BFC.jpeg","width":1179,"height":1168,"caption":"Strongman Never Stop Lifting T-Shirt"},{"@type":"BreadcrumbList","@id":"https:\/\/rhsuperior.com\/et\/toode\/strongman-never-stop-lifting-t-sark\/#breadcrumb","itemListElement":[{"@type":"ListItem","position":1,"name":"Home","item":"https:\/\/rhsuperior.com\/et\/"},{"@type":"ListItem","position":2,"name":"Shop","item":"https:\/\/rhsuperior.com\/shop\/"},{"@type":"ListItem","position":3,"name":"Strongman Never Stop Lifting T-Shirt"}]},{"@type":"WebSite","@id":"https:\/\/rhsuperior.com\/et\/#website","url":"https:\/\/rhsuperior.com\/et\/","name":"RHsuperior","description":"","publisher":{"@id":"https:\/\/rhsuperior.com\/et\/#organization"},"potentialAction":[{"@type":"SearchAction","target":{"@type":"EntryPoint","urlTemplate":"https:\/\/rhsuperior.com\/et\/?s={search_term_string}"},"query-input":{"@type":"PropertyValueSpecification","valueRequired":true,"valueName":"search_term_string"}}],"inLanguage":"et"},{"@type":"Organization","@id":"https:\/\/rhsuperior.com\/et\/#organization","name":"RHsuperior","url":"https:\/\/rhsuperior.com\/et\/","logo":{"@type":"ImageObject","inLanguage":"et","@id":"https:\/\/rhsuperior.com\/et\/#\/schema\/logo\/image\/","url":"https:\/\/rhsuperior.com\/wp-content\/uploads\/2024\/03\/cropped-MUSTA-LOGO-1-e1718311252742.png","contentUrl":"https:\/\/rhsuperior.com\/wp-content\/uploads\/2024\/03\/cropped-MUSTA-LOGO-1-e1718311252742.png","width":981,"height":689,"caption":"RHsuperior"},"image":{"@id":"https:\/\/rhsuperior.com\/et\/#\/schema\/logo\/image\/"},"sameAs":["https:\/\/www.facebook.com\/p\/RHsuperior-O-100094380819133\/"]}]},"og_availability":"instock","product_availability":"instock","product_condition":"new"},"_links":{"self":[{"href":"https:\/\/rhsuperior.com\/et\/wp-json\/wp\/v2\/product\/1425","targetHints":{"allow":["GET"]}}],"collection":[{"href":"https:\/\/rhsuperior.com\/et\/wp-json\/wp\/v2\/product"}],"about":[{"href":"https:\/\/rhsuperior.com\/et\/wp-json\/wp\/v2\/types\/product"}],"replies":[{"embeddable":true,"href":"https:\/\/rhsuperior.com\/et\/wp-json\/wp\/v2\/comments?post=1425"}],"wp:featuredmedia":[{"embeddable":true,"href":"https:\/\/rhsuperior.com\/et\/wp-json\/wp\/v2\/media\/1433"}],"wp:attachment":[{"href":"https:\/\/rhsuperior.com\/et\/wp-json\/wp\/v2\/media?parent=1425"}],"wp:term":[{"taxonomy":"product_brand","embeddable":true,"href":"https:\/\/rhsuperior.com\/et\/wp-json\/wp\/v2\/product_brand?post=1425"},{"taxonomy":"product_cat","embeddable":true,"href":"https:\/\/rhsuperior.com\/et\/wp-json\/wp\/v2\/product_cat?post=1425"},{"taxonomy":"product_tag","embeddable":true,"href":"https:\/\/rhsuperior.com\/et\/wp-json\/wp\/v2\/product_tag?post=1425"},{"taxonomy":"giftcard-category","embeddable":true,"href":"https:\/\/rhsuperior.com\/et\/wp-json\/wp\/v2\/giftcard-category?post=1425"}],"curies":[{"name":"wp","href":"https:\/\/api.w.org\/{rel}","templated":true}]}}