{"id":1442,"date":"2024-04-15T19:55:24","date_gmt":"2024-04-15T19:55:24","guid":{"rendered":"https:\/\/rhsuperior.com\/?post_type=product&#038;p=1442"},"modified":"2025-07-06T23:26:35","modified_gmt":"2025-07-06T23:26:35","slug":"powerlifter-never-stop-lifting-t-sark","status":"publish","type":"product","link":"https:\/\/rhsuperior.com\/et\/toode\/powerlifter-never-stop-lifting-t-sark\/","title":{"rendered":"Powerlifter Never Stop Lifting T-s\u00e4rk"},"content":{"rendered":"<h3 data-start=\"231\" data-end=\"519\">The <em data-start=\"261\" data-end=\"301\">Powerlifter Never Stop Lifting T-s\u00e4rk<\/em> on m\u00f5eldud t\u00f5stjatele, kes elavad ja hingavad rauaga. See s\u00e4rk, mille on isiklikult kujundanud ja tr\u00fckkinud eliitj\u00f5ustiklane Rauno Heinla, edastab v\u00f5imsa s\u00f5numi - t\u00f5stmine ei ole lihtsalt treening, see on elukestev kohustus.<\/h3>\n<p data-start=\"521\" data-end=\"813\">S\u00e4rk on valmistatud 100% eelp\u00f5letatud, ringkeeratud puuvillast (185 g\/m\u00b2), mis pakub pehmet vastupidavust ja mugavat istuvust, mis toetab sind igal treeningul, alates soojendussarjadest kuni PR-katseteni. Julge vertikaalne esiprint ja \u00fclisuur seljakujundus n\u00e4itavad sinu p\u00fchendumust nii j\u00f5usaalis kui ka v\u00e4ljaspool seda.<\/p>\n<p data-start=\"815\" data-end=\"938\">Olenemata sellest, kas te treenite, treenite v\u00f5i esindate tugevat elustiili, see t-s\u00e4rk tuletab k\u00f5igile meelde: <em data-start=\"917\" data-end=\"937\">\u00c4rge kunagi l\u00f5petage t\u00f5stmist<\/em>.<\/p>\n<p data-start=\"940\" data-end=\"957\"><strong data-start=\"940\" data-end=\"957\">Peamised omadused:<\/strong><\/p>\n<ul data-start=\"959\" data-end=\"1273\">\n<li data-start=\"959\" data-end=\"1020\">\n<p data-start=\"961\" data-end=\"1020\">Materjal: 100% eelsurutud, ringkeermestatud puuvillast (\u00fchekordne trikotaa\u017e).<\/p>\n<\/li>\n<li data-start=\"1021\" data-end=\"1046\">\n<p data-start=\"1023\" data-end=\"1046\">Kanga kaal: 185 g\/m\u00b2<\/p>\n<\/li>\n<li data-start=\"1047\" data-end=\"1083\">\n<p data-start=\"1049\" data-end=\"1083\">Sobib: Liigutusvabadus: Tavaline sobivus - liikumisvabadus<\/p>\n<\/li>\n<li data-start=\"1084\" data-end=\"1204\">\n<p data-start=\"1086\" data-end=\"1093\">Disain:<\/p>\n<ul data-start=\"1096\" data-end=\"1204\">\n<li data-start=\"1096\" data-end=\"1148\">\n<p data-start=\"1098\" data-end=\"1148\">Ees: POWERLIFTER - NEVER STOP LIFTING\".<\/p>\n<\/li>\n<li data-start=\"1151\" data-end=\"1204\">\n<p data-start=\"1153\" data-end=\"1204\">Tagasi: Suur rasvane \"POWERLIFTER - NEVER STOP LIFTING\"<\/p>\n<\/li>\n<\/ul>\n<\/li>\n<li data-start=\"1205\" data-end=\"1234\">\n<p data-start=\"1207\" data-end=\"1234\">Masinpesu kuni 40\u00b0C<\/p>\n<\/li>\n<li data-start=\"1235\" data-end=\"1273\">\n<p data-start=\"1237\" data-end=\"1273\">Kujundanud ja tr\u00fckkinud Rauno Heinla<\/p>\n<\/li>\n<\/ul>\n<p data-start=\"1275\" data-end=\"1350\"><strong data-start=\"1275\" data-end=\"1350\">Kandke oma distsipliini. Ela moto. Powerlifter - \u00e4rge kunagi l\u00f5petage t\u00f5stmist.<\/strong><\/p>","protected":false},"excerpt":{"rendered":"<p>Powerlifter Never Stop Lifting T-s\u00e4rk - Rauno Heinla poolt kujundatud ja tr\u00fckitud julge avaldus tugevusest. Esmaklassiline puuvill, ikooniline tr\u00fckis, valmistatud t\u00f5elistele t\u00f5stjatele.<\/p>","protected":false},"featured_media":1431,"comment_status":"closed","ping_status":"closed","template":"","meta":{"_acf_changed":false},"product_brand":[],"product_cat":[83,43],"product_tag":[],"giftcard-category":[],"class_list":{"0":"post-1442","1":"product","2":"type-product","3":"status-publish","4":"has-post-thumbnail","6":"product_cat-clothing","7":"product_cat-shirts","9":"first","10":"instock","11":"taxable","12":"shipping-taxable","13":"purchasable","14":"product-type-variable"},"acf":[],"yoast_head":"<!-- This site is optimized with the Yoast SEO Premium plugin v25.3.1 (Yoast SEO v25.4) - https:\/\/yoast.com\/wordpress\/plugins\/seo\/ -->\n<title>Powerlifter Never Stop Lifting T-Shirt \u2013 Designed by Rauno Heinla<\/title>\n<meta name=\"description\" content=\"Powerlifter Never Stop Lifting T-Shirt by Rauno Heinla. 100% cotton, bold front &amp; back prints, perfect fit for training or casual wear. Never stop lifting.\" \/>\n<meta name=\"robots\" content=\"index, follow, max-snippet:-1, max-image-preview:large, max-video-preview:-1\" \/>\n<link rel=\"canonical\" href=\"https:\/\/rhsuperior.com\/et\/toode\/powerlifter-never-stop-lifting-t-sark\/\" \/>\n<meta property=\"og:locale\" content=\"et_EE\" \/>\n<meta property=\"og:type\" content=\"article\" \/>\n<meta property=\"og:title\" content=\"Powerlifter Never Stop Lifting T-shirt\" \/>\n<meta property=\"og:description\" content=\"Powerlifter Never Stop Lifting T-Shirt by Rauno Heinla. 100% cotton, bold front &amp; back prints, perfect fit for training or casual wear. Never stop lifting.\" \/>\n<meta property=\"og:url\" content=\"https:\/\/rhsuperior.com\/et\/toode\/powerlifter-never-stop-lifting-t-sark\/\" \/>\n<meta property=\"og:site_name\" content=\"RHsuperior\" \/>\n<meta property=\"article:publisher\" content=\"https:\/\/www.facebook.com\/p\/RHsuperior-O-100094380819133\/\" \/>\n<meta property=\"article:modified_time\" content=\"2025-07-06T23:26:35+00:00\" \/>\n<meta property=\"og:image\" content=\"https:\/\/rhsuperior.com\/wp-content\/uploads\/2024\/04\/090F6A25-6D2E-4F8C-B01F-4144DF0856B1.jpeg\" \/>\n\t<meta property=\"og:image:width\" content=\"1179\" \/>\n\t<meta property=\"og:image:height\" content=\"1168\" \/>\n\t<meta property=\"og:image:type\" content=\"image\/jpeg\" \/>\n<meta name=\"twitter:card\" content=\"summary_large_image\" \/>\n<meta name=\"twitter:label1\" content=\"Availability\" \/>\n\t<meta name=\"twitter:data1\" content=\"In stock\" \/>\n<script type=\"application\/ld+json\" class=\"yoast-schema-graph\">{\"@context\":\"https:\/\/schema.org\",\"@graph\":[{\"@type\":[\"WebPage\",\"ItemPage\"],\"@id\":\"https:\/\/rhsuperior.com\/product\/powerlifter-never-stop-lifting-t-shirt\/\",\"url\":\"https:\/\/rhsuperior.com\/product\/powerlifter-never-stop-lifting-t-shirt\/\",\"name\":\"Powerlifter Never Stop Lifting T-Shirt \u2013 Designed by Rauno Heinla\",\"isPartOf\":{\"@id\":\"https:\/\/rhsuperior.com\/et\/#website\"},\"primaryImageOfPage\":{\"@id\":\"https:\/\/rhsuperior.com\/product\/powerlifter-never-stop-lifting-t-shirt\/#primaryimage\"},\"image\":{\"@id\":\"https:\/\/rhsuperior.com\/product\/powerlifter-never-stop-lifting-t-shirt\/#primaryimage\"},\"thumbnailUrl\":\"https:\/\/rhsuperior.com\/wp-content\/uploads\/2024\/04\/090F6A25-6D2E-4F8C-B01F-4144DF0856B1.jpeg\",\"datePublished\":\"2024-04-15T19:55:24+00:00\",\"dateModified\":\"2025-07-06T23:26:35+00:00\",\"description\":\"Powerlifter Never Stop Lifting T-Shirt by Rauno Heinla. 100% cotton, bold front & back prints, perfect fit for training or casual wear. Never stop lifting.\",\"breadcrumb\":{\"@id\":\"https:\/\/rhsuperior.com\/product\/powerlifter-never-stop-lifting-t-shirt\/#breadcrumb\"},\"inLanguage\":\"et\",\"potentialAction\":[{\"@type\":\"ReadAction\",\"target\":[\"https:\/\/rhsuperior.com\/product\/powerlifter-never-stop-lifting-t-shirt\/\"]}]},{\"@type\":\"ImageObject\",\"inLanguage\":\"et\",\"@id\":\"https:\/\/rhsuperior.com\/product\/powerlifter-never-stop-lifting-t-shirt\/#primaryimage\",\"url\":\"https:\/\/rhsuperior.com\/wp-content\/uploads\/2024\/04\/090F6A25-6D2E-4F8C-B01F-4144DF0856B1.jpeg\",\"contentUrl\":\"https:\/\/rhsuperior.com\/wp-content\/uploads\/2024\/04\/090F6A25-6D2E-4F8C-B01F-4144DF0856B1.jpeg\",\"width\":1179,\"height\":1168},{\"@type\":\"BreadcrumbList\",\"@id\":\"https:\/\/rhsuperior.com\/product\/powerlifter-never-stop-lifting-t-shirt\/#breadcrumb\",\"itemListElement\":[{\"@type\":\"ListItem\",\"position\":1,\"name\":\"Home\",\"item\":\"https:\/\/rhsuperior.com\/et\/\"},{\"@type\":\"ListItem\",\"position\":2,\"name\":\"Shop\",\"item\":\"https:\/\/rhsuperior.com\/shop\/\"},{\"@type\":\"ListItem\",\"position\":3,\"name\":\"Powerlifter Never Stop Lifting T-shirt\"}]},{\"@type\":\"WebSite\",\"@id\":\"https:\/\/rhsuperior.com\/et\/#website\",\"url\":\"https:\/\/rhsuperior.com\/et\/\",\"name\":\"RHsuperior\",\"description\":\"\",\"publisher\":{\"@id\":\"https:\/\/rhsuperior.com\/et\/#organization\"},\"potentialAction\":[{\"@type\":\"SearchAction\",\"target\":{\"@type\":\"EntryPoint\",\"urlTemplate\":\"https:\/\/rhsuperior.com\/et\/?s={search_term_string}\"},\"query-input\":{\"@type\":\"PropertyValueSpecification\",\"valueRequired\":true,\"valueName\":\"search_term_string\"}}],\"inLanguage\":\"et\"},{\"@type\":\"Organization\",\"@id\":\"https:\/\/rhsuperior.com\/et\/#organization\",\"name\":\"RHsuperior\",\"url\":\"https:\/\/rhsuperior.com\/et\/\",\"logo\":{\"@type\":\"ImageObject\",\"inLanguage\":\"et\",\"@id\":\"https:\/\/rhsuperior.com\/et\/#\/schema\/logo\/image\/\",\"url\":\"https:\/\/rhsuperior.com\/wp-content\/uploads\/2024\/03\/cropped-MUSTA-LOGO-1-e1718311252742.png\",\"contentUrl\":\"https:\/\/rhsuperior.com\/wp-content\/uploads\/2024\/03\/cropped-MUSTA-LOGO-1-e1718311252742.png\",\"width\":981,\"height\":689,\"caption\":\"RHsuperior\"},\"image\":{\"@id\":\"https:\/\/rhsuperior.com\/et\/#\/schema\/logo\/image\/\"},\"sameAs\":[\"https:\/\/www.facebook.com\/p\/RHsuperior-O-100094380819133\/\"]}]}<\/script>\n<meta property=\"og:availability\" content=\"instock\" \/>\n<meta property=\"product:availability\" content=\"instock\" \/>\n<meta property=\"product:condition\" content=\"new\" \/>\n<!-- \/ Yoast SEO Premium plugin. -->","yoast_head_json":{"title":"Powerlifter Never Stop Lifting T-s\u00e4rk - kujundanud Rauno Heinla","description":"Powerlifter Never Stop Lifting T-s\u00e4rk Rauno Heinla poolt. 100% puuvillane, julge esi- ja seljatagune tr\u00fckis, sobib ideaalselt treeninguks v\u00f5i vabaaja kandmiseks. \u00c4ra kunagi l\u00f5peta t\u00f5stmist.","robots":{"index":"index","follow":"follow","max-snippet":"max-snippet:-1","max-image-preview":"max-image-preview:large","max-video-preview":"max-video-preview:-1"},"canonical":"https:\/\/rhsuperior.com\/et\/toode\/powerlifter-never-stop-lifting-t-sark\/","og_locale":"et_EE","og_type":"article","og_title":"Powerlifter Never Stop Lifting T-shirt","og_description":"Powerlifter Never Stop Lifting T-Shirt by Rauno Heinla. 100% cotton, bold front & back prints, perfect fit for training or casual wear. Never stop lifting.","og_url":"https:\/\/rhsuperior.com\/et\/toode\/powerlifter-never-stop-lifting-t-sark\/","og_site_name":"RHsuperior","article_publisher":"https:\/\/www.facebook.com\/p\/RHsuperior-O-100094380819133\/","article_modified_time":"2025-07-06T23:26:35+00:00","og_image":[{"width":1179,"height":1168,"url":"https:\/\/rhsuperior.com\/wp-content\/uploads\/2024\/04\/090F6A25-6D2E-4F8C-B01F-4144DF0856B1.jpeg","type":"image\/jpeg"}],"twitter_card":"summary_large_image","twitter_misc":{"Availability":"In stock"},"schema":{"@context":"https:\/\/schema.org","@graph":[{"@type":["WebPage","ItemPage"],"@id":"https:\/\/rhsuperior.com\/product\/powerlifter-never-stop-lifting-t-shirt\/","url":"https:\/\/rhsuperior.com\/product\/powerlifter-never-stop-lifting-t-shirt\/","name":"Powerlifter Never Stop Lifting T-s\u00e4rk - kujundanud Rauno Heinla","isPartOf":{"@id":"https:\/\/rhsuperior.com\/et\/#website"},"primaryImageOfPage":{"@id":"https:\/\/rhsuperior.com\/product\/powerlifter-never-stop-lifting-t-shirt\/#primaryimage"},"image":{"@id":"https:\/\/rhsuperior.com\/product\/powerlifter-never-stop-lifting-t-shirt\/#primaryimage"},"thumbnailUrl":"https:\/\/rhsuperior.com\/wp-content\/uploads\/2024\/04\/090F6A25-6D2E-4F8C-B01F-4144DF0856B1.jpeg","datePublished":"2024-04-15T19:55:24+00:00","dateModified":"2025-07-06T23:26:35+00:00","description":"Powerlifter Never Stop Lifting T-s\u00e4rk Rauno Heinla poolt. 100% puuvillane, julge esi- ja seljatagune tr\u00fckis, sobib ideaalselt treeninguks v\u00f5i vabaaja kandmiseks. \u00c4ra kunagi l\u00f5peta t\u00f5stmist.","breadcrumb":{"@id":"https:\/\/rhsuperior.com\/product\/powerlifter-never-stop-lifting-t-shirt\/#breadcrumb"},"inLanguage":"et","potentialAction":[{"@type":"ReadAction","target":["https:\/\/rhsuperior.com\/product\/powerlifter-never-stop-lifting-t-shirt\/"]}]},{"@type":"ImageObject","inLanguage":"et","@id":"https:\/\/rhsuperior.com\/product\/powerlifter-never-stop-lifting-t-shirt\/#primaryimage","url":"https:\/\/rhsuperior.com\/wp-content\/uploads\/2024\/04\/090F6A25-6D2E-4F8C-B01F-4144DF0856B1.jpeg","contentUrl":"https:\/\/rhsuperior.com\/wp-content\/uploads\/2024\/04\/090F6A25-6D2E-4F8C-B01F-4144DF0856B1.jpeg","width":1179,"height":1168},{"@type":"BreadcrumbList","@id":"https:\/\/rhsuperior.com\/product\/powerlifter-never-stop-lifting-t-shirt\/#breadcrumb","itemListElement":[{"@type":"ListItem","position":1,"name":"Home","item":"https:\/\/rhsuperior.com\/et\/"},{"@type":"ListItem","position":2,"name":"Shop","item":"https:\/\/rhsuperior.com\/shop\/"},{"@type":"ListItem","position":3,"name":"Powerlifter Never Stop Lifting T-shirt"}]},{"@type":"WebSite","@id":"https:\/\/rhsuperior.com\/et\/#website","url":"https:\/\/rhsuperior.com\/et\/","name":"RHsuperior","description":"","publisher":{"@id":"https:\/\/rhsuperior.com\/et\/#organization"},"potentialAction":[{"@type":"SearchAction","target":{"@type":"EntryPoint","urlTemplate":"https:\/\/rhsuperior.com\/et\/?s={search_term_string}"},"query-input":{"@type":"PropertyValueSpecification","valueRequired":true,"valueName":"search_term_string"}}],"inLanguage":"et"},{"@type":"Organization","@id":"https:\/\/rhsuperior.com\/et\/#organization","name":"RHsuperior","url":"https:\/\/rhsuperior.com\/et\/","logo":{"@type":"ImageObject","inLanguage":"et","@id":"https:\/\/rhsuperior.com\/et\/#\/schema\/logo\/image\/","url":"https:\/\/rhsuperior.com\/wp-content\/uploads\/2024\/03\/cropped-MUSTA-LOGO-1-e1718311252742.png","contentUrl":"https:\/\/rhsuperior.com\/wp-content\/uploads\/2024\/03\/cropped-MUSTA-LOGO-1-e1718311252742.png","width":981,"height":689,"caption":"RHsuperior"},"image":{"@id":"https:\/\/rhsuperior.com\/et\/#\/schema\/logo\/image\/"},"sameAs":["https:\/\/www.facebook.com\/p\/RHsuperior-O-100094380819133\/"]}]},"og_availability":"instock","product_availability":"instock","product_condition":"new"},"_links":{"self":[{"href":"https:\/\/rhsuperior.com\/et\/wp-json\/wp\/v2\/product\/1442","targetHints":{"allow":["GET"]}}],"collection":[{"href":"https:\/\/rhsuperior.com\/et\/wp-json\/wp\/v2\/product"}],"about":[{"href":"https:\/\/rhsuperior.com\/et\/wp-json\/wp\/v2\/types\/product"}],"replies":[{"embeddable":true,"href":"https:\/\/rhsuperior.com\/et\/wp-json\/wp\/v2\/comments?post=1442"}],"wp:featuredmedia":[{"embeddable":true,"href":"https:\/\/rhsuperior.com\/et\/wp-json\/wp\/v2\/media\/1431"}],"wp:attachment":[{"href":"https:\/\/rhsuperior.com\/et\/wp-json\/wp\/v2\/media?parent=1442"}],"wp:term":[{"taxonomy":"product_brand","embeddable":true,"href":"https:\/\/rhsuperior.com\/et\/wp-json\/wp\/v2\/product_brand?post=1442"},{"taxonomy":"product_cat","embeddable":true,"href":"https:\/\/rhsuperior.com\/et\/wp-json\/wp\/v2\/product_cat?post=1442"},{"taxonomy":"product_tag","embeddable":true,"href":"https:\/\/rhsuperior.com\/et\/wp-json\/wp\/v2\/product_tag?post=1442"},{"taxonomy":"giftcard-category","embeddable":true,"href":"https:\/\/rhsuperior.com\/et\/wp-json\/wp\/v2\/giftcard-category?post=1442"}],"curies":[{"name":"wp","href":"https:\/\/api.w.org\/{rel}","templated":true}]}}