{"id":1460,"date":"2024-04-15T20:34:20","date_gmt":"2024-04-15T20:34:20","guid":{"rendered":"https:\/\/rhsuperior.com\/?post_type=product&#038;p=1460"},"modified":"2025-10-11T16:14:05","modified_gmt":"2025-10-11T16:14:05","slug":"strongman-tomblukuga-kapuuts","status":"publish","type":"product","link":"https:\/\/rhsuperior.com\/et\/toode\/strongman-tomblukuga-kapuuts\/","title":{"rendered":"Strongman lukuga pusa \u2013 RHsuperior Signature"},"content":{"rendered":"<p data-start=\"215\" data-end=\"282\"><strong data-start=\"215\" data-end=\"282\">Strongman Zipper Hoodie - tugevus, stiil ja mugavus kombineeritult<\/strong><\/p>\n<p data-start=\"284\" data-end=\"593\">Strongman Zipper Hoodie on loodud t\u00f5stjatele, kes elavad sihikindlalt, ning selle on kujundanud ja tr\u00fckkinud maailmaklassi j\u00f5umees Rauno Heinla isiklikult. Kas taastute p\u00e4rast raskeid t\u00f5mblusi, panete end enne treeningut riietuma v\u00f5i esindate oma m\u00f5tteviisi t\u00e4naval, see kapuuts pakub v\u00f5rratut kvaliteeti ja identiteeti.<\/p>\n<p data-start=\"595\" data-end=\"920\">See on valmistatud k\u00f5rgekvaliteedilisest 300 g\/m\u00b2 kangast (65% puuvill, 35% pol\u00fcester), mis pakub soojust, hingavust ja vastupidavust. Sportlik istuvus toetab aktiivset liikumist, samas kui pehme harjatud sisemus hoiab teid mugavana. T\u00e4ispikk esilukuga t\u00f5mblukk ja julge RHsuperior logo, see kapuuts on loodud selleks, et teha t\u00f6\u00f6d - t\u00e4pselt nagu sina.<\/p>\n<h4 data-start=\"922\" data-end=\"944\"><strong data-start=\"927\" data-end=\"943\">Peamised omadused<\/strong>:<\/h4>\n<ul data-start=\"945\" data-end=\"1316\">\n<li data-start=\"945\" data-end=\"988\">\n<p data-start=\"947\" data-end=\"988\"><strong data-start=\"947\" data-end=\"959\">Materjal<\/strong>: 65% puuvill, 35% pol\u00fcester<\/p>\n<\/li>\n<li data-start=\"989\" data-end=\"1043\">\n<p data-start=\"991\" data-end=\"1043\"><strong data-start=\"991\" data-end=\"1008\">Kanga kaal<\/strong>: 300 g\/m\u00b2 premium harjatud fliis<\/p>\n<\/li>\n<li data-start=\"1044\" data-end=\"1079\">\n<p data-start=\"1046\" data-end=\"1079\"><strong data-start=\"1046\" data-end=\"1057\">Sulgemine<\/strong>: T\u00e4ispikkuses t\u00f5mblukk<\/p>\n<\/li>\n<li data-start=\"1080\" data-end=\"1126\">\n<p data-start=\"1082\" data-end=\"1126\"><strong data-start=\"1082\" data-end=\"1089\">Fit<\/strong>: Sportlik, mugav, unisex l\u00f5ige<\/p>\n<\/li>\n<li data-start=\"1127\" data-end=\"1173\">\n<p data-start=\"1129\" data-end=\"1173\"><strong data-start=\"1129\" data-end=\"1137\">Logo<\/strong>: RHsuperior logo rinnal v\u00f5i seljal<\/p>\n<\/li>\n<li data-start=\"1174\" data-end=\"1217\">\n<p data-start=\"1176\" data-end=\"1217\"><strong data-start=\"1176\" data-end=\"1187\">Taskud<\/strong>: Kaks praktilist k\u00fcljetaskut<\/p>\n<\/li>\n<li data-start=\"1218\" data-end=\"1264\">\n<p data-start=\"1220\" data-end=\"1264\"><strong data-start=\"1220\" data-end=\"1227\">Kasutage<\/strong>: J\u00f5usaal, reisimine, soojendus, igap\u00e4evane kandmine<\/p>\n<\/li>\n<li data-start=\"1265\" data-end=\"1288\">\n<p data-start=\"1267\" data-end=\"1288\"><strong data-start=\"1267\" data-end=\"1276\">Suurused<\/strong>: S kuni 5XL<\/p>\n<\/li>\n<li data-start=\"1289\" data-end=\"1316\">\n<p data-start=\"1291\" data-end=\"1316\"><strong data-start=\"1291\" data-end=\"1301\">V\u00e4rvid<\/strong>: Klassiline must<\/p>\n<\/li>\n<\/ul>\n<p data-start=\"1318\" data-end=\"1407\">Treeni k\u00f5vasti. J\u00e4\u00e4ge soojaks. Esindage m\u00f5tteviisi.<br data-start=\"1363\" data-end=\"1366\" \/><strong data-start=\"1366\" data-end=\"1407\">RHsuperior - m\u00f5eldud tugevatele.<\/strong><\/p>","protected":false},"excerpt":{"rendered":"<p>Premium 300 g\/m\u00b2 Strongman Zipper Hoodie, mille on kujundanud ja tr\u00fckkinud Rauno Heinla. Atleetlik istuvus, soe fliis ja ikooniline RHsuperior br\u00e4ndi - t\u00f5stjatele, kes elavad tugevalt.<\/p>","protected":false},"featured_media":2812,"comment_status":"closed","ping_status":"closed","template":"","meta":{"_acf_changed":false},"product_brand":[],"product_cat":[83,61],"product_tag":[],"giftcard-category":[],"class_list":{"0":"post-1460","1":"product","2":"type-product","3":"status-publish","4":"has-post-thumbnail","6":"product_cat-clothing","7":"product_cat-hoodies","9":"first","10":"instock","11":"taxable","12":"shipping-taxable","13":"purchasable","14":"product-type-variable"},"acf":[],"yoast_head":"<!-- This site is optimized with the Yoast SEO Premium plugin v25.3.1 (Yoast SEO v25.4) - https:\/\/yoast.com\/wordpress\/plugins\/seo\/ -->\n<title>Strongman Zipper Hoodie by Rauno Heinla \u2013 RHsuperior Apparel<\/title>\n<meta name=\"description\" content=\"Strongman Zipper Hoodie by Rauno Heinla. Premium 300 g\/m\u00b2 fleece, full-zip design, athletic fit, and RHsuperior logo \u2013 made for strength, built to perform.\" \/>\n<meta name=\"robots\" content=\"index, follow, max-snippet:-1, max-image-preview:large, max-video-preview:-1\" \/>\n<link rel=\"canonical\" href=\"https:\/\/rhsuperior.com\/et\/toode\/strongman-tomblukuga-kapuuts\/\" \/>\n<meta property=\"og:locale\" content=\"et_EE\" \/>\n<meta property=\"og:type\" content=\"article\" \/>\n<meta property=\"og:title\" content=\"Strongman Zipper Hoodie \u2013 RHsuperior Signature\" \/>\n<meta property=\"og:description\" content=\"Strongman Zipper Hoodie by Rauno Heinla. Premium 300 g\/m\u00b2 fleece, full-zip design, athletic fit, and RHsuperior logo \u2013 made for strength, built to perform.\" \/>\n<meta property=\"og:url\" content=\"https:\/\/rhsuperior.com\/et\/toode\/strongman-tomblukuga-kapuuts\/\" \/>\n<meta property=\"og:site_name\" content=\"RHsuperior\" \/>\n<meta property=\"article:publisher\" content=\"https:\/\/www.facebook.com\/p\/RHsuperior-O-100094380819133\/\" \/>\n<meta property=\"article:modified_time\" content=\"2025-10-11T16:14:05+00:00\" \/>\n<meta property=\"og:image\" content=\"https:\/\/rhsuperior.com\/wp-content\/uploads\/2024\/04\/20240411_005538275_iOS.jpg\" \/>\n\t<meta property=\"og:image:width\" content=\"906\" \/>\n\t<meta property=\"og:image:height\" content=\"1146\" \/>\n\t<meta property=\"og:image:type\" content=\"image\/jpeg\" \/>\n<meta name=\"twitter:card\" content=\"summary_large_image\" \/>\n<meta name=\"twitter:label1\" content=\"Availability\" \/>\n\t<meta name=\"twitter:data1\" content=\"In stock\" \/>\n<script type=\"application\/ld+json\" class=\"yoast-schema-graph\">{\"@context\":\"https:\/\/schema.org\",\"@graph\":[{\"@type\":[\"WebPage\",\"ItemPage\"],\"@id\":\"https:\/\/rhsuperior.com\/product\/strongman-zipper-hoodie\/\",\"url\":\"https:\/\/rhsuperior.com\/product\/strongman-zipper-hoodie\/\",\"name\":\"Strongman Zipper Hoodie by Rauno Heinla \u2013 RHsuperior Apparel\",\"isPartOf\":{\"@id\":\"https:\/\/rhsuperior.com\/et\/#website\"},\"primaryImageOfPage\":{\"@id\":\"https:\/\/rhsuperior.com\/product\/strongman-zipper-hoodie\/#primaryimage\"},\"image\":{\"@id\":\"https:\/\/rhsuperior.com\/product\/strongman-zipper-hoodie\/#primaryimage\"},\"thumbnailUrl\":\"https:\/\/rhsuperior.com\/wp-content\/uploads\/2024\/04\/20240411_005538275_iOS.jpg\",\"datePublished\":\"2024-04-15T20:34:20+00:00\",\"dateModified\":\"2025-10-11T16:14:05+00:00\",\"description\":\"Strongman Zipper Hoodie by Rauno Heinla. Premium 300 g\/m\u00b2 fleece, full-zip design, athletic fit, and RHsuperior logo \u2013 made for strength, built to perform.\",\"breadcrumb\":{\"@id\":\"https:\/\/rhsuperior.com\/product\/strongman-zipper-hoodie\/#breadcrumb\"},\"inLanguage\":\"et\",\"potentialAction\":[{\"@type\":\"ReadAction\",\"target\":[\"https:\/\/rhsuperior.com\/product\/strongman-zipper-hoodie\/\"]}]},{\"@type\":\"ImageObject\",\"inLanguage\":\"et\",\"@id\":\"https:\/\/rhsuperior.com\/product\/strongman-zipper-hoodie\/#primaryimage\",\"url\":\"https:\/\/rhsuperior.com\/wp-content\/uploads\/2024\/04\/20240411_005538275_iOS.jpg\",\"contentUrl\":\"https:\/\/rhsuperior.com\/wp-content\/uploads\/2024\/04\/20240411_005538275_iOS.jpg\",\"width\":906,\"height\":1146,\"caption\":\"Strongman Zipper Hoodie with RHsuperior logo designed by Rauno Heinla\"},{\"@type\":\"BreadcrumbList\",\"@id\":\"https:\/\/rhsuperior.com\/product\/strongman-zipper-hoodie\/#breadcrumb\",\"itemListElement\":[{\"@type\":\"ListItem\",\"position\":1,\"name\":\"Home\",\"item\":\"https:\/\/rhsuperior.com\/et\/\"},{\"@type\":\"ListItem\",\"position\":2,\"name\":\"Shop\",\"item\":\"https:\/\/rhsuperior.com\/shop\/\"},{\"@type\":\"ListItem\",\"position\":3,\"name\":\"Strongman Zipper Hoodie \u2013 RHsuperior Signature\"}]},{\"@type\":\"WebSite\",\"@id\":\"https:\/\/rhsuperior.com\/et\/#website\",\"url\":\"https:\/\/rhsuperior.com\/et\/\",\"name\":\"RHsuperior\",\"description\":\"\",\"publisher\":{\"@id\":\"https:\/\/rhsuperior.com\/et\/#organization\"},\"potentialAction\":[{\"@type\":\"SearchAction\",\"target\":{\"@type\":\"EntryPoint\",\"urlTemplate\":\"https:\/\/rhsuperior.com\/et\/?s={search_term_string}\"},\"query-input\":{\"@type\":\"PropertyValueSpecification\",\"valueRequired\":true,\"valueName\":\"search_term_string\"}}],\"inLanguage\":\"et\"},{\"@type\":\"Organization\",\"@id\":\"https:\/\/rhsuperior.com\/et\/#organization\",\"name\":\"RHsuperior\",\"url\":\"https:\/\/rhsuperior.com\/et\/\",\"logo\":{\"@type\":\"ImageObject\",\"inLanguage\":\"et\",\"@id\":\"https:\/\/rhsuperior.com\/et\/#\/schema\/logo\/image\/\",\"url\":\"https:\/\/rhsuperior.com\/wp-content\/uploads\/2024\/03\/cropped-MUSTA-LOGO-1-e1718311252742.png\",\"contentUrl\":\"https:\/\/rhsuperior.com\/wp-content\/uploads\/2024\/03\/cropped-MUSTA-LOGO-1-e1718311252742.png\",\"width\":981,\"height\":689,\"caption\":\"RHsuperior\"},\"image\":{\"@id\":\"https:\/\/rhsuperior.com\/et\/#\/schema\/logo\/image\/\"},\"sameAs\":[\"https:\/\/www.facebook.com\/p\/RHsuperior-O-100094380819133\/\"]}]}<\/script>\n<meta property=\"og:availability\" content=\"instock\" \/>\n<meta property=\"product:availability\" content=\"instock\" \/>\n<meta property=\"product:condition\" content=\"new\" \/>\n<!-- \/ Yoast SEO Premium plugin. -->","yoast_head_json":{"title":"Strongman Zipper Hoodie by Rauno Heinla - RHsuperior Apparel","description":"Strongman Zipper Hoodie by Rauno Heinla. Premium 300 g\/m\u00b2 fliis, t\u00e4islukuga disain, sportlik istuvus ja RHsuperior logo - tehtud tugevuse jaoks, ehitatud sooritamiseks.","robots":{"index":"index","follow":"follow","max-snippet":"max-snippet:-1","max-image-preview":"max-image-preview:large","max-video-preview":"max-video-preview:-1"},"canonical":"https:\/\/rhsuperior.com\/et\/toode\/strongman-tomblukuga-kapuuts\/","og_locale":"et_EE","og_type":"article","og_title":"Strongman Zipper Hoodie \u2013 RHsuperior Signature","og_description":"Strongman Zipper Hoodie by Rauno Heinla. Premium 300 g\/m\u00b2 fleece, full-zip design, athletic fit, and RHsuperior logo \u2013 made for strength, built to perform.","og_url":"https:\/\/rhsuperior.com\/et\/toode\/strongman-tomblukuga-kapuuts\/","og_site_name":"RHsuperior","article_publisher":"https:\/\/www.facebook.com\/p\/RHsuperior-O-100094380819133\/","article_modified_time":"2025-10-11T16:14:05+00:00","og_image":[{"width":906,"height":1146,"url":"https:\/\/rhsuperior.com\/wp-content\/uploads\/2024\/04\/20240411_005538275_iOS.jpg","type":"image\/jpeg"}],"twitter_card":"summary_large_image","twitter_misc":{"Availability":"In stock"},"schema":{"@context":"https:\/\/schema.org","@graph":[{"@type":["WebPage","ItemPage"],"@id":"https:\/\/rhsuperior.com\/product\/strongman-zipper-hoodie\/","url":"https:\/\/rhsuperior.com\/product\/strongman-zipper-hoodie\/","name":"Strongman Zipper Hoodie by Rauno Heinla - RHsuperior Apparel","isPartOf":{"@id":"https:\/\/rhsuperior.com\/et\/#website"},"primaryImageOfPage":{"@id":"https:\/\/rhsuperior.com\/product\/strongman-zipper-hoodie\/#primaryimage"},"image":{"@id":"https:\/\/rhsuperior.com\/product\/strongman-zipper-hoodie\/#primaryimage"},"thumbnailUrl":"https:\/\/rhsuperior.com\/wp-content\/uploads\/2024\/04\/20240411_005538275_iOS.jpg","datePublished":"2024-04-15T20:34:20+00:00","dateModified":"2025-10-11T16:14:05+00:00","description":"Strongman Zipper Hoodie by Rauno Heinla. Premium 300 g\/m\u00b2 fliis, t\u00e4islukuga disain, sportlik istuvus ja RHsuperior logo - tehtud tugevuse jaoks, ehitatud sooritamiseks.","breadcrumb":{"@id":"https:\/\/rhsuperior.com\/product\/strongman-zipper-hoodie\/#breadcrumb"},"inLanguage":"et","potentialAction":[{"@type":"ReadAction","target":["https:\/\/rhsuperior.com\/product\/strongman-zipper-hoodie\/"]}]},{"@type":"ImageObject","inLanguage":"et","@id":"https:\/\/rhsuperior.com\/product\/strongman-zipper-hoodie\/#primaryimage","url":"https:\/\/rhsuperior.com\/wp-content\/uploads\/2024\/04\/20240411_005538275_iOS.jpg","contentUrl":"https:\/\/rhsuperior.com\/wp-content\/uploads\/2024\/04\/20240411_005538275_iOS.jpg","width":906,"height":1146,"caption":"Strongman Zipper Hoodie with RHsuperior logo designed by Rauno Heinla"},{"@type":"BreadcrumbList","@id":"https:\/\/rhsuperior.com\/product\/strongman-zipper-hoodie\/#breadcrumb","itemListElement":[{"@type":"ListItem","position":1,"name":"Home","item":"https:\/\/rhsuperior.com\/et\/"},{"@type":"ListItem","position":2,"name":"Shop","item":"https:\/\/rhsuperior.com\/shop\/"},{"@type":"ListItem","position":3,"name":"Strongman Zipper Hoodie \u2013 RHsuperior Signature"}]},{"@type":"WebSite","@id":"https:\/\/rhsuperior.com\/et\/#website","url":"https:\/\/rhsuperior.com\/et\/","name":"RHsuperior","description":"","publisher":{"@id":"https:\/\/rhsuperior.com\/et\/#organization"},"potentialAction":[{"@type":"SearchAction","target":{"@type":"EntryPoint","urlTemplate":"https:\/\/rhsuperior.com\/et\/?s={search_term_string}"},"query-input":{"@type":"PropertyValueSpecification","valueRequired":true,"valueName":"search_term_string"}}],"inLanguage":"et"},{"@type":"Organization","@id":"https:\/\/rhsuperior.com\/et\/#organization","name":"RHsuperior","url":"https:\/\/rhsuperior.com\/et\/","logo":{"@type":"ImageObject","inLanguage":"et","@id":"https:\/\/rhsuperior.com\/et\/#\/schema\/logo\/image\/","url":"https:\/\/rhsuperior.com\/wp-content\/uploads\/2024\/03\/cropped-MUSTA-LOGO-1-e1718311252742.png","contentUrl":"https:\/\/rhsuperior.com\/wp-content\/uploads\/2024\/03\/cropped-MUSTA-LOGO-1-e1718311252742.png","width":981,"height":689,"caption":"RHsuperior"},"image":{"@id":"https:\/\/rhsuperior.com\/et\/#\/schema\/logo\/image\/"},"sameAs":["https:\/\/www.facebook.com\/p\/RHsuperior-O-100094380819133\/"]}]},"og_availability":"instock","product_availability":"instock","product_condition":"new"},"_links":{"self":[{"href":"https:\/\/rhsuperior.com\/et\/wp-json\/wp\/v2\/product\/1460","targetHints":{"allow":["GET"]}}],"collection":[{"href":"https:\/\/rhsuperior.com\/et\/wp-json\/wp\/v2\/product"}],"about":[{"href":"https:\/\/rhsuperior.com\/et\/wp-json\/wp\/v2\/types\/product"}],"replies":[{"embeddable":true,"href":"https:\/\/rhsuperior.com\/et\/wp-json\/wp\/v2\/comments?post=1460"}],"wp:featuredmedia":[{"embeddable":true,"href":"https:\/\/rhsuperior.com\/et\/wp-json\/wp\/v2\/media\/2812"}],"wp:attachment":[{"href":"https:\/\/rhsuperior.com\/et\/wp-json\/wp\/v2\/media?parent=1460"}],"wp:term":[{"taxonomy":"product_brand","embeddable":true,"href":"https:\/\/rhsuperior.com\/et\/wp-json\/wp\/v2\/product_brand?post=1460"},{"taxonomy":"product_cat","embeddable":true,"href":"https:\/\/rhsuperior.com\/et\/wp-json\/wp\/v2\/product_cat?post=1460"},{"taxonomy":"product_tag","embeddable":true,"href":"https:\/\/rhsuperior.com\/et\/wp-json\/wp\/v2\/product_tag?post=1460"},{"taxonomy":"giftcard-category","embeddable":true,"href":"https:\/\/rhsuperior.com\/et\/wp-json\/wp\/v2\/giftcard-category?post=1460"}],"curies":[{"name":"wp","href":"https:\/\/api.w.org\/{rel}","templated":true}]}}