{"id":1490,"date":"2024-04-18T07:35:23","date_gmt":"2024-04-18T07:35:23","guid":{"rendered":"https:\/\/rhsuperior.com\/?post_type=product&#038;p=1490"},"modified":"2025-10-11T16:14:05","modified_gmt":"2025-10-11T16:14:05","slug":"strongman-dressipuksid","status":"publish","type":"product","link":"https:\/\/rhsuperior.com\/et\/toode\/strongman-dressipuksid\/","title":{"rendered":"Strongman  Dressip\u00fcksid"},"content":{"rendered":"<p data-start=\"190\" data-end=\"482\"><strong data-start=\"217\" data-end=\"241\">Strongman  Dressip\u00fcksid<\/strong> on ehitatud t\u00f5stjatele, kes n\u00f5uavad j\u00f5udlust ja mugavust. Need trennip\u00fcksid on disainitud ja tr\u00fckitud eliitj\u00f5ustiklase Rauno Heinla poolt ning pakuvad j\u00f5udu ilma kompromissideta - olenemata sellest, kas oled j\u00f5usaalis, taastumas v\u00f5i elad strongmani elustiili.<\/p>\n<p data-start=\"484\" data-end=\"779\">Raske 300 g\/m\u00b2 harjatud fliisist valmistatud materjal on seestpoolt pehme, kuid v\u00e4ljastpoolt vastupidav. 65% puuvilla ja 35% pol\u00fcestri segu tagab soojuse, venivuse ja hingavuse. Sportliku istuvuse ja RHsuperior logoga. <strong data-start=\"217\" data-end=\"241\">Strongman  Dressip\u00fcksid <\/strong>detail, need p\u00fcksid t\u00e4histavad j\u00f5udu, distsipliini ja mugavust liikumises.<\/p>\n<p data-start=\"781\" data-end=\"798\"><strong data-start=\"781\" data-end=\"798\">Peamised omadused:<\/strong><\/p>\n<ul data-start=\"800\" data-end=\"1130\">\n<li data-start=\"800\" data-end=\"853\">\n<p data-start=\"802\" data-end=\"853\"><strong data-start=\"802\" data-end=\"815\">Materjal:<\/strong> Raske 300 g\/m\u00b2 harjatud fliis<\/p>\n<\/li>\n<li data-start=\"854\" data-end=\"901\">\n<p data-start=\"856\" data-end=\"901\"><strong data-start=\"856\" data-end=\"872\">Koostis:<\/strong> 65% puuvill \/ 35% pol\u00fcester<\/p>\n<\/li>\n<li data-start=\"902\" data-end=\"935\">\n<p data-start=\"904\" data-end=\"935\"><strong data-start=\"904\" data-end=\"912\">Sobib:<\/strong> Sportlik mugavus sobivus<\/p>\n<\/li>\n<li data-start=\"936\" data-end=\"973\">\n<p data-start=\"938\" data-end=\"973\"><strong data-start=\"938\" data-end=\"947\">Tunne:<\/strong> Soe, pehme ja vastupidav<\/p>\n<\/li>\n<li data-start=\"974\" data-end=\"1012\">\n<p data-start=\"976\" data-end=\"1012\"><strong data-start=\"976\" data-end=\"987\">Disain:<\/strong> RHsuperior logo detail<\/p>\n<\/li>\n<li data-start=\"1013\" data-end=\"1082\">\n<p data-start=\"1015\" data-end=\"1082\"><strong data-start=\"1015\" data-end=\"1023\">Kasutage:<\/strong> Sobib ideaalselt j\u00f5usaali, vabaaja kandmiseks, taastumiseks v\u00f5i reisimiseks.<\/p>\n<\/li>\n<li data-start=\"1083\" data-end=\"1103\">\n<p data-start=\"1085\" data-end=\"1103\"><strong data-start=\"1085\" data-end=\"1095\">Suurused:<\/strong> XS-5XL<\/p>\n<\/li>\n<li data-start=\"1104\" data-end=\"1130\">\n<p data-start=\"1106\" data-end=\"1130\"><strong data-start=\"1106\" data-end=\"1124\">V\u00e4rvivalikud:<\/strong> Must<\/p>\n<\/li>\n<\/ul>\n<p data-start=\"1132\" data-end=\"1222\">Need dressip\u00fcksid on midagi enamat kui aktiivne riietus - need on sinu igap\u00e4evane riietus, et p\u00fcsida tugevana.<\/p>","protected":false},"excerpt":{"rendered":"<p>Rauno Heinla 300 g\/m\u00b2 raskekaalulised dressip\u00fcksid. Valmistatud t\u00f5stjatele. Soojad, vastupidavad ja loodud j\u00f5udluseks ja taastumiseks - RHsuperior kaubam\u00e4rgiga.<\/p>","protected":false},"featured_media":1487,"comment_status":"closed","ping_status":"closed","template":"","meta":{"_acf_changed":false},"product_brand":[],"product_cat":[83,65],"product_tag":[],"giftcard-category":[],"class_list":{"0":"post-1490","1":"product","2":"type-product","3":"status-publish","4":"has-post-thumbnail","6":"product_cat-clothing","7":"product_cat-sweatpants","9":"first","10":"instock","11":"taxable","12":"shipping-taxable","13":"purchasable","14":"product-type-variable"},"acf":[],"yoast_head":"<!-- This site is optimized with the Yoast SEO Premium plugin v25.3.1 (Yoast SEO v25.4) - https:\/\/yoast.com\/wordpress\/plugins\/seo\/ -->\n<title>Strongman Sweatpants by Rauno Heinla \u2013 RHsuperior Gym Pants<\/title>\n<meta name=\"description\" content=\"Strongman Sweatpants, Heavyweight fleece, RHsuperior logo, perfect for lifting, recovery, and everyday strength. Stay strong. Stay comfortable.\" \/>\n<meta name=\"robots\" content=\"index, follow, max-snippet:-1, max-image-preview:large, max-video-preview:-1\" \/>\n<link rel=\"canonical\" href=\"https:\/\/rhsuperior.com\/et\/toode\/strongman-dressipuksid\/\" \/>\n<meta property=\"og:locale\" content=\"et_EE\" \/>\n<meta property=\"og:type\" content=\"article\" \/>\n<meta property=\"og:title\" content=\"Strongman Sweatpants\" \/>\n<meta property=\"og:description\" content=\"Strongman Sweatpants, Heavyweight fleece, RHsuperior logo, perfect for lifting, recovery, and everyday strength. Stay strong. Stay comfortable.\" \/>\n<meta property=\"og:url\" content=\"https:\/\/rhsuperior.com\/et\/toode\/strongman-dressipuksid\/\" \/>\n<meta property=\"og:site_name\" content=\"RHsuperior\" \/>\n<meta property=\"article:publisher\" content=\"https:\/\/www.facebook.com\/p\/RHsuperior-O-100094380819133\/\" \/>\n<meta property=\"article:modified_time\" content=\"2025-10-11T16:14:05+00:00\" \/>\n<meta property=\"og:image\" content=\"https:\/\/rhsuperior.com\/wp-content\/uploads\/2024\/04\/Copy-of-strongman-3-pildiga.jpeg\" \/>\n\t<meta property=\"og:image:width\" content=\"1179\" \/>\n\t<meta property=\"og:image:height\" content=\"1168\" \/>\n\t<meta property=\"og:image:type\" content=\"image\/jpeg\" \/>\n<meta name=\"twitter:card\" content=\"summary_large_image\" \/>\n<meta name=\"twitter:label1\" content=\"Availability\" \/>\n\t<meta name=\"twitter:data1\" content=\"In stock\" \/>\n<script type=\"application\/ld+json\" class=\"yoast-schema-graph\">{\"@context\":\"https:\/\/schema.org\",\"@graph\":[{\"@type\":[\"WebPage\",\"ItemPage\"],\"@id\":\"https:\/\/rhsuperior.com\/product\/strongman-sweatpants\/\",\"url\":\"https:\/\/rhsuperior.com\/product\/strongman-sweatpants\/\",\"name\":\"Strongman Sweatpants by Rauno Heinla \u2013 RHsuperior Gym Pants\",\"isPartOf\":{\"@id\":\"https:\/\/rhsuperior.com\/et\/#website\"},\"primaryImageOfPage\":{\"@id\":\"https:\/\/rhsuperior.com\/product\/strongman-sweatpants\/#primaryimage\"},\"image\":{\"@id\":\"https:\/\/rhsuperior.com\/product\/strongman-sweatpants\/#primaryimage\"},\"thumbnailUrl\":\"https:\/\/rhsuperior.com\/wp-content\/uploads\/2024\/04\/Copy-of-strongman-3-pildiga.jpeg\",\"datePublished\":\"2024-04-18T07:35:23+00:00\",\"dateModified\":\"2025-10-11T16:14:05+00:00\",\"description\":\"Strongman Sweatpants, Heavyweight fleece, RHsuperior logo, perfect for lifting, recovery, and everyday strength. Stay strong. Stay comfortable.\",\"breadcrumb\":{\"@id\":\"https:\/\/rhsuperior.com\/product\/strongman-sweatpants\/#breadcrumb\"},\"inLanguage\":\"et\",\"potentialAction\":[{\"@type\":\"ReadAction\",\"target\":[\"https:\/\/rhsuperior.com\/product\/strongman-sweatpants\/\"]}]},{\"@type\":\"ImageObject\",\"inLanguage\":\"et\",\"@id\":\"https:\/\/rhsuperior.com\/product\/strongman-sweatpants\/#primaryimage\",\"url\":\"https:\/\/rhsuperior.com\/wp-content\/uploads\/2024\/04\/Copy-of-strongman-3-pildiga.jpeg\",\"contentUrl\":\"https:\/\/rhsuperior.com\/wp-content\/uploads\/2024\/04\/Copy-of-strongman-3-pildiga.jpeg\",\"width\":1179,\"height\":1168,\"caption\":\"Strongman Sweatpants with RHsuperior logo, designed by Rauno Heinla \u2013 black fleece pants for gym and recovery\"},{\"@type\":\"BreadcrumbList\",\"@id\":\"https:\/\/rhsuperior.com\/product\/strongman-sweatpants\/#breadcrumb\",\"itemListElement\":[{\"@type\":\"ListItem\",\"position\":1,\"name\":\"Home\",\"item\":\"https:\/\/rhsuperior.com\/et\/\"},{\"@type\":\"ListItem\",\"position\":2,\"name\":\"Shop\",\"item\":\"https:\/\/rhsuperior.com\/shop\/\"},{\"@type\":\"ListItem\",\"position\":3,\"name\":\"Strongman Sweatpants\"}]},{\"@type\":\"WebSite\",\"@id\":\"https:\/\/rhsuperior.com\/et\/#website\",\"url\":\"https:\/\/rhsuperior.com\/et\/\",\"name\":\"RHsuperior\",\"description\":\"\",\"publisher\":{\"@id\":\"https:\/\/rhsuperior.com\/et\/#organization\"},\"potentialAction\":[{\"@type\":\"SearchAction\",\"target\":{\"@type\":\"EntryPoint\",\"urlTemplate\":\"https:\/\/rhsuperior.com\/et\/?s={search_term_string}\"},\"query-input\":{\"@type\":\"PropertyValueSpecification\",\"valueRequired\":true,\"valueName\":\"search_term_string\"}}],\"inLanguage\":\"et\"},{\"@type\":\"Organization\",\"@id\":\"https:\/\/rhsuperior.com\/et\/#organization\",\"name\":\"RHsuperior\",\"url\":\"https:\/\/rhsuperior.com\/et\/\",\"logo\":{\"@type\":\"ImageObject\",\"inLanguage\":\"et\",\"@id\":\"https:\/\/rhsuperior.com\/et\/#\/schema\/logo\/image\/\",\"url\":\"https:\/\/rhsuperior.com\/wp-content\/uploads\/2024\/03\/cropped-MUSTA-LOGO-1-e1718311252742.png\",\"contentUrl\":\"https:\/\/rhsuperior.com\/wp-content\/uploads\/2024\/03\/cropped-MUSTA-LOGO-1-e1718311252742.png\",\"width\":981,\"height\":689,\"caption\":\"RHsuperior\"},\"image\":{\"@id\":\"https:\/\/rhsuperior.com\/et\/#\/schema\/logo\/image\/\"},\"sameAs\":[\"https:\/\/www.facebook.com\/p\/RHsuperior-O-100094380819133\/\"]}]}<\/script>\n<meta property=\"og:availability\" content=\"instock\" \/>\n<meta property=\"product:availability\" content=\"instock\" \/>\n<meta property=\"product:condition\" content=\"new\" \/>\n<!-- \/ Yoast SEO Premium plugin. -->","yoast_head_json":{"title":"Rauno Heinla Strongman dressip\u00fcksid - RHsuperior spordip\u00fcksid","description":"Strongman Sweatpants, Raske fliis, RHsuperior logo, sobib ideaalselt t\u00f5stmiseks, taastumiseks ja igap\u00e4evaseks tugevuseks. J\u00e4\u00e4ge tugevaks. J\u00e4\u00e4ge mugavaks.","robots":{"index":"index","follow":"follow","max-snippet":"max-snippet:-1","max-image-preview":"max-image-preview:large","max-video-preview":"max-video-preview:-1"},"canonical":"https:\/\/rhsuperior.com\/et\/toode\/strongman-dressipuksid\/","og_locale":"et_EE","og_type":"article","og_title":"Strongman Sweatpants","og_description":"Strongman Sweatpants, Heavyweight fleece, RHsuperior logo, perfect for lifting, recovery, and everyday strength. Stay strong. Stay comfortable.","og_url":"https:\/\/rhsuperior.com\/et\/toode\/strongman-dressipuksid\/","og_site_name":"RHsuperior","article_publisher":"https:\/\/www.facebook.com\/p\/RHsuperior-O-100094380819133\/","article_modified_time":"2025-10-11T16:14:05+00:00","og_image":[{"width":1179,"height":1168,"url":"https:\/\/rhsuperior.com\/wp-content\/uploads\/2024\/04\/Copy-of-strongman-3-pildiga.jpeg","type":"image\/jpeg"}],"twitter_card":"summary_large_image","twitter_misc":{"Availability":"In stock"},"schema":{"@context":"https:\/\/schema.org","@graph":[{"@type":["WebPage","ItemPage"],"@id":"https:\/\/rhsuperior.com\/product\/strongman-sweatpants\/","url":"https:\/\/rhsuperior.com\/product\/strongman-sweatpants\/","name":"Rauno Heinla Strongman dressip\u00fcksid - RHsuperior spordip\u00fcksid","isPartOf":{"@id":"https:\/\/rhsuperior.com\/et\/#website"},"primaryImageOfPage":{"@id":"https:\/\/rhsuperior.com\/product\/strongman-sweatpants\/#primaryimage"},"image":{"@id":"https:\/\/rhsuperior.com\/product\/strongman-sweatpants\/#primaryimage"},"thumbnailUrl":"https:\/\/rhsuperior.com\/wp-content\/uploads\/2024\/04\/Copy-of-strongman-3-pildiga.jpeg","datePublished":"2024-04-18T07:35:23+00:00","dateModified":"2025-10-11T16:14:05+00:00","description":"Strongman Sweatpants, Raske fliis, RHsuperior logo, sobib ideaalselt t\u00f5stmiseks, taastumiseks ja igap\u00e4evaseks tugevuseks. J\u00e4\u00e4ge tugevaks. J\u00e4\u00e4ge mugavaks.","breadcrumb":{"@id":"https:\/\/rhsuperior.com\/product\/strongman-sweatpants\/#breadcrumb"},"inLanguage":"et","potentialAction":[{"@type":"ReadAction","target":["https:\/\/rhsuperior.com\/product\/strongman-sweatpants\/"]}]},{"@type":"ImageObject","inLanguage":"et","@id":"https:\/\/rhsuperior.com\/product\/strongman-sweatpants\/#primaryimage","url":"https:\/\/rhsuperior.com\/wp-content\/uploads\/2024\/04\/Copy-of-strongman-3-pildiga.jpeg","contentUrl":"https:\/\/rhsuperior.com\/wp-content\/uploads\/2024\/04\/Copy-of-strongman-3-pildiga.jpeg","width":1179,"height":1168,"caption":"Strongman Sweatpants with RHsuperior logo, designed by Rauno Heinla \u2013 black fleece pants for gym and recovery"},{"@type":"BreadcrumbList","@id":"https:\/\/rhsuperior.com\/product\/strongman-sweatpants\/#breadcrumb","itemListElement":[{"@type":"ListItem","position":1,"name":"Home","item":"https:\/\/rhsuperior.com\/et\/"},{"@type":"ListItem","position":2,"name":"Shop","item":"https:\/\/rhsuperior.com\/shop\/"},{"@type":"ListItem","position":3,"name":"Strongman Sweatpants"}]},{"@type":"WebSite","@id":"https:\/\/rhsuperior.com\/et\/#website","url":"https:\/\/rhsuperior.com\/et\/","name":"RHsuperior","description":"","publisher":{"@id":"https:\/\/rhsuperior.com\/et\/#organization"},"potentialAction":[{"@type":"SearchAction","target":{"@type":"EntryPoint","urlTemplate":"https:\/\/rhsuperior.com\/et\/?s={search_term_string}"},"query-input":{"@type":"PropertyValueSpecification","valueRequired":true,"valueName":"search_term_string"}}],"inLanguage":"et"},{"@type":"Organization","@id":"https:\/\/rhsuperior.com\/et\/#organization","name":"RHsuperior","url":"https:\/\/rhsuperior.com\/et\/","logo":{"@type":"ImageObject","inLanguage":"et","@id":"https:\/\/rhsuperior.com\/et\/#\/schema\/logo\/image\/","url":"https:\/\/rhsuperior.com\/wp-content\/uploads\/2024\/03\/cropped-MUSTA-LOGO-1-e1718311252742.png","contentUrl":"https:\/\/rhsuperior.com\/wp-content\/uploads\/2024\/03\/cropped-MUSTA-LOGO-1-e1718311252742.png","width":981,"height":689,"caption":"RHsuperior"},"image":{"@id":"https:\/\/rhsuperior.com\/et\/#\/schema\/logo\/image\/"},"sameAs":["https:\/\/www.facebook.com\/p\/RHsuperior-O-100094380819133\/"]}]},"og_availability":"instock","product_availability":"instock","product_condition":"new"},"_links":{"self":[{"href":"https:\/\/rhsuperior.com\/et\/wp-json\/wp\/v2\/product\/1490","targetHints":{"allow":["GET"]}}],"collection":[{"href":"https:\/\/rhsuperior.com\/et\/wp-json\/wp\/v2\/product"}],"about":[{"href":"https:\/\/rhsuperior.com\/et\/wp-json\/wp\/v2\/types\/product"}],"replies":[{"embeddable":true,"href":"https:\/\/rhsuperior.com\/et\/wp-json\/wp\/v2\/comments?post=1490"}],"wp:featuredmedia":[{"embeddable":true,"href":"https:\/\/rhsuperior.com\/et\/wp-json\/wp\/v2\/media\/1487"}],"wp:attachment":[{"href":"https:\/\/rhsuperior.com\/et\/wp-json\/wp\/v2\/media?parent=1490"}],"wp:term":[{"taxonomy":"product_brand","embeddable":true,"href":"https:\/\/rhsuperior.com\/et\/wp-json\/wp\/v2\/product_brand?post=1490"},{"taxonomy":"product_cat","embeddable":true,"href":"https:\/\/rhsuperior.com\/et\/wp-json\/wp\/v2\/product_cat?post=1490"},{"taxonomy":"product_tag","embeddable":true,"href":"https:\/\/rhsuperior.com\/et\/wp-json\/wp\/v2\/product_tag?post=1490"},{"taxonomy":"giftcard-category","embeddable":true,"href":"https:\/\/rhsuperior.com\/et\/wp-json\/wp\/v2\/giftcard-category?post=1490"}],"curies":[{"name":"wp","href":"https:\/\/api.w.org\/{rel}","templated":true}]}}