{"id":1559,"date":"2024-04-19T19:07:48","date_gmt":"2024-04-19T19:07:48","guid":{"rendered":"https:\/\/rhsuperior.com\/?post_type=product&#038;p=1559"},"modified":"2025-08-07T04:24:01","modified_gmt":"2025-08-07T04:24:01","slug":"aeg-treenida-tanki","status":"publish","type":"product","link":"https:\/\/rhsuperior.com\/et\/toode\/aeg-treenida-tanki\/","title":{"rendered":"It\u2019s Time to Train Tank Top"},"content":{"rendered":"<h3 data-start=\"296\" data-end=\"325\"><strong data-start=\"300\" data-end=\"323\">Toote kirjeldus<\/strong><\/h3>\n<p data-start=\"326\" data-end=\"594\"><strong data-start=\"326\" data-end=\"357\">It\u2019s Time to Train Tank Top<\/strong><br data-start=\"357\" data-end=\"360\" \/>Aeg keskenduda. . <em data-start=\"379\" data-end=\"404\">On aeg treenida tanki<\/em> on t\u00f5siste t\u00f5stjate jaoks m\u00f5eldud ese. See tank, millel on julge motivatsioonigraafika ees ja klassikaline l\u00f5ige, pakub j\u00f5udlust, kohalolekut ja eesm\u00e4rki - nii j\u00f5usaalis kui ka v\u00e4ljaspool seda.<\/p>\n<p data-start=\"596\" data-end=\"819\">Valmistatud <strong data-start=\"609\" data-end=\"645\">100% poolkammitud r\u00f5ngaspunane puuvilla<\/strong>, see on pehme, hingav ja vastupidav. Olenemata sellest, kas te l\u00f6\u00f6te k\u00fckke, surute \u00fclevalt alla v\u00f5i naudite puhkep\u00e4eva mugavust, see treeningtank toetab liikumist kompromissitult.<\/p>\n<p data-start=\"821\" data-end=\"841\"><strong data-start=\"821\" data-end=\"841\">Toote \u00fcksikasjad:<\/strong><\/p>\n<ul data-start=\"842\" data-end=\"1150\">\n<li data-start=\"842\" data-end=\"889\">\n<p data-start=\"844\" data-end=\"889\">Materjal: 100% puuvill (poolkammitud, r\u00f5ngaspunane).<\/p>\n<\/li>\n<li data-start=\"890\" data-end=\"904\">\n<p data-start=\"892\" data-end=\"904\">Suurused: S-5XL<\/p>\n<\/li>\n<li data-start=\"905\" data-end=\"932\">\n<p data-start=\"907\" data-end=\"932\">Sobib: Sportlik l\u00f5ige: Tavaline sportlik l\u00f5ige<\/p>\n<\/li>\n<li data-start=\"933\" data-end=\"990\">\n<p data-start=\"935\" data-end=\"990\">Prindi: Motiveeriv \"AEG TREENIDA!\" esik\u00fclje graafika<\/p>\n<\/li>\n<li data-start=\"991\" data-end=\"1025\">\n<p data-start=\"993\" data-end=\"1025\">Tunne: kerge ja hingav<\/p>\n<\/li>\n<li data-start=\"1026\" data-end=\"1065\">\n<p data-start=\"1028\" data-end=\"1065\">V\u00e4rv: must<\/p>\n<\/li>\n<li data-start=\"1066\" data-end=\"1101\">\n<p data-start=\"1068\" data-end=\"1101\">Hooldus: Pesu: masinpesu kuni 40\u00b0C<\/p>\n<\/li>\n<li data-start=\"1102\" data-end=\"1150\">\n<p data-start=\"1104\" data-end=\"1150\">Kujundanud ja tr\u00fckkinud j\u00f5umees Rauno Heinla<\/p>\n<\/li>\n<\/ul>\n<p data-start=\"1152\" data-end=\"1202\">Olge keskendunud. J\u00e4\u00e4ge tugevaks. <strong data-start=\"1179\" data-end=\"1202\">On aeg treenida.<\/strong><\/p>","protected":false},"excerpt":{"rendered":"<p>\u00dclim j\u00f5usaalimahuti t\u00f5stjatele, kes tulevad kohale sihikindlalt. <em data-start=\"1813\" data-end=\"1833\">On aeg treenida<\/em> - ehitatud motivatsiooniks, mille on kujundanud Rauno Heinla.<\/p>","protected":false},"featured_media":1549,"comment_status":"closed","ping_status":"closed","template":"","meta":{"_acf_changed":false},"product_brand":[],"product_cat":[83,66],"product_tag":[],"giftcard-category":[],"class_list":{"0":"post-1559","1":"product","2":"type-product","3":"status-publish","4":"has-post-thumbnail","6":"product_cat-clothing","7":"product_cat-tanks","9":"first","10":"instock","11":"taxable","12":"shipping-taxable","13":"purchasable","14":"product-type-variable"},"acf":[],"yoast_head":"<!-- This site is optimized with the Yoast SEO Premium plugin v25.3.1 (Yoast SEO v25.4) - https:\/\/yoast.com\/wordpress\/plugins\/seo\/ -->\n<title>It\u2019s Time to Train Tank | Motivational Gym Tank by Rauno Heinla<\/title>\n<meta name=\"description\" content=\"Shop the It\u2019s Time to Train Tank \u2013 100% Ringspun cotton, motivational print, designed by Rauno Heinla. Sizes S\u20135XL. Built for serious lifters.\" \/>\n<meta name=\"robots\" content=\"index, follow, max-snippet:-1, max-image-preview:large, max-video-preview:-1\" \/>\n<link rel=\"canonical\" href=\"https:\/\/rhsuperior.com\/et\/toode\/aeg-treenida-tanki\/\" \/>\n<meta property=\"og:locale\" content=\"et_EE\" \/>\n<meta property=\"og:type\" content=\"article\" \/>\n<meta property=\"og:title\" content=\"It\u2019s Time to Train Tank Top\" \/>\n<meta property=\"og:description\" content=\"Shop the It\u2019s Time to Train Tank \u2013 100% Ringspun cotton, motivational print, designed by Rauno Heinla. Sizes S\u20135XL. Built for serious lifters.\" \/>\n<meta property=\"og:url\" content=\"https:\/\/rhsuperior.com\/et\/toode\/aeg-treenida-tanki\/\" \/>\n<meta property=\"og:site_name\" content=\"RHsuperior\" \/>\n<meta property=\"article:publisher\" content=\"https:\/\/www.facebook.com\/p\/RHsuperior-O-100094380819133\/\" \/>\n<meta property=\"article:modified_time\" content=\"2025-08-07T04:24:01+00:00\" \/>\n<meta property=\"og:image\" content=\"https:\/\/rhsuperior.com\/wp-content\/uploads\/2024\/04\/maika.jpg\" \/>\n\t<meta property=\"og:image:width\" content=\"1182\" \/>\n\t<meta property=\"og:image:height\" content=\"1576\" \/>\n\t<meta property=\"og:image:type\" content=\"image\/jpeg\" \/>\n<meta name=\"twitter:card\" content=\"summary_large_image\" \/>\n<meta name=\"twitter:label1\" content=\"Availability\" \/>\n\t<meta name=\"twitter:data1\" content=\"In stock\" \/>\n<script type=\"application\/ld+json\" class=\"yoast-schema-graph\">{\"@context\":\"https:\/\/schema.org\",\"@graph\":[{\"@type\":[\"WebPage\",\"ItemPage\"],\"@id\":\"https:\/\/rhsuperior.com\/product\/its-time-to-train-tank\/\",\"url\":\"https:\/\/rhsuperior.com\/product\/its-time-to-train-tank\/\",\"name\":\"It\u2019s Time to Train Tank | Motivational Gym Tank by Rauno Heinla\",\"isPartOf\":{\"@id\":\"https:\/\/rhsuperior.com\/et\/#website\"},\"primaryImageOfPage\":{\"@id\":\"https:\/\/rhsuperior.com\/product\/its-time-to-train-tank\/#primaryimage\"},\"image\":{\"@id\":\"https:\/\/rhsuperior.com\/product\/its-time-to-train-tank\/#primaryimage\"},\"thumbnailUrl\":\"https:\/\/rhsuperior.com\/wp-content\/uploads\/2024\/04\/maika.jpg\",\"datePublished\":\"2024-04-19T19:07:48+00:00\",\"dateModified\":\"2025-08-07T04:24:01+00:00\",\"description\":\"Shop the It\u2019s Time to Train Tank \u2013 100% Ringspun cotton, motivational print, designed by Rauno Heinla. Sizes S\u20135XL. Built for serious lifters.\",\"breadcrumb\":{\"@id\":\"https:\/\/rhsuperior.com\/product\/its-time-to-train-tank\/#breadcrumb\"},\"inLanguage\":\"et\",\"potentialAction\":[{\"@type\":\"ReadAction\",\"target\":[\"https:\/\/rhsuperior.com\/product\/its-time-to-train-tank\/\"]}]},{\"@type\":\"ImageObject\",\"inLanguage\":\"et\",\"@id\":\"https:\/\/rhsuperior.com\/product\/its-time-to-train-tank\/#primaryimage\",\"url\":\"https:\/\/rhsuperior.com\/wp-content\/uploads\/2024\/04\/maika.jpg\",\"contentUrl\":\"https:\/\/rhsuperior.com\/wp-content\/uploads\/2024\/04\/maika.jpg\",\"width\":1182,\"height\":1576,\"caption\":\"xr:d:DAF8-QwdQFs:2,j:4859802885952276312,t:24021617\"},{\"@type\":\"BreadcrumbList\",\"@id\":\"https:\/\/rhsuperior.com\/product\/its-time-to-train-tank\/#breadcrumb\",\"itemListElement\":[{\"@type\":\"ListItem\",\"position\":1,\"name\":\"Home\",\"item\":\"https:\/\/rhsuperior.com\/et\/\"},{\"@type\":\"ListItem\",\"position\":2,\"name\":\"Shop\",\"item\":\"https:\/\/rhsuperior.com\/shop\/\"},{\"@type\":\"ListItem\",\"position\":3,\"name\":\"It\u2019s Time to Train Tank Top\"}]},{\"@type\":\"WebSite\",\"@id\":\"https:\/\/rhsuperior.com\/et\/#website\",\"url\":\"https:\/\/rhsuperior.com\/et\/\",\"name\":\"RHsuperior\",\"description\":\"\",\"publisher\":{\"@id\":\"https:\/\/rhsuperior.com\/et\/#organization\"},\"potentialAction\":[{\"@type\":\"SearchAction\",\"target\":{\"@type\":\"EntryPoint\",\"urlTemplate\":\"https:\/\/rhsuperior.com\/et\/?s={search_term_string}\"},\"query-input\":{\"@type\":\"PropertyValueSpecification\",\"valueRequired\":true,\"valueName\":\"search_term_string\"}}],\"inLanguage\":\"et\"},{\"@type\":\"Organization\",\"@id\":\"https:\/\/rhsuperior.com\/et\/#organization\",\"name\":\"RHsuperior\",\"url\":\"https:\/\/rhsuperior.com\/et\/\",\"logo\":{\"@type\":\"ImageObject\",\"inLanguage\":\"et\",\"@id\":\"https:\/\/rhsuperior.com\/et\/#\/schema\/logo\/image\/\",\"url\":\"https:\/\/rhsuperior.com\/wp-content\/uploads\/2024\/03\/cropped-MUSTA-LOGO-1-e1718311252742.png\",\"contentUrl\":\"https:\/\/rhsuperior.com\/wp-content\/uploads\/2024\/03\/cropped-MUSTA-LOGO-1-e1718311252742.png\",\"width\":981,\"height\":689,\"caption\":\"RHsuperior\"},\"image\":{\"@id\":\"https:\/\/rhsuperior.com\/et\/#\/schema\/logo\/image\/\"},\"sameAs\":[\"https:\/\/www.facebook.com\/p\/RHsuperior-O-100094380819133\/\"]}]}<\/script>\n<meta property=\"og:availability\" content=\"instock\" \/>\n<meta property=\"product:availability\" content=\"instock\" \/>\n<meta property=\"product:condition\" content=\"new\" \/>\n<!-- \/ Yoast SEO Premium plugin. -->","yoast_head_json":{"title":"On aeg treenida Tank | Motiveeriv j\u00f5usaal Tank by Rauno Heinla","description":"Ostu It's Time to Train Tank - 100% R\u00f5ngaspunane puuvill, motivatsioonitr\u00fckk, mille on kujundanud Rauno Heinla. Suurused S-5XL. M\u00f5eldud t\u00f5sistele t\u00f5stjatele.","robots":{"index":"index","follow":"follow","max-snippet":"max-snippet:-1","max-image-preview":"max-image-preview:large","max-video-preview":"max-video-preview:-1"},"canonical":"https:\/\/rhsuperior.com\/et\/toode\/aeg-treenida-tanki\/","og_locale":"et_EE","og_type":"article","og_title":"It\u2019s Time to Train Tank Top","og_description":"Shop the It\u2019s Time to Train Tank \u2013 100% Ringspun cotton, motivational print, designed by Rauno Heinla. Sizes S\u20135XL. Built for serious lifters.","og_url":"https:\/\/rhsuperior.com\/et\/toode\/aeg-treenida-tanki\/","og_site_name":"RHsuperior","article_publisher":"https:\/\/www.facebook.com\/p\/RHsuperior-O-100094380819133\/","article_modified_time":"2025-08-07T04:24:01+00:00","og_image":[{"width":1182,"height":1576,"url":"https:\/\/rhsuperior.com\/wp-content\/uploads\/2024\/04\/maika.jpg","type":"image\/jpeg"}],"twitter_card":"summary_large_image","twitter_misc":{"Availability":"In stock"},"schema":{"@context":"https:\/\/schema.org","@graph":[{"@type":["WebPage","ItemPage"],"@id":"https:\/\/rhsuperior.com\/product\/its-time-to-train-tank\/","url":"https:\/\/rhsuperior.com\/product\/its-time-to-train-tank\/","name":"On aeg treenida Tank | Motiveeriv j\u00f5usaal Tank by Rauno Heinla","isPartOf":{"@id":"https:\/\/rhsuperior.com\/et\/#website"},"primaryImageOfPage":{"@id":"https:\/\/rhsuperior.com\/product\/its-time-to-train-tank\/#primaryimage"},"image":{"@id":"https:\/\/rhsuperior.com\/product\/its-time-to-train-tank\/#primaryimage"},"thumbnailUrl":"https:\/\/rhsuperior.com\/wp-content\/uploads\/2024\/04\/maika.jpg","datePublished":"2024-04-19T19:07:48+00:00","dateModified":"2025-08-07T04:24:01+00:00","description":"Ostu It's Time to Train Tank - 100% R\u00f5ngaspunane puuvill, motivatsioonitr\u00fckk, mille on kujundanud Rauno Heinla. Suurused S-5XL. M\u00f5eldud t\u00f5sistele t\u00f5stjatele.","breadcrumb":{"@id":"https:\/\/rhsuperior.com\/product\/its-time-to-train-tank\/#breadcrumb"},"inLanguage":"et","potentialAction":[{"@type":"ReadAction","target":["https:\/\/rhsuperior.com\/product\/its-time-to-train-tank\/"]}]},{"@type":"ImageObject","inLanguage":"et","@id":"https:\/\/rhsuperior.com\/product\/its-time-to-train-tank\/#primaryimage","url":"https:\/\/rhsuperior.com\/wp-content\/uploads\/2024\/04\/maika.jpg","contentUrl":"https:\/\/rhsuperior.com\/wp-content\/uploads\/2024\/04\/maika.jpg","width":1182,"height":1576,"caption":"xr:d:DAF8-QwdQFs:2,j:4859802885952276312,t:24021617"},{"@type":"BreadcrumbList","@id":"https:\/\/rhsuperior.com\/product\/its-time-to-train-tank\/#breadcrumb","itemListElement":[{"@type":"ListItem","position":1,"name":"Home","item":"https:\/\/rhsuperior.com\/et\/"},{"@type":"ListItem","position":2,"name":"Shop","item":"https:\/\/rhsuperior.com\/shop\/"},{"@type":"ListItem","position":3,"name":"It\u2019s Time to Train Tank Top"}]},{"@type":"WebSite","@id":"https:\/\/rhsuperior.com\/et\/#website","url":"https:\/\/rhsuperior.com\/et\/","name":"RHsuperior","description":"","publisher":{"@id":"https:\/\/rhsuperior.com\/et\/#organization"},"potentialAction":[{"@type":"SearchAction","target":{"@type":"EntryPoint","urlTemplate":"https:\/\/rhsuperior.com\/et\/?s={search_term_string}"},"query-input":{"@type":"PropertyValueSpecification","valueRequired":true,"valueName":"search_term_string"}}],"inLanguage":"et"},{"@type":"Organization","@id":"https:\/\/rhsuperior.com\/et\/#organization","name":"RHsuperior","url":"https:\/\/rhsuperior.com\/et\/","logo":{"@type":"ImageObject","inLanguage":"et","@id":"https:\/\/rhsuperior.com\/et\/#\/schema\/logo\/image\/","url":"https:\/\/rhsuperior.com\/wp-content\/uploads\/2024\/03\/cropped-MUSTA-LOGO-1-e1718311252742.png","contentUrl":"https:\/\/rhsuperior.com\/wp-content\/uploads\/2024\/03\/cropped-MUSTA-LOGO-1-e1718311252742.png","width":981,"height":689,"caption":"RHsuperior"},"image":{"@id":"https:\/\/rhsuperior.com\/et\/#\/schema\/logo\/image\/"},"sameAs":["https:\/\/www.facebook.com\/p\/RHsuperior-O-100094380819133\/"]}]},"og_availability":"instock","product_availability":"instock","product_condition":"new"},"_links":{"self":[{"href":"https:\/\/rhsuperior.com\/et\/wp-json\/wp\/v2\/product\/1559","targetHints":{"allow":["GET"]}}],"collection":[{"href":"https:\/\/rhsuperior.com\/et\/wp-json\/wp\/v2\/product"}],"about":[{"href":"https:\/\/rhsuperior.com\/et\/wp-json\/wp\/v2\/types\/product"}],"replies":[{"embeddable":true,"href":"https:\/\/rhsuperior.com\/et\/wp-json\/wp\/v2\/comments?post=1559"}],"wp:featuredmedia":[{"embeddable":true,"href":"https:\/\/rhsuperior.com\/et\/wp-json\/wp\/v2\/media\/1549"}],"wp:attachment":[{"href":"https:\/\/rhsuperior.com\/et\/wp-json\/wp\/v2\/media?parent=1559"}],"wp:term":[{"taxonomy":"product_brand","embeddable":true,"href":"https:\/\/rhsuperior.com\/et\/wp-json\/wp\/v2\/product_brand?post=1559"},{"taxonomy":"product_cat","embeddable":true,"href":"https:\/\/rhsuperior.com\/et\/wp-json\/wp\/v2\/product_cat?post=1559"},{"taxonomy":"product_tag","embeddable":true,"href":"https:\/\/rhsuperior.com\/et\/wp-json\/wp\/v2\/product_tag?post=1559"},{"taxonomy":"giftcard-category","embeddable":true,"href":"https:\/\/rhsuperior.com\/et\/wp-json\/wp\/v2\/giftcard-category?post=1559"}],"curies":[{"name":"wp","href":"https:\/\/api.w.org\/{rel}","templated":true}]}}