{"id":1586,"date":"2024-04-22T00:06:40","date_gmt":"2024-04-22T00:06:40","guid":{"rendered":"https:\/\/rhsuperior.com\/?post_type=product&#038;p=1586"},"modified":"2026-01-22T14:57:28","modified_gmt":"2026-01-22T14:57:28","slug":"team-heinla-power-factory-t-sark","status":"publish","type":"product","link":"https:\/\/rhsuperior.com\/et\/toode\/team-heinla-power-factory-t-sark\/","title":{"rendered":"Meeskond Heinla Power Factory T-s\u00e4rk"},"content":{"rendered":"<p data-start=\"282\" data-end=\"588\"><strong data-start=\"282\" data-end=\"319\">Team Heinla Power Factory T-s\u00e4rk<\/strong><br data-start=\"319\" data-end=\"322\" \/>Esindada tugevust ja p\u00e4randit koos <strong data-start=\"361\" data-end=\"398\">Team Heinla Power Factory T-s\u00e4rk<\/strong>, mille on isiklikult kujundanud ja tr\u00fckkinud legendaarne j\u00f5umees <strong data-start=\"455\" data-end=\"471\">Rauno Heinla<\/strong>. Julge seljatr\u00fcki ja puhta esiloogoga s\u00e4rk on austusavaldus distsipliinile, j\u00f5ule ja vabandamata m\u00f5tteviisile.<\/p>\n<p data-start=\"590\" data-end=\"863\">Valmistatud kvaliteetsest <strong data-start=\"616\" data-end=\"657\">185 g\/m\u00b2 eelsurutud, ringkeermestatud puuvillane kangas.<\/strong>see pakub hingavat mugavust ja t\u00e4ielikku liikumisvabadust - olgu siis tegemist t\u00f5stmise, treeningu v\u00f5i lihtsalt strongmani eluviisiga. Saadaval on <strong data-start=\"808\" data-end=\"827\">mustvalge<\/strong>, suurused XS kuni 5XL.<\/p>\n<p data-start=\"865\" data-end=\"882\"><strong data-start=\"865\" data-end=\"882\">Peamised omadused:<\/strong><\/p>\n<ul data-start=\"883\" data-end=\"1224\">\n<li data-start=\"883\" data-end=\"930\">\n<p data-start=\"885\" data-end=\"930\">Materjal: 100% puuvill (eelnevalt kokkut\u00f5mmatud, ringkeeratud).<\/p>\n<\/li>\n<li data-start=\"931\" data-end=\"956\">\n<p data-start=\"933\" data-end=\"956\">Kanga kaal: 185 g\/m\u00b2<\/p>\n<\/li>\n<li data-start=\"957\" data-end=\"1012\">\n<p data-start=\"959\" data-end=\"1012\">Sobib: sobib ideaalselt treeninguks ja vabaaja kandmiseks.<\/p>\n<\/li>\n<li data-start=\"1013\" data-end=\"1087\">\n<p data-start=\"1015\" data-end=\"1087\">Disain: \"TEAM HEINLA - POWER FACTORY\" tr\u00fckitud tagak\u00fcljel + RHsuperior logo ees.<\/p>\n<\/li>\n<li data-start=\"1088\" data-end=\"1123\">\n<p data-start=\"1090\" data-end=\"1123\">Hooldus: Pesu: masinpesu kuni 40\u00b0C<\/p>\n<\/li>\n<li data-start=\"1124\" data-end=\"1158\">\n<p data-start=\"1126\" data-end=\"1158\">Saadaolevad v\u00e4rvid: Must v\u00f5i valge<\/p>\n<\/li>\n<li data-start=\"1159\" data-end=\"1174\">\n<p data-start=\"1161\" data-end=\"1174\">Suurused: XS-5XL<\/p>\n<\/li>\n<li data-start=\"1175\" data-end=\"1224\">\n<p data-start=\"1177\" data-end=\"1224\">Allkiri: Rauno Heinla poolt kujundatud ja tr\u00fckitud: Rauno Heinla<\/p>\n<\/li>\n<\/ul>\n<p data-start=\"1226\" data-end=\"1280\"><strong data-start=\"1226\" data-end=\"1280\">Ole osa p\u00e4randist. Treeni k\u00f5vasti. Kandke kaubam\u00e4rki.<\/strong><\/p>","protected":false},"excerpt":{"rendered":"<p>Julged. Tugev. Autentne. T-s\u00e4rgil on ikooniline seljaprint ja esmaklassiline puuvillane mugavus. Disainitud ja tr\u00fckitud Rauno Heinla poolt.<\/p>","protected":false},"featured_media":3783,"comment_status":"closed","ping_status":"closed","template":"","meta":{"_acf_changed":false},"product_brand":[],"product_cat":[83,43],"product_tag":[],"giftcard-category":[],"class_list":{"0":"post-1586","1":"product","2":"type-product","3":"status-publish","4":"has-post-thumbnail","6":"product_cat-clothing","7":"product_cat-shirts","9":"first","10":"instock","11":"taxable","12":"shipping-taxable","13":"purchasable","14":"product-type-variable"},"acf":[],"yoast_head":"<!-- This site is optimized with the Yoast SEO Premium plugin v25.3.1 (Yoast SEO v25.4) - https:\/\/yoast.com\/wordpress\/plugins\/seo\/ -->\n<title>Team Heinla Power Factory T-Shirt | Designed by Rauno Heinla<\/title>\n<meta name=\"description\" content=\"Team Heinla Power Factory T-Shirt. Available in black or white, sizes XS\u20135XL designed and printed by elite strongman Rauno Heinla.\" \/>\n<meta name=\"robots\" content=\"index, follow, max-snippet:-1, max-image-preview:large, max-video-preview:-1\" \/>\n<link rel=\"canonical\" href=\"https:\/\/rhsuperior.com\/et\/toode\/team-heinla-power-factory-t-sark\/\" \/>\n<meta property=\"og:locale\" content=\"et_EE\" \/>\n<meta property=\"og:type\" content=\"article\" \/>\n<meta property=\"og:title\" content=\"Team Heinla Power Factory\" \/>\n<meta property=\"og:description\" content=\"Team Heinla Power Factory T-Shirt. Available in black or white, sizes XS\u20135XL designed and printed by elite strongman Rauno Heinla.\" \/>\n<meta property=\"og:url\" content=\"https:\/\/rhsuperior.com\/et\/toode\/team-heinla-power-factory-t-sark\/\" \/>\n<meta property=\"og:site_name\" content=\"RHsuperior\" \/>\n<meta property=\"article:publisher\" content=\"https:\/\/www.facebook.com\/p\/RHsuperior-O-100094380819133\/\" \/>\n<meta property=\"article:modified_time\" content=\"2026-01-22T14:57:28+00:00\" \/>\n<meta property=\"og:image\" content=\"https:\/\/rhsuperior.com\/wp-content\/uploads\/2025\/06\/team-h-.jpg\" \/>\n\t<meta property=\"og:image:width\" content=\"1535\" \/>\n\t<meta property=\"og:image:height\" content=\"2048\" \/>\n\t<meta property=\"og:image:type\" content=\"image\/jpeg\" \/>\n<meta name=\"twitter:card\" content=\"summary_large_image\" \/>\n<meta name=\"twitter:label1\" content=\"Availability\" \/>\n\t<meta name=\"twitter:data1\" content=\"In stock\" \/>\n<script type=\"application\/ld+json\" class=\"yoast-schema-graph\">{\"@context\":\"https:\/\/schema.org\",\"@graph\":[{\"@type\":\"WebPage\",\"@id\":\"https:\/\/rhsuperior.com\/et\/toode\/team-heinla-power-factory-t-sark\/\",\"url\":\"https:\/\/rhsuperior.com\/et\/toode\/team-heinla-power-factory-t-sark\/\",\"name\":\"Team Heinla Power Factory T-Shirt | Designed by Rauno Heinla\",\"isPartOf\":{\"@id\":\"https:\/\/rhsuperior.com\/et\/#website\"},\"primaryImageOfPage\":{\"@id\":\"https:\/\/rhsuperior.com\/et\/toode\/team-heinla-power-factory-t-sark\/#primaryimage\"},\"image\":{\"@id\":\"https:\/\/rhsuperior.com\/et\/toode\/team-heinla-power-factory-t-sark\/#primaryimage\"},\"thumbnailUrl\":\"https:\/\/rhsuperior.com\/wp-content\/uploads\/2025\/06\/team-h-.jpg\",\"datePublished\":\"2024-04-22T00:06:40+00:00\",\"dateModified\":\"2026-01-22T14:57:28+00:00\",\"description\":\"Team Heinla Power Factory T-Shirt. Available in black or white, sizes XS\u20135XL designed and printed by elite strongman Rauno Heinla.\",\"breadcrumb\":{\"@id\":\"https:\/\/rhsuperior.com\/et\/toode\/team-heinla-power-factory-t-sark\/#breadcrumb\"},\"inLanguage\":\"et\",\"potentialAction\":[{\"@type\":\"ReadAction\",\"target\":[\"https:\/\/rhsuperior.com\/et\/toode\/team-heinla-power-factory-t-sark\/\"]}]},{\"@type\":\"ImageObject\",\"inLanguage\":\"et\",\"@id\":\"https:\/\/rhsuperior.com\/et\/toode\/team-heinla-power-factory-t-sark\/#primaryimage\",\"url\":\"https:\/\/rhsuperior.com\/wp-content\/uploads\/2025\/06\/team-h-.jpg\",\"contentUrl\":\"https:\/\/rhsuperior.com\/wp-content\/uploads\/2025\/06\/team-h-.jpg\",\"width\":1535,\"height\":2048,\"caption\":\"TEAMHEINLA POWER FACTORY\"},{\"@type\":\"BreadcrumbList\",\"@id\":\"https:\/\/rhsuperior.com\/et\/toode\/team-heinla-power-factory-t-sark\/#breadcrumb\",\"itemListElement\":[{\"@type\":\"ListItem\",\"position\":1,\"name\":\"Home\",\"item\":\"https:\/\/rhsuperior.com\/et\/\"},{\"@type\":\"ListItem\",\"position\":2,\"name\":\"Shop\",\"item\":\"https:\/\/rhsuperior.com\/shop\/\"},{\"@type\":\"ListItem\",\"position\":3,\"name\":\"Team Heinla Power Factory\"}]},{\"@type\":\"WebSite\",\"@id\":\"https:\/\/rhsuperior.com\/et\/#website\",\"url\":\"https:\/\/rhsuperior.com\/et\/\",\"name\":\"RHsuperior\",\"description\":\"\",\"publisher\":{\"@id\":\"https:\/\/rhsuperior.com\/et\/#organization\"},\"potentialAction\":[{\"@type\":\"SearchAction\",\"target\":{\"@type\":\"EntryPoint\",\"urlTemplate\":\"https:\/\/rhsuperior.com\/et\/?s={search_term_string}\"},\"query-input\":{\"@type\":\"PropertyValueSpecification\",\"valueRequired\":true,\"valueName\":\"search_term_string\"}}],\"inLanguage\":\"et\"},{\"@type\":\"Organization\",\"@id\":\"https:\/\/rhsuperior.com\/et\/#organization\",\"name\":\"RHsuperior\",\"url\":\"https:\/\/rhsuperior.com\/et\/\",\"logo\":{\"@type\":\"ImageObject\",\"inLanguage\":\"et\",\"@id\":\"https:\/\/rhsuperior.com\/et\/#\/schema\/logo\/image\/\",\"url\":\"https:\/\/rhsuperior.com\/wp-content\/uploads\/2024\/03\/cropped-FullLogo_Transparent-19-1-1.png\",\"contentUrl\":\"https:\/\/rhsuperior.com\/wp-content\/uploads\/2024\/03\/cropped-FullLogo_Transparent-19-1-1.png\",\"width\":1047,\"height\":764,\"caption\":\"RHsuperior\"},\"image\":{\"@id\":\"https:\/\/rhsuperior.com\/et\/#\/schema\/logo\/image\/\"},\"sameAs\":[\"https:\/\/www.facebook.com\/p\/RHsuperior-O-100094380819133\/\"]}]}<\/script>\n<meta property=\"og:availability\" content=\"instock\" \/>\n<meta property=\"product:availability\" content=\"instock\" \/>\n<meta property=\"product:condition\" content=\"new\" \/>\n<!-- \/ Yoast SEO Premium plugin. -->","yoast_head_json":{"title":"Team Heinla Power Factory T-s\u00e4rk | Kujundanud Rauno Heinla","description":"Team Heinla Power Factory T-s\u00e4rk. Saadaval mustas v\u00f5i valges, suurused XS-5XL, mille on kujundanud ja tr\u00fckkinud eliitj\u00f5ustiklane Rauno Heinla.","robots":{"index":"index","follow":"follow","max-snippet":"max-snippet:-1","max-image-preview":"max-image-preview:large","max-video-preview":"max-video-preview:-1"},"canonical":"https:\/\/rhsuperior.com\/et\/toode\/team-heinla-power-factory-t-sark\/","og_locale":"et_EE","og_type":"article","og_title":"Team Heinla Power Factory","og_description":"Team Heinla Power Factory T-Shirt. Available in black or white, sizes XS\u20135XL designed and printed by elite strongman Rauno Heinla.","og_url":"https:\/\/rhsuperior.com\/et\/toode\/team-heinla-power-factory-t-sark\/","og_site_name":"RHsuperior","article_publisher":"https:\/\/www.facebook.com\/p\/RHsuperior-O-100094380819133\/","article_modified_time":"2026-01-22T14:57:28+00:00","og_image":[{"width":1535,"height":2048,"url":"https:\/\/rhsuperior.com\/wp-content\/uploads\/2025\/06\/team-h-.jpg","type":"image\/jpeg"}],"twitter_card":"summary_large_image","twitter_misc":{"Availability":"In stock"},"schema":{"@context":"https:\/\/schema.org","@graph":[{"@type":"WebPage","@id":"https:\/\/rhsuperior.com\/et\/toode\/team-heinla-power-factory-t-sark\/","url":"https:\/\/rhsuperior.com\/et\/toode\/team-heinla-power-factory-t-sark\/","name":"Team Heinla Power Factory T-s\u00e4rk | Kujundanud Rauno Heinla","isPartOf":{"@id":"https:\/\/rhsuperior.com\/et\/#website"},"primaryImageOfPage":{"@id":"https:\/\/rhsuperior.com\/et\/toode\/team-heinla-power-factory-t-sark\/#primaryimage"},"image":{"@id":"https:\/\/rhsuperior.com\/et\/toode\/team-heinla-power-factory-t-sark\/#primaryimage"},"thumbnailUrl":"https:\/\/rhsuperior.com\/wp-content\/uploads\/2025\/06\/team-h-.jpg","datePublished":"2024-04-22T00:06:40+00:00","dateModified":"2026-01-22T14:57:28+00:00","description":"Team Heinla Power Factory T-s\u00e4rk. Saadaval mustas v\u00f5i valges, suurused XS-5XL, mille on kujundanud ja tr\u00fckkinud eliitj\u00f5ustiklane Rauno Heinla.","breadcrumb":{"@id":"https:\/\/rhsuperior.com\/et\/toode\/team-heinla-power-factory-t-sark\/#breadcrumb"},"inLanguage":"et","potentialAction":[{"@type":"ReadAction","target":["https:\/\/rhsuperior.com\/et\/toode\/team-heinla-power-factory-t-sark\/"]}]},{"@type":"ImageObject","inLanguage":"et","@id":"https:\/\/rhsuperior.com\/et\/toode\/team-heinla-power-factory-t-sark\/#primaryimage","url":"https:\/\/rhsuperior.com\/wp-content\/uploads\/2025\/06\/team-h-.jpg","contentUrl":"https:\/\/rhsuperior.com\/wp-content\/uploads\/2025\/06\/team-h-.jpg","width":1535,"height":2048,"caption":"TEAMHEINLA POWER FACTORY"},{"@type":"BreadcrumbList","@id":"https:\/\/rhsuperior.com\/et\/toode\/team-heinla-power-factory-t-sark\/#breadcrumb","itemListElement":[{"@type":"ListItem","position":1,"name":"Home","item":"https:\/\/rhsuperior.com\/et\/"},{"@type":"ListItem","position":2,"name":"Shop","item":"https:\/\/rhsuperior.com\/shop\/"},{"@type":"ListItem","position":3,"name":"Team Heinla Power Factory"}]},{"@type":"WebSite","@id":"https:\/\/rhsuperior.com\/et\/#website","url":"https:\/\/rhsuperior.com\/et\/","name":"RHsuperior","description":"","publisher":{"@id":"https:\/\/rhsuperior.com\/et\/#organization"},"potentialAction":[{"@type":"SearchAction","target":{"@type":"EntryPoint","urlTemplate":"https:\/\/rhsuperior.com\/et\/?s={search_term_string}"},"query-input":{"@type":"PropertyValueSpecification","valueRequired":true,"valueName":"search_term_string"}}],"inLanguage":"et"},{"@type":"Organization","@id":"https:\/\/rhsuperior.com\/et\/#organization","name":"RHsuperior","url":"https:\/\/rhsuperior.com\/et\/","logo":{"@type":"ImageObject","inLanguage":"et","@id":"https:\/\/rhsuperior.com\/et\/#\/schema\/logo\/image\/","url":"https:\/\/rhsuperior.com\/wp-content\/uploads\/2024\/03\/cropped-FullLogo_Transparent-19-1-1.png","contentUrl":"https:\/\/rhsuperior.com\/wp-content\/uploads\/2024\/03\/cropped-FullLogo_Transparent-19-1-1.png","width":1047,"height":764,"caption":"RHsuperior"},"image":{"@id":"https:\/\/rhsuperior.com\/et\/#\/schema\/logo\/image\/"},"sameAs":["https:\/\/www.facebook.com\/p\/RHsuperior-O-100094380819133\/"]}]},"og_availability":"instock","product_availability":"instock","product_condition":"new"},"_links":{"self":[{"href":"https:\/\/rhsuperior.com\/et\/wp-json\/wp\/v2\/product\/1586","targetHints":{"allow":["GET"]}}],"collection":[{"href":"https:\/\/rhsuperior.com\/et\/wp-json\/wp\/v2\/product"}],"about":[{"href":"https:\/\/rhsuperior.com\/et\/wp-json\/wp\/v2\/types\/product"}],"replies":[{"embeddable":true,"href":"https:\/\/rhsuperior.com\/et\/wp-json\/wp\/v2\/comments?post=1586"}],"wp:featuredmedia":[{"embeddable":true,"href":"https:\/\/rhsuperior.com\/et\/wp-json\/wp\/v2\/media\/3783"}],"wp:attachment":[{"href":"https:\/\/rhsuperior.com\/et\/wp-json\/wp\/v2\/media?parent=1586"}],"wp:term":[{"taxonomy":"product_brand","embeddable":true,"href":"https:\/\/rhsuperior.com\/et\/wp-json\/wp\/v2\/product_brand?post=1586"},{"taxonomy":"product_cat","embeddable":true,"href":"https:\/\/rhsuperior.com\/et\/wp-json\/wp\/v2\/product_cat?post=1586"},{"taxonomy":"product_tag","embeddable":true,"href":"https:\/\/rhsuperior.com\/et\/wp-json\/wp\/v2\/product_tag?post=1586"},{"taxonomy":"giftcard-category","embeddable":true,"href":"https:\/\/rhsuperior.com\/et\/wp-json\/wp\/v2\/giftcard-category?post=1586"}],"curies":[{"name":"wp","href":"https:\/\/api.w.org\/{rel}","templated":true}]}}