{"id":2038,"date":"2024-06-30T09:19:09","date_gmt":"2024-06-30T09:19:09","guid":{"rendered":"https:\/\/rhsuperior.com\/?post_type=product&#038;p=2038"},"modified":"2025-07-07T14:23:16","modified_gmt":"2025-07-07T14:23:16","slug":"deadlift-sokid-rauno-heinla","status":"publish","type":"product","link":"https:\/\/rhsuperior.com\/et\/toode\/deadlift-sokid-rauno-heinla\/","title":{"rendered":"Deadlift sokid - punane, sinine, must (suurused 35-46)"},"content":{"rendered":"<p data-start=\"328\" data-end=\"377\"><strong data-start=\"328\" data-end=\"377\">Deadlift sokid - m\u00f5eldud t\u00f5sistele t\u00f5stjatele<\/strong><\/p>\n<p data-start=\"379\" data-end=\"599\">Need j\u00f5udlussokid on loodud sportlastele, kes n\u00f5uavad igast treeningust rohkem. Need sokid pakuvad kaitset, haardumist ja v\u00f5rratut mugavust, olenemata sellest, kas t\u00f5mbad v\u00f5istlusel v\u00f5i treenid k\u00f5vasti j\u00f5usaalis.<\/p>\n<p data-start=\"601\" data-end=\"813\">Iga paar on valmistatud vastupidavast ja hingavast materjalist, mis \u00fchendab endas venivuse, higistavad omadused ja julge stiili. Need on saadaval punases, sinises v\u00f5i mustas v\u00e4rvitoonis ja sobivad ideaalselt nii j\u00f5ut\u00f5stmise kui ka j\u00f5usportlastele.<\/p>\n<p data-start=\"815\" data-end=\"842\"><strong data-start=\"815\" data-end=\"840\">Materjali koostis:<\/strong><\/p>\n<ul data-start=\"843\" data-end=\"985\">\n<li data-start=\"843\" data-end=\"906\">\n<p data-start=\"845\" data-end=\"906\"><strong data-start=\"845\" data-end=\"859\">S\u00e4\u00e4reluu piirkond:<\/strong> 100% pol\u00fcester - tugev ja niiskustjuhtiv<\/p>\n<\/li>\n<li data-start=\"907\" data-end=\"985\">\n<p data-start=\"909\" data-end=\"985\"><strong data-start=\"909\" data-end=\"918\">Jalg:<\/strong> 80% pol\u00fcester, 17% puuvill, 3% elastaan - paindlik ja hingav.<\/p>\n<\/li>\n<\/ul>\n<p data-start=\"987\" data-end=\"999\"><strong data-start=\"987\" data-end=\"997\">Suurused:<\/strong><\/p>\n<ul data-start=\"1000\" data-end=\"1025\">\n<li data-start=\"1000\" data-end=\"1012\">\n<p data-start=\"1002\" data-end=\"1012\">EL 35-40<\/p>\n<\/li>\n<li data-start=\"1013\" data-end=\"1025\">\n<p data-start=\"1015\" data-end=\"1025\">EL 41-46<\/p>\n<\/li>\n<\/ul>\n<p data-start=\"1027\" data-end=\"1174\">Kas te kutsute neid <strong data-start=\"1049\" data-end=\"1066\">t\u00f5stesokid<\/strong> v\u00f5i <strong data-start=\"1070\" data-end=\"1088\">deadlift sokid<\/strong>, selle paari on heaks kiitnud legendaarne j\u00f5umees Rauno Heinla. Treeni targalt, t\u00f5sta k\u00f5vemini.<\/p>\n<p data-start=\"1176\" data-end=\"1220\"><strong data-start=\"1176\" data-end=\"1220\">RHSUPERIOR - tugevus. T\u00e4psus. Stiil.<\/strong><\/p>","protected":false},"excerpt":{"rendered":"<p>Deadlift-sokid on m\u00f5eldud t\u00f5stjatele, kes treenivad sihikindlalt. Valmistatud vastupidavast, hingavast kangast, tugevdatud s\u00e4\u00e4rekaitsega ja v\u00f5lvi toega. Saadaval mustas, sinises ja punases v\u00e4rvitoonis. Suurused 35-40 ja 41-46. Loonud ja heaks kiitnud maailmaklassi j\u00f5umees Rauno Heinla.<\/p>","protected":false},"featured_media":3893,"comment_status":"closed","ping_status":"closed","template":"","meta":{"_acf_changed":false},"product_brand":[],"product_cat":[84,88],"product_tag":[],"giftcard-category":[],"class_list":{"0":"post-2038","1":"product","2":"type-product","3":"status-publish","4":"has-post-thumbnail","6":"product_cat-equipment","7":"product_cat-socks","9":"first","10":"instock","11":"taxable","12":"shipping-taxable","13":"purchasable","14":"product-type-variable"},"acf":[],"yoast_head":"<!-- This site is optimized with the Yoast SEO Premium plugin v25.3.1 (Yoast SEO v25.4) - https:\/\/yoast.com\/wordpress\/plugins\/seo\/ -->\n<title>Deadlift Socks by Rauno Heinla \u2013 Red, Blue &amp; Black<\/title>\n<meta name=\"description\" content=\"Shop Deadlift Socks designed by strongman Rauno Heinla. High-performance socks for lifting in red, blue, or black. Available in EU sizes 35\u201346.\" \/>\n<meta name=\"robots\" content=\"index, follow, max-snippet:-1, max-image-preview:large, max-video-preview:-1\" \/>\n<link rel=\"canonical\" href=\"https:\/\/rhsuperior.com\/et\/toode\/deadlift-sokid-rauno-heinla\/\" \/>\n<meta property=\"og:locale\" content=\"et_EE\" \/>\n<meta property=\"og:type\" content=\"article\" \/>\n<meta property=\"og:title\" content=\"Deadlift Socks \u2013 Red, Blue, Black (Sizes 35\u201346)\" \/>\n<meta property=\"og:description\" content=\"Shop Deadlift Socks designed by strongman Rauno Heinla. High-performance socks for lifting in red, blue, or black. Available in EU sizes 35\u201346.\" \/>\n<meta property=\"og:url\" content=\"https:\/\/rhsuperior.com\/et\/toode\/deadlift-sokid-rauno-heinla\/\" \/>\n<meta property=\"og:site_name\" content=\"RHsuperior\" \/>\n<meta property=\"article:publisher\" content=\"https:\/\/www.facebook.com\/p\/RHsuperior-O-100094380819133\/\" \/>\n<meta property=\"article:modified_time\" content=\"2025-07-07T14:23:16+00:00\" \/>\n<meta property=\"og:image\" content=\"https:\/\/rhsuperior.com\/wp-content\/uploads\/2024\/06\/sok.jpg\" \/>\n\t<meta property=\"og:image:width\" content=\"1535\" \/>\n\t<meta property=\"og:image:height\" content=\"2048\" \/>\n\t<meta property=\"og:image:type\" content=\"image\/jpeg\" \/>\n<meta name=\"twitter:card\" content=\"summary_large_image\" \/>\n<meta name=\"twitter:label1\" content=\"Availability\" \/>\n\t<meta name=\"twitter:data1\" content=\"In stock\" \/>\n<script type=\"application\/ld+json\" class=\"yoast-schema-graph\">{\"@context\":\"https:\/\/schema.org\",\"@graph\":[{\"@type\":[\"WebPage\",\"ItemPage\"],\"@id\":\"https:\/\/rhsuperior.com\/product\/deadlift-socks-rauno-heinla\/\",\"url\":\"https:\/\/rhsuperior.com\/product\/deadlift-socks-rauno-heinla\/\",\"name\":\"Deadlift Socks by Rauno Heinla \u2013 Red, Blue & Black\",\"isPartOf\":{\"@id\":\"https:\/\/rhsuperior.com\/et\/#website\"},\"primaryImageOfPage\":{\"@id\":\"https:\/\/rhsuperior.com\/product\/deadlift-socks-rauno-heinla\/#primaryimage\"},\"image\":{\"@id\":\"https:\/\/rhsuperior.com\/product\/deadlift-socks-rauno-heinla\/#primaryimage\"},\"thumbnailUrl\":\"https:\/\/rhsuperior.com\/wp-content\/uploads\/2024\/06\/sok.jpg\",\"datePublished\":\"2024-06-30T09:19:09+00:00\",\"dateModified\":\"2025-07-07T14:23:16+00:00\",\"description\":\"Shop Deadlift Socks designed by strongman Rauno Heinla. High-performance socks for lifting in red, blue, or black. Available in EU sizes 35\u201346.\",\"breadcrumb\":{\"@id\":\"https:\/\/rhsuperior.com\/product\/deadlift-socks-rauno-heinla\/#breadcrumb\"},\"inLanguage\":\"et\",\"potentialAction\":[{\"@type\":\"ReadAction\",\"target\":[\"https:\/\/rhsuperior.com\/product\/deadlift-socks-rauno-heinla\/\"]}]},{\"@type\":\"ImageObject\",\"inLanguage\":\"et\",\"@id\":\"https:\/\/rhsuperior.com\/product\/deadlift-socks-rauno-heinla\/#primaryimage\",\"url\":\"https:\/\/rhsuperior.com\/wp-content\/uploads\/2024\/06\/sok.jpg\",\"contentUrl\":\"https:\/\/rhsuperior.com\/wp-content\/uploads\/2024\/06\/sok.jpg\",\"width\":1535,\"height\":2048,\"caption\":\"Deadlift Socks in red, blue, and black \u2013 RHSUPERIOR gym wear by Rauno Heinla\"},{\"@type\":\"BreadcrumbList\",\"@id\":\"https:\/\/rhsuperior.com\/product\/deadlift-socks-rauno-heinla\/#breadcrumb\",\"itemListElement\":[{\"@type\":\"ListItem\",\"position\":1,\"name\":\"Home\",\"item\":\"https:\/\/rhsuperior.com\/et\/\"},{\"@type\":\"ListItem\",\"position\":2,\"name\":\"Shop\",\"item\":\"https:\/\/rhsuperior.com\/shop\/\"},{\"@type\":\"ListItem\",\"position\":3,\"name\":\"Deadlift Socks \u2013 Red, Blue, Black (Sizes 35\u201346)\"}]},{\"@type\":\"WebSite\",\"@id\":\"https:\/\/rhsuperior.com\/et\/#website\",\"url\":\"https:\/\/rhsuperior.com\/et\/\",\"name\":\"RHsuperior\",\"description\":\"\",\"publisher\":{\"@id\":\"https:\/\/rhsuperior.com\/et\/#organization\"},\"potentialAction\":[{\"@type\":\"SearchAction\",\"target\":{\"@type\":\"EntryPoint\",\"urlTemplate\":\"https:\/\/rhsuperior.com\/et\/?s={search_term_string}\"},\"query-input\":{\"@type\":\"PropertyValueSpecification\",\"valueRequired\":true,\"valueName\":\"search_term_string\"}}],\"inLanguage\":\"et\"},{\"@type\":\"Organization\",\"@id\":\"https:\/\/rhsuperior.com\/et\/#organization\",\"name\":\"RHsuperior\",\"url\":\"https:\/\/rhsuperior.com\/et\/\",\"logo\":{\"@type\":\"ImageObject\",\"inLanguage\":\"et\",\"@id\":\"https:\/\/rhsuperior.com\/et\/#\/schema\/logo\/image\/\",\"url\":\"https:\/\/rhsuperior.com\/wp-content\/uploads\/2024\/03\/cropped-MUSTA-LOGO-1-e1718311252742.png\",\"contentUrl\":\"https:\/\/rhsuperior.com\/wp-content\/uploads\/2024\/03\/cropped-MUSTA-LOGO-1-e1718311252742.png\",\"width\":981,\"height\":689,\"caption\":\"RHsuperior\"},\"image\":{\"@id\":\"https:\/\/rhsuperior.com\/et\/#\/schema\/logo\/image\/\"},\"sameAs\":[\"https:\/\/www.facebook.com\/p\/RHsuperior-O-100094380819133\/\"]}]}<\/script>\n<meta property=\"og:availability\" content=\"instock\" \/>\n<meta property=\"product:availability\" content=\"instock\" \/>\n<meta property=\"product:condition\" content=\"new\" \/>\n<!-- \/ Yoast SEO Premium plugin. -->","yoast_head_json":{"title":"Rauno Heinla Deadlift sokid - Punane, sinine ja must","description":"Pood Deadlift sokid, mille on kujundanud j\u00f5umees Rauno Heinla. K\u00f5rge j\u00f5udlusega sokid t\u00f5stmiseks punases, sinises v\u00f5i mustas v\u00e4rvitoonis. Saadaval ELi suurustes 35-46.","robots":{"index":"index","follow":"follow","max-snippet":"max-snippet:-1","max-image-preview":"max-image-preview:large","max-video-preview":"max-video-preview:-1"},"canonical":"https:\/\/rhsuperior.com\/et\/toode\/deadlift-sokid-rauno-heinla\/","og_locale":"et_EE","og_type":"article","og_title":"Deadlift Socks \u2013 Red, Blue, Black (Sizes 35\u201346)","og_description":"Shop Deadlift Socks designed by strongman Rauno Heinla. High-performance socks for lifting in red, blue, or black. Available in EU sizes 35\u201346.","og_url":"https:\/\/rhsuperior.com\/et\/toode\/deadlift-sokid-rauno-heinla\/","og_site_name":"RHsuperior","article_publisher":"https:\/\/www.facebook.com\/p\/RHsuperior-O-100094380819133\/","article_modified_time":"2025-07-07T14:23:16+00:00","og_image":[{"width":1535,"height":2048,"url":"https:\/\/rhsuperior.com\/wp-content\/uploads\/2024\/06\/sok.jpg","type":"image\/jpeg"}],"twitter_card":"summary_large_image","twitter_misc":{"Availability":"In stock"},"schema":{"@context":"https:\/\/schema.org","@graph":[{"@type":["WebPage","ItemPage"],"@id":"https:\/\/rhsuperior.com\/product\/deadlift-socks-rauno-heinla\/","url":"https:\/\/rhsuperior.com\/product\/deadlift-socks-rauno-heinla\/","name":"Rauno Heinla Deadlift sokid - Punane, sinine ja must","isPartOf":{"@id":"https:\/\/rhsuperior.com\/et\/#website"},"primaryImageOfPage":{"@id":"https:\/\/rhsuperior.com\/product\/deadlift-socks-rauno-heinla\/#primaryimage"},"image":{"@id":"https:\/\/rhsuperior.com\/product\/deadlift-socks-rauno-heinla\/#primaryimage"},"thumbnailUrl":"https:\/\/rhsuperior.com\/wp-content\/uploads\/2024\/06\/sok.jpg","datePublished":"2024-06-30T09:19:09+00:00","dateModified":"2025-07-07T14:23:16+00:00","description":"Pood Deadlift sokid, mille on kujundanud j\u00f5umees Rauno Heinla. K\u00f5rge j\u00f5udlusega sokid t\u00f5stmiseks punases, sinises v\u00f5i mustas v\u00e4rvitoonis. Saadaval ELi suurustes 35-46.","breadcrumb":{"@id":"https:\/\/rhsuperior.com\/product\/deadlift-socks-rauno-heinla\/#breadcrumb"},"inLanguage":"et","potentialAction":[{"@type":"ReadAction","target":["https:\/\/rhsuperior.com\/product\/deadlift-socks-rauno-heinla\/"]}]},{"@type":"ImageObject","inLanguage":"et","@id":"https:\/\/rhsuperior.com\/product\/deadlift-socks-rauno-heinla\/#primaryimage","url":"https:\/\/rhsuperior.com\/wp-content\/uploads\/2024\/06\/sok.jpg","contentUrl":"https:\/\/rhsuperior.com\/wp-content\/uploads\/2024\/06\/sok.jpg","width":1535,"height":2048,"caption":"Deadlift Socks in red, blue, and black \u2013 RHSUPERIOR gym wear by Rauno Heinla"},{"@type":"BreadcrumbList","@id":"https:\/\/rhsuperior.com\/product\/deadlift-socks-rauno-heinla\/#breadcrumb","itemListElement":[{"@type":"ListItem","position":1,"name":"Home","item":"https:\/\/rhsuperior.com\/et\/"},{"@type":"ListItem","position":2,"name":"Shop","item":"https:\/\/rhsuperior.com\/shop\/"},{"@type":"ListItem","position":3,"name":"Deadlift Socks \u2013 Red, Blue, Black (Sizes 35\u201346)"}]},{"@type":"WebSite","@id":"https:\/\/rhsuperior.com\/et\/#website","url":"https:\/\/rhsuperior.com\/et\/","name":"RHsuperior","description":"","publisher":{"@id":"https:\/\/rhsuperior.com\/et\/#organization"},"potentialAction":[{"@type":"SearchAction","target":{"@type":"EntryPoint","urlTemplate":"https:\/\/rhsuperior.com\/et\/?s={search_term_string}"},"query-input":{"@type":"PropertyValueSpecification","valueRequired":true,"valueName":"search_term_string"}}],"inLanguage":"et"},{"@type":"Organization","@id":"https:\/\/rhsuperior.com\/et\/#organization","name":"RHsuperior","url":"https:\/\/rhsuperior.com\/et\/","logo":{"@type":"ImageObject","inLanguage":"et","@id":"https:\/\/rhsuperior.com\/et\/#\/schema\/logo\/image\/","url":"https:\/\/rhsuperior.com\/wp-content\/uploads\/2024\/03\/cropped-MUSTA-LOGO-1-e1718311252742.png","contentUrl":"https:\/\/rhsuperior.com\/wp-content\/uploads\/2024\/03\/cropped-MUSTA-LOGO-1-e1718311252742.png","width":981,"height":689,"caption":"RHsuperior"},"image":{"@id":"https:\/\/rhsuperior.com\/et\/#\/schema\/logo\/image\/"},"sameAs":["https:\/\/www.facebook.com\/p\/RHsuperior-O-100094380819133\/"]}]},"og_availability":"instock","product_availability":"instock","product_condition":"new"},"_links":{"self":[{"href":"https:\/\/rhsuperior.com\/et\/wp-json\/wp\/v2\/product\/2038","targetHints":{"allow":["GET"]}}],"collection":[{"href":"https:\/\/rhsuperior.com\/et\/wp-json\/wp\/v2\/product"}],"about":[{"href":"https:\/\/rhsuperior.com\/et\/wp-json\/wp\/v2\/types\/product"}],"replies":[{"embeddable":true,"href":"https:\/\/rhsuperior.com\/et\/wp-json\/wp\/v2\/comments?post=2038"}],"wp:featuredmedia":[{"embeddable":true,"href":"https:\/\/rhsuperior.com\/et\/wp-json\/wp\/v2\/media\/3893"}],"wp:attachment":[{"href":"https:\/\/rhsuperior.com\/et\/wp-json\/wp\/v2\/media?parent=2038"}],"wp:term":[{"taxonomy":"product_brand","embeddable":true,"href":"https:\/\/rhsuperior.com\/et\/wp-json\/wp\/v2\/product_brand?post=2038"},{"taxonomy":"product_cat","embeddable":true,"href":"https:\/\/rhsuperior.com\/et\/wp-json\/wp\/v2\/product_cat?post=2038"},{"taxonomy":"product_tag","embeddable":true,"href":"https:\/\/rhsuperior.com\/et\/wp-json\/wp\/v2\/product_tag?post=2038"},{"taxonomy":"giftcard-category","embeddable":true,"href":"https:\/\/rhsuperior.com\/et\/wp-json\/wp\/v2\/giftcard-category?post=2038"}],"curies":[{"name":"wp","href":"https:\/\/api.w.org\/{rel}","templated":true}]}}