{"id":2188,"date":"2024-10-30T16:15:24","date_gmt":"2024-10-30T16:15:24","guid":{"rendered":"https:\/\/rhsuperior.com\/?post_type=product&#038;p=2188"},"modified":"2025-07-06T23:25:01","modified_gmt":"2025-07-06T23:25:01","slug":"dl-t-sark-deadlift-inspireeritud-tugevus","status":"publish","type":"product","link":"https:\/\/rhsuperior.com\/et\/toode\/dl-t-sark-deadlift-inspireeritud-tugevus\/","title":{"rendered":"DL T-s\u00e4rk - Rauno Heinla poolt loodud Deadlift inspireeritud j\u00f5us\u00e4rk"},"content":{"rendered":"<p data-start=\"298\" data-end=\"594\">DL T-s\u00e4rk - Deadlift-Inspired Strength on puhas, keskendunud austusavaldus toorele j\u00f5ule. See minimalistlik deadlift-s\u00e4rk on disainitud ja tr\u00fckitud eliitj\u00f5ut\u00f5stja Rauno Heinla poolt ja r\u00e4\u00e4gib v\u00e4hemaga palju. Rinnal on keskne deadlift'i siluett, mis sobib ideaalselt t\u00f5stjatele, kes hindavad lihtsust, j\u00f5udu ja eesm\u00e4rki.<\/p>\n<p data-start=\"596\" data-end=\"892\">DL T-s\u00e4rk on valmistatud pehmest ja vastupidavast 100% r\u00f5ngaspunasest puuvillast (185 g\/m\u00b2), mis tagab hingava mugavuse ja kauakestva kandmise. Eelp\u00f5letatud kangas hoiab oma kuju ka intensiivsete treeningute ja sagedaste pesude ajal, samas kui tavaline l\u00f5ige v\u00f5imaldab t\u00e4ielikku liikumisvabadust j\u00f5usaalis v\u00f5i puhkep\u00e4evadel.<\/p>\n<p data-start=\"894\" data-end=\"1038\">Olenemata sellest, kas t\u00f5mbad uut rekordit, treenid sportlasi v\u00f5i lihtsalt esindad oma elustiili, DL T-s\u00e4rk pakub vaikset j\u00f5udu - ilma kompromissideta.<\/p>\n<hr data-start=\"1040\" data-end=\"1043\" \/>\n<p data-start=\"1045\" data-end=\"1062\"><strong data-start=\"1045\" data-end=\"1062\">Peamised omadused:<\/strong><\/p>\n<ul data-start=\"1063\" data-end=\"1387\">\n<li data-start=\"1063\" data-end=\"1126\">\n<p data-start=\"1065\" data-end=\"1126\">Materjal: 100% puuvill (eelnevalt kokkut\u00f5mmatud, ringkeeratud \u00fchekordne trikotaa\u017e).<\/p>\n<\/li>\n<li data-start=\"1127\" data-end=\"1154\">\n<p data-start=\"1129\" data-end=\"1154\">Kanga kaal: 185 g\/m\u00b2<\/p>\n<\/li>\n<li data-start=\"1155\" data-end=\"1184\">\n<p data-start=\"1157\" data-end=\"1184\">Sobib: Sportlik sobivus: Tavaline sportlik sobivus<\/p>\n<\/li>\n<li data-start=\"1185\" data-end=\"1250\">\n<p data-start=\"1187\" data-end=\"1250\">Graafik: Minimalistlik deadlift siluett tr\u00fckk keskel rinnal.<\/p>\n<\/li>\n<li data-start=\"1251\" data-end=\"1271\">\n<p data-start=\"1253\" data-end=\"1271\">Suurused: XS kuni 5XL<\/p>\n<\/li>\n<li data-start=\"1272\" data-end=\"1309\">\n<p data-start=\"1274\" data-end=\"1309\">Hooldus: Pesu: masinpesu kuni 40\u00b0C<\/p>\n<\/li>\n<li data-start=\"1310\" data-end=\"1336\">\n<p data-start=\"1312\" data-end=\"1336\">V\u00e4rvid: V\u00e4rvid: Must v\u00f5i valge<\/p>\n<\/li>\n<li data-start=\"1337\" data-end=\"1387\">\n<p data-start=\"1339\" data-end=\"1387\">Allkiri: Heinla: Loonud ja tr\u00fckkinud Rauno Heinla<\/p>\n<\/li>\n<\/ul>\n<p data-start=\"1389\" data-end=\"1470\"><strong data-start=\"1389\" data-end=\"1423\">Minimalistlik. V\u00f5imas. Keskendunud. DL T-s\u00e4rk - Deadlift-inspireeritud tugevus<\/strong><\/p>\n<hr data-start=\"1472\" data-end=\"1475\" \/>","protected":false},"excerpt":{"rendered":"<p>DL T-s\u00e4rk Rauno Heinla poolt - minimalistlik surut\u00f5stmise s\u00e4rk, mis on esmaklassilise puuvillase mugavuse ja puhta disainiga. Loodud keskendunud t\u00f5stjatele, kes eelistavad v\u00e4hem juttu, rohkem j\u00f5udu.<\/p>","protected":false},"featured_media":2197,"comment_status":"closed","ping_status":"closed","template":"","meta":{"_acf_changed":false},"product_brand":[],"product_cat":[83,43],"product_tag":[],"giftcard-category":[],"class_list":{"0":"post-2188","1":"product","2":"type-product","3":"status-publish","4":"has-post-thumbnail","6":"product_cat-clothing","7":"product_cat-shirts","9":"first","10":"instock","11":"sale","12":"taxable","13":"shipping-taxable","14":"purchasable","15":"product-type-variable"},"acf":[],"yoast_head":"<!-- This site is optimized with the Yoast SEO Premium plugin v25.3.1 (Yoast SEO v25.4) - https:\/\/yoast.com\/wordpress\/plugins\/seo\/ -->\n<title>DL T-Shirt \u2013 Deadlift-Inspired Strength Shirt by Rauno Heinla<\/title>\n<meta name=\"description\" content=\"DL T-Shirt \u2013 Deadlift-Inspired Strength shirt featuring a centered deadlift silhouette. 100% cotton, pre-shrunk, breathable, and built for lifters.\" \/>\n<meta name=\"robots\" content=\"index, follow, max-snippet:-1, max-image-preview:large, max-video-preview:-1\" \/>\n<link rel=\"canonical\" href=\"https:\/\/rhsuperior.com\/et\/toode\/dl-t-sark-deadlift-inspireeritud-tugevus\/\" \/>\n<meta property=\"og:locale\" content=\"et_EE\" \/>\n<meta property=\"og:type\" content=\"article\" \/>\n<meta property=\"og:title\" content=\"DL T-Shirt \u2013 Deadlift-Inspired Strength Shirt by Rauno Heinla\" \/>\n<meta property=\"og:description\" content=\"DL T-Shirt \u2013 Deadlift-Inspired Strength shirt featuring a centered deadlift silhouette. 100% cotton, pre-shrunk, breathable, and built for lifters.\" \/>\n<meta property=\"og:url\" content=\"https:\/\/rhsuperior.com\/et\/toode\/dl-t-sark-deadlift-inspireeritud-tugevus\/\" \/>\n<meta property=\"og:site_name\" content=\"RHsuperior\" \/>\n<meta property=\"article:publisher\" content=\"https:\/\/www.facebook.com\/p\/RHsuperior-O-100094380819133\/\" \/>\n<meta property=\"article:modified_time\" content=\"2025-07-06T23:25:01+00:00\" \/>\n<meta property=\"og:image\" content=\"https:\/\/rhsuperior.com\/wp-content\/uploads\/2024\/10\/Untitled-design.jpg\" \/>\n\t<meta property=\"og:image:width\" content=\"2019\" \/>\n\t<meta property=\"og:image:height\" content=\"1776\" \/>\n\t<meta property=\"og:image:type\" content=\"image\/jpeg\" \/>\n<meta name=\"twitter:card\" content=\"summary_large_image\" \/>\n<meta name=\"twitter:label1\" content=\"Availability\" \/>\n\t<meta name=\"twitter:data1\" content=\"In stock\" \/>\n<script type=\"application\/ld+json\" class=\"yoast-schema-graph\">{\"@context\":\"https:\/\/schema.org\",\"@graph\":[{\"@type\":\"WebPage\",\"@id\":\"https:\/\/rhsuperior.com\/product\/dl-t-shirt-deadlift-inspired-strength\/\",\"url\":\"https:\/\/rhsuperior.com\/product\/dl-t-shirt-deadlift-inspired-strength\/\",\"name\":\"DL T-Shirt \u2013 Deadlift-Inspired Strength Shirt by Rauno Heinla\",\"isPartOf\":{\"@id\":\"https:\/\/rhsuperior.com\/et\/#website\"},\"primaryImageOfPage\":{\"@id\":\"https:\/\/rhsuperior.com\/product\/dl-t-shirt-deadlift-inspired-strength\/#primaryimage\"},\"image\":{\"@id\":\"https:\/\/rhsuperior.com\/product\/dl-t-shirt-deadlift-inspired-strength\/#primaryimage\"},\"thumbnailUrl\":\"https:\/\/rhsuperior.com\/wp-content\/uploads\/2024\/10\/Untitled-design.jpg\",\"datePublished\":\"2024-10-30T16:15:24+00:00\",\"dateModified\":\"2025-07-06T23:25:01+00:00\",\"description\":\"DL T-Shirt \u2013 Deadlift-Inspired Strength shirt featuring a centered deadlift silhouette. 100% cotton, pre-shrunk, breathable, and built for lifters.\",\"breadcrumb\":{\"@id\":\"https:\/\/rhsuperior.com\/product\/dl-t-shirt-deadlift-inspired-strength\/#breadcrumb\"},\"inLanguage\":\"et\",\"potentialAction\":[{\"@type\":\"ReadAction\",\"target\":[\"https:\/\/rhsuperior.com\/product\/dl-t-shirt-deadlift-inspired-strength\/\"]}]},{\"@type\":\"ImageObject\",\"inLanguage\":\"et\",\"@id\":\"https:\/\/rhsuperior.com\/product\/dl-t-shirt-deadlift-inspired-strength\/#primaryimage\",\"url\":\"https:\/\/rhsuperior.com\/wp-content\/uploads\/2024\/10\/Untitled-design.jpg\",\"contentUrl\":\"https:\/\/rhsuperior.com\/wp-content\/uploads\/2024\/10\/Untitled-design.jpg\",\"width\":2019,\"height\":1776,\"caption\":\"DL T-Shirt \u2013 minimalist deadlift silhouette gym shirt by Rauno Heinla\"},{\"@type\":\"BreadcrumbList\",\"@id\":\"https:\/\/rhsuperior.com\/product\/dl-t-shirt-deadlift-inspired-strength\/#breadcrumb\",\"itemListElement\":[{\"@type\":\"ListItem\",\"position\":1,\"name\":\"Home\",\"item\":\"https:\/\/rhsuperior.com\/et\/\"},{\"@type\":\"ListItem\",\"position\":2,\"name\":\"Shop\",\"item\":\"https:\/\/rhsuperior.com\/shop\/\"},{\"@type\":\"ListItem\",\"position\":3,\"name\":\"DL T-Shirt \u2013 Deadlift-Inspired Strength Shirt by Rauno Heinla\"}]},{\"@type\":\"WebSite\",\"@id\":\"https:\/\/rhsuperior.com\/et\/#website\",\"url\":\"https:\/\/rhsuperior.com\/et\/\",\"name\":\"RHsuperior\",\"description\":\"\",\"publisher\":{\"@id\":\"https:\/\/rhsuperior.com\/et\/#organization\"},\"potentialAction\":[{\"@type\":\"SearchAction\",\"target\":{\"@type\":\"EntryPoint\",\"urlTemplate\":\"https:\/\/rhsuperior.com\/et\/?s={search_term_string}\"},\"query-input\":{\"@type\":\"PropertyValueSpecification\",\"valueRequired\":true,\"valueName\":\"search_term_string\"}}],\"inLanguage\":\"et\"},{\"@type\":\"Organization\",\"@id\":\"https:\/\/rhsuperior.com\/et\/#organization\",\"name\":\"RHsuperior\",\"url\":\"https:\/\/rhsuperior.com\/et\/\",\"logo\":{\"@type\":\"ImageObject\",\"inLanguage\":\"et\",\"@id\":\"https:\/\/rhsuperior.com\/et\/#\/schema\/logo\/image\/\",\"url\":\"https:\/\/rhsuperior.com\/wp-content\/uploads\/2024\/03\/cropped-FullLogo_Transparent-19-1-1.png\",\"contentUrl\":\"https:\/\/rhsuperior.com\/wp-content\/uploads\/2024\/03\/cropped-FullLogo_Transparent-19-1-1.png\",\"width\":1047,\"height\":764,\"caption\":\"RHsuperior\"},\"image\":{\"@id\":\"https:\/\/rhsuperior.com\/et\/#\/schema\/logo\/image\/\"},\"sameAs\":[\"https:\/\/www.facebook.com\/p\/RHsuperior-O-100094380819133\/\"]}]}<\/script>\n<meta property=\"og:availability\" content=\"instock\" \/>\n<meta property=\"product:availability\" content=\"instock\" \/>\n<meta property=\"product:condition\" content=\"new\" \/>\n<!-- \/ Yoast SEO Premium plugin. -->","yoast_head_json":{"title":"DL T-s\u00e4rk - Rauno Heinla poolt loodud Deadlift inspireeritud j\u00f5us\u00e4rk","description":"DL T-s\u00e4rk - Deadlift-inspireeritud j\u00f5us\u00e4rk, millel on keskne deadlift'i siluett. 100% puuvillane, eelnevalt kokkut\u00f5mmatud, hingav ja t\u00f5stjatele loodud.","robots":{"index":"index","follow":"follow","max-snippet":"max-snippet:-1","max-image-preview":"max-image-preview:large","max-video-preview":"max-video-preview:-1"},"canonical":"https:\/\/rhsuperior.com\/et\/toode\/dl-t-sark-deadlift-inspireeritud-tugevus\/","og_locale":"et_EE","og_type":"article","og_title":"DL T-Shirt \u2013 Deadlift-Inspired Strength Shirt by Rauno Heinla","og_description":"DL T-Shirt \u2013 Deadlift-Inspired Strength shirt featuring a centered deadlift silhouette. 100% cotton, pre-shrunk, breathable, and built for lifters.","og_url":"https:\/\/rhsuperior.com\/et\/toode\/dl-t-sark-deadlift-inspireeritud-tugevus\/","og_site_name":"RHsuperior","article_publisher":"https:\/\/www.facebook.com\/p\/RHsuperior-O-100094380819133\/","article_modified_time":"2025-07-06T23:25:01+00:00","og_image":[{"width":2019,"height":1776,"url":"https:\/\/rhsuperior.com\/wp-content\/uploads\/2024\/10\/Untitled-design.jpg","type":"image\/jpeg"}],"twitter_card":"summary_large_image","twitter_misc":{"Availability":"In stock"},"schema":{"@context":"https:\/\/schema.org","@graph":[{"@type":"WebPage","@id":"https:\/\/rhsuperior.com\/product\/dl-t-shirt-deadlift-inspired-strength\/","url":"https:\/\/rhsuperior.com\/product\/dl-t-shirt-deadlift-inspired-strength\/","name":"DL T-s\u00e4rk - Rauno Heinla poolt loodud Deadlift inspireeritud j\u00f5us\u00e4rk","isPartOf":{"@id":"https:\/\/rhsuperior.com\/et\/#website"},"primaryImageOfPage":{"@id":"https:\/\/rhsuperior.com\/product\/dl-t-shirt-deadlift-inspired-strength\/#primaryimage"},"image":{"@id":"https:\/\/rhsuperior.com\/product\/dl-t-shirt-deadlift-inspired-strength\/#primaryimage"},"thumbnailUrl":"https:\/\/rhsuperior.com\/wp-content\/uploads\/2024\/10\/Untitled-design.jpg","datePublished":"2024-10-30T16:15:24+00:00","dateModified":"2025-07-06T23:25:01+00:00","description":"DL T-s\u00e4rk - Deadlift-inspireeritud j\u00f5us\u00e4rk, millel on keskne deadlift'i siluett. 100% puuvillane, eelnevalt kokkut\u00f5mmatud, hingav ja t\u00f5stjatele loodud.","breadcrumb":{"@id":"https:\/\/rhsuperior.com\/product\/dl-t-shirt-deadlift-inspired-strength\/#breadcrumb"},"inLanguage":"et","potentialAction":[{"@type":"ReadAction","target":["https:\/\/rhsuperior.com\/product\/dl-t-shirt-deadlift-inspired-strength\/"]}]},{"@type":"ImageObject","inLanguage":"et","@id":"https:\/\/rhsuperior.com\/product\/dl-t-shirt-deadlift-inspired-strength\/#primaryimage","url":"https:\/\/rhsuperior.com\/wp-content\/uploads\/2024\/10\/Untitled-design.jpg","contentUrl":"https:\/\/rhsuperior.com\/wp-content\/uploads\/2024\/10\/Untitled-design.jpg","width":2019,"height":1776,"caption":"DL T-Shirt \u2013 minimalist deadlift silhouette gym shirt by Rauno Heinla"},{"@type":"BreadcrumbList","@id":"https:\/\/rhsuperior.com\/product\/dl-t-shirt-deadlift-inspired-strength\/#breadcrumb","itemListElement":[{"@type":"ListItem","position":1,"name":"Home","item":"https:\/\/rhsuperior.com\/et\/"},{"@type":"ListItem","position":2,"name":"Shop","item":"https:\/\/rhsuperior.com\/shop\/"},{"@type":"ListItem","position":3,"name":"DL T-Shirt \u2013 Deadlift-Inspired Strength Shirt by Rauno Heinla"}]},{"@type":"WebSite","@id":"https:\/\/rhsuperior.com\/et\/#website","url":"https:\/\/rhsuperior.com\/et\/","name":"RHsuperior","description":"","publisher":{"@id":"https:\/\/rhsuperior.com\/et\/#organization"},"potentialAction":[{"@type":"SearchAction","target":{"@type":"EntryPoint","urlTemplate":"https:\/\/rhsuperior.com\/et\/?s={search_term_string}"},"query-input":{"@type":"PropertyValueSpecification","valueRequired":true,"valueName":"search_term_string"}}],"inLanguage":"et"},{"@type":"Organization","@id":"https:\/\/rhsuperior.com\/et\/#organization","name":"RHsuperior","url":"https:\/\/rhsuperior.com\/et\/","logo":{"@type":"ImageObject","inLanguage":"et","@id":"https:\/\/rhsuperior.com\/et\/#\/schema\/logo\/image\/","url":"https:\/\/rhsuperior.com\/wp-content\/uploads\/2024\/03\/cropped-FullLogo_Transparent-19-1-1.png","contentUrl":"https:\/\/rhsuperior.com\/wp-content\/uploads\/2024\/03\/cropped-FullLogo_Transparent-19-1-1.png","width":1047,"height":764,"caption":"RHsuperior"},"image":{"@id":"https:\/\/rhsuperior.com\/et\/#\/schema\/logo\/image\/"},"sameAs":["https:\/\/www.facebook.com\/p\/RHsuperior-O-100094380819133\/"]}]},"og_availability":"instock","product_availability":"instock","product_condition":"new"},"_links":{"self":[{"href":"https:\/\/rhsuperior.com\/et\/wp-json\/wp\/v2\/product\/2188","targetHints":{"allow":["GET"]}}],"collection":[{"href":"https:\/\/rhsuperior.com\/et\/wp-json\/wp\/v2\/product"}],"about":[{"href":"https:\/\/rhsuperior.com\/et\/wp-json\/wp\/v2\/types\/product"}],"replies":[{"embeddable":true,"href":"https:\/\/rhsuperior.com\/et\/wp-json\/wp\/v2\/comments?post=2188"}],"wp:featuredmedia":[{"embeddable":true,"href":"https:\/\/rhsuperior.com\/et\/wp-json\/wp\/v2\/media\/2197"}],"wp:attachment":[{"href":"https:\/\/rhsuperior.com\/et\/wp-json\/wp\/v2\/media?parent=2188"}],"wp:term":[{"taxonomy":"product_brand","embeddable":true,"href":"https:\/\/rhsuperior.com\/et\/wp-json\/wp\/v2\/product_brand?post=2188"},{"taxonomy":"product_cat","embeddable":true,"href":"https:\/\/rhsuperior.com\/et\/wp-json\/wp\/v2\/product_cat?post=2188"},{"taxonomy":"product_tag","embeddable":true,"href":"https:\/\/rhsuperior.com\/et\/wp-json\/wp\/v2\/product_tag?post=2188"},{"taxonomy":"giftcard-category","embeddable":true,"href":"https:\/\/rhsuperior.com\/et\/wp-json\/wp\/v2\/giftcard-category?post=2188"}],"curies":[{"name":"wp","href":"https:\/\/api.w.org\/{rel}","templated":true}]}}