{"id":2216,"date":"2024-11-03T22:51:59","date_gmt":"2024-11-03T22:51:59","guid":{"rendered":"https:\/\/rhsuperior.com\/?post_type=product&#038;p=2216"},"modified":"2025-07-06T19:32:55","modified_gmt":"2025-07-06T19:32:55","slug":"deadlift-power-t-sark","status":"publish","type":"product","link":"https:\/\/rhsuperior.com\/et\/toode\/deadlift-power-t-sark\/","title":{"rendered":"Deadlift Power T-s\u00e4rk"},"content":{"rendered":"<h2 data-start=\"211\" data-end=\"267\"><strong data-start=\"214\" data-end=\"267\">Deadlift Power T-s\u00e4rk - kujundanud Rauno Heinla<\/strong><\/h2>\n<p data-start=\"269\" data-end=\"447\">Selles h\u00e4davajalikus koolituses kohtuvad v\u00f5imsus ja lihtsus. MASTERi maailmarekordiomaniku Rauno Heinla loodud esmaklassiline puuvillane s\u00e4rk \u00fchendab endas mugavuse, vastupidavuse ja tugevusele suunatud disaini.<\/p>\n<p data-start=\"449\" data-end=\"695\">See on valmistatud 185 g\/m\u00b2 eelp\u00f5letatud \u00fchekordsest trikotaa\u017eist, mis pakub normaalset istuvust, mis toetab t\u00e4ielikku liikumisulatust raskete t\u00f5ste v\u00f5i puhkep\u00e4evade ajal. Puhas esik\u00fclje graafika peegeldab t\u00f5siste sportlaste m\u00f5tteviisi - vaikne enesekindlus, maksimaalne pingutus.<\/p>\n<h3 data-start=\"697\" data-end=\"718\"><strong data-start=\"701\" data-end=\"718\">Peamised omadused:<\/strong><\/h3>\n<ul data-start=\"720\" data-end=\"1007\">\n<li data-start=\"720\" data-end=\"767\">\n<p data-start=\"722\" data-end=\"767\">Materjal: 100% r\u00f5ngaspunetud, eelnevalt kokkut\u00f5mmatud puuvillast.<\/p>\n<\/li>\n<li data-start=\"768\" data-end=\"813\">\n<p data-start=\"770\" data-end=\"813\">Kaal: 185 g\/m\u00b2 - vastupidav, kuid hingav<\/p>\n<\/li>\n<li data-start=\"814\" data-end=\"857\">\n<p data-start=\"816\" data-end=\"857\">Sobib: Tavaline, unisex sobivus - sobib suurusele<\/p>\n<\/li>\n<li data-start=\"858\" data-end=\"912\">\n<p data-start=\"860\" data-end=\"912\">Graafik: Rauno Heinla poolt kujundatud minimalistlik tr\u00fckis.<\/p>\n<\/li>\n<li data-start=\"913\" data-end=\"950\">\n<p data-start=\"915\" data-end=\"950\">Hooldus: Pesu: masinpesu kuni 40\u00b0C<\/p>\n<\/li>\n<li data-start=\"951\" data-end=\"1007\">\n<p data-start=\"953\" data-end=\"1007\">Stiil: T\u00e4iuslik spordisaali, v\u00f5istlustele v\u00f5i vabaaja kandmiseks.<\/p>\n<\/li>\n<\/ul>\n<p data-start=\"1009\" data-end=\"1147\">Olenemata sellest, kas jahtid uut isiklikku rekordit v\u00f5i esindad j\u00f5udu v\u00e4ljaspool j\u00f5usaali, see s\u00e4rk pakub mugavust ja keskendumist igal kordusel.<\/p>\n<p data-start=\"1149\" data-end=\"1194\"><strong data-start=\"1149\" data-end=\"1194\">N\u00e4ita, millest sa tehtud oled. Kandke v\u00f5imu.<\/strong><\/p>","protected":false},"excerpt":{"rendered":"<p>Deadlift Power T-s\u00e4rk on j\u00f5ut\u00f5stja disainitud s\u00e4rk, mis \u00fchendab j\u00f5udluse ja lihtsuse. Puhta tr\u00fckiga ja 185 g\/m\u00b2 puuvillasest kangast, pakub see stiili ja j\u00f5udu t\u00f5stjatele, kes v\u00f5tavad oma treeninguid t\u00f5siselt.<\/p>","protected":false},"featured_media":2997,"comment_status":"closed","ping_status":"closed","template":"","meta":{"_acf_changed":false},"product_brand":[],"product_cat":[83,43],"product_tag":[],"giftcard-category":[],"class_list":{"0":"post-2216","1":"product","2":"type-product","3":"status-publish","4":"has-post-thumbnail","6":"product_cat-clothing","7":"product_cat-shirts","9":"first","10":"instock","11":"taxable","12":"shipping-taxable","13":"purchasable","14":"product-type-variable"},"acf":[],"yoast_head":"<!-- This site is optimized with the Yoast SEO Premium plugin v25.3.1 (Yoast SEO v25.4) - https:\/\/yoast.com\/wordpress\/plugins\/seo\/ -->\n<title>Deadlift Power T-Shirt \u2013 Lift Strong in Style by Rauno Heinla<\/title>\n<meta name=\"description\" content=\"Deadlift Power T-Shirt \u2013 minimalist gym shirt designed and printed by Rauno Heinla. 100% cotton, Built for serious lifters. Show what you&#039;re made of\" \/>\n<meta name=\"robots\" content=\"index, follow, max-snippet:-1, max-image-preview:large, max-video-preview:-1\" \/>\n<link rel=\"canonical\" href=\"https:\/\/rhsuperior.com\/et\/toode\/deadlift-power-t-sark\/\" \/>\n<meta property=\"og:locale\" content=\"et_EE\" \/>\n<meta property=\"og:type\" content=\"article\" \/>\n<meta property=\"og:title\" content=\"Deadlift Power T-Shirt\" \/>\n<meta property=\"og:description\" content=\"Deadlift Power T-Shirt \u2013 minimalist gym shirt designed and printed by Rauno Heinla. 100% cotton, Built for serious lifters. Show what you&#039;re made of\" \/>\n<meta property=\"og:url\" content=\"https:\/\/rhsuperior.com\/et\/toode\/deadlift-power-t-sark\/\" \/>\n<meta property=\"og:site_name\" content=\"RHsuperior\" \/>\n<meta property=\"article:publisher\" content=\"https:\/\/www.facebook.com\/p\/RHsuperior-O-100094380819133\/\" \/>\n<meta property=\"article:modified_time\" content=\"2025-07-06T19:32:55+00:00\" \/>\n<meta property=\"og:image\" content=\"https:\/\/rhsuperior.com\/wp-content\/uploads\/2024\/11\/Deadlift-power-2m.jpg\" \/>\n\t<meta property=\"og:image:width\" content=\"1179\" \/>\n\t<meta property=\"og:image:height\" content=\"1168\" \/>\n\t<meta property=\"og:image:type\" content=\"image\/jpeg\" \/>\n<meta name=\"twitter:card\" content=\"summary_large_image\" \/>\n<meta name=\"twitter:label1\" content=\"Availability\" \/>\n\t<meta name=\"twitter:data1\" content=\"In stock\" \/>\n<script type=\"application\/ld+json\" class=\"yoast-schema-graph\">{\"@context\":\"https:\/\/schema.org\",\"@graph\":[{\"@type\":\"WebPage\",\"@id\":\"https:\/\/rhsuperior.com\/product\/deadlift-power-t-shirt\/\",\"url\":\"https:\/\/rhsuperior.com\/product\/deadlift-power-t-shirt\/\",\"name\":\"Deadlift Power T-Shirt \u2013 Lift Strong in Style by Rauno Heinla\",\"isPartOf\":{\"@id\":\"https:\/\/rhsuperior.com\/et\/#website\"},\"primaryImageOfPage\":{\"@id\":\"https:\/\/rhsuperior.com\/product\/deadlift-power-t-shirt\/#primaryimage\"},\"image\":{\"@id\":\"https:\/\/rhsuperior.com\/product\/deadlift-power-t-shirt\/#primaryimage\"},\"thumbnailUrl\":\"https:\/\/rhsuperior.com\/wp-content\/uploads\/2024\/11\/Deadlift-power-2m.jpg\",\"datePublished\":\"2024-11-03T22:51:59+00:00\",\"dateModified\":\"2025-07-06T19:32:55+00:00\",\"description\":\"Deadlift Power T-Shirt \u2013 minimalist gym shirt designed and printed by Rauno Heinla. 100% cotton, Built for serious lifters. Show what you're made of\",\"breadcrumb\":{\"@id\":\"https:\/\/rhsuperior.com\/product\/deadlift-power-t-shirt\/#breadcrumb\"},\"inLanguage\":\"et\",\"potentialAction\":[{\"@type\":\"ReadAction\",\"target\":[\"https:\/\/rhsuperior.com\/product\/deadlift-power-t-shirt\/\"]}]},{\"@type\":\"ImageObject\",\"inLanguage\":\"et\",\"@id\":\"https:\/\/rhsuperior.com\/product\/deadlift-power-t-shirt\/#primaryimage\",\"url\":\"https:\/\/rhsuperior.com\/wp-content\/uploads\/2024\/11\/Deadlift-power-2m.jpg\",\"contentUrl\":\"https:\/\/rhsuperior.com\/wp-content\/uploads\/2024\/11\/Deadlift-power-2m.jpg\",\"width\":1179,\"height\":1168,\"caption\":\"Deadlift Power T-Shirt by Rauno Heinla \u2013 front view\"},{\"@type\":\"BreadcrumbList\",\"@id\":\"https:\/\/rhsuperior.com\/product\/deadlift-power-t-shirt\/#breadcrumb\",\"itemListElement\":[{\"@type\":\"ListItem\",\"position\":1,\"name\":\"Home\",\"item\":\"https:\/\/rhsuperior.com\/et\/\"},{\"@type\":\"ListItem\",\"position\":2,\"name\":\"Shop\",\"item\":\"https:\/\/rhsuperior.com\/shop\/\"},{\"@type\":\"ListItem\",\"position\":3,\"name\":\"Deadlift Power T-Shirt\"}]},{\"@type\":\"WebSite\",\"@id\":\"https:\/\/rhsuperior.com\/et\/#website\",\"url\":\"https:\/\/rhsuperior.com\/et\/\",\"name\":\"RHsuperior\",\"description\":\"\",\"publisher\":{\"@id\":\"https:\/\/rhsuperior.com\/et\/#organization\"},\"potentialAction\":[{\"@type\":\"SearchAction\",\"target\":{\"@type\":\"EntryPoint\",\"urlTemplate\":\"https:\/\/rhsuperior.com\/et\/?s={search_term_string}\"},\"query-input\":{\"@type\":\"PropertyValueSpecification\",\"valueRequired\":true,\"valueName\":\"search_term_string\"}}],\"inLanguage\":\"et\"},{\"@type\":\"Organization\",\"@id\":\"https:\/\/rhsuperior.com\/et\/#organization\",\"name\":\"RHsuperior\",\"url\":\"https:\/\/rhsuperior.com\/et\/\",\"logo\":{\"@type\":\"ImageObject\",\"inLanguage\":\"et\",\"@id\":\"https:\/\/rhsuperior.com\/et\/#\/schema\/logo\/image\/\",\"url\":\"https:\/\/rhsuperior.com\/wp-content\/uploads\/2024\/03\/cropped-FullLogo_Transparent-19-1-1.png\",\"contentUrl\":\"https:\/\/rhsuperior.com\/wp-content\/uploads\/2024\/03\/cropped-FullLogo_Transparent-19-1-1.png\",\"width\":1047,\"height\":764,\"caption\":\"RHsuperior\"},\"image\":{\"@id\":\"https:\/\/rhsuperior.com\/et\/#\/schema\/logo\/image\/\"},\"sameAs\":[\"https:\/\/www.facebook.com\/p\/RHsuperior-O-100094380819133\/\"]}]}<\/script>\n<meta property=\"og:availability\" content=\"instock\" \/>\n<meta property=\"product:availability\" content=\"instock\" \/>\n<meta property=\"product:condition\" content=\"new\" \/>\n<!-- \/ Yoast SEO Premium plugin. -->","yoast_head_json":{"title":"Deadlift Power T-s\u00e4rk - T\u00f5sta tugevalt stiilselt Rauno Heinla poolt","description":"Deadlift Power T-s\u00e4rk - minimalistlik j\u00f5usaalis\u00e4rk, mille on kujundanud ja tr\u00fckkinud Rauno Heinla. 100% puuvillane, Ehitatud t\u00f5sistele t\u00f5stjatele. N\u00e4ita, millest sa oled tehtud","robots":{"index":"index","follow":"follow","max-snippet":"max-snippet:-1","max-image-preview":"max-image-preview:large","max-video-preview":"max-video-preview:-1"},"canonical":"https:\/\/rhsuperior.com\/et\/toode\/deadlift-power-t-sark\/","og_locale":"et_EE","og_type":"article","og_title":"Deadlift Power T-Shirt","og_description":"Deadlift Power T-Shirt \u2013 minimalist gym shirt designed and printed by Rauno Heinla. 100% cotton, Built for serious lifters. Show what you're made of","og_url":"https:\/\/rhsuperior.com\/et\/toode\/deadlift-power-t-sark\/","og_site_name":"RHsuperior","article_publisher":"https:\/\/www.facebook.com\/p\/RHsuperior-O-100094380819133\/","article_modified_time":"2025-07-06T19:32:55+00:00","og_image":[{"width":1179,"height":1168,"url":"https:\/\/rhsuperior.com\/wp-content\/uploads\/2024\/11\/Deadlift-power-2m.jpg","type":"image\/jpeg"}],"twitter_card":"summary_large_image","twitter_misc":{"Availability":"In stock"},"schema":{"@context":"https:\/\/schema.org","@graph":[{"@type":"WebPage","@id":"https:\/\/rhsuperior.com\/product\/deadlift-power-t-shirt\/","url":"https:\/\/rhsuperior.com\/product\/deadlift-power-t-shirt\/","name":"Deadlift Power T-s\u00e4rk - T\u00f5sta tugevalt stiilselt Rauno Heinla poolt","isPartOf":{"@id":"https:\/\/rhsuperior.com\/et\/#website"},"primaryImageOfPage":{"@id":"https:\/\/rhsuperior.com\/product\/deadlift-power-t-shirt\/#primaryimage"},"image":{"@id":"https:\/\/rhsuperior.com\/product\/deadlift-power-t-shirt\/#primaryimage"},"thumbnailUrl":"https:\/\/rhsuperior.com\/wp-content\/uploads\/2024\/11\/Deadlift-power-2m.jpg","datePublished":"2024-11-03T22:51:59+00:00","dateModified":"2025-07-06T19:32:55+00:00","description":"Deadlift Power T-s\u00e4rk - minimalistlik j\u00f5usaalis\u00e4rk, mille on kujundanud ja tr\u00fckkinud Rauno Heinla. 100% puuvillane, Ehitatud t\u00f5sistele t\u00f5stjatele. N\u00e4ita, millest sa oled tehtud","breadcrumb":{"@id":"https:\/\/rhsuperior.com\/product\/deadlift-power-t-shirt\/#breadcrumb"},"inLanguage":"et","potentialAction":[{"@type":"ReadAction","target":["https:\/\/rhsuperior.com\/product\/deadlift-power-t-shirt\/"]}]},{"@type":"ImageObject","inLanguage":"et","@id":"https:\/\/rhsuperior.com\/product\/deadlift-power-t-shirt\/#primaryimage","url":"https:\/\/rhsuperior.com\/wp-content\/uploads\/2024\/11\/Deadlift-power-2m.jpg","contentUrl":"https:\/\/rhsuperior.com\/wp-content\/uploads\/2024\/11\/Deadlift-power-2m.jpg","width":1179,"height":1168,"caption":"Deadlift Power T-Shirt by Rauno Heinla \u2013 front view"},{"@type":"BreadcrumbList","@id":"https:\/\/rhsuperior.com\/product\/deadlift-power-t-shirt\/#breadcrumb","itemListElement":[{"@type":"ListItem","position":1,"name":"Home","item":"https:\/\/rhsuperior.com\/et\/"},{"@type":"ListItem","position":2,"name":"Shop","item":"https:\/\/rhsuperior.com\/shop\/"},{"@type":"ListItem","position":3,"name":"Deadlift Power T-Shirt"}]},{"@type":"WebSite","@id":"https:\/\/rhsuperior.com\/et\/#website","url":"https:\/\/rhsuperior.com\/et\/","name":"RHsuperior","description":"","publisher":{"@id":"https:\/\/rhsuperior.com\/et\/#organization"},"potentialAction":[{"@type":"SearchAction","target":{"@type":"EntryPoint","urlTemplate":"https:\/\/rhsuperior.com\/et\/?s={search_term_string}"},"query-input":{"@type":"PropertyValueSpecification","valueRequired":true,"valueName":"search_term_string"}}],"inLanguage":"et"},{"@type":"Organization","@id":"https:\/\/rhsuperior.com\/et\/#organization","name":"RHsuperior","url":"https:\/\/rhsuperior.com\/et\/","logo":{"@type":"ImageObject","inLanguage":"et","@id":"https:\/\/rhsuperior.com\/et\/#\/schema\/logo\/image\/","url":"https:\/\/rhsuperior.com\/wp-content\/uploads\/2024\/03\/cropped-FullLogo_Transparent-19-1-1.png","contentUrl":"https:\/\/rhsuperior.com\/wp-content\/uploads\/2024\/03\/cropped-FullLogo_Transparent-19-1-1.png","width":1047,"height":764,"caption":"RHsuperior"},"image":{"@id":"https:\/\/rhsuperior.com\/et\/#\/schema\/logo\/image\/"},"sameAs":["https:\/\/www.facebook.com\/p\/RHsuperior-O-100094380819133\/"]}]},"og_availability":"instock","product_availability":"instock","product_condition":"new"},"_links":{"self":[{"href":"https:\/\/rhsuperior.com\/et\/wp-json\/wp\/v2\/product\/2216","targetHints":{"allow":["GET"]}}],"collection":[{"href":"https:\/\/rhsuperior.com\/et\/wp-json\/wp\/v2\/product"}],"about":[{"href":"https:\/\/rhsuperior.com\/et\/wp-json\/wp\/v2\/types\/product"}],"replies":[{"embeddable":true,"href":"https:\/\/rhsuperior.com\/et\/wp-json\/wp\/v2\/comments?post=2216"}],"wp:featuredmedia":[{"embeddable":true,"href":"https:\/\/rhsuperior.com\/et\/wp-json\/wp\/v2\/media\/2997"}],"wp:attachment":[{"href":"https:\/\/rhsuperior.com\/et\/wp-json\/wp\/v2\/media?parent=2216"}],"wp:term":[{"taxonomy":"product_brand","embeddable":true,"href":"https:\/\/rhsuperior.com\/et\/wp-json\/wp\/v2\/product_brand?post=2216"},{"taxonomy":"product_cat","embeddable":true,"href":"https:\/\/rhsuperior.com\/et\/wp-json\/wp\/v2\/product_cat?post=2216"},{"taxonomy":"product_tag","embeddable":true,"href":"https:\/\/rhsuperior.com\/et\/wp-json\/wp\/v2\/product_tag?post=2216"},{"taxonomy":"giftcard-category","embeddable":true,"href":"https:\/\/rhsuperior.com\/et\/wp-json\/wp\/v2\/giftcard-category?post=2216"}],"curies":[{"name":"wp","href":"https:\/\/api.w.org\/{rel}","templated":true}]}}