{"id":2305,"date":"2024-11-03T22:51:36","date_gmt":"2024-11-03T22:51:36","guid":{"rendered":"https:\/\/rhsuperior.com\/?post_type=product&#038;p=2305"},"modified":"2025-07-06T19:47:29","modified_gmt":"2025-07-06T19:47:29","slug":"powerlifter-t-sark","status":"publish","type":"product","link":"https:\/\/rhsuperior.com\/et\/toode\/powerlifter-t-sark\/","title":{"rendered":"POWERLIFTER T-s\u00e4rk"},"content":{"rendered":"<h2 data-start=\"213\" data-end=\"260\"><strong data-start=\"213\" data-end=\"260\">POWERLIFTER T-s\u00e4rk - Tugevus, mida saab kanda<\/strong><\/h2>\n<p data-start=\"262\" data-end=\"486\">POWERLIFTER T-s\u00e4rk on loodud neile, kes elavad ja hingavad t\u00f5stmise elustiili. Maailmaklassi j\u00f5ut\u00f5stja Rauno Heinla poolt loodud s\u00e4rk esindab toorest intensiivsust, igap\u00e4evast pingutust ja p\u00fchendumust tugevamaks saada.<\/p>\n<p data-start=\"488\" data-end=\"727\">S\u00e4rk on valmistatud 100% r\u00f5ngaspunetud, eelnevalt kokkut\u00f5mmatud puuvillast, mis pakub vastupidavust, hingavust ja mugavust treeningute v\u00f5i puhkeaja ajal. Selle 185 g\/m\u00b2 suurune \u00fchekordne trikotaa\u017ekangas ja tavaline istuvus annavad sulle liikumisvabaduse nii riba all kui ka liikvel olles.<\/p>\n<p data-start=\"729\" data-end=\"836\">Olenemata sellest, kas t\u00f5mbad j\u00f5usaalis v\u00f5i esindad j\u00f5udu v\u00e4ljaspool seda, see s\u00e4rk t\u00e4idab ja kestab.<\/p>\n<p data-start=\"838\" data-end=\"855\"><strong data-start=\"838\" data-end=\"855\">Peamised omadused:<\/strong><\/p>\n<ul data-start=\"857\" data-end=\"1094\">\n<li data-start=\"857\" data-end=\"895\">\n<p data-start=\"859\" data-end=\"895\">Kujundanud ja tr\u00fckkinud Rauno Heinla<\/p>\n<\/li>\n<li data-start=\"896\" data-end=\"937\">\n<p data-start=\"898\" data-end=\"937\">100% puuvill, r\u00f5ngaspunane ja eelnevalt kokkutr\u00fckitud.<\/p>\n<\/li>\n<li data-start=\"938\" data-end=\"982\">\n<p data-start=\"940\" data-end=\"982\">185 g\/m\u00b2 \u00fchekordne trikotaa\u017e - pehme ja tugev.<\/p>\n<\/li>\n<li data-start=\"983\" data-end=\"1021\">\n<p data-start=\"985\" data-end=\"1021\">Tavaline sobivus - liigub koos sinu kehaga<\/p>\n<\/li>\n<li data-start=\"1022\" data-end=\"1055\">\n<p data-start=\"1024\" data-end=\"1055\">Masinpesuk\u00f5lblik (kuni 40\u00b0C)<\/p>\n<\/li>\n<li data-start=\"1056\" data-end=\"1094\">\n<p data-start=\"1058\" data-end=\"1094\">V\u00e4rv: must ja valge<\/p>\n<\/li>\n<\/ul>\n<p data-start=\"1096\" data-end=\"1184\">T-s\u00e4rk on rohkem kui riietus - see on identiteet. Treeni k\u00f5vasti. Kanna tugevamalt.<\/p>","protected":false},"excerpt":{"rendered":"<p>Rauno Heinla POWERLIFTER T-s\u00e4rk on loodud t\u00f5stjatele, kes n\u00f5uavad j\u00f5udlust. Vastupidav, pehme ja valmistatud nii, et see liigub koos sinuga riba all.<\/p>","protected":false},"featured_media":2310,"comment_status":"closed","ping_status":"closed","template":"","meta":{"_acf_changed":false},"product_brand":[],"product_cat":[83,43],"product_tag":[],"giftcard-category":[],"class_list":{"0":"post-2305","1":"product","2":"type-product","3":"status-publish","4":"has-post-thumbnail","6":"product_cat-clothing","7":"product_cat-shirts","9":"first","10":"instock","11":"taxable","12":"shipping-taxable","13":"purchasable","14":"product-type-variable"},"acf":[],"yoast_head":"<!-- This site is optimized with the Yoast SEO Premium plugin v25.3.1 (Yoast SEO v25.4) - https:\/\/yoast.com\/wordpress\/plugins\/seo\/ -->\n<title>POWERLIFTER T-Shirt \u2013 Strength Apparel by Rauno Heinla<\/title>\n<meta name=\"description\" content=\"POWERLIFTER T-Shirt by Rauno Heinla. 100% cotton, made for lifters who train hard and live stronger. Comfort, strength, and purpose in every rep.\" \/>\n<meta name=\"robots\" content=\"index, follow, max-snippet:-1, max-image-preview:large, max-video-preview:-1\" \/>\n<link rel=\"canonical\" href=\"https:\/\/rhsuperior.com\/et\/toode\/powerlifter-t-sark\/\" \/>\n<meta property=\"og:locale\" content=\"et_EE\" \/>\n<meta property=\"og:type\" content=\"article\" \/>\n<meta property=\"og:title\" content=\"POWERLIFTER T-Shirt\" \/>\n<meta property=\"og:description\" content=\"POWERLIFTER T-Shirt by Rauno Heinla. 100% cotton, made for lifters who train hard and live stronger. Comfort, strength, and purpose in every rep.\" \/>\n<meta property=\"og:url\" content=\"https:\/\/rhsuperior.com\/et\/toode\/powerlifter-t-sark\/\" \/>\n<meta property=\"og:site_name\" content=\"RHsuperior\" \/>\n<meta property=\"article:publisher\" content=\"https:\/\/www.facebook.com\/p\/RHsuperior-O-100094380819133\/\" \/>\n<meta property=\"article:modified_time\" content=\"2025-07-06T19:47:29+00:00\" \/>\n<meta property=\"og:image\" content=\"https:\/\/rhsuperior.com\/wp-content\/uploads\/2024\/10\/Untitled-design-1.jpg\" \/>\n\t<meta property=\"og:image:width\" content=\"1535\" \/>\n\t<meta property=\"og:image:height\" content=\"2048\" \/>\n\t<meta property=\"og:image:type\" content=\"image\/jpeg\" \/>\n<meta name=\"twitter:card\" content=\"summary_large_image\" \/>\n<meta name=\"twitter:label1\" content=\"Availability\" \/>\n\t<meta name=\"twitter:data1\" content=\"In stock\" \/>\n<script type=\"application\/ld+json\" class=\"yoast-schema-graph\">{\"@context\":\"https:\/\/schema.org\",\"@graph\":[{\"@type\":\"WebPage\",\"@id\":\"https:\/\/rhsuperior.com\/product\/powerlifter-t-shirt\/\",\"url\":\"https:\/\/rhsuperior.com\/product\/powerlifter-t-shirt\/\",\"name\":\"POWERLIFTER T-Shirt \u2013 Strength Apparel by Rauno Heinla\",\"isPartOf\":{\"@id\":\"https:\/\/rhsuperior.com\/et\/#website\"},\"primaryImageOfPage\":{\"@id\":\"https:\/\/rhsuperior.com\/product\/powerlifter-t-shirt\/#primaryimage\"},\"image\":{\"@id\":\"https:\/\/rhsuperior.com\/product\/powerlifter-t-shirt\/#primaryimage\"},\"thumbnailUrl\":\"https:\/\/rhsuperior.com\/wp-content\/uploads\/2024\/10\/Untitled-design-1.jpg\",\"datePublished\":\"2024-11-03T22:51:36+00:00\",\"dateModified\":\"2025-07-06T19:47:29+00:00\",\"description\":\"POWERLIFTER T-Shirt by Rauno Heinla. 100% cotton, made for lifters who train hard and live stronger. Comfort, strength, and purpose in every rep.\",\"breadcrumb\":{\"@id\":\"https:\/\/rhsuperior.com\/product\/powerlifter-t-shirt\/#breadcrumb\"},\"inLanguage\":\"et\",\"potentialAction\":[{\"@type\":\"ReadAction\",\"target\":[\"https:\/\/rhsuperior.com\/product\/powerlifter-t-shirt\/\"]}]},{\"@type\":\"ImageObject\",\"inLanguage\":\"et\",\"@id\":\"https:\/\/rhsuperior.com\/product\/powerlifter-t-shirt\/#primaryimage\",\"url\":\"https:\/\/rhsuperior.com\/wp-content\/uploads\/2024\/10\/Untitled-design-1.jpg\",\"contentUrl\":\"https:\/\/rhsuperior.com\/wp-content\/uploads\/2024\/10\/Untitled-design-1.jpg\",\"width\":1535,\"height\":2048,\"caption\":\"Rauno Heinla designed powerlifting shirt for gym wear\"},{\"@type\":\"BreadcrumbList\",\"@id\":\"https:\/\/rhsuperior.com\/product\/powerlifter-t-shirt\/#breadcrumb\",\"itemListElement\":[{\"@type\":\"ListItem\",\"position\":1,\"name\":\"Home\",\"item\":\"https:\/\/rhsuperior.com\/et\/\"},{\"@type\":\"ListItem\",\"position\":2,\"name\":\"Shop\",\"item\":\"https:\/\/rhsuperior.com\/shop\/\"},{\"@type\":\"ListItem\",\"position\":3,\"name\":\"POWERLIFTER T-Shirt\"}]},{\"@type\":\"WebSite\",\"@id\":\"https:\/\/rhsuperior.com\/et\/#website\",\"url\":\"https:\/\/rhsuperior.com\/et\/\",\"name\":\"RHsuperior\",\"description\":\"\",\"publisher\":{\"@id\":\"https:\/\/rhsuperior.com\/et\/#organization\"},\"potentialAction\":[{\"@type\":\"SearchAction\",\"target\":{\"@type\":\"EntryPoint\",\"urlTemplate\":\"https:\/\/rhsuperior.com\/et\/?s={search_term_string}\"},\"query-input\":{\"@type\":\"PropertyValueSpecification\",\"valueRequired\":true,\"valueName\":\"search_term_string\"}}],\"inLanguage\":\"et\"},{\"@type\":\"Organization\",\"@id\":\"https:\/\/rhsuperior.com\/et\/#organization\",\"name\":\"RHsuperior\",\"url\":\"https:\/\/rhsuperior.com\/et\/\",\"logo\":{\"@type\":\"ImageObject\",\"inLanguage\":\"et\",\"@id\":\"https:\/\/rhsuperior.com\/et\/#\/schema\/logo\/image\/\",\"url\":\"https:\/\/rhsuperior.com\/wp-content\/uploads\/2024\/03\/cropped-FullLogo_Transparent-19-1-1.png\",\"contentUrl\":\"https:\/\/rhsuperior.com\/wp-content\/uploads\/2024\/03\/cropped-FullLogo_Transparent-19-1-1.png\",\"width\":1047,\"height\":764,\"caption\":\"RHsuperior\"},\"image\":{\"@id\":\"https:\/\/rhsuperior.com\/et\/#\/schema\/logo\/image\/\"},\"sameAs\":[\"https:\/\/www.facebook.com\/p\/RHsuperior-O-100094380819133\/\"]}]}<\/script>\n<meta property=\"og:availability\" content=\"instock\" \/>\n<meta property=\"product:availability\" content=\"instock\" \/>\n<meta property=\"product:condition\" content=\"new\" \/>\n<!-- \/ Yoast SEO Premium plugin. -->","yoast_head_json":{"title":"POWERLIFTER T-s\u00e4rk - Strength Apparel by Rauno Heinla","description":"POWERLIFTER T-s\u00e4rk Rauno Heinla poolt. 100% puuvillane, valmistatud t\u00f5stjatele, kes treenivad k\u00f5vasti ja elavad tugevamalt. Mugavus, tugevus ja eesm\u00e4rk igas korduses.","robots":{"index":"index","follow":"follow","max-snippet":"max-snippet:-1","max-image-preview":"max-image-preview:large","max-video-preview":"max-video-preview:-1"},"canonical":"https:\/\/rhsuperior.com\/et\/toode\/powerlifter-t-sark\/","og_locale":"et_EE","og_type":"article","og_title":"POWERLIFTER T-Shirt","og_description":"POWERLIFTER T-Shirt by Rauno Heinla. 100% cotton, made for lifters who train hard and live stronger. Comfort, strength, and purpose in every rep.","og_url":"https:\/\/rhsuperior.com\/et\/toode\/powerlifter-t-sark\/","og_site_name":"RHsuperior","article_publisher":"https:\/\/www.facebook.com\/p\/RHsuperior-O-100094380819133\/","article_modified_time":"2025-07-06T19:47:29+00:00","og_image":[{"width":1535,"height":2048,"url":"https:\/\/rhsuperior.com\/wp-content\/uploads\/2024\/10\/Untitled-design-1.jpg","type":"image\/jpeg"}],"twitter_card":"summary_large_image","twitter_misc":{"Availability":"In stock"},"schema":{"@context":"https:\/\/schema.org","@graph":[{"@type":"WebPage","@id":"https:\/\/rhsuperior.com\/product\/powerlifter-t-shirt\/","url":"https:\/\/rhsuperior.com\/product\/powerlifter-t-shirt\/","name":"POWERLIFTER T-s\u00e4rk - Strength Apparel by Rauno Heinla","isPartOf":{"@id":"https:\/\/rhsuperior.com\/et\/#website"},"primaryImageOfPage":{"@id":"https:\/\/rhsuperior.com\/product\/powerlifter-t-shirt\/#primaryimage"},"image":{"@id":"https:\/\/rhsuperior.com\/product\/powerlifter-t-shirt\/#primaryimage"},"thumbnailUrl":"https:\/\/rhsuperior.com\/wp-content\/uploads\/2024\/10\/Untitled-design-1.jpg","datePublished":"2024-11-03T22:51:36+00:00","dateModified":"2025-07-06T19:47:29+00:00","description":"POWERLIFTER T-s\u00e4rk Rauno Heinla poolt. 100% puuvillane, valmistatud t\u00f5stjatele, kes treenivad k\u00f5vasti ja elavad tugevamalt. Mugavus, tugevus ja eesm\u00e4rk igas korduses.","breadcrumb":{"@id":"https:\/\/rhsuperior.com\/product\/powerlifter-t-shirt\/#breadcrumb"},"inLanguage":"et","potentialAction":[{"@type":"ReadAction","target":["https:\/\/rhsuperior.com\/product\/powerlifter-t-shirt\/"]}]},{"@type":"ImageObject","inLanguage":"et","@id":"https:\/\/rhsuperior.com\/product\/powerlifter-t-shirt\/#primaryimage","url":"https:\/\/rhsuperior.com\/wp-content\/uploads\/2024\/10\/Untitled-design-1.jpg","contentUrl":"https:\/\/rhsuperior.com\/wp-content\/uploads\/2024\/10\/Untitled-design-1.jpg","width":1535,"height":2048,"caption":"Rauno Heinla designed powerlifting shirt for gym wear"},{"@type":"BreadcrumbList","@id":"https:\/\/rhsuperior.com\/product\/powerlifter-t-shirt\/#breadcrumb","itemListElement":[{"@type":"ListItem","position":1,"name":"Home","item":"https:\/\/rhsuperior.com\/et\/"},{"@type":"ListItem","position":2,"name":"Shop","item":"https:\/\/rhsuperior.com\/shop\/"},{"@type":"ListItem","position":3,"name":"POWERLIFTER T-Shirt"}]},{"@type":"WebSite","@id":"https:\/\/rhsuperior.com\/et\/#website","url":"https:\/\/rhsuperior.com\/et\/","name":"RHsuperior","description":"","publisher":{"@id":"https:\/\/rhsuperior.com\/et\/#organization"},"potentialAction":[{"@type":"SearchAction","target":{"@type":"EntryPoint","urlTemplate":"https:\/\/rhsuperior.com\/et\/?s={search_term_string}"},"query-input":{"@type":"PropertyValueSpecification","valueRequired":true,"valueName":"search_term_string"}}],"inLanguage":"et"},{"@type":"Organization","@id":"https:\/\/rhsuperior.com\/et\/#organization","name":"RHsuperior","url":"https:\/\/rhsuperior.com\/et\/","logo":{"@type":"ImageObject","inLanguage":"et","@id":"https:\/\/rhsuperior.com\/et\/#\/schema\/logo\/image\/","url":"https:\/\/rhsuperior.com\/wp-content\/uploads\/2024\/03\/cropped-FullLogo_Transparent-19-1-1.png","contentUrl":"https:\/\/rhsuperior.com\/wp-content\/uploads\/2024\/03\/cropped-FullLogo_Transparent-19-1-1.png","width":1047,"height":764,"caption":"RHsuperior"},"image":{"@id":"https:\/\/rhsuperior.com\/et\/#\/schema\/logo\/image\/"},"sameAs":["https:\/\/www.facebook.com\/p\/RHsuperior-O-100094380819133\/"]}]},"og_availability":"instock","product_availability":"instock","product_condition":"new"},"_links":{"self":[{"href":"https:\/\/rhsuperior.com\/et\/wp-json\/wp\/v2\/product\/2305","targetHints":{"allow":["GET"]}}],"collection":[{"href":"https:\/\/rhsuperior.com\/et\/wp-json\/wp\/v2\/product"}],"about":[{"href":"https:\/\/rhsuperior.com\/et\/wp-json\/wp\/v2\/types\/product"}],"replies":[{"embeddable":true,"href":"https:\/\/rhsuperior.com\/et\/wp-json\/wp\/v2\/comments?post=2305"}],"wp:featuredmedia":[{"embeddable":true,"href":"https:\/\/rhsuperior.com\/et\/wp-json\/wp\/v2\/media\/2310"}],"wp:attachment":[{"href":"https:\/\/rhsuperior.com\/et\/wp-json\/wp\/v2\/media?parent=2305"}],"wp:term":[{"taxonomy":"product_brand","embeddable":true,"href":"https:\/\/rhsuperior.com\/et\/wp-json\/wp\/v2\/product_brand?post=2305"},{"taxonomy":"product_cat","embeddable":true,"href":"https:\/\/rhsuperior.com\/et\/wp-json\/wp\/v2\/product_cat?post=2305"},{"taxonomy":"product_tag","embeddable":true,"href":"https:\/\/rhsuperior.com\/et\/wp-json\/wp\/v2\/product_tag?post=2305"},{"taxonomy":"giftcard-category","embeddable":true,"href":"https:\/\/rhsuperior.com\/et\/wp-json\/wp\/v2\/giftcard-category?post=2305"}],"curies":[{"name":"wp","href":"https:\/\/api.w.org\/{rel}","templated":true}]}}