{"id":2329,"date":"2024-11-03T22:47:05","date_gmt":"2024-11-03T22:47:05","guid":{"rendered":"https:\/\/rhsuperior.com\/?post_type=product&#038;p=2329"},"modified":"2025-07-01T18:17:49","modified_gmt":"2025-07-01T18:17:49","slug":"tugev-mees-t-sark-2","status":"publish","type":"product","link":"https:\/\/rhsuperior.com\/et\/toode\/tugev-mees-t-sark-2\/","title":{"rendered":"STRONGMAN T-s\u00e4rk"},"content":{"rendered":"<h2 data-start=\"97\" data-end=\"159\"><strong data-start=\"263\" data-end=\"331\">STRONGMAN T-s\u00e4rk - kujundanud Rauno Heinla, Built for Strength<\/strong><\/h2>\n<p data-start=\"333\" data-end=\"563\">STRONGMAN T-s\u00e4rk on midagi enamat kui lihtsalt spordir\u00f5ivad - see on m\u00e4rk j\u00f5ust, visadusest ja distsipliinist. See s\u00e4rk on disainitud ja tr\u00fckitud eliitj\u00f5ustiklase Rauno Heinla poolt ning peegeldab nende m\u00f5tteviisi, kes elavad t\u00f5stmiseks ja keelduvad loobumast.<\/p>\n<p data-start=\"565\" data-end=\"892\">See on valmistatud 185 g\/m\u00b2 suurusest k\u00f5rgekvaliteedilisest \u00fchekordsest puuvillasest trikotaa\u017eist, mis pakub vastupidavust ja pehmust intensiivseteks treeningp\u00e4evadeks v\u00f5i l\u00f5dvestunud taastumishetkedeks. Eelnevalt kokkutr\u00fckitud ja ringkeeratud s\u00e4rk hoiab oma kuju pesu j\u00e4rel. Olenemata sellest, kas oled j\u00f5usaalis piiride \u00fcletamisel v\u00f5i lihtsalt strongmani elustiili esindajana, see s\u00e4rk on loodud selleks, et pidada sammu.<\/p>\n<p data-start=\"894\" data-end=\"911\"><strong data-start=\"894\" data-end=\"911\">Peamised omadused:<\/strong><\/p>\n<ul data-start=\"912\" data-end=\"1147\">\n<li data-start=\"912\" data-end=\"950\">\n<p data-start=\"914\" data-end=\"950\">Kujundanud ja tr\u00fckkinud Rauno Heinla<\/p>\n<\/li>\n<li data-start=\"951\" data-end=\"992\">\n<p data-start=\"953\" data-end=\"992\">Premium 185 g\/m\u00b2 \u00fchekordne trikotaa\u017ekangas<\/p>\n<\/li>\n<li data-start=\"993\" data-end=\"1035\">\n<p data-start=\"995\" data-end=\"1035\">100% puuvill - eelnevalt kokkut\u00f5mmatud ja ringkeermestatud.<\/p>\n<\/li>\n<li data-start=\"1036\" data-end=\"1087\">\n<p data-start=\"1038\" data-end=\"1087\">Korraline sobivus tagab mugavuse ja liikumisvabaduse<\/p>\n<\/li>\n<li data-start=\"1088\" data-end=\"1119\">\n<p data-start=\"1090\" data-end=\"1119\">Masinpesu kuni 40\u00b0C<\/p>\n<\/li>\n<li data-start=\"1120\" data-end=\"1147\">\n<p data-start=\"1122\" data-end=\"1147\">Saadaval suurustes XS-5XL<\/p>\n<\/li>\n<\/ul>\n<p data-start=\"1149\" data-end=\"1196\"><strong data-start=\"1149\" data-end=\"1196\">Kandke seda uhkusega. Treenige nagu j\u00f5umees.<\/strong><\/p>","protected":false},"excerpt":{"rendered":"<p>STRONGMAN T-s\u00e4rk Rauno Heinla poolt. Valmistatud vastupidavast 100% puuvillast, puhta disaini ja j\u00f5ulise s\u00f5numiga. Ehitatud j\u00f5udu - nii j\u00f5usaalis kui ka v\u00e4ljaspool seda.<\/p>","protected":false},"featured_media":2358,"comment_status":"closed","ping_status":"closed","template":"","meta":{"_acf_changed":false},"product_brand":[],"product_cat":[83,43],"product_tag":[],"giftcard-category":[],"class_list":{"0":"post-2329","1":"product","2":"type-product","3":"status-publish","4":"has-post-thumbnail","6":"product_cat-clothing","7":"product_cat-shirts","9":"first","10":"instock","11":"taxable","12":"shipping-taxable","13":"purchasable","14":"product-type-variable"},"acf":[],"yoast_head":"<!-- This site is optimized with the Yoast SEO Premium plugin v25.3.1 (Yoast SEO v25.4) - https:\/\/yoast.com\/wordpress\/plugins\/seo\/ -->\n<title>STRONGMAN T-Shirt \u2013 Strongman Apparel by Rauno Heinla<\/title>\n<meta name=\"description\" content=\"STRONGMAN T-Shirt designed by Rauno Heinla \u2013 100% cotton, premium fit, and built for serious lifters. Wear strength. Train hard. No compromises.\" \/>\n<meta name=\"robots\" content=\"index, follow, max-snippet:-1, max-image-preview:large, max-video-preview:-1\" \/>\n<link rel=\"canonical\" href=\"https:\/\/rhsuperior.com\/et\/toode\/tugev-mees-t-sark-2\/\" \/>\n<meta property=\"og:locale\" content=\"et_EE\" \/>\n<meta property=\"og:type\" content=\"article\" \/>\n<meta property=\"og:title\" content=\"STRONGMAN T-Shirt\" \/>\n<meta property=\"og:description\" content=\"STRONGMAN T-Shirt designed by Rauno Heinla \u2013 100% cotton, premium fit, and built for serious lifters. Wear strength. Train hard. No compromises.\" \/>\n<meta property=\"og:url\" content=\"https:\/\/rhsuperior.com\/et\/toode\/tugev-mees-t-sark-2\/\" \/>\n<meta property=\"og:site_name\" content=\"RHsuperior\" \/>\n<meta property=\"article:publisher\" content=\"https:\/\/www.facebook.com\/p\/RHsuperior-O-100094380819133\/\" \/>\n<meta property=\"article:modified_time\" content=\"2025-07-01T18:17:49+00:00\" \/>\n<meta property=\"og:image\" content=\"https:\/\/rhsuperior.com\/wp-content\/uploads\/2024\/11\/valge-must-strongmen.jpg\" \/>\n\t<meta property=\"og:image:width\" content=\"580\" \/>\n\t<meta property=\"og:image:height\" content=\"580\" \/>\n\t<meta property=\"og:image:type\" content=\"image\/jpeg\" \/>\n<meta name=\"twitter:card\" content=\"summary_large_image\" \/>\n<meta name=\"twitter:label1\" content=\"Availability\" \/>\n\t<meta name=\"twitter:data1\" content=\"In stock\" \/>\n<script type=\"application\/ld+json\" class=\"yoast-schema-graph\">{\"@context\":\"https:\/\/schema.org\",\"@graph\":[{\"@type\":[\"WebPage\",\"ItemPage\"],\"@id\":\"https:\/\/rhsuperior.com\/product\/strongman-t-shirt-2\/\",\"url\":\"https:\/\/rhsuperior.com\/product\/strongman-t-shirt-2\/\",\"name\":\"STRONGMAN T-Shirt \u2013 Strongman Apparel by Rauno Heinla\",\"isPartOf\":{\"@id\":\"https:\/\/rhsuperior.com\/et\/#website\"},\"primaryImageOfPage\":{\"@id\":\"https:\/\/rhsuperior.com\/product\/strongman-t-shirt-2\/#primaryimage\"},\"image\":{\"@id\":\"https:\/\/rhsuperior.com\/product\/strongman-t-shirt-2\/#primaryimage\"},\"thumbnailUrl\":\"https:\/\/rhsuperior.com\/wp-content\/uploads\/2024\/11\/valge-must-strongmen.jpg\",\"datePublished\":\"2024-11-03T22:47:05+00:00\",\"dateModified\":\"2025-07-01T18:17:49+00:00\",\"description\":\"STRONGMAN T-Shirt designed by Rauno Heinla \u2013 100% cotton, premium fit, and built for serious lifters. Wear strength. Train hard. No compromises.\",\"breadcrumb\":{\"@id\":\"https:\/\/rhsuperior.com\/product\/strongman-t-shirt-2\/#breadcrumb\"},\"inLanguage\":\"et\",\"potentialAction\":[{\"@type\":\"ReadAction\",\"target\":[\"https:\/\/rhsuperior.com\/product\/strongman-t-shirt-2\/\"]}]},{\"@type\":\"ImageObject\",\"inLanguage\":\"et\",\"@id\":\"https:\/\/rhsuperior.com\/product\/strongman-t-shirt-2\/#primaryimage\",\"url\":\"https:\/\/rhsuperior.com\/wp-content\/uploads\/2024\/11\/valge-must-strongmen.jpg\",\"contentUrl\":\"https:\/\/rhsuperior.com\/wp-content\/uploads\/2024\/11\/valge-must-strongmen.jpg\",\"width\":580,\"height\":580},{\"@type\":\"BreadcrumbList\",\"@id\":\"https:\/\/rhsuperior.com\/product\/strongman-t-shirt-2\/#breadcrumb\",\"itemListElement\":[{\"@type\":\"ListItem\",\"position\":1,\"name\":\"Home\",\"item\":\"https:\/\/rhsuperior.com\/et\/\"},{\"@type\":\"ListItem\",\"position\":2,\"name\":\"Shop\",\"item\":\"https:\/\/rhsuperior.com\/shop\/\"},{\"@type\":\"ListItem\",\"position\":3,\"name\":\"STRONGMAN T-Shirt\"}]},{\"@type\":\"WebSite\",\"@id\":\"https:\/\/rhsuperior.com\/et\/#website\",\"url\":\"https:\/\/rhsuperior.com\/et\/\",\"name\":\"RHsuperior\",\"description\":\"\",\"publisher\":{\"@id\":\"https:\/\/rhsuperior.com\/et\/#organization\"},\"potentialAction\":[{\"@type\":\"SearchAction\",\"target\":{\"@type\":\"EntryPoint\",\"urlTemplate\":\"https:\/\/rhsuperior.com\/et\/?s={search_term_string}\"},\"query-input\":{\"@type\":\"PropertyValueSpecification\",\"valueRequired\":true,\"valueName\":\"search_term_string\"}}],\"inLanguage\":\"et\"},{\"@type\":\"Organization\",\"@id\":\"https:\/\/rhsuperior.com\/et\/#organization\",\"name\":\"RHsuperior\",\"url\":\"https:\/\/rhsuperior.com\/et\/\",\"logo\":{\"@type\":\"ImageObject\",\"inLanguage\":\"et\",\"@id\":\"https:\/\/rhsuperior.com\/et\/#\/schema\/logo\/image\/\",\"url\":\"https:\/\/rhsuperior.com\/wp-content\/uploads\/2024\/03\/cropped-MUSTA-LOGO-1-e1718311252742.png\",\"contentUrl\":\"https:\/\/rhsuperior.com\/wp-content\/uploads\/2024\/03\/cropped-MUSTA-LOGO-1-e1718311252742.png\",\"width\":981,\"height\":689,\"caption\":\"RHsuperior\"},\"image\":{\"@id\":\"https:\/\/rhsuperior.com\/et\/#\/schema\/logo\/image\/\"},\"sameAs\":[\"https:\/\/www.facebook.com\/p\/RHsuperior-O-100094380819133\/\"]}]}<\/script>\n<meta property=\"og:availability\" content=\"instock\" \/>\n<meta property=\"product:availability\" content=\"instock\" \/>\n<meta property=\"product:condition\" content=\"new\" \/>\n<!-- \/ Yoast SEO Premium plugin. -->","yoast_head_json":{"title":"STRONGMAN T-s\u00e4rk - Strongman Apparel by Rauno Heinla","description":"STRONGMAN T-s\u00e4rk, mille on kujundanud Rauno Heinla - 100% puuvillane, k\u00f5rgekvaliteediline ja m\u00f5eldud t\u00f5sistele t\u00f5stjatele. Kanda j\u00f5udu. Treeni k\u00f5vasti. Ei mingeid kompromisse.","robots":{"index":"index","follow":"follow","max-snippet":"max-snippet:-1","max-image-preview":"max-image-preview:large","max-video-preview":"max-video-preview:-1"},"canonical":"https:\/\/rhsuperior.com\/et\/toode\/tugev-mees-t-sark-2\/","og_locale":"et_EE","og_type":"article","og_title":"STRONGMAN T-Shirt","og_description":"STRONGMAN T-Shirt designed by Rauno Heinla \u2013 100% cotton, premium fit, and built for serious lifters. Wear strength. Train hard. No compromises.","og_url":"https:\/\/rhsuperior.com\/et\/toode\/tugev-mees-t-sark-2\/","og_site_name":"RHsuperior","article_publisher":"https:\/\/www.facebook.com\/p\/RHsuperior-O-100094380819133\/","article_modified_time":"2025-07-01T18:17:49+00:00","og_image":[{"width":580,"height":580,"url":"https:\/\/rhsuperior.com\/wp-content\/uploads\/2024\/11\/valge-must-strongmen.jpg","type":"image\/jpeg"}],"twitter_card":"summary_large_image","twitter_misc":{"Availability":"In stock"},"schema":{"@context":"https:\/\/schema.org","@graph":[{"@type":["WebPage","ItemPage"],"@id":"https:\/\/rhsuperior.com\/product\/strongman-t-shirt-2\/","url":"https:\/\/rhsuperior.com\/product\/strongman-t-shirt-2\/","name":"STRONGMAN T-s\u00e4rk - Strongman Apparel by Rauno Heinla","isPartOf":{"@id":"https:\/\/rhsuperior.com\/et\/#website"},"primaryImageOfPage":{"@id":"https:\/\/rhsuperior.com\/product\/strongman-t-shirt-2\/#primaryimage"},"image":{"@id":"https:\/\/rhsuperior.com\/product\/strongman-t-shirt-2\/#primaryimage"},"thumbnailUrl":"https:\/\/rhsuperior.com\/wp-content\/uploads\/2024\/11\/valge-must-strongmen.jpg","datePublished":"2024-11-03T22:47:05+00:00","dateModified":"2025-07-01T18:17:49+00:00","description":"STRONGMAN T-s\u00e4rk, mille on kujundanud Rauno Heinla - 100% puuvillane, k\u00f5rgekvaliteediline ja m\u00f5eldud t\u00f5sistele t\u00f5stjatele. Kanda j\u00f5udu. Treeni k\u00f5vasti. Ei mingeid kompromisse.","breadcrumb":{"@id":"https:\/\/rhsuperior.com\/product\/strongman-t-shirt-2\/#breadcrumb"},"inLanguage":"et","potentialAction":[{"@type":"ReadAction","target":["https:\/\/rhsuperior.com\/product\/strongman-t-shirt-2\/"]}]},{"@type":"ImageObject","inLanguage":"et","@id":"https:\/\/rhsuperior.com\/product\/strongman-t-shirt-2\/#primaryimage","url":"https:\/\/rhsuperior.com\/wp-content\/uploads\/2024\/11\/valge-must-strongmen.jpg","contentUrl":"https:\/\/rhsuperior.com\/wp-content\/uploads\/2024\/11\/valge-must-strongmen.jpg","width":580,"height":580},{"@type":"BreadcrumbList","@id":"https:\/\/rhsuperior.com\/product\/strongman-t-shirt-2\/#breadcrumb","itemListElement":[{"@type":"ListItem","position":1,"name":"Home","item":"https:\/\/rhsuperior.com\/et\/"},{"@type":"ListItem","position":2,"name":"Shop","item":"https:\/\/rhsuperior.com\/shop\/"},{"@type":"ListItem","position":3,"name":"STRONGMAN T-Shirt"}]},{"@type":"WebSite","@id":"https:\/\/rhsuperior.com\/et\/#website","url":"https:\/\/rhsuperior.com\/et\/","name":"RHsuperior","description":"","publisher":{"@id":"https:\/\/rhsuperior.com\/et\/#organization"},"potentialAction":[{"@type":"SearchAction","target":{"@type":"EntryPoint","urlTemplate":"https:\/\/rhsuperior.com\/et\/?s={search_term_string}"},"query-input":{"@type":"PropertyValueSpecification","valueRequired":true,"valueName":"search_term_string"}}],"inLanguage":"et"},{"@type":"Organization","@id":"https:\/\/rhsuperior.com\/et\/#organization","name":"RHsuperior","url":"https:\/\/rhsuperior.com\/et\/","logo":{"@type":"ImageObject","inLanguage":"et","@id":"https:\/\/rhsuperior.com\/et\/#\/schema\/logo\/image\/","url":"https:\/\/rhsuperior.com\/wp-content\/uploads\/2024\/03\/cropped-MUSTA-LOGO-1-e1718311252742.png","contentUrl":"https:\/\/rhsuperior.com\/wp-content\/uploads\/2024\/03\/cropped-MUSTA-LOGO-1-e1718311252742.png","width":981,"height":689,"caption":"RHsuperior"},"image":{"@id":"https:\/\/rhsuperior.com\/et\/#\/schema\/logo\/image\/"},"sameAs":["https:\/\/www.facebook.com\/p\/RHsuperior-O-100094380819133\/"]}]},"og_availability":"instock","product_availability":"instock","product_condition":"new"},"_links":{"self":[{"href":"https:\/\/rhsuperior.com\/et\/wp-json\/wp\/v2\/product\/2329","targetHints":{"allow":["GET"]}}],"collection":[{"href":"https:\/\/rhsuperior.com\/et\/wp-json\/wp\/v2\/product"}],"about":[{"href":"https:\/\/rhsuperior.com\/et\/wp-json\/wp\/v2\/types\/product"}],"replies":[{"embeddable":true,"href":"https:\/\/rhsuperior.com\/et\/wp-json\/wp\/v2\/comments?post=2329"}],"wp:featuredmedia":[{"embeddable":true,"href":"https:\/\/rhsuperior.com\/et\/wp-json\/wp\/v2\/media\/2358"}],"wp:attachment":[{"href":"https:\/\/rhsuperior.com\/et\/wp-json\/wp\/v2\/media?parent=2329"}],"wp:term":[{"taxonomy":"product_brand","embeddable":true,"href":"https:\/\/rhsuperior.com\/et\/wp-json\/wp\/v2\/product_brand?post=2329"},{"taxonomy":"product_cat","embeddable":true,"href":"https:\/\/rhsuperior.com\/et\/wp-json\/wp\/v2\/product_cat?post=2329"},{"taxonomy":"product_tag","embeddable":true,"href":"https:\/\/rhsuperior.com\/et\/wp-json\/wp\/v2\/product_tag?post=2329"},{"taxonomy":"giftcard-category","embeddable":true,"href":"https:\/\/rhsuperior.com\/et\/wp-json\/wp\/v2\/giftcard-category?post=2329"}],"curies":[{"name":"wp","href":"https:\/\/api.w.org\/{rel}","templated":true}]}}