{"id":2419,"date":"2024-12-27T12:38:17","date_gmt":"2024-12-27T12:38:17","guid":{"rendered":"https:\/\/rhsuperior.com\/?post_type=product&#038;p=2419"},"modified":"2025-07-04T10:33:09","modified_gmt":"2025-07-04T10:33:09","slug":"deadlift-logo-t-sark","status":"publish","type":"product","link":"https:\/\/rhsuperior.com\/et\/toode\/deadlift-logo-t-sark\/","title":{"rendered":"Deadlift LOGO T-s\u00e4rk"},"content":{"rendered":"<h2 data-start=\"235\" data-end=\"382\"><strong data-start=\"311\" data-end=\"376\">Deadlift LOGO T-s\u00e4rk - Ehitatud t\u00f5stjatele, m\u00f5eldud j\u00f5uks<\/strong><\/h2>\n<p data-start=\"378\" data-end=\"603\">Deadlift LOGO T-s\u00e4rk on midagi enamat kui lihtsalt riietus - see on tugevuse deklaratsioon. See s\u00e4rk on disainitud ja tr\u00fckitud eliitj\u00f5ut\u00f5stja Rauno Heinla poolt ning peegeldab sinu p\u00fchendumust platvormile, sinu m\u00f5tteviisi ja liikumist.<\/p>\n<p data-start=\"605\" data-end=\"867\">Kangas on valmistatud k\u00f5rgekvaliteedilisest 100% eelp\u00f5letatud, ringkeeratud puuvillast (185 g\/m\u00b2), mis \u00fchendab endas vastupidavuse ja mugavuse. See hoiab oma kuju ka intensiivse t\u00f5stmise ja korduva pesu korral, samas kui tavaline l\u00f5ige annab teile t\u00e4ieliku liikumisvabaduse - ei mingeid kobarusi, ei mingeid piiranguid.<\/p>\n<p data-start=\"869\" data-end=\"1003\">See t-s\u00e4rk pakub nii j\u00f5udlust kui ka julget stiili, olenemata sellest, kas sa l\u00f6\u00f6d PR-i, treenid v\u00f5i esindad j\u00f5ukultuuri puhkep\u00e4evadel.<\/p>\n<p data-start=\"1005\" data-end=\"1022\"><strong data-start=\"1005\" data-end=\"1022\">Peamised omadused:<\/strong><\/p>\n<ul data-start=\"1024\" data-end=\"1366\">\n<li data-start=\"1024\" data-end=\"1083\">\n<p data-start=\"1026\" data-end=\"1083\"><strong data-start=\"1026\" data-end=\"1033\">Fit<\/strong>: Regulaarne sobivus - liikumisvabadus t\u00f5stmiste ajal<\/p>\n<\/li>\n<li data-start=\"1084\" data-end=\"1144\">\n<p data-start=\"1086\" data-end=\"1144\"><strong data-start=\"1086\" data-end=\"1098\">Materjal<\/strong>: 100% puuvill - pehme, eelnevalt kokkut\u00f5mmatud ja r\u00f5ngaspunane puuvill.<\/p>\n<\/li>\n<li data-start=\"1145\" data-end=\"1208\">\n<p data-start=\"1147\" data-end=\"1208\"><strong data-start=\"1147\" data-end=\"1164\">Kanga kaal<\/strong>: 185 g\/m\u00b2 - optimaalne paksus j\u00f5usaalis kasutamiseks.<\/p>\n<\/li>\n<li data-start=\"1209\" data-end=\"1268\">\n<p data-start=\"1211\" data-end=\"1268\"><strong data-start=\"1211\" data-end=\"1220\">Prindi<\/strong>: Deadlift logo ees - julge ja motiveeriv<\/p>\n<\/li>\n<li data-start=\"1269\" data-end=\"1293\">\n<p data-start=\"1271\" data-end=\"1293\"><strong data-start=\"1271\" data-end=\"1280\">Suurused<\/strong>: XS kuni 5XL<\/p>\n<\/li>\n<li data-start=\"1294\" data-end=\"1324\">\n<p data-start=\"1296\" data-end=\"1324\"><strong data-start=\"1296\" data-end=\"1306\">V\u00e4rvid<\/strong>: Must v\u00f5i valge<\/p>\n<\/li>\n<li data-start=\"1325\" data-end=\"1366\">\n<p data-start=\"1327\" data-end=\"1366\"><strong data-start=\"1327\" data-end=\"1335\">Hooldus<\/strong>: Masinpesu kuni 40\u00b0C<\/p>\n<\/li>\n<\/ul>\n<p data-start=\"1368\" data-end=\"1448\">Pane see peale. Laadige riba. Omandage platvorm.<br data-start=\"1410\" data-end=\"1413\" \/>See s\u00e4rk t\u00f5mbab sama k\u00f5vasti kui sina.<\/p>","protected":false},"excerpt":{"rendered":"<p>Deadlift LOGO T-s\u00e4rk on valmistatud kvaliteetsest puuvillast ja m\u00f5eldud t\u00f5stjatele. Rauno Heinla poolt disainitud s\u00e4rk \u00fchendab endas mugavuse, vastupidavuse ja tugevuse \u00fches j\u00f5usaalis\u00e4rkides.<\/p>","protected":false},"featured_media":2164,"comment_status":"closed","ping_status":"closed","template":"","meta":{"_acf_changed":false},"product_brand":[],"product_cat":[83,43],"product_tag":[],"giftcard-category":[],"class_list":{"0":"post-2419","1":"product","2":"type-product","3":"status-publish","4":"has-post-thumbnail","6":"product_cat-clothing","7":"product_cat-shirts","9":"first","10":"instock","11":"taxable","12":"shipping-taxable","13":"purchasable","14":"product-type-variable"},"acf":[],"yoast_head":"<!-- This site is optimized with the Yoast SEO Premium plugin v25.3.1 (Yoast SEO v25.4) - https:\/\/yoast.com\/wordpress\/plugins\/seo\/ -->\n<title>Deadlift LOGO T-Shirt \u2013 Cotton Gym Shirt by Rauno Heinla<\/title>\n<meta name=\"description\" content=\"Deadlift LOGO T-Shirt designed by Rauno Heinla. Premium cotton gym shirt with bold deadlift print. Built for lifters who train hard and live stronger.\" \/>\n<meta name=\"robots\" content=\"index, follow, max-snippet:-1, max-image-preview:large, max-video-preview:-1\" \/>\n<link rel=\"canonical\" href=\"https:\/\/rhsuperior.com\/et\/toode\/deadlift-logo-t-sark\/\" \/>\n<meta property=\"og:locale\" content=\"et_EE\" \/>\n<meta property=\"og:type\" content=\"article\" \/>\n<meta property=\"og:title\" content=\"Deadlift LOGO T-Shirt\" \/>\n<meta property=\"og:description\" content=\"Deadlift LOGO T-Shirt designed by Rauno Heinla. Premium cotton gym shirt with bold deadlift print. Built for lifters who train hard and live stronger.\" \/>\n<meta property=\"og:url\" content=\"https:\/\/rhsuperior.com\/et\/toode\/deadlift-logo-t-sark\/\" \/>\n<meta property=\"og:site_name\" content=\"RHsuperior\" \/>\n<meta property=\"article:publisher\" content=\"https:\/\/www.facebook.com\/p\/RHsuperior-O-100094380819133\/\" \/>\n<meta property=\"article:modified_time\" content=\"2025-07-04T10:33:09+00:00\" \/>\n<meta property=\"og:image\" content=\"https:\/\/rhsuperior.com\/wp-content\/uploads\/2024\/10\/deadlift-ja-pilt.jpg\" \/>\n\t<meta property=\"og:image:width\" content=\"1179\" \/>\n\t<meta property=\"og:image:height\" content=\"1168\" \/>\n\t<meta property=\"og:image:type\" content=\"image\/jpeg\" \/>\n<meta name=\"twitter:card\" content=\"summary_large_image\" \/>\n<meta name=\"twitter:label1\" content=\"Availability\" \/>\n\t<meta name=\"twitter:data1\" content=\"In stock\" \/>\n<script type=\"application\/ld+json\" class=\"yoast-schema-graph\">{\"@context\":\"https:\/\/schema.org\",\"@graph\":[{\"@type\":[\"WebPage\",\"ItemPage\"],\"@id\":\"https:\/\/rhsuperior.com\/product\/deadlift-logo-t-shirt\/\",\"url\":\"https:\/\/rhsuperior.com\/product\/deadlift-logo-t-shirt\/\",\"name\":\"Deadlift LOGO T-Shirt \u2013 Cotton Gym Shirt by Rauno Heinla\",\"isPartOf\":{\"@id\":\"https:\/\/rhsuperior.com\/et\/#website\"},\"primaryImageOfPage\":{\"@id\":\"https:\/\/rhsuperior.com\/product\/deadlift-logo-t-shirt\/#primaryimage\"},\"image\":{\"@id\":\"https:\/\/rhsuperior.com\/product\/deadlift-logo-t-shirt\/#primaryimage\"},\"thumbnailUrl\":\"https:\/\/rhsuperior.com\/wp-content\/uploads\/2024\/10\/deadlift-ja-pilt.jpg\",\"datePublished\":\"2024-12-27T12:38:17+00:00\",\"dateModified\":\"2025-07-04T10:33:09+00:00\",\"description\":\"Deadlift LOGO T-Shirt designed by Rauno Heinla. Premium cotton gym shirt with bold deadlift print. Built for lifters who train hard and live stronger.\",\"breadcrumb\":{\"@id\":\"https:\/\/rhsuperior.com\/product\/deadlift-logo-t-shirt\/#breadcrumb\"},\"inLanguage\":\"et\",\"potentialAction\":[{\"@type\":\"ReadAction\",\"target\":[\"https:\/\/rhsuperior.com\/product\/deadlift-logo-t-shirt\/\"]}]},{\"@type\":\"ImageObject\",\"inLanguage\":\"et\",\"@id\":\"https:\/\/rhsuperior.com\/product\/deadlift-logo-t-shirt\/#primaryimage\",\"url\":\"https:\/\/rhsuperior.com\/wp-content\/uploads\/2024\/10\/deadlift-ja-pilt.jpg\",\"contentUrl\":\"https:\/\/rhsuperior.com\/wp-content\/uploads\/2024\/10\/deadlift-ja-pilt.jpg\",\"width\":1179,\"height\":1168},{\"@type\":\"BreadcrumbList\",\"@id\":\"https:\/\/rhsuperior.com\/product\/deadlift-logo-t-shirt\/#breadcrumb\",\"itemListElement\":[{\"@type\":\"ListItem\",\"position\":1,\"name\":\"Home\",\"item\":\"https:\/\/rhsuperior.com\/et\/\"},{\"@type\":\"ListItem\",\"position\":2,\"name\":\"Shop\",\"item\":\"https:\/\/rhsuperior.com\/shop\/\"},{\"@type\":\"ListItem\",\"position\":3,\"name\":\"Deadlift LOGO T-Shirt\"}]},{\"@type\":\"WebSite\",\"@id\":\"https:\/\/rhsuperior.com\/et\/#website\",\"url\":\"https:\/\/rhsuperior.com\/et\/\",\"name\":\"RHsuperior\",\"description\":\"\",\"publisher\":{\"@id\":\"https:\/\/rhsuperior.com\/et\/#organization\"},\"potentialAction\":[{\"@type\":\"SearchAction\",\"target\":{\"@type\":\"EntryPoint\",\"urlTemplate\":\"https:\/\/rhsuperior.com\/et\/?s={search_term_string}\"},\"query-input\":{\"@type\":\"PropertyValueSpecification\",\"valueRequired\":true,\"valueName\":\"search_term_string\"}}],\"inLanguage\":\"et\"},{\"@type\":\"Organization\",\"@id\":\"https:\/\/rhsuperior.com\/et\/#organization\",\"name\":\"RHsuperior\",\"url\":\"https:\/\/rhsuperior.com\/et\/\",\"logo\":{\"@type\":\"ImageObject\",\"inLanguage\":\"et\",\"@id\":\"https:\/\/rhsuperior.com\/et\/#\/schema\/logo\/image\/\",\"url\":\"https:\/\/rhsuperior.com\/wp-content\/uploads\/2024\/03\/cropped-MUSTA-LOGO-1-e1718311252742.png\",\"contentUrl\":\"https:\/\/rhsuperior.com\/wp-content\/uploads\/2024\/03\/cropped-MUSTA-LOGO-1-e1718311252742.png\",\"width\":981,\"height\":689,\"caption\":\"RHsuperior\"},\"image\":{\"@id\":\"https:\/\/rhsuperior.com\/et\/#\/schema\/logo\/image\/\"},\"sameAs\":[\"https:\/\/www.facebook.com\/p\/RHsuperior-O-100094380819133\/\"]}]}<\/script>\n<meta property=\"og:availability\" content=\"instock\" \/>\n<meta property=\"product:availability\" content=\"instock\" \/>\n<meta property=\"product:condition\" content=\"new\" \/>\n<!-- \/ Yoast SEO Premium plugin. -->","yoast_head_json":{"title":"Deadlift LOGO T-s\u00e4rk - Cotton Gym Shirt by Rauno Heinla","description":"Deadlift LOGO T-s\u00e4rk, mille on kujundanud Rauno Heinla. Premium puuvillane j\u00f5usaalis\u00e4rk julge deadlift tr\u00fckiga. Loodud t\u00f5stjatele, kes treenivad k\u00f5vasti ja elavad tugevamalt.","robots":{"index":"index","follow":"follow","max-snippet":"max-snippet:-1","max-image-preview":"max-image-preview:large","max-video-preview":"max-video-preview:-1"},"canonical":"https:\/\/rhsuperior.com\/et\/toode\/deadlift-logo-t-sark\/","og_locale":"et_EE","og_type":"article","og_title":"Deadlift LOGO T-Shirt","og_description":"Deadlift LOGO T-Shirt designed by Rauno Heinla. Premium cotton gym shirt with bold deadlift print. Built for lifters who train hard and live stronger.","og_url":"https:\/\/rhsuperior.com\/et\/toode\/deadlift-logo-t-sark\/","og_site_name":"RHsuperior","article_publisher":"https:\/\/www.facebook.com\/p\/RHsuperior-O-100094380819133\/","article_modified_time":"2025-07-04T10:33:09+00:00","og_image":[{"width":1179,"height":1168,"url":"https:\/\/rhsuperior.com\/wp-content\/uploads\/2024\/10\/deadlift-ja-pilt.jpg","type":"image\/jpeg"}],"twitter_card":"summary_large_image","twitter_misc":{"Availability":"In stock"},"schema":{"@context":"https:\/\/schema.org","@graph":[{"@type":["WebPage","ItemPage"],"@id":"https:\/\/rhsuperior.com\/product\/deadlift-logo-t-shirt\/","url":"https:\/\/rhsuperior.com\/product\/deadlift-logo-t-shirt\/","name":"Deadlift LOGO T-s\u00e4rk - Cotton Gym Shirt by Rauno Heinla","isPartOf":{"@id":"https:\/\/rhsuperior.com\/et\/#website"},"primaryImageOfPage":{"@id":"https:\/\/rhsuperior.com\/product\/deadlift-logo-t-shirt\/#primaryimage"},"image":{"@id":"https:\/\/rhsuperior.com\/product\/deadlift-logo-t-shirt\/#primaryimage"},"thumbnailUrl":"https:\/\/rhsuperior.com\/wp-content\/uploads\/2024\/10\/deadlift-ja-pilt.jpg","datePublished":"2024-12-27T12:38:17+00:00","dateModified":"2025-07-04T10:33:09+00:00","description":"Deadlift LOGO T-s\u00e4rk, mille on kujundanud Rauno Heinla. Premium puuvillane j\u00f5usaalis\u00e4rk julge deadlift tr\u00fckiga. Loodud t\u00f5stjatele, kes treenivad k\u00f5vasti ja elavad tugevamalt.","breadcrumb":{"@id":"https:\/\/rhsuperior.com\/product\/deadlift-logo-t-shirt\/#breadcrumb"},"inLanguage":"et","potentialAction":[{"@type":"ReadAction","target":["https:\/\/rhsuperior.com\/product\/deadlift-logo-t-shirt\/"]}]},{"@type":"ImageObject","inLanguage":"et","@id":"https:\/\/rhsuperior.com\/product\/deadlift-logo-t-shirt\/#primaryimage","url":"https:\/\/rhsuperior.com\/wp-content\/uploads\/2024\/10\/deadlift-ja-pilt.jpg","contentUrl":"https:\/\/rhsuperior.com\/wp-content\/uploads\/2024\/10\/deadlift-ja-pilt.jpg","width":1179,"height":1168},{"@type":"BreadcrumbList","@id":"https:\/\/rhsuperior.com\/product\/deadlift-logo-t-shirt\/#breadcrumb","itemListElement":[{"@type":"ListItem","position":1,"name":"Home","item":"https:\/\/rhsuperior.com\/et\/"},{"@type":"ListItem","position":2,"name":"Shop","item":"https:\/\/rhsuperior.com\/shop\/"},{"@type":"ListItem","position":3,"name":"Deadlift LOGO T-Shirt"}]},{"@type":"WebSite","@id":"https:\/\/rhsuperior.com\/et\/#website","url":"https:\/\/rhsuperior.com\/et\/","name":"RHsuperior","description":"","publisher":{"@id":"https:\/\/rhsuperior.com\/et\/#organization"},"potentialAction":[{"@type":"SearchAction","target":{"@type":"EntryPoint","urlTemplate":"https:\/\/rhsuperior.com\/et\/?s={search_term_string}"},"query-input":{"@type":"PropertyValueSpecification","valueRequired":true,"valueName":"search_term_string"}}],"inLanguage":"et"},{"@type":"Organization","@id":"https:\/\/rhsuperior.com\/et\/#organization","name":"RHsuperior","url":"https:\/\/rhsuperior.com\/et\/","logo":{"@type":"ImageObject","inLanguage":"et","@id":"https:\/\/rhsuperior.com\/et\/#\/schema\/logo\/image\/","url":"https:\/\/rhsuperior.com\/wp-content\/uploads\/2024\/03\/cropped-MUSTA-LOGO-1-e1718311252742.png","contentUrl":"https:\/\/rhsuperior.com\/wp-content\/uploads\/2024\/03\/cropped-MUSTA-LOGO-1-e1718311252742.png","width":981,"height":689,"caption":"RHsuperior"},"image":{"@id":"https:\/\/rhsuperior.com\/et\/#\/schema\/logo\/image\/"},"sameAs":["https:\/\/www.facebook.com\/p\/RHsuperior-O-100094380819133\/"]}]},"og_availability":"instock","product_availability":"instock","product_condition":"new"},"_links":{"self":[{"href":"https:\/\/rhsuperior.com\/et\/wp-json\/wp\/v2\/product\/2419","targetHints":{"allow":["GET"]}}],"collection":[{"href":"https:\/\/rhsuperior.com\/et\/wp-json\/wp\/v2\/product"}],"about":[{"href":"https:\/\/rhsuperior.com\/et\/wp-json\/wp\/v2\/types\/product"}],"replies":[{"embeddable":true,"href":"https:\/\/rhsuperior.com\/et\/wp-json\/wp\/v2\/comments?post=2419"}],"wp:featuredmedia":[{"embeddable":true,"href":"https:\/\/rhsuperior.com\/et\/wp-json\/wp\/v2\/media\/2164"}],"wp:attachment":[{"href":"https:\/\/rhsuperior.com\/et\/wp-json\/wp\/v2\/media?parent=2419"}],"wp:term":[{"taxonomy":"product_brand","embeddable":true,"href":"https:\/\/rhsuperior.com\/et\/wp-json\/wp\/v2\/product_brand?post=2419"},{"taxonomy":"product_cat","embeddable":true,"href":"https:\/\/rhsuperior.com\/et\/wp-json\/wp\/v2\/product_cat?post=2419"},{"taxonomy":"product_tag","embeddable":true,"href":"https:\/\/rhsuperior.com\/et\/wp-json\/wp\/v2\/product_tag?post=2419"},{"taxonomy":"giftcard-category","embeddable":true,"href":"https:\/\/rhsuperior.com\/et\/wp-json\/wp\/v2\/giftcard-category?post=2419"}],"curies":[{"name":"wp","href":"https:\/\/api.w.org\/{rel}","templated":true}]}}