{"id":2431,"date":"2025-01-03T22:48:20","date_gmt":"2025-01-03T22:48:20","guid":{"rendered":"https:\/\/rhsuperior.com\/?post_type=product&#038;p=2431"},"modified":"2025-07-07T13:30:54","modified_gmt":"2025-07-07T13:30:54","slug":"eesti-rammumees-t-shirt","status":"publish","type":"product","link":"https:\/\/rhsuperior.com\/et\/toode\/eesti-rammumees-t-shirt\/","title":{"rendered":"Eesti Rammumees T-s\u00e4rk - Eesti tugevus stiilis"},"content":{"rendered":"<p data-start=\"285\" data-end=\"529\">The <strong data-start=\"289\" data-end=\"316\">Eesti Rammumees T-s\u00e4rk<\/strong> on julge austusavaldus Eesti tugevusele ja p\u00e4randile. Isiklikult kujundatud ja tr\u00fckitud <strong data-start=\"405\" data-end=\"421\">Rauno Heinla<\/strong>, \u00fcks maailma edukaimaid j\u00f5ut\u00f5stjaid, \u00fchendab see T-s\u00e4rk rahvusliku uhkuse ja t\u00f5stekultuuri.<\/p>\n<p data-start=\"531\" data-end=\"895\">Valmistatud <strong data-start=\"541\" data-end=\"578\">100% eelnevalt kokkut\u00f5mmatud, ringkeeratud puuvillane riie<\/strong> mugava <strong data-start=\"598\" data-end=\"610\">185 g\/m\u00b2<\/strong> kangast, sobib see t-s\u00e4rk ideaalselt nii k\u00f5vaks treeninguks kui ka igap\u00e4evaseks kandmiseks. Selle tavaline l\u00f5ige pakub liikumisvabadust, samas kui <strong data-start=\"738\" data-end=\"759\">\"EESTI RAMMUMEES\"<\/strong> tr\u00fckis annab puhta ja enesekindla avalduse - olgu sa siis j\u00f5usaalis, platvormil v\u00f5i lihtsalt esindad uhkusega Balti j\u00f5udu.<\/p>\n<p data-start=\"897\" data-end=\"914\"><strong data-start=\"897\" data-end=\"914\">Peamised omadused:<\/strong><\/p>\n<ul data-start=\"915\" data-end=\"1216\">\n<li data-start=\"915\" data-end=\"977\">\n<p data-start=\"917\" data-end=\"977\">Materjal: 100% puuvillast (eelnevalt kokkut\u00f5mmatud, ringkeermestatud, \u00fchekordne trikotaa\u017e).<\/p>\n<\/li>\n<li data-start=\"978\" data-end=\"1003\">\n<p data-start=\"980\" data-end=\"1003\">Kanga kaal: 185 g\/m\u00b2<\/p>\n<\/li>\n<li data-start=\"1004\" data-end=\"1037\">\n<p data-start=\"1006\" data-end=\"1037\">Sobib: Tavaline sobivus - sobiv suurus<\/p>\n<\/li>\n<li data-start=\"1038\" data-end=\"1062\">\n<p data-start=\"1040\" data-end=\"1062\">V\u00e4rvid: V\u00e4rvid: Must v\u00f5i valge<\/p>\n<\/li>\n<li data-start=\"1063\" data-end=\"1109\">\n<p data-start=\"1065\" data-end=\"1109\">Disain: EESTI RAMMUMEES\" esiplaanil.<\/p>\n<\/li>\n<li data-start=\"1110\" data-end=\"1128\">\n<p data-start=\"1112\" data-end=\"1128\">Suurused: XS kuni 5XL<\/p>\n<\/li>\n<li data-start=\"1129\" data-end=\"1177\">\n<p data-start=\"1131\" data-end=\"1177\">Hooldusjuhised: Pesumasinas pestav kuni 40\u00b0C.<\/p>\n<\/li>\n<li data-start=\"1178\" data-end=\"1216\">\n<p data-start=\"1180\" data-end=\"1216\">Kujundanud ja tr\u00fckkinud Rauno Heinla<\/p>\n<\/li>\n<\/ul>\n<p data-start=\"1218\" data-end=\"1334\"><strong data-start=\"1218\" data-end=\"1282\">N\u00e4ita oma v\u00f5imu. Kandke oma lippu. Olge Eesti tugevus.<\/strong><br data-start=\"1282\" data-end=\"1285\" \/><strong data-start=\"1285\" data-end=\"1334\">RHSUPERIOR - Eesti v\u00f5imsus. \u00dclemaailmne tugevus.<\/strong><\/p>\n<hr data-start=\"1336\" data-end=\"1339\" \/>","protected":false},"excerpt":{"rendered":"<p>Esindage Eesti j\u00f5udu Rauno Heinla kujundatud Eesti Rammumees T-s\u00e4rgiga. 100% puuvillane. Must v\u00f5i valge. XS-5XL. J\u00f5udu igas detailis.<\/p>","protected":false},"featured_media":2654,"comment_status":"closed","ping_status":"closed","template":"","meta":{"_acf_changed":false},"product_brand":[],"product_cat":[83,43],"product_tag":[],"giftcard-category":[],"class_list":{"0":"post-2431","1":"product","2":"type-product","3":"status-publish","4":"has-post-thumbnail","6":"product_cat-clothing","7":"product_cat-shirts","9":"first","10":"instock","11":"sale","12":"taxable","13":"shipping-taxable","14":"purchasable","15":"product-type-variable"},"acf":[],"yoast_head":"<!-- This site is optimized with the Yoast SEO Premium plugin v25.3.1 (Yoast SEO v25.4) - https:\/\/yoast.com\/wordpress\/plugins\/seo\/ -->\n<title>Eesti Rammumees T-Shirt \u2013 Estonian Power by Rauno Heinla<\/title>\n<meta name=\"description\" content=\"Eesti Rammumees T-Shirt \u2013 Designed by Rauno Heinla. Represent Estonian strength with this bold, 100% cotton tee. Available in black and white. XS\u20135XL.\" \/>\n<meta name=\"robots\" content=\"index, follow, max-snippet:-1, max-image-preview:large, max-video-preview:-1\" \/>\n<link rel=\"canonical\" href=\"https:\/\/rhsuperior.com\/et\/toode\/eesti-rammumees-t-shirt\/\" \/>\n<meta property=\"og:locale\" content=\"et_EE\" \/>\n<meta property=\"og:type\" content=\"article\" \/>\n<meta property=\"og:title\" content=\"Eesti Rammumees T-Shirt \u2013 Estonian Strength in Style\" \/>\n<meta property=\"og:description\" content=\"Eesti Rammumees T-Shirt \u2013 Designed by Rauno Heinla. Represent Estonian strength with this bold, 100% cotton tee. Available in black and white. XS\u20135XL.\" \/>\n<meta property=\"og:url\" content=\"https:\/\/rhsuperior.com\/et\/toode\/eesti-rammumees-t-shirt\/\" \/>\n<meta property=\"og:site_name\" content=\"RHsuperior\" \/>\n<meta property=\"article:publisher\" content=\"https:\/\/www.facebook.com\/p\/RHsuperior-O-100094380819133\/\" \/>\n<meta property=\"article:modified_time\" content=\"2025-07-07T13:30:54+00:00\" \/>\n<meta property=\"og:image\" content=\"https:\/\/rhsuperior.com\/wp-content\/uploads\/2025\/01\/valge-ja-must-ram.jpg\" \/>\n\t<meta property=\"og:image:width\" content=\"2048\" \/>\n\t<meta property=\"og:image:height\" content=\"2028\" \/>\n\t<meta property=\"og:image:type\" content=\"image\/jpeg\" \/>\n<meta name=\"twitter:card\" content=\"summary_large_image\" \/>\n<meta name=\"twitter:label1\" content=\"Availability\" \/>\n\t<meta name=\"twitter:data1\" content=\"In stock\" \/>\n<script type=\"application\/ld+json\" class=\"yoast-schema-graph\">{\"@context\":\"https:\/\/schema.org\",\"@graph\":[{\"@type\":\"WebPage\",\"@id\":\"https:\/\/rhsuperior.com\/product\/eesti-rammumees-t-shirt\/\",\"url\":\"https:\/\/rhsuperior.com\/product\/eesti-rammumees-t-shirt\/\",\"name\":\"Eesti Rammumees T-Shirt \u2013 Estonian Power by Rauno Heinla\",\"isPartOf\":{\"@id\":\"https:\/\/rhsuperior.com\/et\/#website\"},\"primaryImageOfPage\":{\"@id\":\"https:\/\/rhsuperior.com\/product\/eesti-rammumees-t-shirt\/#primaryimage\"},\"image\":{\"@id\":\"https:\/\/rhsuperior.com\/product\/eesti-rammumees-t-shirt\/#primaryimage\"},\"thumbnailUrl\":\"https:\/\/rhsuperior.com\/wp-content\/uploads\/2025\/01\/valge-ja-must-ram.jpg\",\"datePublished\":\"2025-01-03T22:48:20+00:00\",\"dateModified\":\"2025-07-07T13:30:54+00:00\",\"description\":\"Eesti Rammumees T-Shirt \u2013 Designed by Rauno Heinla. Represent Estonian strength with this bold, 100% cotton tee. Available in black and white. XS\u20135XL.\",\"breadcrumb\":{\"@id\":\"https:\/\/rhsuperior.com\/product\/eesti-rammumees-t-shirt\/#breadcrumb\"},\"inLanguage\":\"et\",\"potentialAction\":[{\"@type\":\"ReadAction\",\"target\":[\"https:\/\/rhsuperior.com\/product\/eesti-rammumees-t-shirt\/\"]}]},{\"@type\":\"ImageObject\",\"inLanguage\":\"et\",\"@id\":\"https:\/\/rhsuperior.com\/product\/eesti-rammumees-t-shirt\/#primaryimage\",\"url\":\"https:\/\/rhsuperior.com\/wp-content\/uploads\/2025\/01\/valge-ja-must-ram.jpg\",\"contentUrl\":\"https:\/\/rhsuperior.com\/wp-content\/uploads\/2025\/01\/valge-ja-must-ram.jpg\",\"width\":2048,\"height\":2028,\"caption\":\"Eesti Rammumees T-Shirt with bold Estonian strongman print \u2013 designed by Rauno Heinla\"},{\"@type\":\"BreadcrumbList\",\"@id\":\"https:\/\/rhsuperior.com\/product\/eesti-rammumees-t-shirt\/#breadcrumb\",\"itemListElement\":[{\"@type\":\"ListItem\",\"position\":1,\"name\":\"Home\",\"item\":\"https:\/\/rhsuperior.com\/et\/\"},{\"@type\":\"ListItem\",\"position\":2,\"name\":\"Shop\",\"item\":\"https:\/\/rhsuperior.com\/shop\/\"},{\"@type\":\"ListItem\",\"position\":3,\"name\":\"Eesti Rammumees T-Shirt \u2013 Estonian Strength in Style\"}]},{\"@type\":\"WebSite\",\"@id\":\"https:\/\/rhsuperior.com\/et\/#website\",\"url\":\"https:\/\/rhsuperior.com\/et\/\",\"name\":\"RHsuperior\",\"description\":\"\",\"publisher\":{\"@id\":\"https:\/\/rhsuperior.com\/et\/#organization\"},\"potentialAction\":[{\"@type\":\"SearchAction\",\"target\":{\"@type\":\"EntryPoint\",\"urlTemplate\":\"https:\/\/rhsuperior.com\/et\/?s={search_term_string}\"},\"query-input\":{\"@type\":\"PropertyValueSpecification\",\"valueRequired\":true,\"valueName\":\"search_term_string\"}}],\"inLanguage\":\"et\"},{\"@type\":\"Organization\",\"@id\":\"https:\/\/rhsuperior.com\/et\/#organization\",\"name\":\"RHsuperior\",\"url\":\"https:\/\/rhsuperior.com\/et\/\",\"logo\":{\"@type\":\"ImageObject\",\"inLanguage\":\"et\",\"@id\":\"https:\/\/rhsuperior.com\/et\/#\/schema\/logo\/image\/\",\"url\":\"https:\/\/rhsuperior.com\/wp-content\/uploads\/2024\/03\/cropped-FullLogo_Transparent-19-1-1.png\",\"contentUrl\":\"https:\/\/rhsuperior.com\/wp-content\/uploads\/2024\/03\/cropped-FullLogo_Transparent-19-1-1.png\",\"width\":1047,\"height\":764,\"caption\":\"RHsuperior\"},\"image\":{\"@id\":\"https:\/\/rhsuperior.com\/et\/#\/schema\/logo\/image\/\"},\"sameAs\":[\"https:\/\/www.facebook.com\/p\/RHsuperior-O-100094380819133\/\"]}]}<\/script>\n<meta property=\"og:availability\" content=\"instock\" \/>\n<meta property=\"product:availability\" content=\"instock\" \/>\n<meta property=\"product:condition\" content=\"new\" \/>\n<!-- \/ Yoast SEO Premium plugin. -->","yoast_head_json":{"title":"Eesti Rammumees T-s\u00e4rk - Estonian Power by Rauno Heinla","description":"Eesti Rammumees T-s\u00e4rk - kujundanud Rauno Heinla. Esindage Eesti tugevust selle julge, 100% puuvillase t-s\u00e4rgiga. Saadaval mustas ja valges v\u00e4rvitoonis. XS-5XL.","robots":{"index":"index","follow":"follow","max-snippet":"max-snippet:-1","max-image-preview":"max-image-preview:large","max-video-preview":"max-video-preview:-1"},"canonical":"https:\/\/rhsuperior.com\/et\/toode\/eesti-rammumees-t-shirt\/","og_locale":"et_EE","og_type":"article","og_title":"Eesti Rammumees T-Shirt \u2013 Estonian Strength in Style","og_description":"Eesti Rammumees T-Shirt \u2013 Designed by Rauno Heinla. Represent Estonian strength with this bold, 100% cotton tee. Available in black and white. XS\u20135XL.","og_url":"https:\/\/rhsuperior.com\/et\/toode\/eesti-rammumees-t-shirt\/","og_site_name":"RHsuperior","article_publisher":"https:\/\/www.facebook.com\/p\/RHsuperior-O-100094380819133\/","article_modified_time":"2025-07-07T13:30:54+00:00","og_image":[{"width":2048,"height":2028,"url":"https:\/\/rhsuperior.com\/wp-content\/uploads\/2025\/01\/valge-ja-must-ram.jpg","type":"image\/jpeg"}],"twitter_card":"summary_large_image","twitter_misc":{"Availability":"In stock"},"schema":{"@context":"https:\/\/schema.org","@graph":[{"@type":"WebPage","@id":"https:\/\/rhsuperior.com\/product\/eesti-rammumees-t-shirt\/","url":"https:\/\/rhsuperior.com\/product\/eesti-rammumees-t-shirt\/","name":"Eesti Rammumees T-s\u00e4rk - Estonian Power by Rauno Heinla","isPartOf":{"@id":"https:\/\/rhsuperior.com\/et\/#website"},"primaryImageOfPage":{"@id":"https:\/\/rhsuperior.com\/product\/eesti-rammumees-t-shirt\/#primaryimage"},"image":{"@id":"https:\/\/rhsuperior.com\/product\/eesti-rammumees-t-shirt\/#primaryimage"},"thumbnailUrl":"https:\/\/rhsuperior.com\/wp-content\/uploads\/2025\/01\/valge-ja-must-ram.jpg","datePublished":"2025-01-03T22:48:20+00:00","dateModified":"2025-07-07T13:30:54+00:00","description":"Eesti Rammumees T-s\u00e4rk - kujundanud Rauno Heinla. Esindage Eesti tugevust selle julge, 100% puuvillase t-s\u00e4rgiga. Saadaval mustas ja valges v\u00e4rvitoonis. XS-5XL.","breadcrumb":{"@id":"https:\/\/rhsuperior.com\/product\/eesti-rammumees-t-shirt\/#breadcrumb"},"inLanguage":"et","potentialAction":[{"@type":"ReadAction","target":["https:\/\/rhsuperior.com\/product\/eesti-rammumees-t-shirt\/"]}]},{"@type":"ImageObject","inLanguage":"et","@id":"https:\/\/rhsuperior.com\/product\/eesti-rammumees-t-shirt\/#primaryimage","url":"https:\/\/rhsuperior.com\/wp-content\/uploads\/2025\/01\/valge-ja-must-ram.jpg","contentUrl":"https:\/\/rhsuperior.com\/wp-content\/uploads\/2025\/01\/valge-ja-must-ram.jpg","width":2048,"height":2028,"caption":"Eesti Rammumees T-Shirt with bold Estonian strongman print \u2013 designed by Rauno Heinla"},{"@type":"BreadcrumbList","@id":"https:\/\/rhsuperior.com\/product\/eesti-rammumees-t-shirt\/#breadcrumb","itemListElement":[{"@type":"ListItem","position":1,"name":"Home","item":"https:\/\/rhsuperior.com\/et\/"},{"@type":"ListItem","position":2,"name":"Shop","item":"https:\/\/rhsuperior.com\/shop\/"},{"@type":"ListItem","position":3,"name":"Eesti Rammumees T-Shirt \u2013 Estonian Strength in Style"}]},{"@type":"WebSite","@id":"https:\/\/rhsuperior.com\/et\/#website","url":"https:\/\/rhsuperior.com\/et\/","name":"RHsuperior","description":"","publisher":{"@id":"https:\/\/rhsuperior.com\/et\/#organization"},"potentialAction":[{"@type":"SearchAction","target":{"@type":"EntryPoint","urlTemplate":"https:\/\/rhsuperior.com\/et\/?s={search_term_string}"},"query-input":{"@type":"PropertyValueSpecification","valueRequired":true,"valueName":"search_term_string"}}],"inLanguage":"et"},{"@type":"Organization","@id":"https:\/\/rhsuperior.com\/et\/#organization","name":"RHsuperior","url":"https:\/\/rhsuperior.com\/et\/","logo":{"@type":"ImageObject","inLanguage":"et","@id":"https:\/\/rhsuperior.com\/et\/#\/schema\/logo\/image\/","url":"https:\/\/rhsuperior.com\/wp-content\/uploads\/2024\/03\/cropped-FullLogo_Transparent-19-1-1.png","contentUrl":"https:\/\/rhsuperior.com\/wp-content\/uploads\/2024\/03\/cropped-FullLogo_Transparent-19-1-1.png","width":1047,"height":764,"caption":"RHsuperior"},"image":{"@id":"https:\/\/rhsuperior.com\/et\/#\/schema\/logo\/image\/"},"sameAs":["https:\/\/www.facebook.com\/p\/RHsuperior-O-100094380819133\/"]}]},"og_availability":"instock","product_availability":"instock","product_condition":"new"},"_links":{"self":[{"href":"https:\/\/rhsuperior.com\/et\/wp-json\/wp\/v2\/product\/2431","targetHints":{"allow":["GET"]}}],"collection":[{"href":"https:\/\/rhsuperior.com\/et\/wp-json\/wp\/v2\/product"}],"about":[{"href":"https:\/\/rhsuperior.com\/et\/wp-json\/wp\/v2\/types\/product"}],"replies":[{"embeddable":true,"href":"https:\/\/rhsuperior.com\/et\/wp-json\/wp\/v2\/comments?post=2431"}],"wp:featuredmedia":[{"embeddable":true,"href":"https:\/\/rhsuperior.com\/et\/wp-json\/wp\/v2\/media\/2654"}],"wp:attachment":[{"href":"https:\/\/rhsuperior.com\/et\/wp-json\/wp\/v2\/media?parent=2431"}],"wp:term":[{"taxonomy":"product_brand","embeddable":true,"href":"https:\/\/rhsuperior.com\/et\/wp-json\/wp\/v2\/product_brand?post=2431"},{"taxonomy":"product_cat","embeddable":true,"href":"https:\/\/rhsuperior.com\/et\/wp-json\/wp\/v2\/product_cat?post=2431"},{"taxonomy":"product_tag","embeddable":true,"href":"https:\/\/rhsuperior.com\/et\/wp-json\/wp\/v2\/product_tag?post=2431"},{"taxonomy":"giftcard-category","embeddable":true,"href":"https:\/\/rhsuperior.com\/et\/wp-json\/wp\/v2\/giftcard-category?post=2431"}],"curies":[{"name":"wp","href":"https:\/\/api.w.org\/{rel}","templated":true}]}}