{"id":2604,"date":"2025-02-11T15:31:50","date_gmt":"2025-02-11T15:31:50","guid":{"rendered":"https:\/\/rhsuperior.com\/?post_type=product&#038;p=2604"},"modified":"2026-01-25T14:58:59","modified_gmt":"2026-01-25T14:58:59","slug":"kukitades-pink-deadlift-t-sark","status":"publish","type":"product","link":"https:\/\/rhsuperior.com\/et\/toode\/kukitades-pink-deadlift-t-sark\/","title":{"rendered":"Squat, Bench, Deadlift-T-s\u00e4rk"},"content":{"rendered":"<h3 data-start=\"489\" data-end=\"732\"><strong data-start=\"489\" data-end=\"523\">K\u00fckitama, pink, surut\u00f5stmine T-s\u00e4rk<\/strong> <span style=\"font-size: 12pt;\">on m\u00f5eldud t\u00f5sistele t\u00f5stjatele, kes elavad kolme suure liikumise j\u00e4rgi. Olenemata sellest, kas oled riba all v\u00f5i toetad kohtumisel, esindab see j\u00f5ut\u00f5stmise s\u00e4rk sinu m\u00f5tteviisi - j\u00e4rjepidev, tugev ja keskendunud.<\/span><\/h3>\n<p data-start=\"734\" data-end=\"978\">See k\u00f5rgekvaliteedilisest 185 g\/m\u00b2 puuvillast valmistatud t-s\u00e4rk pakub hingavat mugavust ja vastupidavust. Esik\u00fcljel on r\u00f5hutatud graafika, millel on kujutatud k\u00fckkimise, pingi ja survet\u00f5stmise ikoonid - julge austusavaldus j\u00f5utreeningute alustaladele.<\/p>\n<p data-start=\"980\" data-end=\"1228\">Tavaline sportlik l\u00f5ige tagab liikumisvabaduse iga korduse ajal ning kangas j\u00e4\u00e4b pehme ja m\u00f5\u00f5tu j\u00e4rgi p\u00e4rast iga pesu. See j\u00f5us\u00e4rk, mille on disaininud ja tr\u00fckkinud maailmaklassi j\u00f5umees Rauno Heinla, t\u00e4histab distsipliini ja otsustavust.<\/p>\n<p data-start=\"1230\" data-end=\"1350\">Olenemata sellest, kas t\u00f5stad raskusi v\u00f5i elad j\u00f5ut\u00f5stmise elustiili v\u00e4ljaspool platvormi, hoiab see t-s\u00e4rk sinu eesm\u00e4rkidega sammu.<\/p>\n<hr data-start=\"1352\" data-end=\"1355\" \/>\n<p data-start=\"1357\" data-end=\"1374\"><strong data-start=\"1357\" data-end=\"1374\">Peamised omadused:<\/strong><\/p>\n<ul data-start=\"1375\" data-end=\"1671\">\n<li data-start=\"1375\" data-end=\"1422\">\n<p data-start=\"1377\" data-end=\"1422\">Materjal: 100% r\u00f5ngaspunetud, eelnevalt kokkut\u00f5mmatud puuvillast.<\/p>\n<\/li>\n<li data-start=\"1423\" data-end=\"1450\">\n<p data-start=\"1425\" data-end=\"1450\">Kanga kaal: 185 g\/m\u00b2<\/p>\n<\/li>\n<li data-start=\"1451\" data-end=\"1480\">\n<p data-start=\"1453\" data-end=\"1480\">Sobib: Sportlik l\u00f5ige: Tavaline sportlik l\u00f5ige<\/p>\n<\/li>\n<li data-start=\"1481\" data-end=\"1537\">\n<p data-start=\"1483\" data-end=\"1537\">Prindi: \"Squat. Pangal\u00f6\u00f6mine. Deadlift.\" koos ikoonilise visuaaliga<\/p>\n<\/li>\n<li data-start=\"1538\" data-end=\"1558\">\n<p data-start=\"1540\" data-end=\"1558\">Suurused: XS kuni 5XL<\/p>\n<\/li>\n<li data-start=\"1559\" data-end=\"1596\">\n<p data-start=\"1561\" data-end=\"1596\">Pesu: Pesumasinas pestav kuni 40\u00b0C<\/p>\n<\/li>\n<li data-start=\"1597\" data-end=\"1623\">\n<p data-start=\"1599\" data-end=\"1623\">V\u00e4rvid: V\u00e4rvid: Must<\/p>\n<\/li>\n<li data-start=\"1624\" data-end=\"1671\">\n<p data-start=\"1626\" data-end=\"1671\">Disain: Heinla poolt loodud ja tr\u00fckitud: Rauno Heinla<\/p>\n<\/li>\n<\/ul>\n<p data-start=\"1673\" data-end=\"1720\"><strong data-start=\"1673\" data-end=\"1720\">Treeni k\u00f5vasti. T\u00f5stke targalt. Kandke oma j\u00f5udu.<\/strong><\/p>","protected":false},"excerpt":{"rendered":"<p>Squat, Bench, Deadlift T-s\u00e4rk on julge j\u00f5ut\u00f5stmise t-s\u00e4rk, mis on valmistatud pehmest ja vastupidavast puuvillast. Disainitud Rauno Heinla poolt t\u00f5sistele t\u00f5stjatele. Suurused S-5XL.<\/p>","protected":false},"featured_media":3931,"comment_status":"closed","ping_status":"closed","template":"","meta":{"_acf_changed":false},"product_brand":[],"product_cat":[83,43],"product_tag":[],"giftcard-category":[],"class_list":{"0":"post-2604","1":"product","2":"type-product","3":"status-publish","4":"has-post-thumbnail","6":"product_cat-clothing","7":"product_cat-shirts","9":"first","10":"instock","11":"taxable","12":"shipping-taxable","13":"purchasable","14":"product-type-variable"},"acf":[],"yoast_head":"<!-- This site is optimized with the Yoast SEO Premium plugin v25.3.1 (Yoast SEO v25.4) - https:\/\/yoast.com\/wordpress\/plugins\/seo\/ -->\n<title>Squat, Bench, Deadlift T-Shirt | Powerlifting Shirt by Rauno Heinla<\/title>\n<meta name=\"description\" content=\"The Squat, Bench, Deadlift T-Shirt is designed by Rauno Heinla for serious lifters. Made from high-quality cotton with bold lift graphics.\" \/>\n<meta name=\"robots\" content=\"index, follow, max-snippet:-1, max-image-preview:large, max-video-preview:-1\" \/>\n<link rel=\"canonical\" href=\"https:\/\/rhsuperior.com\/et\/toode\/kukitades-pink-deadlift-t-sark\/\" \/>\n<meta property=\"og:locale\" content=\"et_EE\" \/>\n<meta property=\"og:type\" content=\"article\" \/>\n<meta property=\"og:title\" content=\"Squat, Bench, Deadlift-T-Shirt\" \/>\n<meta property=\"og:description\" content=\"The Squat, Bench, Deadlift T-Shirt is designed by Rauno Heinla for serious lifters. Made from high-quality cotton with bold lift graphics.\" \/>\n<meta property=\"og:url\" content=\"https:\/\/rhsuperior.com\/et\/toode\/kukitades-pink-deadlift-t-sark\/\" \/>\n<meta property=\"og:site_name\" content=\"RHsuperior\" \/>\n<meta property=\"article:publisher\" content=\"https:\/\/www.facebook.com\/p\/RHsuperior-O-100094380819133\/\" \/>\n<meta property=\"article:modified_time\" content=\"2026-01-25T14:58:59+00:00\" \/>\n<meta property=\"og:image\" content=\"https:\/\/rhsuperior.com\/wp-content\/uploads\/2025\/02\/IMG_8106-scaled.jpg\" \/>\n\t<meta property=\"og:image:width\" content=\"2048\" \/>\n\t<meta property=\"og:image:height\" content=\"2560\" \/>\n\t<meta property=\"og:image:type\" content=\"image\/jpeg\" \/>\n<meta name=\"twitter:card\" content=\"summary_large_image\" \/>\n<meta name=\"twitter:label1\" content=\"Availability\" \/>\n\t<meta name=\"twitter:data1\" content=\"In stock\" \/>\n<script type=\"application\/ld+json\" class=\"yoast-schema-graph\">{\"@context\":\"https:\/\/schema.org\",\"@graph\":[{\"@type\":\"WebPage\",\"@id\":\"https:\/\/rhsuperior.com\/product\/squat-bench-deadlift-t-shirt\/\",\"url\":\"https:\/\/rhsuperior.com\/product\/squat-bench-deadlift-t-shirt\/\",\"name\":\"Squat, Bench, Deadlift T-Shirt | Powerlifting Shirt by Rauno Heinla\",\"isPartOf\":{\"@id\":\"https:\/\/rhsuperior.com\/et\/#website\"},\"primaryImageOfPage\":{\"@id\":\"https:\/\/rhsuperior.com\/product\/squat-bench-deadlift-t-shirt\/#primaryimage\"},\"image\":{\"@id\":\"https:\/\/rhsuperior.com\/product\/squat-bench-deadlift-t-shirt\/#primaryimage\"},\"thumbnailUrl\":\"https:\/\/rhsuperior.com\/wp-content\/uploads\/2025\/02\/IMG_8106-scaled.jpg\",\"datePublished\":\"2025-02-11T15:31:50+00:00\",\"dateModified\":\"2026-01-25T14:58:59+00:00\",\"description\":\"The Squat, Bench, Deadlift T-Shirt is designed by Rauno Heinla for serious lifters. Made from high-quality cotton with bold lift graphics.\",\"breadcrumb\":{\"@id\":\"https:\/\/rhsuperior.com\/product\/squat-bench-deadlift-t-shirt\/#breadcrumb\"},\"inLanguage\":\"et\",\"potentialAction\":[{\"@type\":\"ReadAction\",\"target\":[\"https:\/\/rhsuperior.com\/product\/squat-bench-deadlift-t-shirt\/\"]}]},{\"@type\":\"ImageObject\",\"inLanguage\":\"et\",\"@id\":\"https:\/\/rhsuperior.com\/product\/squat-bench-deadlift-t-shirt\/#primaryimage\",\"url\":\"https:\/\/rhsuperior.com\/wp-content\/uploads\/2025\/02\/IMG_8106-scaled.jpg\",\"contentUrl\":\"https:\/\/rhsuperior.com\/wp-content\/uploads\/2025\/02\/IMG_8106-scaled.jpg\",\"width\":2048,\"height\":2560,\"caption\":\"Squat, Bench, Deadlift T-Shirt with powerlifting icons \u2013 RHSUPERIOR by Rauno Heinla\"},{\"@type\":\"BreadcrumbList\",\"@id\":\"https:\/\/rhsuperior.com\/product\/squat-bench-deadlift-t-shirt\/#breadcrumb\",\"itemListElement\":[{\"@type\":\"ListItem\",\"position\":1,\"name\":\"Home\",\"item\":\"https:\/\/rhsuperior.com\/et\/\"},{\"@type\":\"ListItem\",\"position\":2,\"name\":\"Shop\",\"item\":\"https:\/\/rhsuperior.com\/shop\/\"},{\"@type\":\"ListItem\",\"position\":3,\"name\":\"Squat, Bench, Deadlift-T-Shirt\"}]},{\"@type\":\"WebSite\",\"@id\":\"https:\/\/rhsuperior.com\/et\/#website\",\"url\":\"https:\/\/rhsuperior.com\/et\/\",\"name\":\"RHsuperior\",\"description\":\"\",\"publisher\":{\"@id\":\"https:\/\/rhsuperior.com\/et\/#organization\"},\"potentialAction\":[{\"@type\":\"SearchAction\",\"target\":{\"@type\":\"EntryPoint\",\"urlTemplate\":\"https:\/\/rhsuperior.com\/et\/?s={search_term_string}\"},\"query-input\":{\"@type\":\"PropertyValueSpecification\",\"valueRequired\":true,\"valueName\":\"search_term_string\"}}],\"inLanguage\":\"et\"},{\"@type\":\"Organization\",\"@id\":\"https:\/\/rhsuperior.com\/et\/#organization\",\"name\":\"RHsuperior\",\"url\":\"https:\/\/rhsuperior.com\/et\/\",\"logo\":{\"@type\":\"ImageObject\",\"inLanguage\":\"et\",\"@id\":\"https:\/\/rhsuperior.com\/et\/#\/schema\/logo\/image\/\",\"url\":\"https:\/\/rhsuperior.com\/wp-content\/uploads\/2024\/03\/cropped-FullLogo_Transparent-19-1-1.png\",\"contentUrl\":\"https:\/\/rhsuperior.com\/wp-content\/uploads\/2024\/03\/cropped-FullLogo_Transparent-19-1-1.png\",\"width\":1047,\"height\":764,\"caption\":\"RHsuperior\"},\"image\":{\"@id\":\"https:\/\/rhsuperior.com\/et\/#\/schema\/logo\/image\/\"},\"sameAs\":[\"https:\/\/www.facebook.com\/p\/RHsuperior-O-100094380819133\/\"]}]}<\/script>\n<meta property=\"og:availability\" content=\"instock\" \/>\n<meta property=\"product:availability\" content=\"instock\" \/>\n<meta property=\"product:condition\" content=\"new\" \/>\n<!-- \/ Yoast SEO Premium plugin. -->","yoast_head_json":{"title":"Squat, Bench, Deadlift T-s\u00e4rk | Powerlifting Shirt by Rauno Heinla","description":"T-s\u00e4rk Squat, Bench, Deadlift on loodud Rauno Heinla poolt t\u00f5sistele t\u00f5stjatele. Valmistatud kvaliteetsest puuvillast ja julge t\u00f5stegraafikaga.","robots":{"index":"index","follow":"follow","max-snippet":"max-snippet:-1","max-image-preview":"max-image-preview:large","max-video-preview":"max-video-preview:-1"},"canonical":"https:\/\/rhsuperior.com\/et\/toode\/kukitades-pink-deadlift-t-sark\/","og_locale":"et_EE","og_type":"article","og_title":"Squat, Bench, Deadlift-T-Shirt","og_description":"The Squat, Bench, Deadlift T-Shirt is designed by Rauno Heinla for serious lifters. Made from high-quality cotton with bold lift graphics.","og_url":"https:\/\/rhsuperior.com\/et\/toode\/kukitades-pink-deadlift-t-sark\/","og_site_name":"RHsuperior","article_publisher":"https:\/\/www.facebook.com\/p\/RHsuperior-O-100094380819133\/","article_modified_time":"2026-01-25T14:58:59+00:00","og_image":[{"width":2048,"height":2560,"url":"https:\/\/rhsuperior.com\/wp-content\/uploads\/2025\/02\/IMG_8106-scaled.jpg","type":"image\/jpeg"}],"twitter_card":"summary_large_image","twitter_misc":{"Availability":"In stock"},"schema":{"@context":"https:\/\/schema.org","@graph":[{"@type":"WebPage","@id":"https:\/\/rhsuperior.com\/product\/squat-bench-deadlift-t-shirt\/","url":"https:\/\/rhsuperior.com\/product\/squat-bench-deadlift-t-shirt\/","name":"Squat, Bench, Deadlift T-s\u00e4rk | Powerlifting Shirt by Rauno Heinla","isPartOf":{"@id":"https:\/\/rhsuperior.com\/et\/#website"},"primaryImageOfPage":{"@id":"https:\/\/rhsuperior.com\/product\/squat-bench-deadlift-t-shirt\/#primaryimage"},"image":{"@id":"https:\/\/rhsuperior.com\/product\/squat-bench-deadlift-t-shirt\/#primaryimage"},"thumbnailUrl":"https:\/\/rhsuperior.com\/wp-content\/uploads\/2025\/02\/IMG_8106-scaled.jpg","datePublished":"2025-02-11T15:31:50+00:00","dateModified":"2026-01-25T14:58:59+00:00","description":"T-s\u00e4rk Squat, Bench, Deadlift on loodud Rauno Heinla poolt t\u00f5sistele t\u00f5stjatele. Valmistatud kvaliteetsest puuvillast ja julge t\u00f5stegraafikaga.","breadcrumb":{"@id":"https:\/\/rhsuperior.com\/product\/squat-bench-deadlift-t-shirt\/#breadcrumb"},"inLanguage":"et","potentialAction":[{"@type":"ReadAction","target":["https:\/\/rhsuperior.com\/product\/squat-bench-deadlift-t-shirt\/"]}]},{"@type":"ImageObject","inLanguage":"et","@id":"https:\/\/rhsuperior.com\/product\/squat-bench-deadlift-t-shirt\/#primaryimage","url":"https:\/\/rhsuperior.com\/wp-content\/uploads\/2025\/02\/IMG_8106-scaled.jpg","contentUrl":"https:\/\/rhsuperior.com\/wp-content\/uploads\/2025\/02\/IMG_8106-scaled.jpg","width":2048,"height":2560,"caption":"Squat, Bench, Deadlift T-Shirt with powerlifting icons \u2013 RHSUPERIOR by Rauno Heinla"},{"@type":"BreadcrumbList","@id":"https:\/\/rhsuperior.com\/product\/squat-bench-deadlift-t-shirt\/#breadcrumb","itemListElement":[{"@type":"ListItem","position":1,"name":"Home","item":"https:\/\/rhsuperior.com\/et\/"},{"@type":"ListItem","position":2,"name":"Shop","item":"https:\/\/rhsuperior.com\/shop\/"},{"@type":"ListItem","position":3,"name":"Squat, Bench, Deadlift-T-Shirt"}]},{"@type":"WebSite","@id":"https:\/\/rhsuperior.com\/et\/#website","url":"https:\/\/rhsuperior.com\/et\/","name":"RHsuperior","description":"","publisher":{"@id":"https:\/\/rhsuperior.com\/et\/#organization"},"potentialAction":[{"@type":"SearchAction","target":{"@type":"EntryPoint","urlTemplate":"https:\/\/rhsuperior.com\/et\/?s={search_term_string}"},"query-input":{"@type":"PropertyValueSpecification","valueRequired":true,"valueName":"search_term_string"}}],"inLanguage":"et"},{"@type":"Organization","@id":"https:\/\/rhsuperior.com\/et\/#organization","name":"RHsuperior","url":"https:\/\/rhsuperior.com\/et\/","logo":{"@type":"ImageObject","inLanguage":"et","@id":"https:\/\/rhsuperior.com\/et\/#\/schema\/logo\/image\/","url":"https:\/\/rhsuperior.com\/wp-content\/uploads\/2024\/03\/cropped-FullLogo_Transparent-19-1-1.png","contentUrl":"https:\/\/rhsuperior.com\/wp-content\/uploads\/2024\/03\/cropped-FullLogo_Transparent-19-1-1.png","width":1047,"height":764,"caption":"RHsuperior"},"image":{"@id":"https:\/\/rhsuperior.com\/et\/#\/schema\/logo\/image\/"},"sameAs":["https:\/\/www.facebook.com\/p\/RHsuperior-O-100094380819133\/"]}]},"og_availability":"instock","product_availability":"instock","product_condition":"new"},"_links":{"self":[{"href":"https:\/\/rhsuperior.com\/et\/wp-json\/wp\/v2\/product\/2604","targetHints":{"allow":["GET"]}}],"collection":[{"href":"https:\/\/rhsuperior.com\/et\/wp-json\/wp\/v2\/product"}],"about":[{"href":"https:\/\/rhsuperior.com\/et\/wp-json\/wp\/v2\/types\/product"}],"replies":[{"embeddable":true,"href":"https:\/\/rhsuperior.com\/et\/wp-json\/wp\/v2\/comments?post=2604"}],"wp:featuredmedia":[{"embeddable":true,"href":"https:\/\/rhsuperior.com\/et\/wp-json\/wp\/v2\/media\/3931"}],"wp:attachment":[{"href":"https:\/\/rhsuperior.com\/et\/wp-json\/wp\/v2\/media?parent=2604"}],"wp:term":[{"taxonomy":"product_brand","embeddable":true,"href":"https:\/\/rhsuperior.com\/et\/wp-json\/wp\/v2\/product_brand?post=2604"},{"taxonomy":"product_cat","embeddable":true,"href":"https:\/\/rhsuperior.com\/et\/wp-json\/wp\/v2\/product_cat?post=2604"},{"taxonomy":"product_tag","embeddable":true,"href":"https:\/\/rhsuperior.com\/et\/wp-json\/wp\/v2\/product_tag?post=2604"},{"taxonomy":"giftcard-category","embeddable":true,"href":"https:\/\/rhsuperior.com\/et\/wp-json\/wp\/v2\/giftcard-category?post=2604"}],"curies":[{"name":"wp","href":"https:\/\/api.w.org\/{rel}","templated":true}]}}