{"id":2813,"date":"2025-03-27T20:05:06","date_gmt":"2025-03-27T20:05:06","guid":{"rendered":"https:\/\/rhsuperior.com\/?post_type=product&#038;p=2813"},"modified":"2025-07-06T19:28:06","modified_gmt":"2025-07-06T19:28:06","slug":"rhsuperior-dressipuksid","status":"publish","type":"product","link":"https:\/\/rhsuperior.com\/et\/toode\/rhsuperior-dressipuksid\/","title":{"rendered":"Dressip\u00fcksid RHsuperior logoga"},"content":{"rendered":"<h3 data-start=\"260\" data-end=\"334\"><strong data-start=\"264\" data-end=\"334\">RHsuperior dressip\u00fcksid 300 g\/m\u00b2 puuvillasegu - m\u00f5eldud t\u00f5stjatele<\/strong><\/h3>\n<p data-start=\"336\" data-end=\"691\">The <strong data-start=\"340\" data-end=\"387\">RHsuperior dressip\u00fcksid 300 g\/m\u00b2 puuvillasegu<\/strong> pakuvad esmaklassilist mugavust ja j\u00f5udlust t\u00f5sistele sportlastele. Need on valmistatud pehmest, kuid vastupidavast puuvillapol\u00fcestrist fliisist, mis liigub koos sinuga - olgu siis t\u00f5stmiseks, soojenduseks v\u00f5i taastumiseks. Need dressip\u00fcksid pakuvad sulle vajalikku soojust, ilma hingavust v\u00f5i paindlikkust ohverdamata.<\/p>\n<p data-start=\"693\" data-end=\"863\">Hindate funktsionaalsuse ja stiili tasakaalu: sportlik siluett, peen RHsuperior logo ja raske harjatud sisemus, mis on naha vastu hea.<\/p>\n<hr data-start=\"865\" data-end=\"868\" \/>\n<h3 data-start=\"870\" data-end=\"890\"><strong data-start=\"874\" data-end=\"890\">Peamised omadused<\/strong><\/h3>\n<ul data-start=\"892\" data-end=\"1226\">\n<li data-start=\"892\" data-end=\"931\">\n<p data-start=\"894\" data-end=\"931\">300 g\/m\u00b2 raskekaaluline harjatud fliis<\/p>\n<\/li>\n<li data-start=\"932\" data-end=\"972\">\n<p data-start=\"934\" data-end=\"972\">Materjal: 65% puuvill \/ 35% pol\u00fcester.<\/p>\n<\/li>\n<li data-start=\"973\" data-end=\"1021\">\n<p data-start=\"975\" data-end=\"1021\">Suurep\u00e4rase soojusmugavusega pehme interj\u00f6\u00f6r<\/p>\n<\/li>\n<li data-start=\"1022\" data-end=\"1069\">\n<p data-start=\"1024\" data-end=\"1069\">Kooniline sportlik l\u00f5ige tagab liikuvuse ja stiili.<\/p>\n<\/li>\n<li data-start=\"1070\" data-end=\"1116\">\n<p data-start=\"1072\" data-end=\"1116\">Elastne v\u00f6\u00f6koht reguleeritava n\u00f6\u00f6riga<\/p>\n<\/li>\n<li data-start=\"1117\" data-end=\"1154\">\n<p data-start=\"1119\" data-end=\"1154\">K\u00fcljetaskud v\u00e4ikeste oluliste esemete jaoks<\/p>\n<\/li>\n<li data-start=\"1155\" data-end=\"1195\">\n<p data-start=\"1157\" data-end=\"1195\">RHsuperior logo tr\u00fckitud reitele<\/p>\n<\/li>\n<li data-start=\"1196\" data-end=\"1211\">\n<p data-start=\"1198\" data-end=\"1211\">Suurused S-5XL<\/p>\n<\/li>\n<li data-start=\"1212\" data-end=\"1226\">\n<p data-start=\"1214\" data-end=\"1226\">V\u00e4rv: must<\/p>\n<\/li>\n<\/ul>\n<hr data-start=\"1228\" data-end=\"1231\" \/>\n<h3 data-start=\"1233\" data-end=\"1252\"><strong data-start=\"1237\" data-end=\"1252\">Ideaalne<\/strong><\/h3>\n<ul data-start=\"1254\" data-end=\"1392\">\n<li data-start=\"1254\" data-end=\"1289\">\n<p data-start=\"1256\" data-end=\"1289\">Rasked j\u00f5usaalisessioonid ja soojendused<\/p>\n<\/li>\n<li data-start=\"1290\" data-end=\"1331\">\n<p data-start=\"1292\" data-end=\"1331\">Treeningj\u00e4rgne taastumine ja l\u00f5\u00f5gastumine<\/p>\n<\/li>\n<li data-start=\"1332\" data-end=\"1366\">\n<p data-start=\"1334\" data-end=\"1366\">Reisimine v\u00f5i igap\u00e4evane kandmine<\/p>\n<\/li>\n<li data-start=\"1367\" data-end=\"1392\">\n<p data-start=\"1369\" data-end=\"1392\">K\u00fclma ilmaga treeningud<\/p>\n<\/li>\n<\/ul>\n<hr data-start=\"1394\" data-end=\"1397\" \/>\n<h3 data-start=\"1399\" data-end=\"1440\"><strong data-start=\"1403\" data-end=\"1440\">Miks valida RHsuperior dressip\u00fcksid?<\/strong><\/h3>\n<ul data-start=\"1442\" data-end=\"1635\">\n<li data-start=\"1442\" data-end=\"1492\">\n<p data-start=\"1444\" data-end=\"1492\">Disainitud Rauno Heinla poolt j\u00f5usportlastele<\/p>\n<\/li>\n<li data-start=\"1493\" data-end=\"1540\">\n<p data-start=\"1495\" data-end=\"1540\">Ehitatud kvaliteetsetest materjalidest, mis kestavad kaua<\/p>\n<\/li>\n<li data-start=\"1541\" data-end=\"1582\">\n<p data-start=\"1543\" data-end=\"1582\">\u00dchendab endas funktsiooni, mugavuse ja stiili<\/p>\n<\/li>\n<li data-start=\"1583\" data-end=\"1635\">\n<p data-start=\"1585\" data-end=\"1635\">Lihtne kombineerida mis tahes RHsuperior kapuutsiga v\u00f5i s\u00e4rgiga.<\/p>\n<\/li>\n<\/ul>","protected":false},"excerpt":{"rendered":"<p>Rasked 300 g\/m\u00b2 puuvillase ja pol\u00fcmeeri segust dressip\u00fcksid. Soe harjatud fliisist sisemus, sportlik l\u00f5ige, RHsuperior logo. J\u00f5usaali, taastumiseks v\u00f5i igap\u00e4evaseks kasutamiseks.<\/p>\n<p>&nbsp;<\/p>","protected":false},"featured_media":2817,"comment_status":"closed","ping_status":"closed","template":"","meta":{"_acf_changed":false},"product_brand":[],"product_cat":[83,65],"product_tag":[],"giftcard-category":[],"class_list":{"0":"post-2813","1":"product","2":"type-product","3":"status-publish","4":"has-post-thumbnail","6":"product_cat-clothing","7":"product_cat-sweatpants","9":"first","10":"instock","11":"taxable","12":"shipping-taxable","13":"purchasable","14":"product-type-variable"},"acf":[],"yoast_head":"<!-- This site is optimized with the Yoast SEO Premium plugin v25.3.1 (Yoast SEO v25.4) - https:\/\/yoast.com\/wordpress\/plugins\/seo\/ -->\n<title>Sweatpants RHsuperior logo - RHsuperior<\/title>\n<meta name=\"description\" content=\"RHsuperior Sweatpants 300 g\/m\u00b2 cotton blend \u2013 athletic fit, brushed fleece interior, and soft warmth. Perfect for training, recovery, or everyday comfort.\" \/>\n<meta name=\"robots\" content=\"index, follow, max-snippet:-1, max-image-preview:large, max-video-preview:-1\" \/>\n<link rel=\"canonical\" href=\"https:\/\/rhsuperior.com\/et\/toode\/rhsuperior-dressipuksid\/\" \/>\n<meta property=\"og:locale\" content=\"et_EE\" \/>\n<meta property=\"og:type\" content=\"article\" \/>\n<meta property=\"og:title\" content=\"Sweatpants RHsuperior logo\" \/>\n<meta property=\"og:description\" content=\"RHsuperior Sweatpants 300 g\/m\u00b2 cotton blend \u2013 athletic fit, brushed fleece interior, and soft warmth. Perfect for training, recovery, or everyday comfort.\" \/>\n<meta property=\"og:url\" content=\"https:\/\/rhsuperior.com\/et\/toode\/rhsuperior-dressipuksid\/\" \/>\n<meta property=\"og:site_name\" content=\"RHsuperior\" \/>\n<meta property=\"article:publisher\" content=\"https:\/\/www.facebook.com\/p\/RHsuperior-O-100094380819133\/\" \/>\n<meta property=\"article:modified_time\" content=\"2025-07-06T19:28:06+00:00\" \/>\n<meta property=\"og:image\" content=\"https:\/\/rhsuperior.com\/wp-content\/uploads\/2025\/03\/Untitled-design-6.jpg\" \/>\n\t<meta property=\"og:image:width\" content=\"580\" \/>\n\t<meta property=\"og:image:height\" content=\"580\" \/>\n\t<meta property=\"og:image:type\" content=\"image\/jpeg\" \/>\n<meta name=\"twitter:card\" content=\"summary_large_image\" \/>\n<meta name=\"twitter:label1\" content=\"Availability\" \/>\n\t<meta name=\"twitter:data1\" content=\"In stock\" \/>\n<script type=\"application\/ld+json\" class=\"yoast-schema-graph\">{\"@context\":\"https:\/\/schema.org\",\"@graph\":[{\"@type\":\"WebPage\",\"@id\":\"https:\/\/rhsuperior.com\/product\/rhsuperior-sweatpants\/\",\"url\":\"https:\/\/rhsuperior.com\/product\/rhsuperior-sweatpants\/\",\"name\":\"Sweatpants RHsuperior logo - RHsuperior\",\"isPartOf\":{\"@id\":\"https:\/\/rhsuperior.com\/et\/#website\"},\"primaryImageOfPage\":{\"@id\":\"https:\/\/rhsuperior.com\/product\/rhsuperior-sweatpants\/#primaryimage\"},\"image\":{\"@id\":\"https:\/\/rhsuperior.com\/product\/rhsuperior-sweatpants\/#primaryimage\"},\"thumbnailUrl\":\"https:\/\/rhsuperior.com\/wp-content\/uploads\/2025\/03\/Untitled-design-6.jpg\",\"datePublished\":\"2025-03-27T20:05:06+00:00\",\"dateModified\":\"2025-07-06T19:28:06+00:00\",\"description\":\"RHsuperior Sweatpants 300 g\/m\u00b2 cotton blend \u2013 athletic fit, brushed fleece interior, and soft warmth. Perfect for training, recovery, or everyday comfort.\",\"breadcrumb\":{\"@id\":\"https:\/\/rhsuperior.com\/product\/rhsuperior-sweatpants\/#breadcrumb\"},\"inLanguage\":\"et\",\"potentialAction\":[{\"@type\":\"ReadAction\",\"target\":[\"https:\/\/rhsuperior.com\/product\/rhsuperior-sweatpants\/\"]}]},{\"@type\":\"ImageObject\",\"inLanguage\":\"et\",\"@id\":\"https:\/\/rhsuperior.com\/product\/rhsuperior-sweatpants\/#primaryimage\",\"url\":\"https:\/\/rhsuperior.com\/wp-content\/uploads\/2025\/03\/Untitled-design-6.jpg\",\"contentUrl\":\"https:\/\/rhsuperior.com\/wp-content\/uploads\/2025\/03\/Untitled-design-6.jpg\",\"width\":580,\"height\":580,\"caption\":\"rhsuperior sweatpants full view black color\"},{\"@type\":\"BreadcrumbList\",\"@id\":\"https:\/\/rhsuperior.com\/product\/rhsuperior-sweatpants\/#breadcrumb\",\"itemListElement\":[{\"@type\":\"ListItem\",\"position\":1,\"name\":\"Home\",\"item\":\"https:\/\/rhsuperior.com\/et\/\"},{\"@type\":\"ListItem\",\"position\":2,\"name\":\"Shop\",\"item\":\"https:\/\/rhsuperior.com\/shop\/\"},{\"@type\":\"ListItem\",\"position\":3,\"name\":\"Sweatpants RHsuperior logo\"}]},{\"@type\":\"WebSite\",\"@id\":\"https:\/\/rhsuperior.com\/et\/#website\",\"url\":\"https:\/\/rhsuperior.com\/et\/\",\"name\":\"RHsuperior\",\"description\":\"\",\"publisher\":{\"@id\":\"https:\/\/rhsuperior.com\/et\/#organization\"},\"potentialAction\":[{\"@type\":\"SearchAction\",\"target\":{\"@type\":\"EntryPoint\",\"urlTemplate\":\"https:\/\/rhsuperior.com\/et\/?s={search_term_string}\"},\"query-input\":{\"@type\":\"PropertyValueSpecification\",\"valueRequired\":true,\"valueName\":\"search_term_string\"}}],\"inLanguage\":\"et\"},{\"@type\":\"Organization\",\"@id\":\"https:\/\/rhsuperior.com\/et\/#organization\",\"name\":\"RHsuperior\",\"url\":\"https:\/\/rhsuperior.com\/et\/\",\"logo\":{\"@type\":\"ImageObject\",\"inLanguage\":\"et\",\"@id\":\"https:\/\/rhsuperior.com\/et\/#\/schema\/logo\/image\/\",\"url\":\"https:\/\/rhsuperior.com\/wp-content\/uploads\/2024\/03\/cropped-FullLogo_Transparent-19-1-1.png\",\"contentUrl\":\"https:\/\/rhsuperior.com\/wp-content\/uploads\/2024\/03\/cropped-FullLogo_Transparent-19-1-1.png\",\"width\":1047,\"height\":764,\"caption\":\"RHsuperior\"},\"image\":{\"@id\":\"https:\/\/rhsuperior.com\/et\/#\/schema\/logo\/image\/\"},\"sameAs\":[\"https:\/\/www.facebook.com\/p\/RHsuperior-O-100094380819133\/\"]}]}<\/script>\n<meta property=\"og:availability\" content=\"instock\" \/>\n<meta property=\"product:availability\" content=\"instock\" \/>\n<meta property=\"product:condition\" content=\"new\" \/>\n<!-- \/ Yoast SEO Premium plugin. -->","yoast_head_json":{"title":"Dressip\u00fcksid RHsuperior logo - RHsuperior","description":"RHsuperior Sweatpants 300 g\/m\u00b2 puuvillasegu - sportlik istuvus, harjatud fliisist sisemus ja pehme soojus. Ideaalsed treeninguks, taastumiseks v\u00f5i igap\u00e4evaseks mugavuseks.","robots":{"index":"index","follow":"follow","max-snippet":"max-snippet:-1","max-image-preview":"max-image-preview:large","max-video-preview":"max-video-preview:-1"},"canonical":"https:\/\/rhsuperior.com\/et\/toode\/rhsuperior-dressipuksid\/","og_locale":"et_EE","og_type":"article","og_title":"Sweatpants RHsuperior logo","og_description":"RHsuperior Sweatpants 300 g\/m\u00b2 cotton blend \u2013 athletic fit, brushed fleece interior, and soft warmth. Perfect for training, recovery, or everyday comfort.","og_url":"https:\/\/rhsuperior.com\/et\/toode\/rhsuperior-dressipuksid\/","og_site_name":"RHsuperior","article_publisher":"https:\/\/www.facebook.com\/p\/RHsuperior-O-100094380819133\/","article_modified_time":"2025-07-06T19:28:06+00:00","og_image":[{"width":580,"height":580,"url":"https:\/\/rhsuperior.com\/wp-content\/uploads\/2025\/03\/Untitled-design-6.jpg","type":"image\/jpeg"}],"twitter_card":"summary_large_image","twitter_misc":{"Availability":"In stock"},"schema":{"@context":"https:\/\/schema.org","@graph":[{"@type":"WebPage","@id":"https:\/\/rhsuperior.com\/product\/rhsuperior-sweatpants\/","url":"https:\/\/rhsuperior.com\/product\/rhsuperior-sweatpants\/","name":"Dressip\u00fcksid RHsuperior logo - RHsuperior","isPartOf":{"@id":"https:\/\/rhsuperior.com\/et\/#website"},"primaryImageOfPage":{"@id":"https:\/\/rhsuperior.com\/product\/rhsuperior-sweatpants\/#primaryimage"},"image":{"@id":"https:\/\/rhsuperior.com\/product\/rhsuperior-sweatpants\/#primaryimage"},"thumbnailUrl":"https:\/\/rhsuperior.com\/wp-content\/uploads\/2025\/03\/Untitled-design-6.jpg","datePublished":"2025-03-27T20:05:06+00:00","dateModified":"2025-07-06T19:28:06+00:00","description":"RHsuperior Sweatpants 300 g\/m\u00b2 puuvillasegu - sportlik istuvus, harjatud fliisist sisemus ja pehme soojus. Ideaalsed treeninguks, taastumiseks v\u00f5i igap\u00e4evaseks mugavuseks.","breadcrumb":{"@id":"https:\/\/rhsuperior.com\/product\/rhsuperior-sweatpants\/#breadcrumb"},"inLanguage":"et","potentialAction":[{"@type":"ReadAction","target":["https:\/\/rhsuperior.com\/product\/rhsuperior-sweatpants\/"]}]},{"@type":"ImageObject","inLanguage":"et","@id":"https:\/\/rhsuperior.com\/product\/rhsuperior-sweatpants\/#primaryimage","url":"https:\/\/rhsuperior.com\/wp-content\/uploads\/2025\/03\/Untitled-design-6.jpg","contentUrl":"https:\/\/rhsuperior.com\/wp-content\/uploads\/2025\/03\/Untitled-design-6.jpg","width":580,"height":580,"caption":"rhsuperior sweatpants full view black color"},{"@type":"BreadcrumbList","@id":"https:\/\/rhsuperior.com\/product\/rhsuperior-sweatpants\/#breadcrumb","itemListElement":[{"@type":"ListItem","position":1,"name":"Home","item":"https:\/\/rhsuperior.com\/et\/"},{"@type":"ListItem","position":2,"name":"Shop","item":"https:\/\/rhsuperior.com\/shop\/"},{"@type":"ListItem","position":3,"name":"Sweatpants RHsuperior logo"}]},{"@type":"WebSite","@id":"https:\/\/rhsuperior.com\/et\/#website","url":"https:\/\/rhsuperior.com\/et\/","name":"RHsuperior","description":"","publisher":{"@id":"https:\/\/rhsuperior.com\/et\/#organization"},"potentialAction":[{"@type":"SearchAction","target":{"@type":"EntryPoint","urlTemplate":"https:\/\/rhsuperior.com\/et\/?s={search_term_string}"},"query-input":{"@type":"PropertyValueSpecification","valueRequired":true,"valueName":"search_term_string"}}],"inLanguage":"et"},{"@type":"Organization","@id":"https:\/\/rhsuperior.com\/et\/#organization","name":"RHsuperior","url":"https:\/\/rhsuperior.com\/et\/","logo":{"@type":"ImageObject","inLanguage":"et","@id":"https:\/\/rhsuperior.com\/et\/#\/schema\/logo\/image\/","url":"https:\/\/rhsuperior.com\/wp-content\/uploads\/2024\/03\/cropped-FullLogo_Transparent-19-1-1.png","contentUrl":"https:\/\/rhsuperior.com\/wp-content\/uploads\/2024\/03\/cropped-FullLogo_Transparent-19-1-1.png","width":1047,"height":764,"caption":"RHsuperior"},"image":{"@id":"https:\/\/rhsuperior.com\/et\/#\/schema\/logo\/image\/"},"sameAs":["https:\/\/www.facebook.com\/p\/RHsuperior-O-100094380819133\/"]}]},"og_availability":"instock","product_availability":"instock","product_condition":"new"},"_links":{"self":[{"href":"https:\/\/rhsuperior.com\/et\/wp-json\/wp\/v2\/product\/2813","targetHints":{"allow":["GET"]}}],"collection":[{"href":"https:\/\/rhsuperior.com\/et\/wp-json\/wp\/v2\/product"}],"about":[{"href":"https:\/\/rhsuperior.com\/et\/wp-json\/wp\/v2\/types\/product"}],"replies":[{"embeddable":true,"href":"https:\/\/rhsuperior.com\/et\/wp-json\/wp\/v2\/comments?post=2813"}],"wp:featuredmedia":[{"embeddable":true,"href":"https:\/\/rhsuperior.com\/et\/wp-json\/wp\/v2\/media\/2817"}],"wp:attachment":[{"href":"https:\/\/rhsuperior.com\/et\/wp-json\/wp\/v2\/media?parent=2813"}],"wp:term":[{"taxonomy":"product_brand","embeddable":true,"href":"https:\/\/rhsuperior.com\/et\/wp-json\/wp\/v2\/product_brand?post=2813"},{"taxonomy":"product_cat","embeddable":true,"href":"https:\/\/rhsuperior.com\/et\/wp-json\/wp\/v2\/product_cat?post=2813"},{"taxonomy":"product_tag","embeddable":true,"href":"https:\/\/rhsuperior.com\/et\/wp-json\/wp\/v2\/product_tag?post=2813"},{"taxonomy":"giftcard-category","embeddable":true,"href":"https:\/\/rhsuperior.com\/et\/wp-json\/wp\/v2\/giftcard-category?post=2813"}],"curies":[{"name":"wp","href":"https:\/\/api.w.org\/{rel}","templated":true}]}}