{"id":2831,"date":"2025-03-27T20:48:09","date_gmt":"2025-03-27T20:48:09","guid":{"rendered":"https:\/\/rhsuperior.com\/?post_type=product&#038;p=2831"},"modified":"2025-07-16T11:36:37","modified_gmt":"2025-07-16T11:36:37","slug":"ulemine-raske-dressipluusid","status":"publish","type":"product","link":"https:\/\/rhsuperior.com\/et\/toode\/ulemine-raske-dressipluusid\/","title":{"rendered":"Superior paksud l\u00fchikesed dressip\u00fcksid"},"content":{"rendered":"<h2 data-start=\"297\" data-end=\"360\">Superior Heavy Sweatshorts - 460 g\/m\u00b2 puuvillast, mis on ehitatud v\u00f5imsaks.<\/h2>\n<p data-start=\"362\" data-end=\"629\">Treeni k\u00f5vemini ja taastu targemini nendes rasketes puuvillastes p\u00fckstes, mis on m\u00f5eldud sportlastele, kes n\u00f5uavad nii mugavust kui ka vastupidavust. Need dressip\u00fcksid on valmistatud paksust puuvillast 100% kangast kaaluga 460 g\/m\u00b2 ja pakuvad struktuuri, hingavust ja pikaajalist kvaliteeti.<\/p>\n<p data-start=\"631\" data-end=\"833\">Tavaline istuvus ja p\u00f5lve pikkune l\u00f5ige v\u00f5imaldavad t\u00e4ielikku liikumisulatust, olenemata sellest, kas t\u00f5stad, puhkad v\u00f5i liigud l\u00e4bi p\u00e4eva. Elastne v\u00f6\u00f6koht koos pikendatud n\u00f6\u00f6ridega tagab sobiva ja turvalise istuvuse.<\/p>\n<h3 data-start=\"835\" data-end=\"852\">Peamised omadused:<\/h3>\n<ul data-start=\"854\" data-end=\"1167\">\n<li data-start=\"854\" data-end=\"879\">\n<p data-start=\"856\" data-end=\"879\">Materjal: 100% puuvill<\/p>\n<\/li>\n<li data-start=\"880\" data-end=\"930\">\n<p data-start=\"882\" data-end=\"930\">Kanga kaal: 460 g\/m\u00b2 - raske ja struktureeritud kangas.<\/p>\n<\/li>\n<li data-start=\"931\" data-end=\"964\">\n<p data-start=\"933\" data-end=\"964\">Sobib: Suurus: Tavaline ja sobiv suurus<\/p>\n<\/li>\n<li data-start=\"965\" data-end=\"988\">\n<p data-start=\"967\" data-end=\"988\">Pikkus: .<\/p>\n<\/li>\n<li data-start=\"989\" data-end=\"1042\">\n<p data-start=\"991\" data-end=\"1042\">V\u00f6\u00f6koht: Elastsed, reguleeritavad pikad n\u00f6\u00f6rid: elastne, reguleeritavad pikad n\u00f6\u00f6rid<\/p>\n<\/li>\n<li data-start=\"1043\" data-end=\"1077\">\n<p data-start=\"1045\" data-end=\"1077\">Taskud: Kaks s\u00fcgavat k\u00fcljetaskut<\/p>\n<\/li>\n<li data-start=\"1078\" data-end=\"1111\">\n<p data-start=\"1080\" data-end=\"1111\">V\u00e4rvid: V\u00e4rvid: Must<\/p>\n<\/li>\n<li data-start=\"1112\" data-end=\"1167\">\n<p data-start=\"1114\" data-end=\"1167\">Kasutage: Kasutus: j\u00f5usaalis, vabadel p\u00e4evadel, reisil v\u00f5i igap\u00e4evaselt.<\/p>\n<\/li>\n<\/ul>\n<h3 data-start=\"1169\" data-end=\"1197\">Tundlik j\u00f5udlus<\/h3>\n<p data-start=\"1199\" data-end=\"1498\">Need paksud puuvillased treeningp\u00fcksid on loodud selleks, et toetada teid intensiivse treeningu ajal ja ka p\u00e4rast seda. Disain on minimalistlik ja funktsionaalne, ideaalselt sobivad nad koos kapuutsiga v\u00f5i trennitrikoodiga. Olenemata sellest, kas p\u00fc\u00fcad PR-i v\u00f5i puhkad taastumisp\u00e4eval, see riietus liigub koos sinuga - ja peab \u00fclesande t\u00e4itmisele vastu.<\/p>","protected":false},"excerpt":{"rendered":"<p>Kogege esmaklassilist mugavust <strong data-start=\"670\" data-end=\"700\">Superior paksud l\u00fchikesed dressip\u00fcksid<\/strong> - \u00fclipaks 460 g\/m\u00b2 puuvill, tavaline l\u00f5ige, p\u00f5lvini ulatuv, elastne v\u00f6\u00f6koht n\u00f6\u00f6ridega ja s\u00fcgavad taskud.<\/p>\n<p>Tavaline l\u00f5ige, p\u00f5lve pikkune<\/p>","protected":false},"featured_media":2835,"comment_status":"closed","ping_status":"closed","template":"","meta":{"_acf_changed":false},"product_brand":[],"product_cat":[83,46],"product_tag":[],"giftcard-category":[],"class_list":{"0":"post-2831","1":"product","2":"type-product","3":"status-publish","4":"has-post-thumbnail","6":"product_cat-clothing","7":"product_cat-shorts","9":"first","10":"instock","11":"taxable","12":"shipping-taxable","13":"purchasable","14":"product-type-variable"},"acf":[],"yoast_head":"<!-- This site is optimized with the Yoast SEO Premium plugin v25.3.1 (Yoast SEO v25.4) - https:\/\/yoast.com\/wordpress\/plugins\/seo\/ -->\n<title>Superior Heavy Sweatshorts - RHsuperior<\/title>\n<meta name=\"description\" content=\"Superior Heavy Sweatshorts \u2013 460 g\/m\u00b2 cotton gym shorts with regular fit, knee length, and deep side pockets. Ideal for lifting, rest days, or casual wear.\" \/>\n<meta name=\"robots\" content=\"index, follow, max-snippet:-1, max-image-preview:large, max-video-preview:-1\" \/>\n<link rel=\"canonical\" href=\"https:\/\/rhsuperior.com\/et\/toode\/ulemine-raske-dressipluusid\/\" \/>\n<meta property=\"og:locale\" content=\"et_EE\" \/>\n<meta property=\"og:type\" content=\"article\" \/>\n<meta property=\"og:title\" content=\"Superior Heavy Sweatshorts\" \/>\n<meta property=\"og:description\" content=\"Superior Heavy Sweatshorts \u2013 460 g\/m\u00b2 cotton gym shorts with regular fit, knee length, and deep side pockets. Ideal for lifting, rest days, or casual wear.\" \/>\n<meta property=\"og:url\" content=\"https:\/\/rhsuperior.com\/et\/toode\/ulemine-raske-dressipluusid\/\" \/>\n<meta property=\"og:site_name\" content=\"RHsuperior\" \/>\n<meta property=\"article:publisher\" content=\"https:\/\/www.facebook.com\/p\/RHsuperior-O-100094380819133\/\" \/>\n<meta property=\"article:modified_time\" content=\"2025-07-16T11:36:37+00:00\" \/>\n<meta property=\"og:image\" content=\"https:\/\/rhsuperior.com\/wp-content\/uploads\/2025\/03\/LUHKA.jpg\" \/>\n\t<meta property=\"og:image:width\" content=\"472\" \/>\n\t<meta property=\"og:image:height\" content=\"546\" \/>\n\t<meta property=\"og:image:type\" content=\"image\/jpeg\" \/>\n<meta name=\"twitter:card\" content=\"summary_large_image\" \/>\n<meta name=\"twitter:label1\" content=\"Availability\" \/>\n\t<meta name=\"twitter:data1\" content=\"In stock\" \/>\n<script type=\"application\/ld+json\" class=\"yoast-schema-graph\">{\"@context\":\"https:\/\/schema.org\",\"@graph\":[{\"@type\":\"WebPage\",\"@id\":\"https:\/\/rhsuperior.com\/product\/superior-heavy-sweatshorts\/\",\"url\":\"https:\/\/rhsuperior.com\/product\/superior-heavy-sweatshorts\/\",\"name\":\"Superior Heavy Sweatshorts - RHsuperior\",\"isPartOf\":{\"@id\":\"https:\/\/rhsuperior.com\/et\/#website\"},\"primaryImageOfPage\":{\"@id\":\"https:\/\/rhsuperior.com\/product\/superior-heavy-sweatshorts\/#primaryimage\"},\"image\":{\"@id\":\"https:\/\/rhsuperior.com\/product\/superior-heavy-sweatshorts\/#primaryimage\"},\"thumbnailUrl\":\"https:\/\/rhsuperior.com\/wp-content\/uploads\/2025\/03\/LUHKA.jpg\",\"datePublished\":\"2025-03-27T20:48:09+00:00\",\"dateModified\":\"2025-07-16T11:36:37+00:00\",\"description\":\"Superior Heavy Sweatshorts \u2013 460 g\/m\u00b2 cotton gym shorts with regular fit, knee length, and deep side pockets. Ideal for lifting, rest days, or casual wear.\",\"breadcrumb\":{\"@id\":\"https:\/\/rhsuperior.com\/product\/superior-heavy-sweatshorts\/#breadcrumb\"},\"inLanguage\":\"et\",\"potentialAction\":[{\"@type\":\"ReadAction\",\"target\":[\"https:\/\/rhsuperior.com\/product\/superior-heavy-sweatshorts\/\"]}]},{\"@type\":\"ImageObject\",\"inLanguage\":\"et\",\"@id\":\"https:\/\/rhsuperior.com\/product\/superior-heavy-sweatshorts\/#primaryimage\",\"url\":\"https:\/\/rhsuperior.com\/wp-content\/uploads\/2025\/03\/LUHKA.jpg\",\"contentUrl\":\"https:\/\/rhsuperior.com\/wp-content\/uploads\/2025\/03\/LUHKA.jpg\",\"width\":472,\"height\":546},{\"@type\":\"BreadcrumbList\",\"@id\":\"https:\/\/rhsuperior.com\/product\/superior-heavy-sweatshorts\/#breadcrumb\",\"itemListElement\":[{\"@type\":\"ListItem\",\"position\":1,\"name\":\"Home\",\"item\":\"https:\/\/rhsuperior.com\/et\/\"},{\"@type\":\"ListItem\",\"position\":2,\"name\":\"Shop\",\"item\":\"https:\/\/rhsuperior.com\/shop\/\"},{\"@type\":\"ListItem\",\"position\":3,\"name\":\"Superior Heavy Sweatshorts\"}]},{\"@type\":\"WebSite\",\"@id\":\"https:\/\/rhsuperior.com\/et\/#website\",\"url\":\"https:\/\/rhsuperior.com\/et\/\",\"name\":\"RHsuperior\",\"description\":\"\",\"publisher\":{\"@id\":\"https:\/\/rhsuperior.com\/et\/#organization\"},\"potentialAction\":[{\"@type\":\"SearchAction\",\"target\":{\"@type\":\"EntryPoint\",\"urlTemplate\":\"https:\/\/rhsuperior.com\/et\/?s={search_term_string}\"},\"query-input\":{\"@type\":\"PropertyValueSpecification\",\"valueRequired\":true,\"valueName\":\"search_term_string\"}}],\"inLanguage\":\"et\"},{\"@type\":\"Organization\",\"@id\":\"https:\/\/rhsuperior.com\/et\/#organization\",\"name\":\"RHsuperior\",\"url\":\"https:\/\/rhsuperior.com\/et\/\",\"logo\":{\"@type\":\"ImageObject\",\"inLanguage\":\"et\",\"@id\":\"https:\/\/rhsuperior.com\/et\/#\/schema\/logo\/image\/\",\"url\":\"https:\/\/rhsuperior.com\/wp-content\/uploads\/2024\/03\/cropped-FullLogo_Transparent-19-1-1.png\",\"contentUrl\":\"https:\/\/rhsuperior.com\/wp-content\/uploads\/2024\/03\/cropped-FullLogo_Transparent-19-1-1.png\",\"width\":1047,\"height\":764,\"caption\":\"RHsuperior\"},\"image\":{\"@id\":\"https:\/\/rhsuperior.com\/et\/#\/schema\/logo\/image\/\"},\"sameAs\":[\"https:\/\/www.facebook.com\/p\/RHsuperior-O-100094380819133\/\"]}]}<\/script>\n<meta property=\"og:availability\" content=\"instock\" \/>\n<meta property=\"product:availability\" content=\"instock\" \/>\n<meta property=\"product:condition\" content=\"new\" \/>\n<!-- \/ Yoast SEO Premium plugin. -->","yoast_head_json":{"title":"Superior rasked dressip\u00fcksid - RHsuperior","description":"Superior Heavy Sweatshorts - 460 g\/m\u00b2 puuvillased v\u00f5imlemisp\u00fcksid, mis on tavalise l\u00f5ikega, p\u00f5lve pikkusega ja s\u00fcgavate k\u00fcljetaskutega. Ideaalsed t\u00f5stmiseks, puhkep\u00e4evadeks v\u00f5i vabaaja kandmiseks.","robots":{"index":"index","follow":"follow","max-snippet":"max-snippet:-1","max-image-preview":"max-image-preview:large","max-video-preview":"max-video-preview:-1"},"canonical":"https:\/\/rhsuperior.com\/et\/toode\/ulemine-raske-dressipluusid\/","og_locale":"et_EE","og_type":"article","og_title":"Superior Heavy Sweatshorts","og_description":"Superior Heavy Sweatshorts \u2013 460 g\/m\u00b2 cotton gym shorts with regular fit, knee length, and deep side pockets. Ideal for lifting, rest days, or casual wear.","og_url":"https:\/\/rhsuperior.com\/et\/toode\/ulemine-raske-dressipluusid\/","og_site_name":"RHsuperior","article_publisher":"https:\/\/www.facebook.com\/p\/RHsuperior-O-100094380819133\/","article_modified_time":"2025-07-16T11:36:37+00:00","og_image":[{"width":472,"height":546,"url":"https:\/\/rhsuperior.com\/wp-content\/uploads\/2025\/03\/LUHKA.jpg","type":"image\/jpeg"}],"twitter_card":"summary_large_image","twitter_misc":{"Availability":"In stock"},"schema":{"@context":"https:\/\/schema.org","@graph":[{"@type":"WebPage","@id":"https:\/\/rhsuperior.com\/product\/superior-heavy-sweatshorts\/","url":"https:\/\/rhsuperior.com\/product\/superior-heavy-sweatshorts\/","name":"Superior rasked dressip\u00fcksid - RHsuperior","isPartOf":{"@id":"https:\/\/rhsuperior.com\/et\/#website"},"primaryImageOfPage":{"@id":"https:\/\/rhsuperior.com\/product\/superior-heavy-sweatshorts\/#primaryimage"},"image":{"@id":"https:\/\/rhsuperior.com\/product\/superior-heavy-sweatshorts\/#primaryimage"},"thumbnailUrl":"https:\/\/rhsuperior.com\/wp-content\/uploads\/2025\/03\/LUHKA.jpg","datePublished":"2025-03-27T20:48:09+00:00","dateModified":"2025-07-16T11:36:37+00:00","description":"Superior Heavy Sweatshorts - 460 g\/m\u00b2 puuvillased v\u00f5imlemisp\u00fcksid, mis on tavalise l\u00f5ikega, p\u00f5lve pikkusega ja s\u00fcgavate k\u00fcljetaskutega. Ideaalsed t\u00f5stmiseks, puhkep\u00e4evadeks v\u00f5i vabaaja kandmiseks.","breadcrumb":{"@id":"https:\/\/rhsuperior.com\/product\/superior-heavy-sweatshorts\/#breadcrumb"},"inLanguage":"et","potentialAction":[{"@type":"ReadAction","target":["https:\/\/rhsuperior.com\/product\/superior-heavy-sweatshorts\/"]}]},{"@type":"ImageObject","inLanguage":"et","@id":"https:\/\/rhsuperior.com\/product\/superior-heavy-sweatshorts\/#primaryimage","url":"https:\/\/rhsuperior.com\/wp-content\/uploads\/2025\/03\/LUHKA.jpg","contentUrl":"https:\/\/rhsuperior.com\/wp-content\/uploads\/2025\/03\/LUHKA.jpg","width":472,"height":546},{"@type":"BreadcrumbList","@id":"https:\/\/rhsuperior.com\/product\/superior-heavy-sweatshorts\/#breadcrumb","itemListElement":[{"@type":"ListItem","position":1,"name":"Home","item":"https:\/\/rhsuperior.com\/et\/"},{"@type":"ListItem","position":2,"name":"Shop","item":"https:\/\/rhsuperior.com\/shop\/"},{"@type":"ListItem","position":3,"name":"Superior Heavy Sweatshorts"}]},{"@type":"WebSite","@id":"https:\/\/rhsuperior.com\/et\/#website","url":"https:\/\/rhsuperior.com\/et\/","name":"RHsuperior","description":"","publisher":{"@id":"https:\/\/rhsuperior.com\/et\/#organization"},"potentialAction":[{"@type":"SearchAction","target":{"@type":"EntryPoint","urlTemplate":"https:\/\/rhsuperior.com\/et\/?s={search_term_string}"},"query-input":{"@type":"PropertyValueSpecification","valueRequired":true,"valueName":"search_term_string"}}],"inLanguage":"et"},{"@type":"Organization","@id":"https:\/\/rhsuperior.com\/et\/#organization","name":"RHsuperior","url":"https:\/\/rhsuperior.com\/et\/","logo":{"@type":"ImageObject","inLanguage":"et","@id":"https:\/\/rhsuperior.com\/et\/#\/schema\/logo\/image\/","url":"https:\/\/rhsuperior.com\/wp-content\/uploads\/2024\/03\/cropped-FullLogo_Transparent-19-1-1.png","contentUrl":"https:\/\/rhsuperior.com\/wp-content\/uploads\/2024\/03\/cropped-FullLogo_Transparent-19-1-1.png","width":1047,"height":764,"caption":"RHsuperior"},"image":{"@id":"https:\/\/rhsuperior.com\/et\/#\/schema\/logo\/image\/"},"sameAs":["https:\/\/www.facebook.com\/p\/RHsuperior-O-100094380819133\/"]}]},"og_availability":"instock","product_availability":"instock","product_condition":"new"},"_links":{"self":[{"href":"https:\/\/rhsuperior.com\/et\/wp-json\/wp\/v2\/product\/2831","targetHints":{"allow":["GET"]}}],"collection":[{"href":"https:\/\/rhsuperior.com\/et\/wp-json\/wp\/v2\/product"}],"about":[{"href":"https:\/\/rhsuperior.com\/et\/wp-json\/wp\/v2\/types\/product"}],"replies":[{"embeddable":true,"href":"https:\/\/rhsuperior.com\/et\/wp-json\/wp\/v2\/comments?post=2831"}],"wp:featuredmedia":[{"embeddable":true,"href":"https:\/\/rhsuperior.com\/et\/wp-json\/wp\/v2\/media\/2835"}],"wp:attachment":[{"href":"https:\/\/rhsuperior.com\/et\/wp-json\/wp\/v2\/media?parent=2831"}],"wp:term":[{"taxonomy":"product_brand","embeddable":true,"href":"https:\/\/rhsuperior.com\/et\/wp-json\/wp\/v2\/product_brand?post=2831"},{"taxonomy":"product_cat","embeddable":true,"href":"https:\/\/rhsuperior.com\/et\/wp-json\/wp\/v2\/product_cat?post=2831"},{"taxonomy":"product_tag","embeddable":true,"href":"https:\/\/rhsuperior.com\/et\/wp-json\/wp\/v2\/product_tag?post=2831"},{"taxonomy":"giftcard-category","embeddable":true,"href":"https:\/\/rhsuperior.com\/et\/wp-json\/wp\/v2\/giftcard-category?post=2831"}],"curies":[{"name":"wp","href":"https:\/\/api.w.org\/{rel}","templated":true}]}}