{"id":2911,"date":"2025-04-07T13:37:41","date_gmt":"2025-04-07T13:37:41","guid":{"rendered":"https:\/\/rhsuperior.com\/?post_type=product&#038;p=2911"},"modified":"2025-07-06T19:30:08","modified_gmt":"2025-07-06T19:30:08","slug":"deadlift-t-shirt-naised","status":"publish","type":"product","link":"https:\/\/rhsuperior.com\/et\/toode\/deadlift-t-shirt-naised\/","title":{"rendered":"Deadlift T-s\u00e4rk (naised)"},"content":{"rendered":"<h2 data-start=\"778\" data-end=\"845\"><strong data-start=\"783\" data-end=\"845\">Deadlift T-s\u00e4rk (naised) - Ehitatud tugevatele naistele, kes t\u00f5stavad<\/strong><\/h2>\n<p data-start=\"847\" data-end=\"1131\">The <strong data-start=\"851\" data-end=\"879\">Deadlift T-s\u00e4rk (naised)<\/strong> on m\u00f5eldud neile, kes treenivad visalt ja uhkelt. \u00dcksk\u00f5ik, kas t\u00f5stad j\u00f5usaalis, treenid teisi v\u00f5i naudid lihtsalt puhkep\u00e4eva, see s\u00e4rk hoiab sind mugavalt ja keskendunult. Rauno Heinla poolt disainitud s\u00e4rk esindab vaikset j\u00f5udu ja otsustavust.<\/p>\n<p data-start=\"1133\" data-end=\"1378\">Valmistatud 100% eelkahanenud ringkeeratud puuvillast, mis on naha vastu pehme, kuid p\u00fcsib vastupidav ka k\u00f5ige intensiivsemate seansside ajal. Sportlik naiste l\u00f5ige j\u00e4rgib sinu liigutusi ilma piiranguteta - nii et sa j\u00e4\u00e4d enesekindlaks korduse j\u00e4rel.<\/p>\n<h4 data-start=\"1380\" data-end=\"1425\"><strong data-start=\"1385\" data-end=\"1425\">Miks valida see spordis\u00e4rk naistele?<\/strong><\/h4>\n<ul data-start=\"1427\" data-end=\"1782\">\n<li data-start=\"1427\" data-end=\"1482\">\n<p data-start=\"1429\" data-end=\"1482\"><strong data-start=\"1431\" data-end=\"1444\">Materjal:<\/strong> 100% r\u00f5ngaspunane puuvill (Single Jersey)<\/p>\n<\/li>\n<li data-start=\"1427\" data-end=\"1482\">\n<p data-start=\"1429\" data-end=\"1482\">\u00a0<strong data-start=\"1487\" data-end=\"1495\">Sobib:<\/strong> Sobiv naiste l\u00f5ige - XS kuni 3XL<\/p>\n<\/li>\n<li data-start=\"1527\" data-end=\"1579\">\n<p data-start=\"1529\" data-end=\"1579\"><strong data-start=\"1531\" data-end=\"1542\">Kaal:<\/strong> Keskmise kaaluga ja hingav - 185 g\/m\u00b2<\/p>\n<\/li>\n<li data-start=\"1580\" data-end=\"1643\">\n<p data-start=\"1582\" data-end=\"1643\"><strong data-start=\"1584\" data-end=\"1594\">Prindi:<\/strong> Minimalistlik naiste deadlifteri siluett esiplaanil<\/p>\n<\/li>\n<li data-start=\"1644\" data-end=\"1689\">\n<p data-start=\"1646\" data-end=\"1689\"><strong data-start=\"1648\" data-end=\"1666\">V\u00e4rvivalikud:<\/strong> Klassikaline must v\u00f5i valge<\/p>\n<\/li>\n<li data-start=\"1690\" data-end=\"1741\">\n<p data-start=\"1692\" data-end=\"1741\"><strong data-start=\"1694\" data-end=\"1716\">Hooldusjuhised:<\/strong> Masinpesu 40\u00b0C juures<\/p>\n<\/li>\n<li data-start=\"1742\" data-end=\"1782\">\n<p data-start=\"1744\" data-end=\"1782\"><strong data-start=\"1746\" data-end=\"1759\">Disainer:<\/strong> Strongman Rauno Heinla<\/p>\n<\/li>\n<\/ul>\n<p data-start=\"1784\" data-end=\"1992\">Olenemata sellest, kas jahtid oma j\u00e4rgmist rekordit v\u00f5i rokid oma j\u00f5udu vabal p\u00e4eval, naiste j\u00f5usaalis\u00e4rk tuletab sulle meelde, millest sa tehtud oled. See ei ole lihtsalt j\u00f5usaalis\u00e4rk - see on sinu j\u00f5udu v\u00e4ljendav avaldus.<\/p>\n<hr data-start=\"1994\" data-end=\"1997\" \/>\n<h3 data-start=\"1999\" data-end=\"2033\"><\/h3>","protected":false},"excerpt":{"rendered":"<p>The <strong data-start=\"2039\" data-end=\"2067\">Deadlift T-s\u00e4rk (naised)<\/strong> \u00fchendab j\u00f5udluse ja naiseliku tugevuse. Julge graafika, sobiv l\u00f5ige ja vastupidav kangas sobivad ideaalselt tugevatele naistele, kes treenivad uhkusega.<\/p>","protected":false},"featured_media":2915,"comment_status":"closed","ping_status":"closed","template":"","meta":{"_acf_changed":false},"product_brand":[],"product_cat":[83,43],"product_tag":[],"giftcard-category":[],"class_list":{"0":"post-2911","1":"product","2":"type-product","3":"status-publish","4":"has-post-thumbnail","6":"product_cat-clothing","7":"product_cat-shirts","9":"first","10":"instock","11":"taxable","12":"shipping-taxable","13":"purchasable","14":"product-type-variable"},"acf":[],"yoast_head":"<!-- This site is optimized with the Yoast SEO Premium plugin v25.3.1 (Yoast SEO v25.4) - https:\/\/yoast.com\/wordpress\/plugins\/seo\/ -->\n<title>Deadlift T-Shirt (Women) \u2013 Strong Gym Shirt by Rauno Heinla<\/title>\n<meta name=\"description\" content=\"Deadlift T-Shirt (Women) \u2013 minimalist gym shirt designed by Rauno Heinla for women who lift. Soft, durable, and empowering. Wear strength. Be #TeamHeinla.\" \/>\n<meta name=\"robots\" content=\"index, follow, max-snippet:-1, max-image-preview:large, max-video-preview:-1\" \/>\n<link rel=\"canonical\" href=\"https:\/\/rhsuperior.com\/et\/toode\/deadlift-t-shirt-naised\/\" \/>\n<meta property=\"og:locale\" content=\"et_EE\" \/>\n<meta property=\"og:type\" content=\"article\" \/>\n<meta property=\"og:title\" content=\"Deadlift T-Shirt (Women)\" \/>\n<meta property=\"og:description\" content=\"Deadlift T-Shirt (Women) \u2013 minimalist gym shirt designed by Rauno Heinla for women who lift. Soft, durable, and empowering. Wear strength. Be #TeamHeinla.\" \/>\n<meta property=\"og:url\" content=\"https:\/\/rhsuperior.com\/et\/toode\/deadlift-t-shirt-naised\/\" \/>\n<meta property=\"og:site_name\" content=\"RHsuperior\" \/>\n<meta property=\"article:publisher\" content=\"https:\/\/www.facebook.com\/p\/RHsuperior-O-100094380819133\/\" \/>\n<meta property=\"article:modified_time\" content=\"2025-07-06T19:30:08+00:00\" \/>\n<meta property=\"og:image\" content=\"https:\/\/rhsuperior.com\/wp-content\/uploads\/2025\/04\/Untitled-design.zip-4.jpg\" \/>\n\t<meta property=\"og:image:width\" content=\"1536\" \/>\n\t<meta property=\"og:image:height\" content=\"2048\" \/>\n\t<meta property=\"og:image:type\" content=\"image\/jpeg\" \/>\n<meta name=\"twitter:card\" content=\"summary_large_image\" \/>\n<meta name=\"twitter:label1\" content=\"Availability\" \/>\n\t<meta name=\"twitter:data1\" content=\"In stock\" \/>\n<script type=\"application\/ld+json\" class=\"yoast-schema-graph\">{\"@context\":\"https:\/\/schema.org\",\"@graph\":[{\"@type\":\"WebPage\",\"@id\":\"https:\/\/rhsuperior.com\/product\/deadlift-t-shirt-women\/\",\"url\":\"https:\/\/rhsuperior.com\/product\/deadlift-t-shirt-women\/\",\"name\":\"Deadlift T-Shirt (Women) \u2013 Strong Gym Shirt by Rauno Heinla\",\"isPartOf\":{\"@id\":\"https:\/\/rhsuperior.com\/et\/#website\"},\"primaryImageOfPage\":{\"@id\":\"https:\/\/rhsuperior.com\/product\/deadlift-t-shirt-women\/#primaryimage\"},\"image\":{\"@id\":\"https:\/\/rhsuperior.com\/product\/deadlift-t-shirt-women\/#primaryimage\"},\"thumbnailUrl\":\"https:\/\/rhsuperior.com\/wp-content\/uploads\/2025\/04\/Untitled-design.zip-4.jpg\",\"datePublished\":\"2025-04-07T13:37:41+00:00\",\"dateModified\":\"2025-07-06T19:30:08+00:00\",\"description\":\"Deadlift T-Shirt (Women) \u2013 minimalist gym shirt designed by Rauno Heinla for women who lift. Soft, durable, and empowering. Wear strength. Be #TeamHeinla.\",\"breadcrumb\":{\"@id\":\"https:\/\/rhsuperior.com\/product\/deadlift-t-shirt-women\/#breadcrumb\"},\"inLanguage\":\"et\",\"potentialAction\":[{\"@type\":\"ReadAction\",\"target\":[\"https:\/\/rhsuperior.com\/product\/deadlift-t-shirt-women\/\"]}]},{\"@type\":\"ImageObject\",\"inLanguage\":\"et\",\"@id\":\"https:\/\/rhsuperior.com\/product\/deadlift-t-shirt-women\/#primaryimage\",\"url\":\"https:\/\/rhsuperior.com\/wp-content\/uploads\/2025\/04\/Untitled-design.zip-4.jpg\",\"contentUrl\":\"https:\/\/rhsuperior.com\/wp-content\/uploads\/2025\/04\/Untitled-design.zip-4.jpg\",\"width\":1536,\"height\":2048,\"caption\":\"Deadlift T-Shirt for Women in black\"},{\"@type\":\"BreadcrumbList\",\"@id\":\"https:\/\/rhsuperior.com\/product\/deadlift-t-shirt-women\/#breadcrumb\",\"itemListElement\":[{\"@type\":\"ListItem\",\"position\":1,\"name\":\"Home\",\"item\":\"https:\/\/rhsuperior.com\/et\/\"},{\"@type\":\"ListItem\",\"position\":2,\"name\":\"Shop\",\"item\":\"https:\/\/rhsuperior.com\/shop\/\"},{\"@type\":\"ListItem\",\"position\":3,\"name\":\"Deadlift T-Shirt (Women)\"}]},{\"@type\":\"WebSite\",\"@id\":\"https:\/\/rhsuperior.com\/et\/#website\",\"url\":\"https:\/\/rhsuperior.com\/et\/\",\"name\":\"RHsuperior\",\"description\":\"\",\"publisher\":{\"@id\":\"https:\/\/rhsuperior.com\/et\/#organization\"},\"potentialAction\":[{\"@type\":\"SearchAction\",\"target\":{\"@type\":\"EntryPoint\",\"urlTemplate\":\"https:\/\/rhsuperior.com\/et\/?s={search_term_string}\"},\"query-input\":{\"@type\":\"PropertyValueSpecification\",\"valueRequired\":true,\"valueName\":\"search_term_string\"}}],\"inLanguage\":\"et\"},{\"@type\":\"Organization\",\"@id\":\"https:\/\/rhsuperior.com\/et\/#organization\",\"name\":\"RHsuperior\",\"url\":\"https:\/\/rhsuperior.com\/et\/\",\"logo\":{\"@type\":\"ImageObject\",\"inLanguage\":\"et\",\"@id\":\"https:\/\/rhsuperior.com\/et\/#\/schema\/logo\/image\/\",\"url\":\"https:\/\/rhsuperior.com\/wp-content\/uploads\/2024\/03\/cropped-FullLogo_Transparent-19-1-1.png\",\"contentUrl\":\"https:\/\/rhsuperior.com\/wp-content\/uploads\/2024\/03\/cropped-FullLogo_Transparent-19-1-1.png\",\"width\":1047,\"height\":764,\"caption\":\"RHsuperior\"},\"image\":{\"@id\":\"https:\/\/rhsuperior.com\/et\/#\/schema\/logo\/image\/\"},\"sameAs\":[\"https:\/\/www.facebook.com\/p\/RHsuperior-O-100094380819133\/\"]}]}<\/script>\n<meta property=\"og:availability\" content=\"instock\" \/>\n<meta property=\"product:availability\" content=\"instock\" \/>\n<meta property=\"product:condition\" content=\"new\" \/>\n<!-- \/ Yoast SEO Premium plugin. -->","yoast_head_json":{"title":"Deadlift T-s\u00e4rk (Naised) - Strong Gym Shirt by Rauno Heinla","description":"Deadlift T-s\u00e4rk (Naised) - Rauno Heinla poolt kujundatud minimalistlik j\u00f5usaalis\u00e4rk naistele, kes t\u00f5stavad. Pehme, vastupidav ja j\u00f5udu andev. Kanna j\u00f5udu. Ole #TeamHeinla.","robots":{"index":"index","follow":"follow","max-snippet":"max-snippet:-1","max-image-preview":"max-image-preview:large","max-video-preview":"max-video-preview:-1"},"canonical":"https:\/\/rhsuperior.com\/et\/toode\/deadlift-t-shirt-naised\/","og_locale":"et_EE","og_type":"article","og_title":"Deadlift T-Shirt (Women)","og_description":"Deadlift T-Shirt (Women) \u2013 minimalist gym shirt designed by Rauno Heinla for women who lift. Soft, durable, and empowering. Wear strength. Be #TeamHeinla.","og_url":"https:\/\/rhsuperior.com\/et\/toode\/deadlift-t-shirt-naised\/","og_site_name":"RHsuperior","article_publisher":"https:\/\/www.facebook.com\/p\/RHsuperior-O-100094380819133\/","article_modified_time":"2025-07-06T19:30:08+00:00","og_image":[{"width":1536,"height":2048,"url":"https:\/\/rhsuperior.com\/wp-content\/uploads\/2025\/04\/Untitled-design.zip-4.jpg","type":"image\/jpeg"}],"twitter_card":"summary_large_image","twitter_misc":{"Availability":"In stock"},"schema":{"@context":"https:\/\/schema.org","@graph":[{"@type":"WebPage","@id":"https:\/\/rhsuperior.com\/product\/deadlift-t-shirt-women\/","url":"https:\/\/rhsuperior.com\/product\/deadlift-t-shirt-women\/","name":"Deadlift T-s\u00e4rk (Naised) - Strong Gym Shirt by Rauno Heinla","isPartOf":{"@id":"https:\/\/rhsuperior.com\/et\/#website"},"primaryImageOfPage":{"@id":"https:\/\/rhsuperior.com\/product\/deadlift-t-shirt-women\/#primaryimage"},"image":{"@id":"https:\/\/rhsuperior.com\/product\/deadlift-t-shirt-women\/#primaryimage"},"thumbnailUrl":"https:\/\/rhsuperior.com\/wp-content\/uploads\/2025\/04\/Untitled-design.zip-4.jpg","datePublished":"2025-04-07T13:37:41+00:00","dateModified":"2025-07-06T19:30:08+00:00","description":"Deadlift T-s\u00e4rk (Naised) - Rauno Heinla poolt kujundatud minimalistlik j\u00f5usaalis\u00e4rk naistele, kes t\u00f5stavad. Pehme, vastupidav ja j\u00f5udu andev. Kanna j\u00f5udu. Ole #TeamHeinla.","breadcrumb":{"@id":"https:\/\/rhsuperior.com\/product\/deadlift-t-shirt-women\/#breadcrumb"},"inLanguage":"et","potentialAction":[{"@type":"ReadAction","target":["https:\/\/rhsuperior.com\/product\/deadlift-t-shirt-women\/"]}]},{"@type":"ImageObject","inLanguage":"et","@id":"https:\/\/rhsuperior.com\/product\/deadlift-t-shirt-women\/#primaryimage","url":"https:\/\/rhsuperior.com\/wp-content\/uploads\/2025\/04\/Untitled-design.zip-4.jpg","contentUrl":"https:\/\/rhsuperior.com\/wp-content\/uploads\/2025\/04\/Untitled-design.zip-4.jpg","width":1536,"height":2048,"caption":"Deadlift T-Shirt for Women in black"},{"@type":"BreadcrumbList","@id":"https:\/\/rhsuperior.com\/product\/deadlift-t-shirt-women\/#breadcrumb","itemListElement":[{"@type":"ListItem","position":1,"name":"Home","item":"https:\/\/rhsuperior.com\/et\/"},{"@type":"ListItem","position":2,"name":"Shop","item":"https:\/\/rhsuperior.com\/shop\/"},{"@type":"ListItem","position":3,"name":"Deadlift T-Shirt (Women)"}]},{"@type":"WebSite","@id":"https:\/\/rhsuperior.com\/et\/#website","url":"https:\/\/rhsuperior.com\/et\/","name":"RHsuperior","description":"","publisher":{"@id":"https:\/\/rhsuperior.com\/et\/#organization"},"potentialAction":[{"@type":"SearchAction","target":{"@type":"EntryPoint","urlTemplate":"https:\/\/rhsuperior.com\/et\/?s={search_term_string}"},"query-input":{"@type":"PropertyValueSpecification","valueRequired":true,"valueName":"search_term_string"}}],"inLanguage":"et"},{"@type":"Organization","@id":"https:\/\/rhsuperior.com\/et\/#organization","name":"RHsuperior","url":"https:\/\/rhsuperior.com\/et\/","logo":{"@type":"ImageObject","inLanguage":"et","@id":"https:\/\/rhsuperior.com\/et\/#\/schema\/logo\/image\/","url":"https:\/\/rhsuperior.com\/wp-content\/uploads\/2024\/03\/cropped-FullLogo_Transparent-19-1-1.png","contentUrl":"https:\/\/rhsuperior.com\/wp-content\/uploads\/2024\/03\/cropped-FullLogo_Transparent-19-1-1.png","width":1047,"height":764,"caption":"RHsuperior"},"image":{"@id":"https:\/\/rhsuperior.com\/et\/#\/schema\/logo\/image\/"},"sameAs":["https:\/\/www.facebook.com\/p\/RHsuperior-O-100094380819133\/"]}]},"og_availability":"instock","product_availability":"instock","product_condition":"new"},"_links":{"self":[{"href":"https:\/\/rhsuperior.com\/et\/wp-json\/wp\/v2\/product\/2911","targetHints":{"allow":["GET"]}}],"collection":[{"href":"https:\/\/rhsuperior.com\/et\/wp-json\/wp\/v2\/product"}],"about":[{"href":"https:\/\/rhsuperior.com\/et\/wp-json\/wp\/v2\/types\/product"}],"replies":[{"embeddable":true,"href":"https:\/\/rhsuperior.com\/et\/wp-json\/wp\/v2\/comments?post=2911"}],"wp:featuredmedia":[{"embeddable":true,"href":"https:\/\/rhsuperior.com\/et\/wp-json\/wp\/v2\/media\/2915"}],"wp:attachment":[{"href":"https:\/\/rhsuperior.com\/et\/wp-json\/wp\/v2\/media?parent=2911"}],"wp:term":[{"taxonomy":"product_brand","embeddable":true,"href":"https:\/\/rhsuperior.com\/et\/wp-json\/wp\/v2\/product_brand?post=2911"},{"taxonomy":"product_cat","embeddable":true,"href":"https:\/\/rhsuperior.com\/et\/wp-json\/wp\/v2\/product_cat?post=2911"},{"taxonomy":"product_tag","embeddable":true,"href":"https:\/\/rhsuperior.com\/et\/wp-json\/wp\/v2\/product_tag?post=2911"},{"taxonomy":"giftcard-category","embeddable":true,"href":"https:\/\/rhsuperior.com\/et\/wp-json\/wp\/v2\/giftcard-category?post=2911"}],"curies":[{"name":"wp","href":"https:\/\/api.w.org\/{rel}","templated":true}]}}