{"id":2936,"date":"2025-04-09T22:39:42","date_gmt":"2025-04-09T22:39:42","guid":{"rendered":"https:\/\/rhsuperior.com\/?post_type=product&#038;p=2936"},"modified":"2025-07-06T19:36:47","modified_gmt":"2025-07-06T19:36:47","slug":"oops-ma-tabasin-jalle-jalgu-tshirt","status":"publish","type":"product","link":"https:\/\/rhsuperior.com\/et\/toode\/oops-ma-tabasin-jalle-jalgu-tshirt\/","title":{"rendered":"Oops I hit legs again T-s\u00e4rk (Naised)"},"content":{"rendered":"<p data-start=\"284\" data-end=\"362\"><strong data-start=\"284\" data-end=\"362\">Oops I Hit Legs Again T-s\u00e4rk (Naised) - Built for Lifters Who Love Leg Day<\/strong><\/p>\n<p data-start=\"364\" data-end=\"732\">K\u00fckid, higi ja tugevad jalad - kui see k\u00f5lab nagu sinu treeningstiil, siis on see s\u00e4rk just sinu jaoks. . <em data-start=\"470\" data-end=\"509\">Oops I Hit Legs Again T-s\u00e4rk (Naised)<\/em> \u00fchendab endas mugavuse, enesekindluse ja julge suhtumise j\u00f5usaali \u00fchte v\u00f5imsasse r\u00f5ivasse. Disainitud ja tr\u00fckitud eliitj\u00f5ustiklase poolt <strong data-start=\"631\" data-end=\"647\">Rauno Heinla<\/strong>, see s\u00e4rk peegeldab nende m\u00f5tteviisi, kes ei j\u00e4ta jalap\u00e4evi vahele - nad domineerivad seda.<\/p>\n<p data-start=\"734\" data-end=\"1065\">Valmistatud 100% eelsurutud, ringkeeratud puuvillast, mis on pehme nahal, kuid vastupidav. Naiste tavaline istuvus meelitab teie kuju, v\u00f5imaldades samal ajal liikumisvabadust raskete k\u00fckituste, k\u00fckkide v\u00f5i lihtsalt v\u00f5imenduste tegemisel. Ereda roosa tr\u00fckiga ja liblikate detailidega lisab see sinu treeninggarderoobile m\u00e4ngulist j\u00f5udu.<\/p>\n<p data-start=\"1067\" data-end=\"1199\">Olenemata sellest, kas sa purustad uue PR-i v\u00f5i innustad teisi j\u00f5usaalis, see s\u00e4rk \u00fctleb seda valjusti - sa oled uhke, et l\u00f6\u00f6d jalga ikka ja j\u00e4lle.<\/p>\n<p data-start=\"1201\" data-end=\"1218\"><strong data-start=\"1201\" data-end=\"1218\">Peamised omadused:<\/strong><\/p>\n<ul data-start=\"1219\" data-end=\"1460\">\n<li data-start=\"1219\" data-end=\"1257\">\n<p data-start=\"1221\" data-end=\"1257\">Kujundanud ja tr\u00fckkinud Rauno Heinla<\/p>\n<\/li>\n<li data-start=\"1258\" data-end=\"1300\">\n<p data-start=\"1260\" data-end=\"1300\">100% puuvill (eelnevalt kokkut\u00f5mmatud ja ringkeermestatud)<\/p>\n<\/li>\n<li data-start=\"1301\" data-end=\"1328\">\n<p data-start=\"1303\" data-end=\"1328\">Kanga kaal: 185 g\/m\u00b2<\/p>\n<\/li>\n<li data-start=\"1329\" data-end=\"1372\">\n<p data-start=\"1331\" data-end=\"1372\">Sobib: Naised: Naiste tavaline sobivus - sobib suurusele<\/p>\n<\/li>\n<li data-start=\"1373\" data-end=\"1393\">\n<p data-start=\"1375\" data-end=\"1393\">Suurused: XS kuni 3XL<\/p>\n<\/li>\n<li data-start=\"1394\" data-end=\"1428\">\n<p data-start=\"1396\" data-end=\"1428\">V\u00e4rv: Must roosa graafikaga<\/p>\n<\/li>\n<li data-start=\"1429\" data-end=\"1460\">\n<p data-start=\"1431\" data-end=\"1460\">Masinpesu kuni 40\u00b0C<\/p>\n<\/li>\n<\/ul>\n<p data-start=\"1462\" data-end=\"1501\"><strong data-start=\"1462\" data-end=\"1501\">Liitu Heinla meeskonnaga. Hit jalad. Korda.<\/strong><\/p>","protected":false},"excerpt":{"rendered":"<p>Oops I Hit Legs Again T-s\u00e4rk on julge ja naiselik j\u00f5usaalis\u00e4rk tugevatele naistele. Rauno Heinla poolt disainitud elava tr\u00fckiga - sobib ideaalselt jalgade p\u00e4evaks ja igap\u00e4evaseks t\u00f5stmiseks.<\/p>","protected":false},"featured_media":2937,"comment_status":"closed","ping_status":"closed","template":"","meta":{"_acf_changed":false},"product_brand":[],"product_cat":[83,43],"product_tag":[],"giftcard-category":[],"class_list":{"0":"post-2936","1":"product","2":"type-product","3":"status-publish","4":"has-post-thumbnail","6":"product_cat-clothing","7":"product_cat-shirts","9":"first","10":"instock","11":"taxable","12":"shipping-taxable","13":"purchasable","14":"product-type-variable"},"acf":[],"yoast_head":"<!-- This site is optimized with the Yoast SEO Premium plugin v25.3.1 (Yoast SEO v25.4) - https:\/\/yoast.com\/wordpress\/plugins\/seo\/ -->\n<title>Oops I Hit Legs Again T-Shirt \u2013 Gym Shirt by Rauno Heinla<\/title>\n<meta name=\"description\" content=\"Oops I Hit Legs Again T-Shirt for women. Designed by Rauno Heinla. Premium cotton gym shirt with bold pink print. Perfect for leg day and strong women.\" \/>\n<meta name=\"robots\" content=\"index, follow, max-snippet:-1, max-image-preview:large, max-video-preview:-1\" \/>\n<link rel=\"canonical\" href=\"https:\/\/rhsuperior.com\/et\/toode\/oops-ma-tabasin-jalle-jalgu-tshirt\/\" \/>\n<meta property=\"og:locale\" content=\"et_EE\" \/>\n<meta property=\"og:type\" content=\"article\" \/>\n<meta property=\"og:title\" content=\"Oops I hit legs again T-shirt (Women)\" \/>\n<meta property=\"og:description\" content=\"Oops I Hit Legs Again T-Shirt for women. Designed by Rauno Heinla. Premium cotton gym shirt with bold pink print. Perfect for leg day and strong women.\" \/>\n<meta property=\"og:url\" content=\"https:\/\/rhsuperior.com\/et\/toode\/oops-ma-tabasin-jalle-jalgu-tshirt\/\" \/>\n<meta property=\"og:site_name\" content=\"RHsuperior\" \/>\n<meta property=\"article:publisher\" content=\"https:\/\/www.facebook.com\/p\/RHsuperior-O-100094380819133\/\" \/>\n<meta property=\"article:modified_time\" content=\"2025-07-06T19:36:47+00:00\" \/>\n<meta property=\"og:image\" content=\"https:\/\/rhsuperior.com\/wp-content\/uploads\/2025\/04\/leg-again.jpg\" \/>\n\t<meta property=\"og:image:width\" content=\"2048\" \/>\n\t<meta property=\"og:image:height\" content=\"2048\" \/>\n\t<meta property=\"og:image:type\" content=\"image\/jpeg\" \/>\n<meta name=\"twitter:card\" content=\"summary_large_image\" \/>\n<meta name=\"twitter:label1\" content=\"Availability\" \/>\n\t<meta name=\"twitter:data1\" content=\"In stock\" \/>\n<script type=\"application\/ld+json\" class=\"yoast-schema-graph\">{\"@context\":\"https:\/\/schema.org\",\"@graph\":[{\"@type\":\"WebPage\",\"@id\":\"https:\/\/rhsuperior.com\/et\/toode\/oops-ma-tabasin-jalle-jalgu-tshirt\/\",\"url\":\"https:\/\/rhsuperior.com\/et\/toode\/oops-ma-tabasin-jalle-jalgu-tshirt\/\",\"name\":\"Oops I Hit Legs Again T-Shirt \u2013 Gym Shirt by Rauno Heinla\",\"isPartOf\":{\"@id\":\"https:\/\/rhsuperior.com\/et\/#website\"},\"primaryImageOfPage\":{\"@id\":\"https:\/\/rhsuperior.com\/et\/toode\/oops-ma-tabasin-jalle-jalgu-tshirt\/#primaryimage\"},\"image\":{\"@id\":\"https:\/\/rhsuperior.com\/et\/toode\/oops-ma-tabasin-jalle-jalgu-tshirt\/#primaryimage\"},\"thumbnailUrl\":\"https:\/\/rhsuperior.com\/wp-content\/uploads\/2025\/04\/leg-again.jpg\",\"datePublished\":\"2025-04-09T22:39:42+00:00\",\"dateModified\":\"2025-07-06T19:36:47+00:00\",\"description\":\"Oops I Hit Legs Again T-Shirt for women. Designed by Rauno Heinla. Premium cotton gym shirt with bold pink print. Perfect for leg day and strong women.\",\"breadcrumb\":{\"@id\":\"https:\/\/rhsuperior.com\/et\/toode\/oops-ma-tabasin-jalle-jalgu-tshirt\/#breadcrumb\"},\"inLanguage\":\"et\",\"potentialAction\":[{\"@type\":\"ReadAction\",\"target\":[\"https:\/\/rhsuperior.com\/et\/toode\/oops-ma-tabasin-jalle-jalgu-tshirt\/\"]}]},{\"@type\":\"ImageObject\",\"inLanguage\":\"et\",\"@id\":\"https:\/\/rhsuperior.com\/et\/toode\/oops-ma-tabasin-jalle-jalgu-tshirt\/#primaryimage\",\"url\":\"https:\/\/rhsuperior.com\/wp-content\/uploads\/2025\/04\/leg-again.jpg\",\"contentUrl\":\"https:\/\/rhsuperior.com\/wp-content\/uploads\/2025\/04\/leg-again.jpg\",\"width\":2048,\"height\":2048,\"caption\":\"Alt text: Oops I Hit Legs Again T-Shirt \u2013 Women\u2019s black gym shirt with pink squat-themed print, designed by Rauno Heinla\"},{\"@type\":\"BreadcrumbList\",\"@id\":\"https:\/\/rhsuperior.com\/et\/toode\/oops-ma-tabasin-jalle-jalgu-tshirt\/#breadcrumb\",\"itemListElement\":[{\"@type\":\"ListItem\",\"position\":1,\"name\":\"Home\",\"item\":\"https:\/\/rhsuperior.com\/et\/\"},{\"@type\":\"ListItem\",\"position\":2,\"name\":\"Shop\",\"item\":\"https:\/\/rhsuperior.com\/shop\/\"},{\"@type\":\"ListItem\",\"position\":3,\"name\":\"Oops I hit legs again T-shirt (Women)\"}]},{\"@type\":\"WebSite\",\"@id\":\"https:\/\/rhsuperior.com\/et\/#website\",\"url\":\"https:\/\/rhsuperior.com\/et\/\",\"name\":\"RHsuperior\",\"description\":\"\",\"publisher\":{\"@id\":\"https:\/\/rhsuperior.com\/et\/#organization\"},\"potentialAction\":[{\"@type\":\"SearchAction\",\"target\":{\"@type\":\"EntryPoint\",\"urlTemplate\":\"https:\/\/rhsuperior.com\/et\/?s={search_term_string}\"},\"query-input\":{\"@type\":\"PropertyValueSpecification\",\"valueRequired\":true,\"valueName\":\"search_term_string\"}}],\"inLanguage\":\"et\"},{\"@type\":\"Organization\",\"@id\":\"https:\/\/rhsuperior.com\/et\/#organization\",\"name\":\"RHsuperior\",\"url\":\"https:\/\/rhsuperior.com\/et\/\",\"logo\":{\"@type\":\"ImageObject\",\"inLanguage\":\"et\",\"@id\":\"https:\/\/rhsuperior.com\/et\/#\/schema\/logo\/image\/\",\"url\":\"https:\/\/rhsuperior.com\/wp-content\/uploads\/2024\/03\/cropped-FullLogo_Transparent-19-1-1.png\",\"contentUrl\":\"https:\/\/rhsuperior.com\/wp-content\/uploads\/2024\/03\/cropped-FullLogo_Transparent-19-1-1.png\",\"width\":1047,\"height\":764,\"caption\":\"RHsuperior\"},\"image\":{\"@id\":\"https:\/\/rhsuperior.com\/et\/#\/schema\/logo\/image\/\"},\"sameAs\":[\"https:\/\/www.facebook.com\/p\/RHsuperior-O-100094380819133\/\"]}]}<\/script>\n<meta property=\"og:availability\" content=\"instock\" \/>\n<meta property=\"product:availability\" content=\"instock\" \/>\n<meta property=\"product:condition\" content=\"new\" \/>\n<!-- \/ Yoast SEO Premium plugin. -->","yoast_head_json":{"title":"Oops I Hit Legs Again T-s\u00e4rk - Gym Shirt by Rauno Heinla","description":"Oops I Hit Legs Again T-s\u00e4rk naistele. Kujundanud Rauno Heinla. Premium puuvillane j\u00f5usaalis\u00e4rk julge roosa tr\u00fckiga. Sobib ideaalselt jalgade p\u00e4evaks ja tugevatele naistele.","robots":{"index":"index","follow":"follow","max-snippet":"max-snippet:-1","max-image-preview":"max-image-preview:large","max-video-preview":"max-video-preview:-1"},"canonical":"https:\/\/rhsuperior.com\/et\/toode\/oops-ma-tabasin-jalle-jalgu-tshirt\/","og_locale":"et_EE","og_type":"article","og_title":"Oops I hit legs again T-shirt (Women)","og_description":"Oops I Hit Legs Again T-Shirt for women. Designed by Rauno Heinla. Premium cotton gym shirt with bold pink print. Perfect for leg day and strong women.","og_url":"https:\/\/rhsuperior.com\/et\/toode\/oops-ma-tabasin-jalle-jalgu-tshirt\/","og_site_name":"RHsuperior","article_publisher":"https:\/\/www.facebook.com\/p\/RHsuperior-O-100094380819133\/","article_modified_time":"2025-07-06T19:36:47+00:00","og_image":[{"width":2048,"height":2048,"url":"https:\/\/rhsuperior.com\/wp-content\/uploads\/2025\/04\/leg-again.jpg","type":"image\/jpeg"}],"twitter_card":"summary_large_image","twitter_misc":{"Availability":"In stock"},"schema":{"@context":"https:\/\/schema.org","@graph":[{"@type":"WebPage","@id":"https:\/\/rhsuperior.com\/et\/toode\/oops-ma-tabasin-jalle-jalgu-tshirt\/","url":"https:\/\/rhsuperior.com\/et\/toode\/oops-ma-tabasin-jalle-jalgu-tshirt\/","name":"Oops I Hit Legs Again T-s\u00e4rk - Gym Shirt by Rauno Heinla","isPartOf":{"@id":"https:\/\/rhsuperior.com\/et\/#website"},"primaryImageOfPage":{"@id":"https:\/\/rhsuperior.com\/et\/toode\/oops-ma-tabasin-jalle-jalgu-tshirt\/#primaryimage"},"image":{"@id":"https:\/\/rhsuperior.com\/et\/toode\/oops-ma-tabasin-jalle-jalgu-tshirt\/#primaryimage"},"thumbnailUrl":"https:\/\/rhsuperior.com\/wp-content\/uploads\/2025\/04\/leg-again.jpg","datePublished":"2025-04-09T22:39:42+00:00","dateModified":"2025-07-06T19:36:47+00:00","description":"Oops I Hit Legs Again T-s\u00e4rk naistele. Kujundanud Rauno Heinla. Premium puuvillane j\u00f5usaalis\u00e4rk julge roosa tr\u00fckiga. Sobib ideaalselt jalgade p\u00e4evaks ja tugevatele naistele.","breadcrumb":{"@id":"https:\/\/rhsuperior.com\/et\/toode\/oops-ma-tabasin-jalle-jalgu-tshirt\/#breadcrumb"},"inLanguage":"et","potentialAction":[{"@type":"ReadAction","target":["https:\/\/rhsuperior.com\/et\/toode\/oops-ma-tabasin-jalle-jalgu-tshirt\/"]}]},{"@type":"ImageObject","inLanguage":"et","@id":"https:\/\/rhsuperior.com\/et\/toode\/oops-ma-tabasin-jalle-jalgu-tshirt\/#primaryimage","url":"https:\/\/rhsuperior.com\/wp-content\/uploads\/2025\/04\/leg-again.jpg","contentUrl":"https:\/\/rhsuperior.com\/wp-content\/uploads\/2025\/04\/leg-again.jpg","width":2048,"height":2048,"caption":"Alt text: Oops I Hit Legs Again T-Shirt \u2013 Women\u2019s black gym shirt with pink squat-themed print, designed by Rauno Heinla"},{"@type":"BreadcrumbList","@id":"https:\/\/rhsuperior.com\/et\/toode\/oops-ma-tabasin-jalle-jalgu-tshirt\/#breadcrumb","itemListElement":[{"@type":"ListItem","position":1,"name":"Home","item":"https:\/\/rhsuperior.com\/et\/"},{"@type":"ListItem","position":2,"name":"Shop","item":"https:\/\/rhsuperior.com\/shop\/"},{"@type":"ListItem","position":3,"name":"Oops I hit legs again T-shirt (Women)"}]},{"@type":"WebSite","@id":"https:\/\/rhsuperior.com\/et\/#website","url":"https:\/\/rhsuperior.com\/et\/","name":"RHsuperior","description":"","publisher":{"@id":"https:\/\/rhsuperior.com\/et\/#organization"},"potentialAction":[{"@type":"SearchAction","target":{"@type":"EntryPoint","urlTemplate":"https:\/\/rhsuperior.com\/et\/?s={search_term_string}"},"query-input":{"@type":"PropertyValueSpecification","valueRequired":true,"valueName":"search_term_string"}}],"inLanguage":"et"},{"@type":"Organization","@id":"https:\/\/rhsuperior.com\/et\/#organization","name":"RHsuperior","url":"https:\/\/rhsuperior.com\/et\/","logo":{"@type":"ImageObject","inLanguage":"et","@id":"https:\/\/rhsuperior.com\/et\/#\/schema\/logo\/image\/","url":"https:\/\/rhsuperior.com\/wp-content\/uploads\/2024\/03\/cropped-FullLogo_Transparent-19-1-1.png","contentUrl":"https:\/\/rhsuperior.com\/wp-content\/uploads\/2024\/03\/cropped-FullLogo_Transparent-19-1-1.png","width":1047,"height":764,"caption":"RHsuperior"},"image":{"@id":"https:\/\/rhsuperior.com\/et\/#\/schema\/logo\/image\/"},"sameAs":["https:\/\/www.facebook.com\/p\/RHsuperior-O-100094380819133\/"]}]},"og_availability":"instock","product_availability":"instock","product_condition":"new"},"_links":{"self":[{"href":"https:\/\/rhsuperior.com\/et\/wp-json\/wp\/v2\/product\/2936","targetHints":{"allow":["GET"]}}],"collection":[{"href":"https:\/\/rhsuperior.com\/et\/wp-json\/wp\/v2\/product"}],"about":[{"href":"https:\/\/rhsuperior.com\/et\/wp-json\/wp\/v2\/types\/product"}],"replies":[{"embeddable":true,"href":"https:\/\/rhsuperior.com\/et\/wp-json\/wp\/v2\/comments?post=2936"}],"wp:featuredmedia":[{"embeddable":true,"href":"https:\/\/rhsuperior.com\/et\/wp-json\/wp\/v2\/media\/2937"}],"wp:attachment":[{"href":"https:\/\/rhsuperior.com\/et\/wp-json\/wp\/v2\/media?parent=2936"}],"wp:term":[{"taxonomy":"product_brand","embeddable":true,"href":"https:\/\/rhsuperior.com\/et\/wp-json\/wp\/v2\/product_brand?post=2936"},{"taxonomy":"product_cat","embeddable":true,"href":"https:\/\/rhsuperior.com\/et\/wp-json\/wp\/v2\/product_cat?post=2936"},{"taxonomy":"product_tag","embeddable":true,"href":"https:\/\/rhsuperior.com\/et\/wp-json\/wp\/v2\/product_tag?post=2936"},{"taxonomy":"giftcard-category","embeddable":true,"href":"https:\/\/rhsuperior.com\/et\/wp-json\/wp\/v2\/giftcard-category?post=2936"}],"curies":[{"name":"wp","href":"https:\/\/api.w.org\/{rel}","templated":true}]}}