{"id":2945,"date":"2025-04-09T23:00:29","date_gmt":"2025-04-09T23:00:29","guid":{"rendered":"https:\/\/rhsuperior.com\/?post_type=product&#038;p=2945"},"modified":"2026-01-25T14:58:59","modified_gmt":"2026-01-25T14:58:59","slug":"shut-the-f-up-and-train-tshirt","status":"publish","type":"product","link":"https:\/\/rhsuperior.com\/et\/toode\/shut-the-f-up-and-train-tshirt\/","title":{"rendered":"SHUT THE F... UP AND TRAIN T-s\u00e4rk"},"content":{"rendered":"<h2 data-start=\"320\" data-end=\"385\">SHUT THE F... UP AND TRAIN T-s\u00e4rk - No Excuses. Just Work.<\/h2>\n<p data-start=\"387\" data-end=\"592\">The <strong data-start=\"391\" data-end=\"429\">SHUT THE F... UP AND TRAIN T-s\u00e4rk<\/strong> on tehtud t\u00f5stjate jaoks, kes ei r\u00e4\u00e4gi - nad tegutsevad. Olenemata sellest, kas oled purustamas uut PR-i v\u00f5i v\u00f5imendamas oma viimast komplekti, see s\u00e4rk r\u00e4\u00e4gib su m\u00f5tteviisi valjusti ja selgelt.<\/p>\n<p data-start=\"594\" data-end=\"776\">See s\u00e4rk on valmistatud 100% eelp\u00f5letatud ringkeeratud puuvillast, mis \u00fchendab endas mugavuse, vastupidavuse ja suhtumise. See on m\u00f5eldud t\u00f5siste treeningute, taastumisp\u00e4evade ja k\u00f5ige vahepealse jaoks.<\/p>\n<hr data-start=\"778\" data-end=\"781\" \/>\n<h2 data-start=\"783\" data-end=\"839\">Miks valida SHUT THE F... UP AND TRAIN T-s\u00e4rk?<\/h2>\n<ul data-start=\"841\" data-end=\"1186\">\n<li data-start=\"841\" data-end=\"891\">\n<p data-start=\"843\" data-end=\"891\"><strong data-start=\"843\" data-end=\"855\">Materjal<\/strong>: 100% eelnevalt kokkut\u00f5mmatud r\u00f5ngaspunane puuvillakangas.<\/p>\n<\/li>\n<li data-start=\"892\" data-end=\"939\">\n<p data-start=\"894\" data-end=\"939\"><strong data-start=\"894\" data-end=\"901\">Fit<\/strong>: Sportlik unisex l\u00f5ige - sobib suurusele<\/p>\n<\/li>\n<li data-start=\"940\" data-end=\"1001\">\n<p data-start=\"942\" data-end=\"1001\"><strong data-start=\"942\" data-end=\"951\">Prindi<\/strong>: Rasvatud esiosa tekst - <em data-start=\"971\" data-end=\"999\">SHUT THE F\u2026 UP AND TRAIN T-s\u00e4rk<\/em><\/p>\n<\/li>\n<li data-start=\"1002\" data-end=\"1055\">\n<p data-start=\"1004\" data-end=\"1055\"><strong data-start=\"1004\" data-end=\"1016\">Disainer<\/strong>: Loodud ja tr\u00fckitud Rauno Heinla poolt<\/p>\n<\/li>\n<li data-start=\"1056\" data-end=\"1121\">\n<p data-start=\"1058\" data-end=\"1121\"><strong data-start=\"1058\" data-end=\"1065\">Kasutage<\/strong>: Ideaalne t\u00f5stmiseks, konditsioneerimiseks ja igap\u00e4evaseks kandmiseks<\/p>\n<\/li>\n<li data-start=\"1122\" data-end=\"1161\">\n<p data-start=\"1124\" data-end=\"1161\"><strong data-start=\"1124\" data-end=\"1133\">V\u00e4rv<\/strong>: Must valge graafikaga<\/p>\n<\/li>\n<li data-start=\"1162\" data-end=\"1186\">\n<p data-start=\"1164\" data-end=\"1186\"><strong data-start=\"1164\" data-end=\"1173\">Suurused<\/strong>: XS kuni 5XL<\/p>\n<\/li>\n<\/ul>\n<hr data-start=\"1188\" data-end=\"1191\" \/>\n<h2 data-start=\"1193\" data-end=\"1244\">T\u00f5sta rasket. J\u00e4\u00e4 vaikselt. Kandke m\u00f5tteviisi.<\/h2>\n<p data-start=\"1246\" data-end=\"1471\">See s\u00e4rk ei ole lihtsalt riietus - see on teie treeningkood. Kui te kannate <strong data-start=\"1322\" data-end=\"1360\">SHUT THE F... UP AND TRAIN T-s\u00e4rk<\/strong>, te ei otsi mugavustsooni. Te esindate #TeamHeinla, kus teod r\u00e4\u00e4givad valjemini kui s\u00f5nad.<\/p>\n<p data-start=\"1473\" data-end=\"1510\">Pane see peale. Hakka t\u00f6\u00f6le. L\u00fclita see v\u00e4lja.<\/p>","protected":false},"excerpt":{"rendered":"<p>SHUT THE F... UP AND TRAIN T-s\u00e4rk on kompromissitu j\u00f5usaalis\u00e4rk, mis on tehtud neile, kes t\u00f5stavad raskelt, keskenduvad ja lasevad tulemustel r\u00e4\u00e4kida. Disainitud Rauno Heinla poolt.<\/p>","protected":false},"featured_media":2946,"comment_status":"closed","ping_status":"closed","template":"","meta":{"_acf_changed":false},"product_brand":[],"product_cat":[83,43],"product_tag":[],"giftcard-category":[],"class_list":{"0":"post-2945","1":"product","2":"type-product","3":"status-publish","4":"has-post-thumbnail","6":"product_cat-clothing","7":"product_cat-shirts","9":"first","10":"instock","11":"taxable","12":"shipping-taxable","13":"purchasable","14":"product-type-variable"},"acf":[],"yoast_head":"<!-- This site is optimized with the Yoast SEO Premium plugin v25.3.1 (Yoast SEO v25.4) - https:\/\/yoast.com\/wordpress\/plugins\/seo\/ -->\n<title>SHUT THE F... UP AND TRAIN T-Shirt \u2013 by Rauno Heinla<\/title>\n<meta name=\"description\" content=\"SHUT THE F... UP AND TRAIN T-Shirt by Rauno Heinla \u2013 built for lifters who train hard and talk less. 100% cotton, unisex fit, bold message. Sizes XS\u20135XL.\" \/>\n<meta name=\"robots\" content=\"index, follow, max-snippet:-1, max-image-preview:large, max-video-preview:-1\" \/>\n<link rel=\"canonical\" href=\"https:\/\/rhsuperior.com\/et\/toode\/shut-the-f-up-and-train-tshirt\/\" \/>\n<meta property=\"og:locale\" content=\"et_EE\" \/>\n<meta property=\"og:type\" content=\"article\" \/>\n<meta property=\"og:title\" content=\"SHUT THE F... UP AND TRAIN T-Shirt\" \/>\n<meta property=\"og:description\" content=\"SHUT THE F... UP AND TRAIN T-Shirt by Rauno Heinla \u2013 built for lifters who train hard and talk less. 100% cotton, unisex fit, bold message. Sizes XS\u20135XL.\" \/>\n<meta property=\"og:url\" content=\"https:\/\/rhsuperior.com\/et\/toode\/shut-the-f-up-and-train-tshirt\/\" \/>\n<meta property=\"og:site_name\" content=\"RHsuperior\" \/>\n<meta property=\"article:publisher\" content=\"https:\/\/www.facebook.com\/p\/RHsuperior-O-100094380819133\/\" \/>\n<meta property=\"article:modified_time\" content=\"2026-01-25T14:58:59+00:00\" \/>\n<meta property=\"og:image\" content=\"https:\/\/rhsuperior.com\/wp-content\/uploads\/2025\/04\/Untitled-design-2-1.jpg\" \/>\n\t<meta property=\"og:image:width\" content=\"1759\" \/>\n\t<meta property=\"og:image:height\" content=\"2048\" \/>\n\t<meta property=\"og:image:type\" content=\"image\/jpeg\" \/>\n<meta name=\"twitter:card\" content=\"summary_large_image\" \/>\n<meta name=\"twitter:label1\" content=\"Availability\" \/>\n\t<meta name=\"twitter:data1\" content=\"In stock\" \/>\n<script type=\"application\/ld+json\" class=\"yoast-schema-graph\">{\"@context\":\"https:\/\/schema.org\",\"@graph\":[{\"@type\":\"WebPage\",\"@id\":\"https:\/\/rhsuperior.com\/product\/shut-the-f-up-and-train-tshirt\/\",\"url\":\"https:\/\/rhsuperior.com\/product\/shut-the-f-up-and-train-tshirt\/\",\"name\":\"SHUT THE F... UP AND TRAIN T-Shirt \u2013 by Rauno Heinla\",\"isPartOf\":{\"@id\":\"https:\/\/rhsuperior.com\/et\/#website\"},\"primaryImageOfPage\":{\"@id\":\"https:\/\/rhsuperior.com\/product\/shut-the-f-up-and-train-tshirt\/#primaryimage\"},\"image\":{\"@id\":\"https:\/\/rhsuperior.com\/product\/shut-the-f-up-and-train-tshirt\/#primaryimage\"},\"thumbnailUrl\":\"https:\/\/rhsuperior.com\/wp-content\/uploads\/2025\/04\/Untitled-design-2-1.jpg\",\"datePublished\":\"2025-04-09T23:00:29+00:00\",\"dateModified\":\"2026-01-25T14:58:59+00:00\",\"description\":\"SHUT THE F... UP AND TRAIN T-Shirt by Rauno Heinla \u2013 built for lifters who train hard and talk less. 100% cotton, unisex fit, bold message. Sizes XS\u20135XL.\",\"breadcrumb\":{\"@id\":\"https:\/\/rhsuperior.com\/product\/shut-the-f-up-and-train-tshirt\/#breadcrumb\"},\"inLanguage\":\"et\",\"potentialAction\":[{\"@type\":\"ReadAction\",\"target\":[\"https:\/\/rhsuperior.com\/product\/shut-the-f-up-and-train-tshirt\/\"]}]},{\"@type\":\"ImageObject\",\"inLanguage\":\"et\",\"@id\":\"https:\/\/rhsuperior.com\/product\/shut-the-f-up-and-train-tshirt\/#primaryimage\",\"url\":\"https:\/\/rhsuperior.com\/wp-content\/uploads\/2025\/04\/Untitled-design-2-1.jpg\",\"contentUrl\":\"https:\/\/rhsuperior.com\/wp-content\/uploads\/2025\/04\/Untitled-design-2-1.jpg\",\"width\":1759,\"height\":2048,\"caption\":\"Bold statement tee for no-excuse athletes \u2013 designed by Rauno Heinla\"},{\"@type\":\"BreadcrumbList\",\"@id\":\"https:\/\/rhsuperior.com\/product\/shut-the-f-up-and-train-tshirt\/#breadcrumb\",\"itemListElement\":[{\"@type\":\"ListItem\",\"position\":1,\"name\":\"Home\",\"item\":\"https:\/\/rhsuperior.com\/et\/\"},{\"@type\":\"ListItem\",\"position\":2,\"name\":\"Shop\",\"item\":\"https:\/\/rhsuperior.com\/shop\/\"},{\"@type\":\"ListItem\",\"position\":3,\"name\":\"SHUT THE F&#8230; UP AND TRAIN T-Shirt\"}]},{\"@type\":\"WebSite\",\"@id\":\"https:\/\/rhsuperior.com\/et\/#website\",\"url\":\"https:\/\/rhsuperior.com\/et\/\",\"name\":\"RHsuperior\",\"description\":\"\",\"publisher\":{\"@id\":\"https:\/\/rhsuperior.com\/et\/#organization\"},\"potentialAction\":[{\"@type\":\"SearchAction\",\"target\":{\"@type\":\"EntryPoint\",\"urlTemplate\":\"https:\/\/rhsuperior.com\/et\/?s={search_term_string}\"},\"query-input\":{\"@type\":\"PropertyValueSpecification\",\"valueRequired\":true,\"valueName\":\"search_term_string\"}}],\"inLanguage\":\"et\"},{\"@type\":\"Organization\",\"@id\":\"https:\/\/rhsuperior.com\/et\/#organization\",\"name\":\"RHsuperior\",\"url\":\"https:\/\/rhsuperior.com\/et\/\",\"logo\":{\"@type\":\"ImageObject\",\"inLanguage\":\"et\",\"@id\":\"https:\/\/rhsuperior.com\/et\/#\/schema\/logo\/image\/\",\"url\":\"https:\/\/rhsuperior.com\/wp-content\/uploads\/2024\/03\/cropped-FullLogo_Transparent-19-1-1.png\",\"contentUrl\":\"https:\/\/rhsuperior.com\/wp-content\/uploads\/2024\/03\/cropped-FullLogo_Transparent-19-1-1.png\",\"width\":1047,\"height\":764,\"caption\":\"RHsuperior\"},\"image\":{\"@id\":\"https:\/\/rhsuperior.com\/et\/#\/schema\/logo\/image\/\"},\"sameAs\":[\"https:\/\/www.facebook.com\/p\/RHsuperior-O-100094380819133\/\"]}]}<\/script>\n<meta property=\"og:availability\" content=\"instock\" \/>\n<meta property=\"product:availability\" content=\"instock\" \/>\n<meta property=\"product:condition\" content=\"new\" \/>\n<!-- \/ Yoast SEO Premium plugin. -->","yoast_head_json":{"title":"SULGE V... UP AND TRAIN T-s\u00e4rk - by Rauno Heinla","description":"SULGE V... UP AND TRAIN T-s\u00e4rk by Rauno Heinla - loodud t\u00f5stjatele, kes treenivad k\u00f5vasti ja r\u00e4\u00e4givad v\u00e4hem. 100% puuvillane, unisex sobivus, julge s\u00f5num. Suurused XS-5XL.","robots":{"index":"index","follow":"follow","max-snippet":"max-snippet:-1","max-image-preview":"max-image-preview:large","max-video-preview":"max-video-preview:-1"},"canonical":"https:\/\/rhsuperior.com\/et\/toode\/shut-the-f-up-and-train-tshirt\/","og_locale":"et_EE","og_type":"article","og_title":"SHUT THE F... UP AND TRAIN T-Shirt","og_description":"SHUT THE F... UP AND TRAIN T-Shirt by Rauno Heinla \u2013 built for lifters who train hard and talk less. 100% cotton, unisex fit, bold message. Sizes XS\u20135XL.","og_url":"https:\/\/rhsuperior.com\/et\/toode\/shut-the-f-up-and-train-tshirt\/","og_site_name":"RHsuperior","article_publisher":"https:\/\/www.facebook.com\/p\/RHsuperior-O-100094380819133\/","article_modified_time":"2026-01-25T14:58:59+00:00","og_image":[{"width":1759,"height":2048,"url":"https:\/\/rhsuperior.com\/wp-content\/uploads\/2025\/04\/Untitled-design-2-1.jpg","type":"image\/jpeg"}],"twitter_card":"summary_large_image","twitter_misc":{"Availability":"In stock"},"schema":{"@context":"https:\/\/schema.org","@graph":[{"@type":"WebPage","@id":"https:\/\/rhsuperior.com\/product\/shut-the-f-up-and-train-tshirt\/","url":"https:\/\/rhsuperior.com\/product\/shut-the-f-up-and-train-tshirt\/","name":"SULGE V... UP AND TRAIN T-s\u00e4rk - by Rauno Heinla","isPartOf":{"@id":"https:\/\/rhsuperior.com\/et\/#website"},"primaryImageOfPage":{"@id":"https:\/\/rhsuperior.com\/product\/shut-the-f-up-and-train-tshirt\/#primaryimage"},"image":{"@id":"https:\/\/rhsuperior.com\/product\/shut-the-f-up-and-train-tshirt\/#primaryimage"},"thumbnailUrl":"https:\/\/rhsuperior.com\/wp-content\/uploads\/2025\/04\/Untitled-design-2-1.jpg","datePublished":"2025-04-09T23:00:29+00:00","dateModified":"2026-01-25T14:58:59+00:00","description":"SULGE V... UP AND TRAIN T-s\u00e4rk by Rauno Heinla - loodud t\u00f5stjatele, kes treenivad k\u00f5vasti ja r\u00e4\u00e4givad v\u00e4hem. 100% puuvillane, unisex sobivus, julge s\u00f5num. Suurused XS-5XL.","breadcrumb":{"@id":"https:\/\/rhsuperior.com\/product\/shut-the-f-up-and-train-tshirt\/#breadcrumb"},"inLanguage":"et","potentialAction":[{"@type":"ReadAction","target":["https:\/\/rhsuperior.com\/product\/shut-the-f-up-and-train-tshirt\/"]}]},{"@type":"ImageObject","inLanguage":"et","@id":"https:\/\/rhsuperior.com\/product\/shut-the-f-up-and-train-tshirt\/#primaryimage","url":"https:\/\/rhsuperior.com\/wp-content\/uploads\/2025\/04\/Untitled-design-2-1.jpg","contentUrl":"https:\/\/rhsuperior.com\/wp-content\/uploads\/2025\/04\/Untitled-design-2-1.jpg","width":1759,"height":2048,"caption":"Bold statement tee for no-excuse athletes \u2013 designed by Rauno Heinla"},{"@type":"BreadcrumbList","@id":"https:\/\/rhsuperior.com\/product\/shut-the-f-up-and-train-tshirt\/#breadcrumb","itemListElement":[{"@type":"ListItem","position":1,"name":"Home","item":"https:\/\/rhsuperior.com\/et\/"},{"@type":"ListItem","position":2,"name":"Shop","item":"https:\/\/rhsuperior.com\/shop\/"},{"@type":"ListItem","position":3,"name":"SHUT THE F&#8230; UP AND TRAIN T-Shirt"}]},{"@type":"WebSite","@id":"https:\/\/rhsuperior.com\/et\/#website","url":"https:\/\/rhsuperior.com\/et\/","name":"RHsuperior","description":"","publisher":{"@id":"https:\/\/rhsuperior.com\/et\/#organization"},"potentialAction":[{"@type":"SearchAction","target":{"@type":"EntryPoint","urlTemplate":"https:\/\/rhsuperior.com\/et\/?s={search_term_string}"},"query-input":{"@type":"PropertyValueSpecification","valueRequired":true,"valueName":"search_term_string"}}],"inLanguage":"et"},{"@type":"Organization","@id":"https:\/\/rhsuperior.com\/et\/#organization","name":"RHsuperior","url":"https:\/\/rhsuperior.com\/et\/","logo":{"@type":"ImageObject","inLanguage":"et","@id":"https:\/\/rhsuperior.com\/et\/#\/schema\/logo\/image\/","url":"https:\/\/rhsuperior.com\/wp-content\/uploads\/2024\/03\/cropped-FullLogo_Transparent-19-1-1.png","contentUrl":"https:\/\/rhsuperior.com\/wp-content\/uploads\/2024\/03\/cropped-FullLogo_Transparent-19-1-1.png","width":1047,"height":764,"caption":"RHsuperior"},"image":{"@id":"https:\/\/rhsuperior.com\/et\/#\/schema\/logo\/image\/"},"sameAs":["https:\/\/www.facebook.com\/p\/RHsuperior-O-100094380819133\/"]}]},"og_availability":"instock","product_availability":"instock","product_condition":"new"},"_links":{"self":[{"href":"https:\/\/rhsuperior.com\/et\/wp-json\/wp\/v2\/product\/2945","targetHints":{"allow":["GET"]}}],"collection":[{"href":"https:\/\/rhsuperior.com\/et\/wp-json\/wp\/v2\/product"}],"about":[{"href":"https:\/\/rhsuperior.com\/et\/wp-json\/wp\/v2\/types\/product"}],"replies":[{"embeddable":true,"href":"https:\/\/rhsuperior.com\/et\/wp-json\/wp\/v2\/comments?post=2945"}],"wp:featuredmedia":[{"embeddable":true,"href":"https:\/\/rhsuperior.com\/et\/wp-json\/wp\/v2\/media\/2946"}],"wp:attachment":[{"href":"https:\/\/rhsuperior.com\/et\/wp-json\/wp\/v2\/media?parent=2945"}],"wp:term":[{"taxonomy":"product_brand","embeddable":true,"href":"https:\/\/rhsuperior.com\/et\/wp-json\/wp\/v2\/product_brand?post=2945"},{"taxonomy":"product_cat","embeddable":true,"href":"https:\/\/rhsuperior.com\/et\/wp-json\/wp\/v2\/product_cat?post=2945"},{"taxonomy":"product_tag","embeddable":true,"href":"https:\/\/rhsuperior.com\/et\/wp-json\/wp\/v2\/product_tag?post=2945"},{"taxonomy":"giftcard-category","embeddable":true,"href":"https:\/\/rhsuperior.com\/et\/wp-json\/wp\/v2\/giftcard-category?post=2945"}],"curies":[{"name":"wp","href":"https:\/\/api.w.org\/{rel}","templated":true}]}}