{"id":3901,"date":"2025-07-07T15:40:26","date_gmt":"2025-07-07T15:40:26","guid":{"rendered":"https:\/\/rhsuperior.com\/?post_type=product&#038;p=3901"},"modified":"2025-07-07T15:40:26","modified_gmt":"2025-07-07T15:40:26","slug":"kaks-uhes-naiste-spordiseelik","status":"publish","type":"product","link":"https:\/\/rhsuperior.com\/et\/toode\/kaks-uhes-naiste-spordiseelik\/","title":{"rendered":"Kaks \u00fches naiste seelik PUSH LIMITS BE SUPERIOR \u2013 spordiseelik sisseehitatud l\u00fchikestega (XS\u2013XL)"},"content":{"rendered":"<p data-start=\"316\" data-end=\"624\"><strong data-start=\"316\" data-end=\"368\">Kaks \u00fches naiste seelik PUSH LIMITS BE SUPERIOR<\/strong> on loodud aktiivsetele naistele, kes soovivad enesekindlust, vabadust ja stiili \u00fches r\u00f5ivas. See sportlik <strong data-start=\"465\" data-end=\"494\">sisse\u00f5mmeldud l\u00fchikeste p\u00fckstega seelik<\/strong> annab sulle t\u00e4ieliku liikuvuse ja turvalise kaitse iga liigutuse ajal - olgu siis treeningul, jooksmisel v\u00f5i lihtsalt julgelt elades.<\/p>\n<p data-start=\"626\" data-end=\"911\">Valmistatud <strong data-start=\"636\" data-end=\"662\">veniv \u00fchtne trikotaa\u017e<\/strong> (95% puuvill, 5% elastaan), kangas tagab paindlikkuse, mugavuse ja vormimahutavuse. . <strong data-start=\"756\" data-end=\"780\">A-kujuline l\u00fchike l\u00f5ikamine<\/strong>, kombineerituna <strong data-start=\"798\" data-end=\"824\">lai elastne v\u00f6\u00f6koht<\/strong> ja <strong data-start=\"829\" data-end=\"852\">reguleeritav t\u00f5mblukk<\/strong>, annab meelitava silueti, ilma et see piiraks liikumist.<\/p>\n<p data-start=\"913\" data-end=\"1094\">See seelik sobib ideaalselt sportimiseks, j\u00f5usaalis k\u00e4imiseks v\u00f5i vaba aja veetmiseks. Motiveeriv tr\u00fckis <strong data-start=\"994\" data-end=\"1024\">\"PUSH LIMITS. OLE PAREM\"<\/strong> sisemistel p\u00fckstel tuletab sulle meelde, et iga kord, kui sa seda kannad, l\u00e4hed edasi.<\/p>\n<p data-start=\"1096\" data-end=\"1115\"><strong data-start=\"1096\" data-end=\"1113\">Peamised omadused:<\/strong><\/p>\n<ul data-start=\"1116\" data-end=\"1402\">\n<li data-start=\"1116\" data-end=\"1160\">\n<p data-start=\"1118\" data-end=\"1160\">2-in-1 disain: seelik koos sisse\u00f5mmeldud p\u00fckstega<\/p>\n<\/li>\n<li data-start=\"1161\" data-end=\"1210\">\n<p data-start=\"1163\" data-end=\"1210\">Pehme veniv kangas - 95% puuvill, 5% elastaan.<\/p>\n<\/li>\n<li data-start=\"1211\" data-end=\"1254\">\n<p data-start=\"1213\" data-end=\"1254\">Lai v\u00f6\u00f6koht koos sisemise pingutuspaelaga<\/p>\n<\/li>\n<li data-start=\"1255\" data-end=\"1282\">\n<p data-start=\"1257\" data-end=\"1282\">Sportlik l\u00fchike A-liiniline l\u00f5ige<\/p>\n<\/li>\n<li data-start=\"1283\" data-end=\"1339\">\n<p data-start=\"1285\" data-end=\"1339\">Motiveeriv sisemine tr\u00fckis: <em data-start=\"1311\" data-end=\"1337\">PUSH LIMITS. OLE PAREM<\/em><\/p>\n<\/li>\n<li data-start=\"1340\" data-end=\"1385\">\n<p data-start=\"1342\" data-end=\"1385\">Sobib ideaalselt j\u00f5usaali, spordi ja elustiili kandmiseks<\/p>\n<\/li>\n<li data-start=\"1386\" data-end=\"1402\">\n<p data-start=\"1388\" data-end=\"1402\">Suurused: XS-XL<\/p>\n<\/li>\n<\/ul>\n<p data-start=\"1404\" data-end=\"1504\">See ei ole lihtsalt seelik - see on avaldus. Treeni k\u00f5vasti. Ole enesekindel. <strong data-start=\"1475\" data-end=\"1504\">L\u00fckake piire. Olge paremad.<\/strong><\/p>","protected":false},"excerpt":{"rendered":"<p>Two in One naiste seelik sisseehitatud l\u00fchikeste p\u00fckstega ja motivatsioonitr\u00fckiga. Stretch puuvillast, ideaalne sportimiseks ja elustiiliks. Suurused XS-XL.<\/p>","protected":false},"featured_media":3917,"comment_status":"closed","ping_status":"closed","template":"","meta":{"_acf_changed":false},"product_brand":[],"product_cat":[83,46],"product_tag":[],"giftcard-category":[],"class_list":{"0":"post-3901","1":"product","2":"type-product","3":"status-publish","4":"has-post-thumbnail","6":"product_cat-clothing","7":"product_cat-shorts","9":"first","10":"instock","11":"taxable","12":"shipping-taxable","13":"purchasable","14":"product-type-variable"},"acf":[],"yoast_head":"<!-- This site is optimized with the Yoast SEO Premium plugin v25.3.1 (Yoast SEO v25.4) - https:\/\/yoast.com\/wordpress\/plugins\/seo\/ -->\n<title>Two in One Women\u2019s Sports Skirt with Built-in Shorts | RHsuperior<\/title>\n<meta name=\"description\" content=\"Two in One women\u2019s sports skirt with built-in shorts \u2013 flexible, stylish, and ideal for gym or leisure. PUSH LIMITS. BE SUPERIOR.\" \/>\n<meta name=\"robots\" content=\"index, follow, max-snippet:-1, max-image-preview:large, max-video-preview:-1\" \/>\n<link rel=\"canonical\" href=\"https:\/\/rhsuperior.com\/et\/toode\/kaks-uhes-naiste-spordiseelik\/\" \/>\n<meta property=\"og:locale\" content=\"et_EE\" \/>\n<meta property=\"og:type\" content=\"article\" \/>\n<meta property=\"og:title\" content=\"Two in One Women\u2019s Skirt PUSH LIMITS BE SUPERIOR \u2013 Sports Skirt with Built-in Shorts (XS\u2013XL)\" \/>\n<meta property=\"og:description\" content=\"Two in One women\u2019s sports skirt with built-in shorts \u2013 flexible, stylish, and ideal for gym or leisure. PUSH LIMITS. BE SUPERIOR.\" \/>\n<meta property=\"og:url\" content=\"https:\/\/rhsuperior.com\/et\/toode\/kaks-uhes-naiste-spordiseelik\/\" \/>\n<meta property=\"og:site_name\" content=\"RHsuperior\" \/>\n<meta property=\"article:publisher\" content=\"https:\/\/www.facebook.com\/p\/RHsuperior-O-100094380819133\/\" \/>\n<meta property=\"og:image\" content=\"https:\/\/rhsuperior.com\/wp-content\/uploads\/2025\/07\/Untitled-design-13.jpg\" \/>\n\t<meta property=\"og:image:width\" content=\"1535\" \/>\n\t<meta property=\"og:image:height\" content=\"2048\" \/>\n\t<meta property=\"og:image:type\" content=\"image\/jpeg\" \/>\n<meta name=\"twitter:card\" content=\"summary_large_image\" \/>\n<meta name=\"twitter:label1\" content=\"Availability\" \/>\n\t<meta name=\"twitter:data1\" content=\"In stock\" \/>\n<script type=\"application\/ld+json\" class=\"yoast-schema-graph\">{\"@context\":\"https:\/\/schema.org\",\"@graph\":[{\"@type\":[\"WebPage\",\"ItemPage\"],\"@id\":\"https:\/\/rhsuperior.com\/product\/two-in-one-womens-sports-skirt\/\",\"url\":\"https:\/\/rhsuperior.com\/product\/two-in-one-womens-sports-skirt\/\",\"name\":\"Two in One Women\u2019s Sports Skirt with Built-in Shorts | RHsuperior\",\"isPartOf\":{\"@id\":\"https:\/\/rhsuperior.com\/et\/#website\"},\"primaryImageOfPage\":{\"@id\":\"https:\/\/rhsuperior.com\/product\/two-in-one-womens-sports-skirt\/#primaryimage\"},\"image\":{\"@id\":\"https:\/\/rhsuperior.com\/product\/two-in-one-womens-sports-skirt\/#primaryimage\"},\"thumbnailUrl\":\"https:\/\/rhsuperior.com\/wp-content\/uploads\/2025\/07\/Untitled-design-13.jpg\",\"datePublished\":\"2025-07-07T15:40:26+00:00\",\"description\":\"Two in One women\u2019s sports skirt with built-in shorts \u2013 flexible, stylish, and ideal for gym or leisure. PUSH LIMITS. BE SUPERIOR.\",\"breadcrumb\":{\"@id\":\"https:\/\/rhsuperior.com\/product\/two-in-one-womens-sports-skirt\/#breadcrumb\"},\"inLanguage\":\"et\",\"potentialAction\":[{\"@type\":\"ReadAction\",\"target\":[\"https:\/\/rhsuperior.com\/product\/two-in-one-womens-sports-skirt\/\"]}]},{\"@type\":\"ImageObject\",\"inLanguage\":\"et\",\"@id\":\"https:\/\/rhsuperior.com\/product\/two-in-one-womens-sports-skirt\/#primaryimage\",\"url\":\"https:\/\/rhsuperior.com\/wp-content\/uploads\/2025\/07\/Untitled-design-13.jpg\",\"contentUrl\":\"https:\/\/rhsuperior.com\/wp-content\/uploads\/2025\/07\/Untitled-design-13.jpg\",\"width\":1535,\"height\":2048,\"caption\":\"Two in One Women\u2019s Sports Skirt PUSH LIMITS BE SUPERIOR \u2013 black skirt with built-in shorts and bold print\"},{\"@type\":\"BreadcrumbList\",\"@id\":\"https:\/\/rhsuperior.com\/product\/two-in-one-womens-sports-skirt\/#breadcrumb\",\"itemListElement\":[{\"@type\":\"ListItem\",\"position\":1,\"name\":\"Home\",\"item\":\"https:\/\/rhsuperior.com\/et\/\"},{\"@type\":\"ListItem\",\"position\":2,\"name\":\"Shop\",\"item\":\"https:\/\/rhsuperior.com\/shop\/\"},{\"@type\":\"ListItem\",\"position\":3,\"name\":\"Two in One Women\u2019s Skirt PUSH LIMITS BE SUPERIOR \u2013 Sports Skirt with Built-in Shorts (XS\u2013XL)\"}]},{\"@type\":\"WebSite\",\"@id\":\"https:\/\/rhsuperior.com\/et\/#website\",\"url\":\"https:\/\/rhsuperior.com\/et\/\",\"name\":\"RHsuperior\",\"description\":\"\",\"publisher\":{\"@id\":\"https:\/\/rhsuperior.com\/et\/#organization\"},\"potentialAction\":[{\"@type\":\"SearchAction\",\"target\":{\"@type\":\"EntryPoint\",\"urlTemplate\":\"https:\/\/rhsuperior.com\/et\/?s={search_term_string}\"},\"query-input\":{\"@type\":\"PropertyValueSpecification\",\"valueRequired\":true,\"valueName\":\"search_term_string\"}}],\"inLanguage\":\"et\"},{\"@type\":\"Organization\",\"@id\":\"https:\/\/rhsuperior.com\/et\/#organization\",\"name\":\"RHsuperior\",\"url\":\"https:\/\/rhsuperior.com\/et\/\",\"logo\":{\"@type\":\"ImageObject\",\"inLanguage\":\"et\",\"@id\":\"https:\/\/rhsuperior.com\/et\/#\/schema\/logo\/image\/\",\"url\":\"https:\/\/rhsuperior.com\/wp-content\/uploads\/2024\/03\/cropped-MUSTA-LOGO-1-e1718311252742.png\",\"contentUrl\":\"https:\/\/rhsuperior.com\/wp-content\/uploads\/2024\/03\/cropped-MUSTA-LOGO-1-e1718311252742.png\",\"width\":981,\"height\":689,\"caption\":\"RHsuperior\"},\"image\":{\"@id\":\"https:\/\/rhsuperior.com\/et\/#\/schema\/logo\/image\/\"},\"sameAs\":[\"https:\/\/www.facebook.com\/p\/RHsuperior-O-100094380819133\/\"]}]}<\/script>\n<meta property=\"og:availability\" content=\"instock\" \/>\n<meta property=\"product:availability\" content=\"instock\" \/>\n<meta property=\"product:condition\" content=\"new\" \/>\n<!-- \/ Yoast SEO Premium plugin. -->","yoast_head_json":{"title":"Two in One naiste spordiseelik sisseehitatud p\u00fckstega | RHsuperior","description":"Two in One naiste spordiseelik sisseehitatud l\u00fchikestega - paindlik, stiilne ja ideaalne spordisaali v\u00f5i vaba aja veetmiseks. PUSH LIMITS. OLE PAREM.","robots":{"index":"index","follow":"follow","max-snippet":"max-snippet:-1","max-image-preview":"max-image-preview:large","max-video-preview":"max-video-preview:-1"},"canonical":"https:\/\/rhsuperior.com\/et\/toode\/kaks-uhes-naiste-spordiseelik\/","og_locale":"et_EE","og_type":"article","og_title":"Two in One Women\u2019s Skirt PUSH LIMITS BE SUPERIOR \u2013 Sports Skirt with Built-in Shorts (XS\u2013XL)","og_description":"Two in One women\u2019s sports skirt with built-in shorts \u2013 flexible, stylish, and ideal for gym or leisure. PUSH LIMITS. BE SUPERIOR.","og_url":"https:\/\/rhsuperior.com\/et\/toode\/kaks-uhes-naiste-spordiseelik\/","og_site_name":"RHsuperior","article_publisher":"https:\/\/www.facebook.com\/p\/RHsuperior-O-100094380819133\/","og_image":[{"width":1535,"height":2048,"url":"https:\/\/rhsuperior.com\/wp-content\/uploads\/2025\/07\/Untitled-design-13.jpg","type":"image\/jpeg"}],"twitter_card":"summary_large_image","twitter_misc":{"Availability":"In stock"},"schema":{"@context":"https:\/\/schema.org","@graph":[{"@type":["WebPage","ItemPage"],"@id":"https:\/\/rhsuperior.com\/product\/two-in-one-womens-sports-skirt\/","url":"https:\/\/rhsuperior.com\/product\/two-in-one-womens-sports-skirt\/","name":"Two in One naiste spordiseelik sisseehitatud p\u00fckstega | RHsuperior","isPartOf":{"@id":"https:\/\/rhsuperior.com\/et\/#website"},"primaryImageOfPage":{"@id":"https:\/\/rhsuperior.com\/product\/two-in-one-womens-sports-skirt\/#primaryimage"},"image":{"@id":"https:\/\/rhsuperior.com\/product\/two-in-one-womens-sports-skirt\/#primaryimage"},"thumbnailUrl":"https:\/\/rhsuperior.com\/wp-content\/uploads\/2025\/07\/Untitled-design-13.jpg","datePublished":"2025-07-07T15:40:26+00:00","description":"Two in One naiste spordiseelik sisseehitatud l\u00fchikestega - paindlik, stiilne ja ideaalne spordisaali v\u00f5i vaba aja veetmiseks. PUSH LIMITS. OLE PAREM.","breadcrumb":{"@id":"https:\/\/rhsuperior.com\/product\/two-in-one-womens-sports-skirt\/#breadcrumb"},"inLanguage":"et","potentialAction":[{"@type":"ReadAction","target":["https:\/\/rhsuperior.com\/product\/two-in-one-womens-sports-skirt\/"]}]},{"@type":"ImageObject","inLanguage":"et","@id":"https:\/\/rhsuperior.com\/product\/two-in-one-womens-sports-skirt\/#primaryimage","url":"https:\/\/rhsuperior.com\/wp-content\/uploads\/2025\/07\/Untitled-design-13.jpg","contentUrl":"https:\/\/rhsuperior.com\/wp-content\/uploads\/2025\/07\/Untitled-design-13.jpg","width":1535,"height":2048,"caption":"Two in One Women\u2019s Sports Skirt PUSH LIMITS BE SUPERIOR \u2013 black skirt with built-in shorts and bold print"},{"@type":"BreadcrumbList","@id":"https:\/\/rhsuperior.com\/product\/two-in-one-womens-sports-skirt\/#breadcrumb","itemListElement":[{"@type":"ListItem","position":1,"name":"Home","item":"https:\/\/rhsuperior.com\/et\/"},{"@type":"ListItem","position":2,"name":"Shop","item":"https:\/\/rhsuperior.com\/shop\/"},{"@type":"ListItem","position":3,"name":"Two in One Women\u2019s Skirt PUSH LIMITS BE SUPERIOR \u2013 Sports Skirt with Built-in Shorts (XS\u2013XL)"}]},{"@type":"WebSite","@id":"https:\/\/rhsuperior.com\/et\/#website","url":"https:\/\/rhsuperior.com\/et\/","name":"RHsuperior","description":"","publisher":{"@id":"https:\/\/rhsuperior.com\/et\/#organization"},"potentialAction":[{"@type":"SearchAction","target":{"@type":"EntryPoint","urlTemplate":"https:\/\/rhsuperior.com\/et\/?s={search_term_string}"},"query-input":{"@type":"PropertyValueSpecification","valueRequired":true,"valueName":"search_term_string"}}],"inLanguage":"et"},{"@type":"Organization","@id":"https:\/\/rhsuperior.com\/et\/#organization","name":"RHsuperior","url":"https:\/\/rhsuperior.com\/et\/","logo":{"@type":"ImageObject","inLanguage":"et","@id":"https:\/\/rhsuperior.com\/et\/#\/schema\/logo\/image\/","url":"https:\/\/rhsuperior.com\/wp-content\/uploads\/2024\/03\/cropped-MUSTA-LOGO-1-e1718311252742.png","contentUrl":"https:\/\/rhsuperior.com\/wp-content\/uploads\/2024\/03\/cropped-MUSTA-LOGO-1-e1718311252742.png","width":981,"height":689,"caption":"RHsuperior"},"image":{"@id":"https:\/\/rhsuperior.com\/et\/#\/schema\/logo\/image\/"},"sameAs":["https:\/\/www.facebook.com\/p\/RHsuperior-O-100094380819133\/"]}]},"og_availability":"instock","product_availability":"instock","product_condition":"new"},"_links":{"self":[{"href":"https:\/\/rhsuperior.com\/et\/wp-json\/wp\/v2\/product\/3901","targetHints":{"allow":["GET"]}}],"collection":[{"href":"https:\/\/rhsuperior.com\/et\/wp-json\/wp\/v2\/product"}],"about":[{"href":"https:\/\/rhsuperior.com\/et\/wp-json\/wp\/v2\/types\/product"}],"replies":[{"embeddable":true,"href":"https:\/\/rhsuperior.com\/et\/wp-json\/wp\/v2\/comments?post=3901"}],"wp:featuredmedia":[{"embeddable":true,"href":"https:\/\/rhsuperior.com\/et\/wp-json\/wp\/v2\/media\/3917"}],"wp:attachment":[{"href":"https:\/\/rhsuperior.com\/et\/wp-json\/wp\/v2\/media?parent=3901"}],"wp:term":[{"taxonomy":"product_brand","embeddable":true,"href":"https:\/\/rhsuperior.com\/et\/wp-json\/wp\/v2\/product_brand?post=3901"},{"taxonomy":"product_cat","embeddable":true,"href":"https:\/\/rhsuperior.com\/et\/wp-json\/wp\/v2\/product_cat?post=3901"},{"taxonomy":"product_tag","embeddable":true,"href":"https:\/\/rhsuperior.com\/et\/wp-json\/wp\/v2\/product_tag?post=3901"},{"taxonomy":"giftcard-category","embeddable":true,"href":"https:\/\/rhsuperior.com\/et\/wp-json\/wp\/v2\/giftcard-category?post=3901"}],"curies":[{"name":"wp","href":"https:\/\/api.w.org\/{rel}","templated":true}]}}