{"id":3932,"date":"2025-07-09T11:27:57","date_gmt":"2025-07-09T11:27:57","guid":{"rendered":"https:\/\/rhsuperior.com\/?post_type=product&#038;p=3932"},"modified":"2025-07-09T11:40:28","modified_gmt":"2025-07-09T11:40:28","slug":"kaks-uhes-meeste-jousaalipuksid-suruda-piirid","status":"publish","type":"product","link":"https:\/\/rhsuperior.com\/et\/toode\/kaks-uhes-meeste-jousaalipuksid-suruda-piirid\/","title":{"rendered":"Meeste 2-in-1 j\u00f5usaalitreeningp\u00fcksid sisemise taskuga - PUSH LIMITS"},"content":{"rendered":"<p data-start=\"241\" data-end=\"552\"><strong data-start=\"241\" data-end=\"294\">Meeste 2-in-1 j\u00f5usaalitreening p\u00fcksid sisetaskuga<\/strong> on m\u00f5eldud tipptasemel sportlastele, kes n\u00f5uavad mugavust, funktsionaalsust ja stiili. Need kahekihilised treeningp\u00fcksid pakuvad hingavat v\u00e4liskesta ja toetavat sisekihti koos turvalise <strong data-start=\"484\" data-end=\"501\">t\u00f5mblukuga tasku<\/strong> et hoida oma h\u00e4davajalikud esemed iga treeningu ajal turvaliselt.<\/p>\n<p data-start=\"554\" data-end=\"808\">Paindlik ja kiiresti kuivav kangas on ideaalne t\u00f5stmiseks, jooksmiseks, kardiotreeninguks v\u00f5i igap\u00e4evaseks j\u00f5usaalitreeninguks ning hoiab sind jahedana ja liikuvana ka k\u00f5ige intensiivsemates treeningkeskkondades. Julge <em data-start=\"736\" data-end=\"763\">L\u00dcKATA PIIRE | OLLA PAREMAD<\/em> print on rohkem kui moto - see on m\u00f5tteviis.<\/p>\n<p data-start=\"810\" data-end=\"827\"><strong data-start=\"810\" data-end=\"827\">Peamised omadused:<\/strong><\/p>\n<ul data-start=\"828\" data-end=\"1149\">\n<li data-start=\"828\" data-end=\"896\">\n<p data-start=\"830\" data-end=\"896\">Kahekihilised l\u00fchikesed p\u00fcksid, millel on kerged v\u00e4lised ja kompressiooniga sisemised p\u00fcksid.<\/p>\n<\/li>\n<li data-start=\"897\" data-end=\"940\">\n<p data-start=\"899\" data-end=\"940\">Peidetud <strong data-start=\"906\" data-end=\"920\">t\u00f5mbetasku<\/strong> v\u00f5tmete v\u00f5i kaartide jaoks<\/p>\n<\/li>\n<li data-start=\"941\" data-end=\"983\">\n<p data-start=\"943\" data-end=\"983\">Higi \u00e4ravoolav ja kiiresti kuivav materjal<\/p>\n<\/li>\n<li data-start=\"984\" data-end=\"1029\">\n<p data-start=\"986\" data-end=\"1029\">4-suunaline stretch disain maksimaalse liikumise tagamiseks<\/p>\n<\/li>\n<li data-start=\"1030\" data-end=\"1072\">\n<p data-start=\"1032\" data-end=\"1072\">Tr\u00fckitud PUSH LIMITS | BE SUPERIOR logo<\/p>\n<\/li>\n<li data-start=\"1073\" data-end=\"1111\">\n<p data-start=\"1075\" data-end=\"1111\">Kujundanud j\u00f5umees Rauno Heinla<\/p>\n<\/li>\n<li data-start=\"1112\" data-end=\"1149\">\n<p data-start=\"1114\" data-end=\"1149\">Saadaval mitmes suuruses meestele<\/p>\n<\/li>\n<\/ul>\n<p data-start=\"1151\" data-end=\"1303\">Viige oma treening j\u00e4rgmisele tasemele koos nende eliidi <strong data-start=\"1205\" data-end=\"1242\">2-in-1 treeningp\u00fcksid meestele<\/strong>. M\u00f5eldud selleks, et liikuda koos sinuga - ja inspireerida sind rohkem pingutama.<\/p>","protected":false},"excerpt":{"rendered":"<p>Kahekihilised 2-in-1 meeste spordip\u00fcksid, millel on sisemine t\u00f5mblukuga tasku ja veniv kangas. Hingav ja kiirelt kuivav - PUSH LIMITS | OLEMINE PAREM.<\/p>","protected":false},"featured_media":3933,"comment_status":"closed","ping_status":"closed","template":"","meta":{"_acf_changed":false},"product_brand":[],"product_cat":[83],"product_tag":[],"giftcard-category":[],"class_list":{"0":"post-3932","1":"product","2":"type-product","3":"status-publish","4":"has-post-thumbnail","6":"product_cat-clothing","8":"first","9":"instock","10":"taxable","11":"shipping-taxable","12":"purchasable","13":"product-type-variable"},"acf":[],"yoast_head":"<!-- This site is optimized with the Yoast SEO Premium plugin v25.3.1 (Yoast SEO v25.4) - https:\/\/yoast.com\/wordpress\/plugins\/seo\/ -->\n<title>Two-in-One Gym Shorts for Men \u2013 PUSH LIMITS by RHSuperior<\/title>\n<meta name=\"description\" content=\"PUSH LIMITS with RHSuperior Two-in-One Gym Shorts for men. Double-layer performance design with inner zip pocket, stretch comfort, and breathable fabric.\" \/>\n<meta name=\"robots\" content=\"index, follow, max-snippet:-1, max-image-preview:large, max-video-preview:-1\" \/>\n<link rel=\"canonical\" href=\"https:\/\/rhsuperior.com\/et\/toode\/kaks-uhes-meeste-jousaalipuksid-suruda-piirid\/\" \/>\n<meta property=\"og:locale\" content=\"et_EE\" \/>\n<meta property=\"og:type\" content=\"article\" \/>\n<meta property=\"og:title\" content=\"Men\u2019s 2-in-1 Gym Workout Shorts with Inner Pocket \u2013 PUSH LIMITS\" \/>\n<meta property=\"og:description\" content=\"PUSH LIMITS with RHSuperior Two-in-One Gym Shorts for men. Double-layer performance design with inner zip pocket, stretch comfort, and breathable fabric.\" \/>\n<meta property=\"og:url\" content=\"https:\/\/rhsuperior.com\/et\/toode\/kaks-uhes-meeste-jousaalipuksid-suruda-piirid\/\" \/>\n<meta property=\"og:site_name\" content=\"RHsuperior\" \/>\n<meta property=\"article:publisher\" content=\"https:\/\/www.facebook.com\/p\/RHsuperior-O-100094380819133\/\" \/>\n<meta property=\"article:modified_time\" content=\"2025-07-09T11:40:28+00:00\" \/>\n<meta property=\"og:image\" content=\"https:\/\/rhsuperior.com\/wp-content\/uploads\/2025\/07\/Untitled-design-2.jpg\" \/>\n\t<meta property=\"og:image:width\" content=\"2048\" \/>\n\t<meta property=\"og:image:height\" content=\"1536\" \/>\n\t<meta property=\"og:image:type\" content=\"image\/jpeg\" \/>\n<meta name=\"twitter:card\" content=\"summary_large_image\" \/>\n<meta name=\"twitter:label1\" content=\"Availability\" \/>\n\t<meta name=\"twitter:data1\" content=\"In stock\" \/>\n<script type=\"application\/ld+json\" class=\"yoast-schema-graph\">{\"@context\":\"https:\/\/schema.org\",\"@graph\":[{\"@type\":[\"WebPage\",\"ItemPage\"],\"@id\":\"https:\/\/rhsuperior.com\/product\/two-in-one-men-gym-shorts-push-limits\/\",\"url\":\"https:\/\/rhsuperior.com\/product\/two-in-one-men-gym-shorts-push-limits\/\",\"name\":\"Two-in-One Gym Shorts for Men \u2013 PUSH LIMITS by RHSuperior\",\"isPartOf\":{\"@id\":\"https:\/\/rhsuperior.com\/et\/#website\"},\"primaryImageOfPage\":{\"@id\":\"https:\/\/rhsuperior.com\/product\/two-in-one-men-gym-shorts-push-limits\/#primaryimage\"},\"image\":{\"@id\":\"https:\/\/rhsuperior.com\/product\/two-in-one-men-gym-shorts-push-limits\/#primaryimage\"},\"thumbnailUrl\":\"https:\/\/rhsuperior.com\/wp-content\/uploads\/2025\/07\/Untitled-design-2.jpg\",\"datePublished\":\"2025-07-09T11:27:57+00:00\",\"dateModified\":\"2025-07-09T11:40:28+00:00\",\"description\":\"PUSH LIMITS with RHSuperior Two-in-One Gym Shorts for men. Double-layer performance design with inner zip pocket, stretch comfort, and breathable fabric.\",\"breadcrumb\":{\"@id\":\"https:\/\/rhsuperior.com\/product\/two-in-one-men-gym-shorts-push-limits\/#breadcrumb\"},\"inLanguage\":\"et\",\"potentialAction\":[{\"@type\":\"ReadAction\",\"target\":[\"https:\/\/rhsuperior.com\/product\/two-in-one-men-gym-shorts-push-limits\/\"]}]},{\"@type\":\"ImageObject\",\"inLanguage\":\"et\",\"@id\":\"https:\/\/rhsuperior.com\/product\/two-in-one-men-gym-shorts-push-limits\/#primaryimage\",\"url\":\"https:\/\/rhsuperior.com\/wp-content\/uploads\/2025\/07\/Untitled-design-2.jpg\",\"contentUrl\":\"https:\/\/rhsuperior.com\/wp-content\/uploads\/2025\/07\/Untitled-design-2.jpg\",\"width\":2048,\"height\":1536,\"caption\":\"Two-in-One men\u2019s gym shorts with double layer and PUSH LIMITS print by RHSuperior\"},{\"@type\":\"BreadcrumbList\",\"@id\":\"https:\/\/rhsuperior.com\/product\/two-in-one-men-gym-shorts-push-limits\/#breadcrumb\",\"itemListElement\":[{\"@type\":\"ListItem\",\"position\":1,\"name\":\"Home\",\"item\":\"https:\/\/rhsuperior.com\/et\/\"},{\"@type\":\"ListItem\",\"position\":2,\"name\":\"Shop\",\"item\":\"https:\/\/rhsuperior.com\/shop\/\"},{\"@type\":\"ListItem\",\"position\":3,\"name\":\"Men\u2019s 2-in-1 Gym Workout Shorts with Inner Pocket \u2013 PUSH LIMITS\"}]},{\"@type\":\"WebSite\",\"@id\":\"https:\/\/rhsuperior.com\/et\/#website\",\"url\":\"https:\/\/rhsuperior.com\/et\/\",\"name\":\"RHsuperior\",\"description\":\"\",\"publisher\":{\"@id\":\"https:\/\/rhsuperior.com\/et\/#organization\"},\"potentialAction\":[{\"@type\":\"SearchAction\",\"target\":{\"@type\":\"EntryPoint\",\"urlTemplate\":\"https:\/\/rhsuperior.com\/et\/?s={search_term_string}\"},\"query-input\":{\"@type\":\"PropertyValueSpecification\",\"valueRequired\":true,\"valueName\":\"search_term_string\"}}],\"inLanguage\":\"et\"},{\"@type\":\"Organization\",\"@id\":\"https:\/\/rhsuperior.com\/et\/#organization\",\"name\":\"RHsuperior\",\"url\":\"https:\/\/rhsuperior.com\/et\/\",\"logo\":{\"@type\":\"ImageObject\",\"inLanguage\":\"et\",\"@id\":\"https:\/\/rhsuperior.com\/et\/#\/schema\/logo\/image\/\",\"url\":\"https:\/\/rhsuperior.com\/wp-content\/uploads\/2024\/03\/cropped-MUSTA-LOGO-1-e1718311252742.png\",\"contentUrl\":\"https:\/\/rhsuperior.com\/wp-content\/uploads\/2024\/03\/cropped-MUSTA-LOGO-1-e1718311252742.png\",\"width\":981,\"height\":689,\"caption\":\"RHsuperior\"},\"image\":{\"@id\":\"https:\/\/rhsuperior.com\/et\/#\/schema\/logo\/image\/\"},\"sameAs\":[\"https:\/\/www.facebook.com\/p\/RHsuperior-O-100094380819133\/\"]}]}<\/script>\n<meta property=\"og:availability\" content=\"instock\" \/>\n<meta property=\"product:availability\" content=\"instock\" \/>\n<meta property=\"product:condition\" content=\"new\" \/>\n<!-- \/ Yoast SEO Premium plugin. -->","yoast_head_json":{"title":"Kaks-\u00fches spordip\u00fcksid meestele - PUSH LIMITS by RHSuperior","description":"PUSH LIMITS koos RHSuperior Two-in-One j\u00f5usaalip\u00fckstega meestele. Kahekihiline toimiv disain koos sisemise t\u00f5mblukuga tasku, veniva mugavuse ja hingava kangaga.","robots":{"index":"index","follow":"follow","max-snippet":"max-snippet:-1","max-image-preview":"max-image-preview:large","max-video-preview":"max-video-preview:-1"},"canonical":"https:\/\/rhsuperior.com\/et\/toode\/kaks-uhes-meeste-jousaalipuksid-suruda-piirid\/","og_locale":"et_EE","og_type":"article","og_title":"Men\u2019s 2-in-1 Gym Workout Shorts with Inner Pocket \u2013 PUSH LIMITS","og_description":"PUSH LIMITS with RHSuperior Two-in-One Gym Shorts for men. Double-layer performance design with inner zip pocket, stretch comfort, and breathable fabric.","og_url":"https:\/\/rhsuperior.com\/et\/toode\/kaks-uhes-meeste-jousaalipuksid-suruda-piirid\/","og_site_name":"RHsuperior","article_publisher":"https:\/\/www.facebook.com\/p\/RHsuperior-O-100094380819133\/","article_modified_time":"2025-07-09T11:40:28+00:00","og_image":[{"width":2048,"height":1536,"url":"https:\/\/rhsuperior.com\/wp-content\/uploads\/2025\/07\/Untitled-design-2.jpg","type":"image\/jpeg"}],"twitter_card":"summary_large_image","twitter_misc":{"Availability":"In stock"},"schema":{"@context":"https:\/\/schema.org","@graph":[{"@type":["WebPage","ItemPage"],"@id":"https:\/\/rhsuperior.com\/product\/two-in-one-men-gym-shorts-push-limits\/","url":"https:\/\/rhsuperior.com\/product\/two-in-one-men-gym-shorts-push-limits\/","name":"Kaks-\u00fches spordip\u00fcksid meestele - PUSH LIMITS by RHSuperior","isPartOf":{"@id":"https:\/\/rhsuperior.com\/et\/#website"},"primaryImageOfPage":{"@id":"https:\/\/rhsuperior.com\/product\/two-in-one-men-gym-shorts-push-limits\/#primaryimage"},"image":{"@id":"https:\/\/rhsuperior.com\/product\/two-in-one-men-gym-shorts-push-limits\/#primaryimage"},"thumbnailUrl":"https:\/\/rhsuperior.com\/wp-content\/uploads\/2025\/07\/Untitled-design-2.jpg","datePublished":"2025-07-09T11:27:57+00:00","dateModified":"2025-07-09T11:40:28+00:00","description":"PUSH LIMITS koos RHSuperior Two-in-One j\u00f5usaalip\u00fckstega meestele. Kahekihiline toimiv disain koos sisemise t\u00f5mblukuga tasku, veniva mugavuse ja hingava kangaga.","breadcrumb":{"@id":"https:\/\/rhsuperior.com\/product\/two-in-one-men-gym-shorts-push-limits\/#breadcrumb"},"inLanguage":"et","potentialAction":[{"@type":"ReadAction","target":["https:\/\/rhsuperior.com\/product\/two-in-one-men-gym-shorts-push-limits\/"]}]},{"@type":"ImageObject","inLanguage":"et","@id":"https:\/\/rhsuperior.com\/product\/two-in-one-men-gym-shorts-push-limits\/#primaryimage","url":"https:\/\/rhsuperior.com\/wp-content\/uploads\/2025\/07\/Untitled-design-2.jpg","contentUrl":"https:\/\/rhsuperior.com\/wp-content\/uploads\/2025\/07\/Untitled-design-2.jpg","width":2048,"height":1536,"caption":"Two-in-One men\u2019s gym shorts with double layer and PUSH LIMITS print by RHSuperior"},{"@type":"BreadcrumbList","@id":"https:\/\/rhsuperior.com\/product\/two-in-one-men-gym-shorts-push-limits\/#breadcrumb","itemListElement":[{"@type":"ListItem","position":1,"name":"Home","item":"https:\/\/rhsuperior.com\/et\/"},{"@type":"ListItem","position":2,"name":"Shop","item":"https:\/\/rhsuperior.com\/shop\/"},{"@type":"ListItem","position":3,"name":"Men\u2019s 2-in-1 Gym Workout Shorts with Inner Pocket \u2013 PUSH LIMITS"}]},{"@type":"WebSite","@id":"https:\/\/rhsuperior.com\/et\/#website","url":"https:\/\/rhsuperior.com\/et\/","name":"RHsuperior","description":"","publisher":{"@id":"https:\/\/rhsuperior.com\/et\/#organization"},"potentialAction":[{"@type":"SearchAction","target":{"@type":"EntryPoint","urlTemplate":"https:\/\/rhsuperior.com\/et\/?s={search_term_string}"},"query-input":{"@type":"PropertyValueSpecification","valueRequired":true,"valueName":"search_term_string"}}],"inLanguage":"et"},{"@type":"Organization","@id":"https:\/\/rhsuperior.com\/et\/#organization","name":"RHsuperior","url":"https:\/\/rhsuperior.com\/et\/","logo":{"@type":"ImageObject","inLanguage":"et","@id":"https:\/\/rhsuperior.com\/et\/#\/schema\/logo\/image\/","url":"https:\/\/rhsuperior.com\/wp-content\/uploads\/2024\/03\/cropped-MUSTA-LOGO-1-e1718311252742.png","contentUrl":"https:\/\/rhsuperior.com\/wp-content\/uploads\/2024\/03\/cropped-MUSTA-LOGO-1-e1718311252742.png","width":981,"height":689,"caption":"RHsuperior"},"image":{"@id":"https:\/\/rhsuperior.com\/et\/#\/schema\/logo\/image\/"},"sameAs":["https:\/\/www.facebook.com\/p\/RHsuperior-O-100094380819133\/"]}]},"og_availability":"instock","product_availability":"instock","product_condition":"new"},"_links":{"self":[{"href":"https:\/\/rhsuperior.com\/et\/wp-json\/wp\/v2\/product\/3932","targetHints":{"allow":["GET"]}}],"collection":[{"href":"https:\/\/rhsuperior.com\/et\/wp-json\/wp\/v2\/product"}],"about":[{"href":"https:\/\/rhsuperior.com\/et\/wp-json\/wp\/v2\/types\/product"}],"replies":[{"embeddable":true,"href":"https:\/\/rhsuperior.com\/et\/wp-json\/wp\/v2\/comments?post=3932"}],"wp:featuredmedia":[{"embeddable":true,"href":"https:\/\/rhsuperior.com\/et\/wp-json\/wp\/v2\/media\/3933"}],"wp:attachment":[{"href":"https:\/\/rhsuperior.com\/et\/wp-json\/wp\/v2\/media?parent=3932"}],"wp:term":[{"taxonomy":"product_brand","embeddable":true,"href":"https:\/\/rhsuperior.com\/et\/wp-json\/wp\/v2\/product_brand?post=3932"},{"taxonomy":"product_cat","embeddable":true,"href":"https:\/\/rhsuperior.com\/et\/wp-json\/wp\/v2\/product_cat?post=3932"},{"taxonomy":"product_tag","embeddable":true,"href":"https:\/\/rhsuperior.com\/et\/wp-json\/wp\/v2\/product_tag?post=3932"},{"taxonomy":"giftcard-category","embeddable":true,"href":"https:\/\/rhsuperior.com\/et\/wp-json\/wp\/v2\/giftcard-category?post=3932"}],"curies":[{"name":"wp","href":"https:\/\/api.w.org\/{rel}","templated":true}]}}